{"id":990500,"date":"2025-12-01T01:53:55","date_gmt":"2025-12-01T01:53:55","guid":{"rendered":"https:\/\/agrovetazerbaijan.az\/?post_type=product&#038;p=990500"},"modified":"2025-12-01T01:54:11","modified_gmt":"2025-12-01T01:54:11","slug":"aminogrow-oral","status":"publish","type":"product","link":"https:\/\/agrovetazerbaijan.az\/en\/product\/aminogrow-oral\/","title":{"rendered":"Aminogrow Oral"},"content":{"rendered":"<div class=\"vgblk-rw-wrapper limit-wrapper\">\n<h1 data-start=\"93\" data-end=\"164\"><strong data-start=\"95\" data-end=\"162\">Aminogrow Oral \u2013 Amin tur\u015fular\u0131 \u00fc\u00e7\u00fcn a\u011f\u0131z yolu il\u0259 maye \u0259lav\u0259si<\/strong><\/h1>\n<hr data-start=\"166\" data-end=\"169\" \/>\n<h2 data-start=\"171\" data-end=\"201\"><strong data-start=\"174\" data-end=\"199\">T\u0259rkibi (h\u0259r 1 ml-d\u0259)<\/strong><\/h2>\n<ul data-start=\"202\" data-end=\"590\">\n<li data-start=\"202\" data-end=\"221\">\n<p data-start=\"204\" data-end=\"221\">Alanin \u2013 9.6 mg<\/p>\n<\/li>\n<li data-start=\"222\" data-end=\"241\">\n<p data-start=\"224\" data-end=\"241\">Arginin \u2013 12 mg<\/p>\n<\/li>\n<li data-start=\"242\" data-end=\"270\">\n<p data-start=\"244\" data-end=\"270\">Aspartik tur\u015fu \u2013 25.2 mg<\/p>\n<\/li>\n<li data-start=\"271\" data-end=\"290\">\n<p data-start=\"273\" data-end=\"290\">Sistin \u2013 0.4 mg<\/p>\n<\/li>\n<li data-start=\"291\" data-end=\"319\">\n<p data-start=\"293\" data-end=\"319\">Ql\u00fctamik tur\u015fu \u2013 39.6 mg<\/p>\n<\/li>\n<li data-start=\"320\" data-end=\"339\">\n<p data-start=\"322\" data-end=\"339\">Qlisin \u2013 8.4 mg<\/p>\n<\/li>\n<li data-start=\"340\" data-end=\"361\">\n<p data-start=\"342\" data-end=\"361\">Histidin \u2013 4.8 mg<\/p>\n<\/li>\n<li data-start=\"362\" data-end=\"382\">\n<p data-start=\"364\" data-end=\"382\">\u0130zoleusin \u2013 6 mg<\/p>\n<\/li>\n<li data-start=\"383\" data-end=\"403\">\n<p data-start=\"385\" data-end=\"403\">Leusin \u2013 13.2 mg<\/p>\n<\/li>\n<li data-start=\"404\" data-end=\"423\">\n<p data-start=\"406\" data-end=\"423\">Lizin \u2013 10.8 mg<\/p>\n<\/li>\n<li data-start=\"424\" data-end=\"445\">\n<p data-start=\"426\" data-end=\"445\">Metionin \u2013 2.4 mg<\/p>\n<\/li>\n<li data-start=\"446\" data-end=\"470\">\n<p data-start=\"448\" data-end=\"470\">Fenilalanin \u2013 8.4 mg<\/p>\n<\/li>\n<li data-start=\"471\" data-end=\"491\">\n<p data-start=\"473\" data-end=\"491\">Prolin \u2013 10.8 mg<\/p>\n<\/li>\n<li data-start=\"492\" data-end=\"510\">\n<p data-start=\"494\" data-end=\"510\">Serin \u2013 9.6 mg<\/p>\n<\/li>\n<li data-start=\"511\" data-end=\"529\">\n<p data-start=\"513\" data-end=\"529\">Treonin \u2013 6 mg<\/p>\n<\/li>\n<li data-start=\"530\" data-end=\"552\">\n<p data-start=\"532\" data-end=\"552\">Triptofan \u2013 0.5 mg<\/p>\n<\/li>\n<li data-start=\"553\" data-end=\"573\">\n<p data-start=\"555\" data-end=\"573\">Tirozin \u2013 4.8 mg<\/p>\n<\/li>\n<li data-start=\"574\" data-end=\"590\">\n<p data-start=\"576\" data-end=\"590\">Valin \u2013 6 mg<\/p>\n<\/li>\n<\/ul>\n<hr data-start=\"592\" data-end=\"595\" \/>\n<h2 data-start=\"597\" data-end=\"618\"><strong data-start=\"600\" data-end=\"618\">M\u0259hsul T\u0259sviri<\/strong><\/h2>\n<p data-start=\"619\" data-end=\"729\"><strong data-start=\"619\" data-end=\"637\">Aminogrow Oral<\/strong> heyvanlar \u00fc\u00e7\u00fcn <strong data-start=\"653\" data-end=\"726\">amin tur\u015fular\u0131 il\u0259 z\u0259ngin a\u011f\u0131z yolu il\u0259 t\u0259tbiq olunan maye \u0259lav\u0259sidir<\/strong>.<\/p>\n<ul data-start=\"731\" data-end=\"1185\">\n<li data-start=\"731\" data-end=\"861\">\n<p data-start=\"733\" data-end=\"861\">Amin tur\u015fular\u0131 z\u00fclallar\u0131n \u0259sas tikinti bloklar\u0131d\u0131r v\u0259 normal <strong data-start=\"794\" data-end=\"844\">art\u0131m, s\u00fcd istehsal\u0131, yumurta v\u0259 \u0259t keyfiyy\u0259ti<\/strong> \u00fc\u00e7\u00fcn vacibdir.<\/p>\n<\/li>\n<li data-start=\"862\" data-end=\"969\">\n<p data-start=\"864\" data-end=\"969\">B\u0259zi amin tur\u015fular\u0131 heyvan t\u0259r\u0259find\u0259n sintez oluna bilm\u0259diyi \u00fc\u00e7\u00fcn <strong data-start=\"930\" data-end=\"966\">qida il\u0259 \u0259lav\u0259 t\u0259min edilm\u0259lidir<\/strong>.<\/p>\n<\/li>\n<li data-start=\"970\" data-end=\"1130\">\n<p data-start=\"972\" data-end=\"1130\"><strong data-start=\"972\" data-end=\"990\">Aminogrow Oral<\/strong> h\u0259m vacib (essential), h\u0259m d\u0259 qeyri-vacib (non-essential) amin tur\u015fular\u0131 ehtiva edir v\u0259 heyvana optimal miqdarda amin tur\u015fusu t\u0259min edir.<\/p>\n<\/li>\n<li data-start=\"1131\" data-end=\"1185\">\n<p data-start=\"1133\" data-end=\"1185\">Amin tur\u015fular\u0131 <strong data-start=\"1148\" data-end=\"1170\">heyvans\u0131z m\u0259nb\u0259d\u0259n<\/strong> \u0259ld\u0259 edilir.<\/p>\n<\/li>\n<\/ul>\n<hr data-start=\"1187\" data-end=\"1190\" \/>\n<h2 data-start=\"1192\" data-end=\"1213\"><strong data-start=\"1195\" data-end=\"1213\">Doza v\u0259 T\u0259tbiq<\/strong><\/h2>\n<p data-start=\"1214\" data-end=\"1247\"><strong data-start=\"1214\" data-end=\"1245\">A\u011f\u0131z yolu il\u0259 t\u0259tbiq olunur<\/strong><\/p>\n<ul data-start=\"1249\" data-end=\"1454\">\n<li data-start=\"1249\" data-end=\"1322\">\n<p data-start=\"1251\" data-end=\"1322\"><strong data-start=\"1251\" data-end=\"1285\">Buzovlar, qoyunlar v\u0259 ke\u00e7il\u0259r:<\/strong> 1 ml \/ 40 kg b\u0259d\u0259n \u00e7\u0259kisi, 3\u20135 g\u00fcn<\/p>\n<\/li>\n<li data-start=\"1323\" data-end=\"1388\">\n<p data-start=\"1325\" data-end=\"1388\"><strong data-start=\"1325\" data-end=\"1351\">\u0130ribuynuzlu heyvanlar:<\/strong> 1 ml \/ 80 kg b\u0259d\u0259n \u00e7\u0259kisi, 3\u20135 g\u00fcn<\/p>\n<\/li>\n<li data-start=\"1389\" data-end=\"1454\">\n<p data-start=\"1391\" data-end=\"1454\"><strong data-start=\"1391\" data-end=\"1414\">Pigs and birds:<\/strong> 1 litr \/ 4000 litr i\u00e7m\u0259li su, 3\u20135 g\u00fcn<\/p>\n<\/li>\n<\/ul>\n<hr data-start=\"1456\" data-end=\"1459\" \/>\n<h2 data-start=\"1461\" data-end=\"1479\"><strong data-start=\"1464\" data-end=\"1479\">Packaging<\/strong><\/h2>\n<ul data-start=\"1480\" data-end=\"1532\">\n<li data-start=\"1480\" data-end=\"1495\">\n<p data-start=\"1482\" data-end=\"1495\">100 ml \u015f\u00fc\u015f\u0259<\/p>\n<\/li>\n<li data-start=\"1496\" data-end=\"1512\">\n<p data-start=\"1498\" data-end=\"1512\">1000 ml \u015f\u00fc\u015f\u0259<\/p>\n<\/li>\n<li data-start=\"1513\" data-end=\"1532\">\n<p data-start=\"1515\" data-end=\"1532\">5 litr jerrykan<\/p>\n<\/li>\n<\/ul>\n<\/div>\n<p><!-- .vgblk-rw-wrapper --><\/p>","protected":false},"excerpt":{"rendered":"<p>Aminogrow Oral \u2013 Amin tur\u015fular\u0131 \u00fc\u00e7\u00fcn a\u011f\u0131z yolu il\u0259 maye \u0259lav\u0259si T\u0259rkibi (h\u0259r 1 ml-d\u0259) Alanin \u2013 9.6 mg Arginin \u2013 12 mg Aspartik tur\u015fu \u2013 25.2 mg Sistin \u2013 0.4 mg Ql\u00fctamik tur\u015fu \u2013 39.6 mg Qlisin \u2013 8.4 mg Histidin \u2013 4.8 mg \u0130zoleusin \u2013 6 mg Leusin \u2013 13.2 mg Lizin \u2013&#8230;<\/p>","protected":false},"featured_media":990501,"comment_status":"open","ping_status":"closed","template":"","meta":{"nf_dc_page":"","_monsterinsights_skip_tracking":false,"_monsterinsights_sitenote_active":false,"_monsterinsights_sitenote_note":"","_monsterinsights_sitenote_category":0},"product_brand":[],"product_cat":[251,239,160],"product_tag":[],"class_list":{"0":"post-990500","1":"product","2":"type-product","3":"status-publish","4":"has-post-thumbnail","6":"product_cat-veterinary-products","7":"product_cat-amin-tursulari","8":"product_cat-nutrients","10":"first","11":"instock","12":"shipping-taxable","13":"product-type-simple"},"jetpack_sharing_enabled":true,"_links":{"self":[{"href":"https:\/\/agrovetazerbaijan.az\/en\/wp-json\/wp\/v2\/product\/990500","targetHints":{"allow":["GET"]}}],"collection":[{"href":"https:\/\/agrovetazerbaijan.az\/en\/wp-json\/wp\/v2\/product"}],"about":[{"href":"https:\/\/agrovetazerbaijan.az\/en\/wp-json\/wp\/v2\/types\/product"}],"replies":[{"embeddable":true,"href":"https:\/\/agrovetazerbaijan.az\/en\/wp-json\/wp\/v2\/comments?post=990500"}],"version-history":[{"count":1,"href":"https:\/\/agrovetazerbaijan.az\/en\/wp-json\/wp\/v2\/product\/990500\/revisions"}],"predecessor-version":[{"id":990502,"href":"https:\/\/agrovetazerbaijan.az\/en\/wp-json\/wp\/v2\/product\/990500\/revisions\/990502"}],"wp:featuredmedia":[{"embeddable":true,"href":"https:\/\/agrovetazerbaijan.az\/en\/wp-json\/wp\/v2\/media\/990501"}],"wp:attachment":[{"href":"https:\/\/agrovetazerbaijan.az\/en\/wp-json\/wp\/v2\/media?parent=990500"}],"wp:term":[{"taxonomy":"product_brand","embeddable":true,"href":"https:\/\/agrovetazerbaijan.az\/en\/wp-json\/wp\/v2\/product_brand?post=990500"},{"taxonomy":"product_cat","embeddable":true,"href":"https:\/\/agrovetazerbaijan.az\/en\/wp-json\/wp\/v2\/product_cat?post=990500"},{"taxonomy":"product_tag","embeddable":true,"href":"https:\/\/agrovetazerbaijan.az\/en\/wp-json\/wp\/v2\/product_tag?post=990500"}],"curies":[{"name":"wp","href":"https:\/\/api.w.org\/{rel}","templated":true}]}}