{"id":990497,"date":"2025-12-01T01:52:35","date_gmt":"2025-12-01T01:52:35","guid":{"rendered":"https:\/\/agrovetazerbaijan.az\/?post_type=product&#038;p=990497"},"modified":"2025-12-01T01:52:47","modified_gmt":"2025-12-01T01:52:47","slug":"introflor%e2%80%91300","status":"publish","type":"product","link":"https:\/\/agrovetazerbaijan.az\/en\/product\/introflor%e2%80%91300\/","title":{"rendered":"Introflor\u2011300"},"content":{"rendered":"<div class=\"vgblk-rw-wrapper limit-wrapper\">\n<h1 data-start=\"92\" data-end=\"113\"><strong data-start=\"94\" data-end=\"111\">Introflor\u2011300<\/strong><\/h1>\n<p data-start=\"114\" data-end=\"172\"><strong data-start=\"114\" data-end=\"172\">Florfenicol 30% \u2013 \u0130ntram\u00fcskulyar v\u0259 subkutan inyeksiya<\/strong><\/p>\n<hr data-start=\"174\" data-end=\"177\" \/>\n<h2 data-start=\"179\" data-end=\"209\"><strong data-start=\"182\" data-end=\"207\">T\u0259rkibi (h\u0259r 1 ml-d\u0259)<\/strong><\/h2>\n<ul data-start=\"210\" data-end=\"238\">\n<li data-start=\"210\" data-end=\"238\">\n<p data-start=\"212\" data-end=\"238\"><strong data-start=\"212\" data-end=\"227\">Florfenicol<\/strong> \u2013 300 mg<\/p>\n<\/li>\n<\/ul>\n<hr data-start=\"240\" data-end=\"243\" \/>\n<h2 data-start=\"245\" data-end=\"266\"><strong data-start=\"248\" data-end=\"266\">M\u0259hsul T\u0259sviri<\/strong><\/h2>\n<p data-start=\"267\" data-end=\"433\"><strong data-start=\"267\" data-end=\"282\">Florfenicol<\/strong> \u2013 sintetik, geni\u015f spektrli antibiotikdir v\u0259 \u0259sas\u0259n ev heyvanlar\u0131ndan izolyasiya olunan <strong data-start=\"370\" data-end=\"413\">Gram-m\u00fcsb\u0259t v\u0259 Gram-m\u0259nfi bakteriyalara<\/strong> qar\u015f\u0131 t\u0259sirlidir.<\/p>\n<ul data-start=\"434\" data-end=\"769\">\n<li data-start=\"434\" data-end=\"532\">\n<p data-start=\"436\" data-end=\"532\">Mexanizm: <strong data-start=\"446\" data-end=\"530\">ribosomal s\u0259viyy\u0259d\u0259 z\u00fclal sintezini inhib\u0259 ed\u0259r\u0259k bakteriyostatik t\u0259sir g\u00f6st\u0259rir<\/strong><\/p>\n<\/li>\n<li data-start=\"533\" data-end=\"769\">\n<p data-start=\"535\" data-end=\"566\">Effektiv oldu\u011fu bakteriyalar:<\/p>\n<ul data-start=\"569\" data-end=\"769\">\n<li data-start=\"569\" data-end=\"692\">\n<p data-start=\"571\" data-end=\"692\"><strong data-start=\"571\" data-end=\"599\">\u0130ribuynuzlu heyvanlarda:<\/strong> Mannheimia haemolytica, Pasteurella multocida, Histophilus somni, Arcanobacterium pyogenes<\/p>\n<\/li>\n<li data-start=\"695\" data-end=\"769\">\n<p data-start=\"697\" data-end=\"769\"><strong data-start=\"697\" data-end=\"712\">In pigs:<\/strong> Actinobacillus pleuropneumoniae, Pasteurella multocida<\/p>\n<\/li>\n<\/ul>\n<\/li>\n<\/ul>\n<hr data-start=\"771\" data-end=\"774\" \/>\n<h2 data-start=\"776\" data-end=\"804\"><strong data-start=\"779\" data-end=\"804\">Instructions for Use<\/strong><\/h2>\n<p data-start=\"805\" data-end=\"833\"><strong data-start=\"805\" data-end=\"831\">\u0130ribuynuzlu heyvanlar:<\/strong><\/p>\n<ul data-start=\"834\" data-end=\"1062\">\n<li data-start=\"834\" data-end=\"988\">\n<p data-start=\"836\" data-end=\"988\">Mannheimia haemolytica, Pasteurella multocida v\u0259 Histophilus somni s\u0259b\u0259b oldu\u011fu t\u0259n\u0259ff\u00fcs yolu infeksiyalar\u0131n\u0131n <strong data-start=\"947\" data-end=\"986\">profilaktik v\u0259 terapevtik m\u00fcalic\u0259si<\/strong><\/p>\n<\/li>\n<li data-start=\"989\" data-end=\"1062\">\n<p data-start=\"991\" data-end=\"1062\">Profilaktik t\u0259tbiq \u00fc\u00e7\u00fcn x\u0259st\u0259liyin s\u00fcr\u00fcd\u0259 m\u00f6vcudlu\u011fu t\u0259sdiql\u0259nm\u0259lidir<\/p>\n<\/li>\n<\/ul>\n<p data-start=\"1064\" data-end=\"1079\"><strong data-start=\"1064\" data-end=\"1077\">Pigs:<\/strong><\/p>\n<ul data-start=\"1080\" data-end=\"1192\">\n<li data-start=\"1080\" data-end=\"1192\">\n<p data-start=\"1082\" data-end=\"1192\">Actinobacillus pleuropneumoniae v\u0259 Pasteurella multocida s\u0259b\u0259b oldu\u011fu <strong data-start=\"1152\" data-end=\"1190\">t\u0259n\u0259ff\u00fcs x\u0259st\u0259likl\u0259rinin m\u00fcalic\u0259si<\/strong><\/p>\n<\/li>\n<\/ul>\n<hr data-start=\"1194\" data-end=\"1197\" \/>\n<h2 data-start=\"1199\" data-end=\"1221\"><strong data-start=\"1202\" data-end=\"1221\">\u018fks-g\u00f6st\u0259ri\u015fl\u0259r<\/strong><\/h2>\n<ul data-start=\"1222\" data-end=\"1444\">\n<li data-start=\"1222\" data-end=\"1297\">\n<p data-start=\"1224\" data-end=\"1297\">\u0130nsan istehlak\u0131 \u00fc\u00e7\u00fcn s\u00fcd ver\u0259n iribuynuzlu heyvanlarda istifad\u0259 edilmir<\/p>\n<\/li>\n<li data-start=\"1298\" data-end=\"1368\">\n<p data-start=\"1300\" data-end=\"1368\">Yeti\u015ftiricilik m\u0259qs\u0259dli erk\u0259k buzov v\u0259 donuzlarda istifad\u0259 edilmir<\/p>\n<\/li>\n<li data-start=\"1369\" data-end=\"1444\">\n<p data-start=\"1371\" data-end=\"1444\">Florfenicola qar\u015f\u0131 \u0259vv\u0259lki allergik reaksiyalar zaman\u0131 istifad\u0259 edilmir<\/p>\n<\/li>\n<\/ul>\n<hr data-start=\"1446\" data-end=\"1449\" \/>\n<h2 data-start=\"1451\" data-end=\"1470\"><strong data-start=\"1454\" data-end=\"1470\">Yan t\u0259sirl\u0259r<\/strong><\/h2>\n<p data-start=\"1471\" data-end=\"1501\"><strong data-start=\"1471\" data-end=\"1499\">\u0130ribuynuzlu heyvanlarda:<\/strong><\/p>\n<ul data-start=\"1502\" data-end=\"1650\">\n<li data-start=\"1502\" data-end=\"1572\">\n<p data-start=\"1504\" data-end=\"1572\">M\u00fcalic\u0259 d\u00f6vr\u00fcnd\u0259 yem istehlak\u0131nda azalma v\u0259 m\u00fcv\u0259qq\u0259ti yum\u015faq n\u0259cis<\/p>\n<\/li>\n<li data-start=\"1573\" data-end=\"1650\">\n<p data-start=\"1575\" data-end=\"1650\">\u0130ntrakulyar v\u0259 subkutan inyeksiya yerind\u0259 iltihabi lezyonlar (14 g\u00fcn\u0259d\u0259k)<\/p>\n<\/li>\n<\/ul>\n<p data-start=\"1652\" data-end=\"1669\"><strong data-start=\"1652\" data-end=\"1667\">In pigs:<\/strong><\/p>\n<ul data-start=\"1670\" data-end=\"1852\">\n<li data-start=\"1670\" data-end=\"1752\">\n<p data-start=\"1672\" data-end=\"1752\">M\u00fcv\u0259qq\u0259ti ishal, peri-anal v\u0259 rektal q\u0131zart\u0131\/\u015fi\u015flik (t\u0259xmin\u0259n 50% heyvanlarda)<\/p>\n<\/li>\n<li data-start=\"1753\" data-end=\"1852\">\n<p data-start=\"1755\" data-end=\"1852\">\u0130njeksiya yerind\u0259 m\u00fcv\u0259qq\u0259ti \u015fi\u015flik (t\u0259xmin\u0259n 5 g\u00fcn), iltihabi lezyonlar 28 g\u00fcn\u0259d\u0259k g\u00f6r\u00fcn\u0259 bil\u0259r<\/p>\n<\/li>\n<\/ul>\n<hr data-start=\"1854\" data-end=\"1857\" \/>\n<h2 data-start=\"1859\" data-end=\"1880\"><strong data-start=\"1862\" data-end=\"1880\">Doza v\u0259 T\u0259tbiq<\/strong><\/h2>\n<p data-start=\"1882\" data-end=\"1938\"><strong data-start=\"1882\" data-end=\"1936\">\u0130ntram\u00fcskulyar (IM) v\u0259 subkutan (SC) t\u0259tbiq olunur<\/strong><\/p>\n<p data-start=\"1940\" data-end=\"1968\"><strong data-start=\"1940\" data-end=\"1966\">\u0130ribuynuzlu heyvanlar:<\/strong><\/p>\n<ul data-start=\"1969\" data-end=\"2196\">\n<li data-start=\"1969\" data-end=\"2027\">\n<p data-start=\"1971\" data-end=\"2027\"><strong data-start=\"1971\" data-end=\"1988\">M\u00fcalic\u0259 (IM):<\/strong> 1 ml \/ 15 kg, 48 saat ara il\u0259 2 d\u0259f\u0259<\/p>\n<\/li>\n<li data-start=\"2028\" data-end=\"2070\">\n<p data-start=\"2030\" data-end=\"2070\"><strong data-start=\"2030\" data-end=\"2047\">M\u00fcalic\u0259 (SC):<\/strong> 2 ml \/ 15 kg, 1 d\u0259f\u0259<\/p>\n<\/li>\n<li data-start=\"2071\" data-end=\"2117\">\n<p data-start=\"2073\" data-end=\"2117\"><strong data-start=\"2073\" data-end=\"2094\">Profilaktik (SC):<\/strong> 2 ml \/ 15 kg, 1 d\u0259f\u0259<\/p>\n<\/li>\n<li data-start=\"2118\" data-end=\"2196\">\n<p data-start=\"2120\" data-end=\"2196\">T\u0259tbiq boyun nahiy\u0259sind\u0259 edilm\u0259lidir, h\u0259r inyeksiya yerind\u0259 maksimum 10 ml<\/p>\n<\/li>\n<\/ul>\n<p data-start=\"2198\" data-end=\"2213\"><strong data-start=\"2198\" data-end=\"2211\">Pigs:<\/strong><\/p>\n<ul data-start=\"2214\" data-end=\"2350\">\n<li data-start=\"2214\" data-end=\"2272\">\n<p data-start=\"2216\" data-end=\"2272\"><strong data-start=\"2216\" data-end=\"2233\">M\u00fcalic\u0259 (IM):<\/strong> 1 ml \/ 20 kg, 48 saat ara il\u0259 2 d\u0259f\u0259<\/p>\n<\/li>\n<li data-start=\"2273\" data-end=\"2350\">\n<p data-start=\"2275\" data-end=\"2350\">T\u0259tbiq boyun nahiy\u0259sind\u0259 edilm\u0259lidir, h\u0259r inyeksiya yerind\u0259 maksimum 3 ml<\/p>\n<\/li>\n<\/ul>\n<p data-start=\"2352\" data-end=\"2593\"><strong data-start=\"2352\" data-end=\"2361\">Note:<\/strong> X\u0259st\u0259liyin erk\u0259n m\u0259rh\u0259l\u0259sind\u0259 m\u00fcalic\u0259y\u0259 ba\u015flamaq t\u00f6vsiy\u0259 olunur. \u0130kinci inyeksiyadan 48 saat sonra klinik v\u0259ziyy\u0259ti qiym\u0259tl\u0259ndirin. \u018fg\u0259r simptomlar davam edirs\u0259, alternativ antibiotik v\u0259 ya formulasiya il\u0259 m\u00fcalic\u0259y\u0259 ke\u00e7ilm\u0259lidir.<\/p>\n<hr data-start=\"2595\" data-end=\"2598\" \/>\n<h2 data-start=\"2600\" data-end=\"2646\"><strong data-start=\"2603\" data-end=\"2646\">\u00c7\u0131xar\u0131lma m\u00fcdd\u0259tl\u0259ri (Withdrawal Times)<\/strong><\/h2>\n<ul data-start=\"2648\" data-end=\"2741\">\n<li data-start=\"2648\" data-end=\"2741\">\n<p data-start=\"2650\" data-end=\"2664\"><strong data-start=\"2650\" data-end=\"2662\">For meat:<\/strong><\/p>\n<ul data-start=\"2667\" data-end=\"2741\">\n<li data-start=\"2667\" data-end=\"2718\">\n<p data-start=\"2669\" data-end=\"2718\">\u0130ribuynuzlu heyvanlar: 30 g\u00fcn (IM), 44 g\u00fcn (SC)<\/p>\n<\/li>\n<li data-start=\"2721\" data-end=\"2741\">\n<p data-start=\"2723\" data-end=\"2741\">Donuzlar: 18 g\u00fcn<\/p>\n<\/li>\n<\/ul>\n<\/li>\n<\/ul>\n<p data-start=\"2743\" data-end=\"2815\"><strong data-start=\"2743\" data-end=\"2752\">Note:<\/strong> \u0130nsan istehlak\u0131 \u00fc\u00e7\u00fcn s\u00fcd ver\u0259n heyvanlarda istifad\u0259 edilmir.<\/p>\n<\/div>\n<p><!-- .vgblk-rw-wrapper --><\/p>","protected":false},"excerpt":{"rendered":"<p>Introflor\u2011300 Florfenicol 30% \u2013 \u0130ntram\u00fcskulyar v\u0259 subkutan inyeksiya T\u0259rkibi (h\u0259r 1 ml-d\u0259) Florfenicol \u2013 300 mg M\u0259hsul T\u0259sviri Florfenicol \u2013 sintetik, geni\u015f spektrli antibiotikdir v\u0259 \u0259sas\u0259n ev heyvanlar\u0131ndan izolyasiya olunan Gram-m\u00fcsb\u0259t v\u0259 Gram-m\u0259nfi bakteriyalara qar\u015f\u0131 t\u0259sirlidir. Mexanizm: ribosomal s\u0259viyy\u0259d\u0259 z\u00fclal sintezini inhib\u0259 ed\u0259r\u0259k bakteriyostatik t\u0259sir g\u00f6st\u0259rir Effektiv oldu\u011fu bakteriyalar: \u0130ribuynuzlu heyvanlarda: Mannheimia haemolytica, Pasteurella multocida,&#8230;<\/p>","protected":false},"featured_media":990498,"comment_status":"open","ping_status":"closed","template":"","meta":{"nf_dc_page":"","_monsterinsights_skip_tracking":false,"_monsterinsights_sitenote_active":false,"_monsterinsights_sitenote_note":"","_monsterinsights_sitenote_category":0},"product_brand":[],"product_cat":[251,233],"product_tag":[],"class_list":{"0":"post-990497","1":"product","2":"type-product","3":"status-publish","4":"has-post-thumbnail","6":"product_cat-veterinary-products","7":"product_cat-antibiotics","9":"first","10":"instock","11":"shipping-taxable","12":"product-type-simple"},"jetpack_sharing_enabled":true,"_links":{"self":[{"href":"https:\/\/agrovetazerbaijan.az\/en\/wp-json\/wp\/v2\/product\/990497","targetHints":{"allow":["GET"]}}],"collection":[{"href":"https:\/\/agrovetazerbaijan.az\/en\/wp-json\/wp\/v2\/product"}],"about":[{"href":"https:\/\/agrovetazerbaijan.az\/en\/wp-json\/wp\/v2\/types\/product"}],"replies":[{"embeddable":true,"href":"https:\/\/agrovetazerbaijan.az\/en\/wp-json\/wp\/v2\/comments?post=990497"}],"version-history":[{"count":1,"href":"https:\/\/agrovetazerbaijan.az\/en\/wp-json\/wp\/v2\/product\/990497\/revisions"}],"predecessor-version":[{"id":990499,"href":"https:\/\/agrovetazerbaijan.az\/en\/wp-json\/wp\/v2\/product\/990497\/revisions\/990499"}],"wp:featuredmedia":[{"embeddable":true,"href":"https:\/\/agrovetazerbaijan.az\/en\/wp-json\/wp\/v2\/media\/990498"}],"wp:attachment":[{"href":"https:\/\/agrovetazerbaijan.az\/en\/wp-json\/wp\/v2\/media?parent=990497"}],"wp:term":[{"taxonomy":"product_brand","embeddable":true,"href":"https:\/\/agrovetazerbaijan.az\/en\/wp-json\/wp\/v2\/product_brand?post=990497"},{"taxonomy":"product_cat","embeddable":true,"href":"https:\/\/agrovetazerbaijan.az\/en\/wp-json\/wp\/v2\/product_cat?post=990497"},{"taxonomy":"product_tag","embeddable":true,"href":"https:\/\/agrovetazerbaijan.az\/en\/wp-json\/wp\/v2\/product_tag?post=990497"}],"curies":[{"name":"wp","href":"https:\/\/api.w.org\/{rel}","templated":true}]}}