{"id":990491,"date":"2025-12-01T01:49:47","date_gmt":"2025-12-01T01:49:47","guid":{"rendered":"https:\/\/agrovetazerbaijan.az\/?post_type=product&#038;p=990491"},"modified":"2025-12-01T01:49:59","modified_gmt":"2025-12-01T01:49:59","slug":"coxasan-oral-2","status":"publish","type":"product","link":"https:\/\/agrovetazerbaijan.az\/en\/product\/coxasan-oral-2\/","title":{"rendered":"Coxasan Oral"},"content":{"rendered":"<div class=\"vgblk-rw-wrapper limit-wrapper\">\n<h1 data-start=\"114\" data-end=\"182\"><strong data-start=\"116\" data-end=\"180\">Coxasan Oral \u2013 Qu\u015flar \u00fc\u00e7\u00fcn Bitki T\u0259rkibli Profilaktik M\u0259hsul<\/strong><\/h1>\n<hr data-start=\"184\" data-end=\"187\" \/>\n<h2 data-start=\"189\" data-end=\"217\"><strong data-start=\"192\" data-end=\"217\">T\u0259rkibi (h\u0259r 1 ml-d\u0259)<\/strong><\/h2>\n<ul data-start=\"218\" data-end=\"446\">\n<li data-start=\"218\" data-end=\"255\">\n<p data-start=\"220\" data-end=\"255\">Oregano ya\u011f\u0131 (<em data-start=\"234\" data-end=\"252\">Origanum vulgare<\/em>)<\/p>\n<\/li>\n<li data-start=\"256\" data-end=\"291\">\n<p data-start=\"258\" data-end=\"291\">Timyan ya\u011f\u0131 (<em data-start=\"271\" data-end=\"288\">Thymus vulgaris<\/em>)<\/p>\n<\/li>\n<li data-start=\"292\" data-end=\"328\">\n<p data-start=\"294\" data-end=\"328\">Sar\u0131msaq ya\u011f\u0131 (<em data-start=\"309\" data-end=\"325\">Allium sativum<\/em>)<\/p>\n<\/li>\n<li data-start=\"329\" data-end=\"361\">\n<p data-start=\"331\" data-end=\"361\">Echinacea purpurea ekstrakt\u0131<\/p>\n<\/li>\n<li data-start=\"362\" data-end=\"401\">\n<p data-start=\"364\" data-end=\"401\">Ada\u00e7ay\u0131 ya\u011f\u0131 (<em data-start=\"378\" data-end=\"398\">Salvia officinalis<\/em>)<\/p>\n<\/li>\n<li data-start=\"402\" data-end=\"446\">\n<p data-start=\"404\" data-end=\"446\">Rozmarin ya\u011f\u0131 (<em data-start=\"419\" data-end=\"443\">Rosmarinus officinalis<\/em>)<\/p>\n<\/li>\n<\/ul>\n<hr data-start=\"448\" data-end=\"451\" \/>\n<h2 data-start=\"453\" data-end=\"474\"><strong data-start=\"456\" data-end=\"474\">M\u0259hsul T\u0259sviri<\/strong><\/h2>\n<p data-start=\"475\" data-end=\"598\"><strong data-start=\"475\" data-end=\"491\">Coxasan Oral<\/strong> \u2013 qu\u015flarda kokcidiozun qar\u015f\u0131s\u0131n\u0131 almaq \u00fc\u00e7\u00fcn haz\u0131rlanm\u0131\u015f unikal, bitki ekstraktlar\u0131ndan ibar\u0259t m\u0259hsuldur.<\/p>\n<ul data-start=\"600\" data-end=\"776\">\n<li data-start=\"600\" data-end=\"647\">\n<p data-start=\"602\" data-end=\"647\">B\u00fct\u00fcn qu\u015f n\u00f6vl\u0259ri v\u0259 qruplar\u0131 \u00fc\u00e7\u00fcn uy\u011fundur<\/p>\n<\/li>\n<li data-start=\"648\" data-end=\"707\">\n<p data-start=\"650\" data-end=\"707\"><strong data-start=\"650\" data-end=\"696\">Bakteriostatik v\u0259 immunostimulyator t\u0259sir\u0259<\/strong> malikdir<\/p>\n<\/li>\n<li data-start=\"708\" data-end=\"776\">\n<p data-start=\"710\" data-end=\"776\">Protozoalara qar\u015f\u0131 rezistentliyin artmas\u0131 problemin\u0259 d\u0259st\u0259k olur<\/p>\n<\/li>\n<\/ul>\n<p data-start=\"778\" data-end=\"920\">Bitki ekstraktlar\u0131 <strong data-start=\"797\" data-end=\"812\">fitonsidl\u0259r<\/strong> il\u0259 z\u0259ngindir, bu is\u0259 bakteriyalar\u0131n, g\u00f6b\u0259l\u0259kl\u0259rin v\u0259 koksidiyalar\u0131n b\u00f6y\u00fcm\u0259sini v\u0259 inki\u015faf\u0131n\u0131 \u0259ng\u0259ll\u0259yir.<\/p>\n<p data-start=\"922\" data-end=\"938\"><strong data-start=\"922\" data-end=\"936\">Benefits:<\/strong><\/p>\n<ul data-start=\"939\" data-end=\"1137\">\n<li data-start=\"939\" data-end=\"990\">\n<p data-start=\"941\" data-end=\"990\">Orta d\u0259r\u0259c\u0259li koksidiyaya qar\u015f\u0131 effektiv qoruma<\/p>\n<\/li>\n<li data-start=\"991\" data-end=\"1065\">\n<p data-start=\"993\" data-end=\"1065\">\u015eidd\u0259tli protozoa invaziyas\u0131 zaman\u0131 x\u0259st\u0259liyin gedi\u015fini y\u00fcng\u00fcll\u0259\u015fdirir<\/p>\n<\/li>\n<li data-start=\"1066\" data-end=\"1137\">\n<p data-start=\"1068\" data-end=\"1137\">Fitogen t\u0259rkibin t\u0259siri il\u0259 \u0259t v\u0259 yumurta keyfiyy\u0259tin\u0259 m\u00fcsb\u0259t t\u0259sir<\/p>\n<\/li>\n<\/ul>\n<hr data-start=\"1139\" data-end=\"1142\" \/>\n<h2 data-start=\"1144\" data-end=\"1165\"><strong data-start=\"1147\" data-end=\"1165\">Doza v\u0259 T\u0259tbiq<\/strong><\/h2>\n<h3 data-start=\"1167\" data-end=\"1202\"><strong data-start=\"1171\" data-end=\"1202\">A\u011f\u0131z yolu il\u0259 t\u0259tbiq olunur<\/strong><\/h3>\n<ul data-start=\"1204\" data-end=\"1310\">\n<li data-start=\"1204\" data-end=\"1262\">\n<p data-start=\"1206\" data-end=\"1262\"><strong data-start=\"1206\" data-end=\"1231\">\u0130\u00e7m\u0259li su vasit\u0259sil\u0259:<\/strong> 1 litr \/ 1000 litr i\u00e7m\u0259li su<\/p>\n<\/li>\n<li data-start=\"1263\" data-end=\"1310\">\n<p data-start=\"1265\" data-end=\"1310\"><strong data-start=\"1265\" data-end=\"1284\">Yem vasit\u0259sil\u0259:<\/strong> 1 litr \/ 500 kg tam yem<\/p>\n<\/li>\n<\/ul>\n<hr data-start=\"1312\" data-end=\"1315\" \/>\n<h2 data-start=\"1317\" data-end=\"1335\"><strong data-start=\"1320\" data-end=\"1335\">Packaging<\/strong><\/h2>\n<ul data-start=\"1336\" data-end=\"1372\">\n<li data-start=\"1336\" data-end=\"1352\">\n<p data-start=\"1338\" data-end=\"1352\">1000 ml \u015f\u00fc\u015f\u0259<\/p>\n<\/li>\n<li data-start=\"1353\" data-end=\"1372\">\n<p data-start=\"1355\" data-end=\"1372\">5 litr jerrykan<\/p>\n<\/li>\n<\/ul>\n<\/div>\n<p><!-- .vgblk-rw-wrapper --><\/p>","protected":false},"excerpt":{"rendered":"<p>Coxasan Oral \u2013 Qu\u015flar \u00fc\u00e7\u00fcn Bitki T\u0259rkibli Profilaktik M\u0259hsul T\u0259rkibi (h\u0259r 1 ml-d\u0259) Oregano ya\u011f\u0131 (Origanum vulgare) Timyan ya\u011f\u0131 (Thymus vulgaris) Sar\u0131msaq ya\u011f\u0131 (Allium sativum) Echinacea purpurea ekstrakt\u0131 Ada\u00e7ay\u0131 ya\u011f\u0131 (Salvia officinalis) Rozmarin ya\u011f\u0131 (Rosmarinus officinalis) M\u0259hsul T\u0259sviri Coxasan Oral \u2013 qu\u015flarda kokcidiozun qar\u015f\u0131s\u0131n\u0131 almaq \u00fc\u00e7\u00fcn haz\u0131rlanm\u0131\u015f unikal, bitki ekstraktlar\u0131ndan ibar\u0259t m\u0259hsuldur. B\u00fct\u00fcn qu\u015f n\u00f6vl\u0259ri&#8230;<\/p>","protected":false},"featured_media":990492,"comment_status":"open","ping_status":"closed","template":"","meta":{"nf_dc_page":"","_monsterinsights_skip_tracking":false,"_monsterinsights_sitenote_active":false,"_monsterinsights_sitenote_note":"","_monsterinsights_sitenote_category":0},"product_brand":[],"product_cat":[251,68],"product_tag":[],"class_list":{"0":"post-990491","1":"product","2":"type-product","3":"status-publish","4":"has-post-thumbnail","6":"product_cat-veterinary-products","7":"product_cat-poultry","9":"first","10":"instock","11":"shipping-taxable","12":"product-type-simple"},"jetpack_sharing_enabled":true,"_links":{"self":[{"href":"https:\/\/agrovetazerbaijan.az\/en\/wp-json\/wp\/v2\/product\/990491","targetHints":{"allow":["GET"]}}],"collection":[{"href":"https:\/\/agrovetazerbaijan.az\/en\/wp-json\/wp\/v2\/product"}],"about":[{"href":"https:\/\/agrovetazerbaijan.az\/en\/wp-json\/wp\/v2\/types\/product"}],"replies":[{"embeddable":true,"href":"https:\/\/agrovetazerbaijan.az\/en\/wp-json\/wp\/v2\/comments?post=990491"}],"version-history":[{"count":1,"href":"https:\/\/agrovetazerbaijan.az\/en\/wp-json\/wp\/v2\/product\/990491\/revisions"}],"predecessor-version":[{"id":990493,"href":"https:\/\/agrovetazerbaijan.az\/en\/wp-json\/wp\/v2\/product\/990491\/revisions\/990493"}],"wp:featuredmedia":[{"embeddable":true,"href":"https:\/\/agrovetazerbaijan.az\/en\/wp-json\/wp\/v2\/media\/990492"}],"wp:attachment":[{"href":"https:\/\/agrovetazerbaijan.az\/en\/wp-json\/wp\/v2\/media?parent=990491"}],"wp:term":[{"taxonomy":"product_brand","embeddable":true,"href":"https:\/\/agrovetazerbaijan.az\/en\/wp-json\/wp\/v2\/product_brand?post=990491"},{"taxonomy":"product_cat","embeddable":true,"href":"https:\/\/agrovetazerbaijan.az\/en\/wp-json\/wp\/v2\/product_cat?post=990491"},{"taxonomy":"product_tag","embeddable":true,"href":"https:\/\/agrovetazerbaijan.az\/en\/wp-json\/wp\/v2\/product_tag?post=990491"}],"curies":[{"name":"wp","href":"https:\/\/api.w.org\/{rel}","templated":true}]}}