{"id":990470,"date":"2025-12-01T01:34:32","date_gmt":"2025-12-01T01:34:32","guid":{"rendered":"https:\/\/agrovetazerbaijan.az\/?post_type=product&#038;p=990470"},"modified":"2025-12-01T01:34:46","modified_gmt":"2025-12-01T01:34:46","slug":"cori-vac-3","status":"publish","type":"product","link":"https:\/\/agrovetazerbaijan.az\/en\/product\/cori-vac-3\/","title":{"rendered":"CORI VAC 3"},"content":{"rendered":"<div class=\"vgblk-rw-wrapper limit-wrapper\">\n<h2 data-start=\"129\" data-end=\"184\"><strong data-start=\"132\" data-end=\"144\">CORVAC-3<\/strong> \u2014 Infectious Coryza (Koryza) Peyv\u0259ndi<\/h2>\n<p data-start=\"186\" data-end=\"459\"><strong data-start=\"186\" data-end=\"196\">N\u0259dir:<\/strong> CORVAC-3 toyuqlar \u00fc\u00e7\u00fcn inaktiv (\u00f6l\u00fc) bakterial peyv\u0259nddir v\u0259 m\u0259qs\u0259di Avibacterium paragallinarum bakteriyas\u0131n\u0131n yaratd\u0131\u011f\u0131 \u201cinfectious coryza\u201d (koryza \/ burun\u2013t\u0259n\u0259ff\u00fcs x\u0259st\u0259liyi) x\u0259st\u0259liyin\u0259 qar\u015f\u0131 immunitet formala\u015fd\u0131rmaqd\u0131r. <span class=\"\" data-state=\"closed\"><span class=\"ms-1 inline-flex max-w-full items-center relative top-[-0.094rem] animate-[show_150ms_ease-in]\" data-testid=\"webpage-citation-pill\"><a class=\"flex h-4.5 overflow-hidden rounded-xl px-2 text-[9px] font-medium transition-colors duration-150 ease-in-out text-token-text-secondary! bg-[#F4F4F4]! dark:bg-[#303030]!\" href=\"https:\/\/www.merck-animal-health-usa.com\/products\/corvac-3\/?utm_source=chatgpt.com\" target=\"_blank\" rel=\"noopener\"><span class=\"relative start-0 bottom-0 flex h-full w-full items-center\"><span class=\"flex h-4 w-full items-center justify-between\"><span class=\"max-w-[15ch] grow truncate overflow-hidden text-center\">Merck Animal Health USA<\/span><span class=\"-me-1 flex h-full items-center rounded-full px-1 text-[#8F8F8F]\">+2<\/span><\/span><span class=\"flex h-4 w-full items-center justify-between absolute\"><span class=\"max-w-[15ch] grow truncate overflow-hidden text-center\">Drugs.com<\/span><span class=\"-me-1 flex h-full items-center rounded-full px-1 text-[#8F8F8F]\">+2<\/span><\/span><\/span><\/a><\/span><\/span><\/p>\n<p data-start=\"461\" data-end=\"627\"><strong data-start=\"461\" data-end=\"479\">\u018fhat\u0259 dair\u0259si:<\/strong> Peyv\u0259nd 3 serotip (A, B v\u0259 C) A. paragallinarum \u015ftamml\u0259rin\u0259 qar\u015f\u0131 haz\u0131rlan\u0131r \u2014 bu da onu geni\u015f spektrli edir. <span class=\"\" data-state=\"closed\"><span class=\"ms-1 inline-flex max-w-full items-center relative top-[-0.094rem] animate-[show_150ms_ease-in]\" data-testid=\"webpage-citation-pill\"><a class=\"flex h-4.5 overflow-hidden rounded-xl px-2 text-[9px] font-medium transition-colors duration-150 ease-in-out text-token-text-secondary! bg-[#F4F4F4]! dark:bg-[#303030]!\" href=\"https:\/\/www.merck-animal-health-usa.com\/product\/corvac-3?utm_source=chatgpt.com\" target=\"_blank\" rel=\"noopener\"><span class=\"relative start-0 bottom-0 flex h-full w-full items-center\"><span class=\"flex h-4 w-full items-center justify-between\"><span class=\"max-w-[15ch] grow truncate overflow-hidden text-center\">Merck Animal Health USA<\/span><span class=\"-me-1 flex h-full items-center rounded-full px-1 text-[#8F8F8F]\">+1<\/span><\/span><\/span><\/a><\/span><\/span><\/p>\n<hr data-start=\"629\" data-end=\"632\" \/>\n<h2 data-start=\"634\" data-end=\"666\"><strong data-start=\"637\" data-end=\"664\">T\u0259yinat v\u0259 H\u0259d\u0259f N\u00f6vl\u0259r<\/strong><\/h2>\n<ul data-start=\"667\" data-end=\"948\">\n<li data-start=\"667\" data-end=\"729\">\n<p data-start=\"669\" data-end=\"729\">H\u0259d\u0259f n\u00f6v: Toyuqlar.<\/p>\n<\/li>\n<li data-start=\"730\" data-end=\"948\">\n<p data-start=\"732\" data-end=\"948\">T\u0259tbiq m\u0259qs\u0259di: Koryza x\u0259st\u0259liyinin qar\u015f\u0131s\u0131n\u0131 almaq \u2014 y\u0259ni burun\/respirator infeksiyalar, burun\/v\u0259zin diskomfortu, sinus itkil\u0259ri v\u0259 yumurta istehsal\u0131nda azalma riskini azaltmaq.<\/p>\n<\/li>\n<\/ul>\n<hr data-start=\"950\" data-end=\"953\" \/>\n<h2 data-start=\"955\" data-end=\"989\"><strong data-start=\"958\" data-end=\"987\">\u0130stifad\u0259 Qaydas\u0131 v\u0259 Dozaj<\/strong><\/h2>\n<ul data-start=\"990\" data-end=\"1448\">\n<li data-start=\"990\" data-end=\"1176\">\n<p data-start=\"992\" data-end=\"1176\">0.5 ml doza qu\u015f ba\u015f\u0131na, d\u0259rialt\u0131 (subkutan) inyeksiya olaraq boyunun arxa hiss\u0259sin\u0259 \u2014 ba\u015f\u0131n v\u0259 b\u0259d\u0259nin ortas\u0131 aras\u0131ndak\u0131 nahiy\u0259y\u0259 t\u0259tbiq edilir. <span class=\"\" data-state=\"closed\"><span class=\"ms-1 inline-flex max-w-full items-center relative top-[-0.094rem] animate-[show_150ms_ease-in]\" data-testid=\"webpage-citation-pill\"><a class=\"flex h-4.5 overflow-hidden rounded-xl px-2 text-[9px] font-medium transition-colors duration-150 ease-in-out text-token-text-secondary! bg-[#F4F4F4]! dark:bg-[#303030]!\" href=\"https:\/\/www.merck-animal-health-usa.com\/products\/corvac-3\/?utm_source=chatgpt.com\" target=\"_blank\" rel=\"noopener\"><span class=\"relative start-0 bottom-0 flex h-full w-full items-center\"><span class=\"flex h-4 w-full items-center justify-between\"><span class=\"max-w-[15ch] grow truncate overflow-hidden text-center\">Merck Animal Health USA<\/span><span class=\"-me-1 flex h-full items-center rounded-full px-1 text-[#8F8F8F]\">+1<\/span><\/span><\/span><\/a><\/span><\/span><\/p>\n<\/li>\n<li data-start=\"1177\" data-end=\"1272\">\n<p data-start=\"1179\" data-end=\"1272\">\u0130lk peyv\u0259nd \u0259n az\u0131 5 h\u0259ft\u0259lik toyuqlarda edil\u0259 bil\u0259r. <span class=\"\" data-state=\"closed\"><span class=\"ms-1 inline-flex max-w-full items-center relative top-[-0.094rem] animate-[show_150ms_ease-in]\" data-testid=\"webpage-citation-pill\"><a class=\"flex h-4.5 overflow-hidden rounded-xl px-2 text-[9px] font-medium transition-colors duration-150 ease-in-out text-token-text-secondary! bg-[#F4F4F4]! dark:bg-[#303030]!\" href=\"https:\/\/www.drugs.com\/vet\/corvac-3.html?utm_source=chatgpt.com\" target=\"_blank\" rel=\"noopener\"><span class=\"relative start-0 bottom-0 flex h-full w-full items-center\"><span class=\"flex h-4 w-full items-center justify-between\"><span class=\"max-w-[15ch] grow truncate overflow-hidden text-center\">Drugs.com<\/span><span class=\"-me-1 flex h-full items-center rounded-full px-1 text-[#8F8F8F]\">+1<\/span><\/span><\/span><\/a><\/span><\/span><\/p>\n<\/li>\n<li data-start=\"1273\" data-end=\"1448\">\n<p data-start=\"1275\" data-end=\"1448\">\u0130kinci doza: ilkin peyv\u0259ndd\u0259n \u0259n az\u0131 4 h\u0259ft\u0259 sonra verilm\u0259lidir. Yumurtlama ba\u015flamazdan \u0259vv\u0259l 3\u20134 h\u0259ft\u0259 \u00f6nc\u0259 t\u0259krarlamaq m\u0259sl\u0259h\u0259tdir.<\/p>\n<\/li>\n<\/ul>\n<hr data-start=\"1450\" data-end=\"1453\" \/>\n<h2 data-start=\"1455\" data-end=\"1494\"><strong data-start=\"1458\" data-end=\"1492\">\u00dcst\u00fcnl\u00fckl\u0259ri v\u0259 Qoruma Effekti<\/strong><\/h2>\n<ul data-start=\"1495\" data-end=\"1737\">\n<li data-start=\"1495\" data-end=\"1619\">\n<p data-start=\"1497\" data-end=\"1619\">CORVAC-3 \u2014 \u201cgeni\u015f spektrli qorunma\u201d t\u0259min edir (A, B, C serotipl\u0259ri \u0259hat\u0259 olunur). <span class=\"\" data-state=\"closed\"><span class=\"ms-1 inline-flex max-w-full items-center relative top-[-0.094rem] animate-[show_150ms_ease-in]\" data-testid=\"webpage-citation-pill\"><a class=\"flex h-4.5 overflow-hidden rounded-xl px-2 text-[9px] font-medium transition-colors duration-150 ease-in-out text-token-text-secondary! bg-[#F4F4F4]! dark:bg-[#303030]!\" href=\"https:\/\/www.merck-animal-health-usa.com\/product\/corvac-3?utm_source=chatgpt.com\" target=\"_blank\" rel=\"noopener\"><span class=\"relative start-0 bottom-0 flex h-full w-full items-center\"><span class=\"flex h-4 w-full items-center justify-between\"><span class=\"max-w-[15ch] grow truncate overflow-hidden text-center\">Merck Animal Health USA<\/span><span class=\"-me-1 flex h-full items-center rounded-full px-1 text-[#8F8F8F]\">+1<\/span><\/span><\/span><\/a><\/span><\/span><\/p>\n<\/li>\n<li data-start=\"1620\" data-end=\"1737\">\n<p data-start=\"1622\" data-end=\"1737\">Doza v\u0259 antigen t\u0259rkibi optimalla\u015fd\u0131r\u0131l\u0131b ki, immun cavab effektiv olsun.<\/p>\n<\/li>\n<\/ul>\n<hr data-start=\"1739\" data-end=\"1742\" \/>\n<h2 data-start=\"1744\" data-end=\"1777\"><strong data-start=\"1747\" data-end=\"1775\">Saxlama v\u0259 T\u0259hl\u00fck\u0259sizlik<\/strong><\/h2>\n<ul data-start=\"1778\" data-end=\"2227\">\n<li data-start=\"1778\" data-end=\"1926\">\n<p data-start=\"1780\" data-end=\"1926\">Peyv\u0259nd 2 \u00b0C \u2013 8 \u00b0C temperaturda soyuducuda saxlanmal\u0131d\u0131r. Donmamal\u0131d\u0131r v\u0259 g\u00fcn\u0259\u015f i\u015f\u0131\u011f\u0131ndan qorunmal\u0131d\u0131r. <span class=\"\" data-state=\"closed\"><span class=\"ms-1 inline-flex max-w-full items-center relative top-[-0.094rem] animate-[show_150ms_ease-in]\" data-testid=\"webpage-citation-pill\"><a class=\"flex h-4.5 overflow-hidden rounded-xl px-2 text-[9px] font-medium transition-colors duration-150 ease-in-out text-token-text-secondary! bg-[#F4F4F4]! dark:bg-[#303030]!\" href=\"https:\/\/www.merck-animal-health-usa.com\/products\/corvac-3\/?utm_source=chatgpt.com\" target=\"_blank\" rel=\"noopener\"><span class=\"relative start-0 bottom-0 flex h-full w-full items-center\"><span class=\"flex h-4 w-full items-center justify-between\"><span class=\"max-w-[15ch] grow truncate overflow-hidden text-center\">Merck Animal Health USA<\/span><span class=\"-me-1 flex h-full items-center rounded-full px-1 text-[#8F8F8F]\">+1<\/span><\/span><\/span><\/a><\/span><\/span><\/p>\n<\/li>\n<li data-start=\"1927\" data-end=\"2063\">\n<p data-start=\"1929\" data-end=\"2063\">\u0130lk a\u00e7\u0131ld\u0131qdan sonra t\u0259limata uy\u011fun \u015f\u0259kild\u0259 istifad\u0259 edilm\u0259lidir (b\u00fct\u00f6vl\u00fckd\u0259 istifad\u0259 v\u0259 s.)<\/p>\n<\/li>\n<li data-start=\"2064\" data-end=\"2227\">\n<p data-start=\"2066\" data-end=\"2227\">Ya\u015f v\u0259 sa\u011flaml\u0131q bax\u0131m\u0131ndan sa\u011flam qu\u015flara peyv\u0259nd edilm\u0259li, x\u0259st\u0259 v\u0259 ya immuniteti z\u0259if olan qu\u015flardan \u00e7\u0259kinilm\u0259lidir.<\/p>\n<\/li>\n<\/ul>\n<\/div>\n<p><!-- .vgblk-rw-wrapper --><\/p>\n","protected":false},"excerpt":{"rendered":"<p>CORVAC-3 \u2014 Infectious Coryza (Koryza) Peyv\u0259ndi N\u0259dir: CORVAC-3 toyuqlar \u00fc\u00e7\u00fcn inaktiv (\u00f6l\u00fc) bakterial peyv\u0259nddir v\u0259 m\u0259qs\u0259di Avibacterium paragallinarum bakteriyas\u0131n\u0131n yaratd\u0131\u011f\u0131 \u201cinfectious coryza\u201d (koryza \/ burun\u2013t\u0259n\u0259ff\u00fcs x\u0259st\u0259liyi) x\u0259st\u0259liyin\u0259 qar\u015f\u0131 immunitet formala\u015fd\u0131rmaqd\u0131r. Merck Animal Health USA+2Drugs.com+2 \u018fhat\u0259 dair\u0259si: Peyv\u0259nd 3 serotip (A, B v\u0259 C) A. paragallinarum \u015ftamml\u0259rin\u0259 qar\u015f\u0131 haz\u0131rlan\u0131r \u2014 bu da onu geni\u015f spektrli edir&#8230;.<\/p>","protected":false},"featured_media":990471,"comment_status":"open","ping_status":"closed","template":"","meta":{"nf_dc_page":"","_monsterinsights_skip_tracking":false,"_monsterinsights_sitenote_active":false,"_monsterinsights_sitenote_note":"","_monsterinsights_sitenote_category":0},"product_brand":[],"product_cat":[251,68,234],"product_tag":[],"class_list":{"0":"post-990470","1":"product","2":"type-product","3":"status-publish","4":"has-post-thumbnail","6":"product_cat-veterinary-products","7":"product_cat-poultry","8":"product_cat-vaksinler","10":"first","11":"instock","12":"shipping-taxable","13":"product-type-simple"},"jetpack_sharing_enabled":true,"_links":{"self":[{"href":"https:\/\/agrovetazerbaijan.az\/en\/wp-json\/wp\/v2\/product\/990470","targetHints":{"allow":["GET"]}}],"collection":[{"href":"https:\/\/agrovetazerbaijan.az\/en\/wp-json\/wp\/v2\/product"}],"about":[{"href":"https:\/\/agrovetazerbaijan.az\/en\/wp-json\/wp\/v2\/types\/product"}],"replies":[{"embeddable":true,"href":"https:\/\/agrovetazerbaijan.az\/en\/wp-json\/wp\/v2\/comments?post=990470"}],"version-history":[{"count":2,"href":"https:\/\/agrovetazerbaijan.az\/en\/wp-json\/wp\/v2\/product\/990470\/revisions"}],"predecessor-version":[{"id":990473,"href":"https:\/\/agrovetazerbaijan.az\/en\/wp-json\/wp\/v2\/product\/990470\/revisions\/990473"}],"wp:featuredmedia":[{"embeddable":true,"href":"https:\/\/agrovetazerbaijan.az\/en\/wp-json\/wp\/v2\/media\/990471"}],"wp:attachment":[{"href":"https:\/\/agrovetazerbaijan.az\/en\/wp-json\/wp\/v2\/media?parent=990470"}],"wp:term":[{"taxonomy":"product_brand","embeddable":true,"href":"https:\/\/agrovetazerbaijan.az\/en\/wp-json\/wp\/v2\/product_brand?post=990470"},{"taxonomy":"product_cat","embeddable":true,"href":"https:\/\/agrovetazerbaijan.az\/en\/wp-json\/wp\/v2\/product_cat?post=990470"},{"taxonomy":"product_tag","embeddable":true,"href":"https:\/\/agrovetazerbaijan.az\/en\/wp-json\/wp\/v2\/product_tag?post=990470"}],"curies":[{"name":"wp","href":"https:\/\/api.w.org\/{rel}","templated":true}]}}