{"id":990464,"date":"2025-12-01T01:29:46","date_gmt":"2025-12-01T01:29:46","guid":{"rendered":"https:\/\/agrovetazerbaijan.az\/?post_type=product&#038;p=990464"},"modified":"2025-12-01T01:30:01","modified_gmt":"2025-12-01T01:30:01","slug":"mevac-lasota-h120-2","status":"publish","type":"product","link":"https:\/\/agrovetazerbaijan.az\/en\/product\/mevac-lasota-h120-2\/","title":{"rendered":"MEVAC\u2122 LASOTA + H120"},"content":{"rendered":"<div class=\"vgblk-rw-wrapper limit-wrapper\">\n<h2 data-start=\"87\" data-end=\"114\"><strong data-start=\"90\" data-end=\"114\">MEVAC\u2122 LASOTA + H120<\/strong><\/h2>\n<p data-start=\"116\" data-end=\"290\"><strong data-start=\"116\" data-end=\"135\">M\u0259hsul Haqq\u0131nda<\/strong><br data-start=\"135\" data-end=\"138\" \/>MEVAC\u2122 LASOTA + H120 \u2013 Nyukasl x\u0259st\u0259liyi v\u0259 qu\u015flar\u0131n infeksion bronxitin\u0259 qar\u015f\u0131 istifad\u0259 olunan, canl\u0131\u2013z\u0259ifl\u0259dilmi\u015f, dondurularaq qurudulmu\u015f peyv\u0259nddir.<\/p>\n<p data-start=\"292\" data-end=\"320\"><strong data-start=\"292\" data-end=\"308\">H\u0259d\u0259f N\u00f6vl\u0259r<\/strong><br data-start=\"308\" data-end=\"311\" \/>Toyuqlar.<\/p>\n<h2 data-start=\"322\" data-end=\"360\"><strong data-start=\"325\" data-end=\"358\">T\u0259n\u0259ff\u00fcs Sa\u011flaml\u0131\u011f\u0131 \u00fc\u00e7\u00fcn H\u0259ll<\/strong><\/h2>\n<p data-start=\"361\" data-end=\"735\">T\u0259n\u0259ff\u00fcs yolu x\u0259st\u0259likl\u0259ri qu\u015f\u00e7uluqda \u0259n ciddi probleml\u0259rd\u0259ndir v\u0259 \u00e7ox vaxt bir ne\u00e7\u0259 virusun t\u0259siri il\u0259 yaran\u0131r. \u0130nfeksion bronxit virusu (IBV) v\u0259 Nyukasl x\u0259st\u0259liyi virusu (NDV) d\u00fcnyada qu\u015f sa\u011flaml\u0131\u011f\u0131n\u0131 \u0259n \u00e7ox t\u0259hl\u00fck\u0259y\u0259 atan viruslard\u0131r. Canl\u0131 v\u0259 inaktiv peyv\u0259ndl\u0259rin kombinasiyas\u0131, el\u0259c\u0259 d\u0259 ND+IB birl\u0259\u015fdirilmi\u015f peyv\u0259ndl\u0259r effektiv qorunma proqramlar\u0131 yaratma\u011fa k\u00f6m\u0259k edir.<\/p>\n<h2 data-start=\"737\" data-end=\"751\"><strong data-start=\"740\" data-end=\"751\">Ingredients<\/strong><\/h2>\n<ul data-start=\"752\" data-end=\"883\">\n<li data-start=\"752\" data-end=\"819\">\n<p data-start=\"754\" data-end=\"819\">Canl\u0131 z\u0259ifl\u0259dilmi\u015f NDV LaSota \u015ftamm\u0131 \u2265 <strong data-start=\"793\" data-end=\"817\">6.0 log10 EID50\/dose<\/strong><\/p>\n<\/li>\n<li data-start=\"820\" data-end=\"883\">\n<p data-start=\"822\" data-end=\"883\">Canl\u0131 z\u0259ifl\u0259dilmi\u015f IBV H120 \u015ftamm\u0131 \u2265 <strong data-start=\"859\" data-end=\"883\">3.5 log10 EID50\/dose<\/strong><\/p>\n<\/li>\n<\/ul>\n<h2 data-start=\"885\" data-end=\"919\"><strong data-start=\"888\" data-end=\"917\">\u0130stifad\u0259 \u00fc\u00e7\u00fcn G\u00f6st\u0259ri\u015fl\u0259r<\/strong><\/h2>\n<p data-start=\"920\" data-end=\"1011\">Ticar\u0259t toyuqlar\u0131nda Nyukasl x\u0259st\u0259liyi v\u0259 infeksion bronxit\u0259 qar\u015f\u0131 aktiv immunizasiya \u00fc\u00e7\u00fcn.<\/p>\n<h2 data-start=\"1013\" data-end=\"1040\"><strong data-start=\"1016\" data-end=\"1040\">Vaccination Program<\/strong><\/h2>\n<p data-start=\"1041\" data-end=\"1133\">C\u00fcc\u0259l\u0259r 1-ci g\u00fcnd\u0259n etibar\u0259n, baytar h\u0259kiminin t\u00f6vsiy\u0259sin\u0259 uy\u011fun olaraq peyv\u0259nd edil\u0259 bil\u0259r.<\/p>\n<h2 data-start=\"1135\" data-end=\"1151\"><strong data-start=\"1138\" data-end=\"1151\">\u0130mmunitet<\/strong><\/h2>\n<ul data-start=\"1152\" data-end=\"1237\">\n<li data-start=\"1152\" data-end=\"1194\">\n<p data-start=\"1154\" data-end=\"1194\"><strong data-start=\"1154\" data-end=\"1167\">Ba\u015flanma:<\/strong> Peyv\u0259ndd\u0259n 2 h\u0259ft\u0259 sonra<\/p>\n<\/li>\n<li data-start=\"1195\" data-end=\"1237\">\n<p data-start=\"1197\" data-end=\"1237\"><strong data-start=\"1197\" data-end=\"1208\">Duration:<\/strong> T\u0259k doza il\u0259 6 h\u0259ft\u0259y\u0259 q\u0259d\u0259r<\/p>\n<\/li>\n<\/ul>\n<h2 data-start=\"1239\" data-end=\"1262\"><strong data-start=\"1242\" data-end=\"1262\">Storage Conditions<\/strong><\/h2>\n<ul data-start=\"1263\" data-end=\"1399\">\n<li data-start=\"1263\" data-end=\"1307\">\n<p data-start=\"1265\" data-end=\"1307\">+2\u00b0C \u2013 +8\u00b0C temperaturda saxlan\u0131lmal\u0131d\u0131r<\/p>\n<\/li>\n<li data-start=\"1308\" data-end=\"1323\">\n<p data-start=\"1310\" data-end=\"1323\">Dondurmay\u0131n<\/p>\n<\/li>\n<li data-start=\"1324\" data-end=\"1351\">\n<p data-start=\"1326\" data-end=\"1351\">G\u00fcn\u0259\u015f i\u015f\u0131\u011f\u0131ndan qoruyun<\/p>\n<\/li>\n<li data-start=\"1352\" data-end=\"1399\">\n<p data-start=\"1354\" data-end=\"1399\">A\u00e7\u0131ld\u0131qdan sonra istifad\u0259 m\u00fcdd\u0259ti: <strong data-start=\"1389\" data-end=\"1399\">3 saat<\/strong><\/p>\n<\/li>\n<\/ul>\n<h2 data-start=\"1401\" data-end=\"1422\"><strong data-start=\"1404\" data-end=\"1422\">T\u0259tbiq Qaydas\u0131<\/strong><\/h2>\n<ul data-start=\"1423\" data-end=\"1501\">\n<li data-start=\"1423\" data-end=\"1446\">\n<p data-start=\"1425\" data-end=\"1446\"><strong data-start=\"1425\" data-end=\"1440\">G\u00f6z damc\u0131s\u0131<\/strong> il\u0259<\/p>\n<\/li>\n<li data-start=\"1447\" data-end=\"1474\">\n<p data-start=\"1449\" data-end=\"1474\"><strong data-start=\"1449\" data-end=\"1468\">Aerozol (sprey)<\/strong> il\u0259<\/p>\n<\/li>\n<li data-start=\"1475\" data-end=\"1501\">\n<p data-start=\"1477\" data-end=\"1501\"><strong data-start=\"1477\" data-end=\"1490\">Drinking water<\/strong> vasit\u0259sil\u0259<\/p>\n<\/li>\n<\/ul>\n<h2 data-start=\"1503\" data-end=\"1542\"><strong data-start=\"1506\" data-end=\"1540\">\u00c7\u0131xar\u0131lma m\u00fcdd\u0259ti (Withdrawal)<\/strong><\/h2>\n<p data-start=\"1543\" data-end=\"1552\"><strong data-start=\"1543\" data-end=\"1552\">0 g\u00fcn<\/strong><\/p>\n<h2 data-start=\"1554\" data-end=\"1572\"><strong data-start=\"1557\" data-end=\"1572\">Packaging<\/strong><\/h2>\n<p data-start=\"1573\" data-end=\"1634\">1000 doza \u00fc\u00e7\u00fcn liyofilizasiya edilmi\u015f peyv\u0259nd olan flakonlar.<\/p>\n<\/div>\n<p><!-- .vgblk-rw-wrapper --><\/p>","protected":false},"excerpt":{"rendered":"<p>MEVAC\u2122 LASOTA + H120 M\u0259hsul Haqq\u0131ndaMEVAC\u2122 LASOTA + H120 \u2013 Nyukasl x\u0259st\u0259liyi v\u0259 qu\u015flar\u0131n infeksion bronxitin\u0259 qar\u015f\u0131 istifad\u0259 olunan, canl\u0131\u2013z\u0259ifl\u0259dilmi\u015f, dondurularaq qurudulmu\u015f peyv\u0259nddir. H\u0259d\u0259f N\u00f6vl\u0259rToyuqlar. T\u0259n\u0259ff\u00fcs Sa\u011flaml\u0131\u011f\u0131 \u00fc\u00e7\u00fcn H\u0259ll T\u0259n\u0259ff\u00fcs yolu x\u0259st\u0259likl\u0259ri qu\u015f\u00e7uluqda \u0259n ciddi probleml\u0259rd\u0259ndir v\u0259 \u00e7ox vaxt bir ne\u00e7\u0259 virusun t\u0259siri il\u0259 yaran\u0131r. \u0130nfeksion bronxit virusu (IBV) v\u0259 Nyukasl x\u0259st\u0259liyi virusu (NDV) d\u00fcnyada&#8230;<\/p>","protected":false},"featured_media":990465,"comment_status":"open","ping_status":"closed","template":"","meta":{"nf_dc_page":"","_monsterinsights_skip_tracking":false,"_monsterinsights_sitenote_active":false,"_monsterinsights_sitenote_note":"","_monsterinsights_sitenote_category":0},"product_brand":[],"product_cat":[251,68,234],"product_tag":[],"class_list":{"0":"post-990464","1":"product","2":"type-product","3":"status-publish","4":"has-post-thumbnail","6":"product_cat-veterinary-products","7":"product_cat-poultry","8":"product_cat-vaksinler","10":"first","11":"instock","12":"shipping-taxable","13":"product-type-simple"},"jetpack_sharing_enabled":true,"_links":{"self":[{"href":"https:\/\/agrovetazerbaijan.az\/en\/wp-json\/wp\/v2\/product\/990464","targetHints":{"allow":["GET"]}}],"collection":[{"href":"https:\/\/agrovetazerbaijan.az\/en\/wp-json\/wp\/v2\/product"}],"about":[{"href":"https:\/\/agrovetazerbaijan.az\/en\/wp-json\/wp\/v2\/types\/product"}],"replies":[{"embeddable":true,"href":"https:\/\/agrovetazerbaijan.az\/en\/wp-json\/wp\/v2\/comments?post=990464"}],"version-history":[{"count":1,"href":"https:\/\/agrovetazerbaijan.az\/en\/wp-json\/wp\/v2\/product\/990464\/revisions"}],"predecessor-version":[{"id":990466,"href":"https:\/\/agrovetazerbaijan.az\/en\/wp-json\/wp\/v2\/product\/990464\/revisions\/990466"}],"wp:featuredmedia":[{"embeddable":true,"href":"https:\/\/agrovetazerbaijan.az\/en\/wp-json\/wp\/v2\/media\/990465"}],"wp:attachment":[{"href":"https:\/\/agrovetazerbaijan.az\/en\/wp-json\/wp\/v2\/media?parent=990464"}],"wp:term":[{"taxonomy":"product_brand","embeddable":true,"href":"https:\/\/agrovetazerbaijan.az\/en\/wp-json\/wp\/v2\/product_brand?post=990464"},{"taxonomy":"product_cat","embeddable":true,"href":"https:\/\/agrovetazerbaijan.az\/en\/wp-json\/wp\/v2\/product_cat?post=990464"},{"taxonomy":"product_tag","embeddable":true,"href":"https:\/\/agrovetazerbaijan.az\/en\/wp-json\/wp\/v2\/product_tag?post=990464"}],"curies":[{"name":"wp","href":"https:\/\/api.w.org\/{rel}","templated":true}]}}