{"id":990459,"date":"2025-11-21T00:30:04","date_gmt":"2025-11-21T00:30:04","guid":{"rendered":"https:\/\/agrovetazerbaijan.az\/?post_type=product&#038;p=990459"},"modified":"2025-11-21T00:32:38","modified_gmt":"2025-11-21T00:32:38","slug":"fenacure-222","status":"publish","type":"product","link":"https:\/\/agrovetazerbaijan.az\/en\/product\/fenacure-222\/","title":{"rendered":"FENACURE 22,2%"},"content":{"rendered":"<div class=\"vgblk-rw-wrapper limit-wrapper\">\n<p data-start=\"94\" data-end=\"141\"><strong data-start=\"94\" data-end=\"141\">FENACURE 22% \u2013 Oral Toz<br data-start=\"119\" data-end=\"122\" \/>(Fenbendazol 22%)<\/strong><\/p>\n<hr data-start=\"143\" data-end=\"146\" \/>\n<p data-start=\"148\" data-end=\"205\"><strong data-start=\"148\" data-end=\"160\">COMPOSITION:<\/strong><br data-start=\"160\" data-end=\"163\" \/>In every 1 gram:<br data-start=\"176\" data-end=\"179\" \/>\u2022 <strong data-start=\"181\" data-end=\"196\">Fenbendazol<\/strong> \u2013 220 mq<\/p>\n<hr data-start=\"207\" data-end=\"210\" \/>\n<p data-start=\"212\" data-end=\"310\"><strong data-start=\"212\" data-end=\"228\">INDICATIONS:<\/strong><br data-start=\"228\" data-end=\"231\" \/>FENACURE 22% a\u015fa\u011f\u0131dak\u0131 parazitl\u0259rin m\u00fcalic\u0259si v\u0259 n\u0259zar\u0259ti \u00fc\u00e7\u00fcn istifad\u0259 olunur:<\/p>\n<p data-start=\"312\" data-end=\"489\">\u2022 M\u0259d\u0259-ba\u011f\u0131rsaq yuvarlaq qurdlar\u0131 (yetkin v\u0259 4-c\u00fc m\u0259rh\u0259l\u0259 s\u00fcrf\u0259l\u0259ri)<br data-start=\"380\" data-end=\"383\" \/>\u2022 A\u011fciy\u0259r qurdlar\u0131 (yetkin v\u0259 s\u00fcrf\u0259 m\u0259rh\u0259l\u0259l\u0259ri)<br data-start=\"431\" data-end=\"434\" \/>\u2022 Lenti qurdlar (ba\u015f v\u0259 seqmentl\u0259r)<br data-start=\"469\" data-end=\"472\" \/>\u2022 Qarmaq qurdlar\u0131<\/p>\n<hr data-start=\"491\" data-end=\"494\" \/>\n<p data-start=\"496\" data-end=\"655\"><strong data-start=\"496\" data-end=\"527\">DOZA V\u018f T\u018fTB\u0130QETM\u018f QAYDASI:<\/strong><br data-start=\"527\" data-end=\"530\" \/><strong data-start=\"530\" data-end=\"571\">Atlar, qat\u0131rlar, e\u015f\u015f\u0259kl\u0259r v\u0259 ponil\u0259r:<\/strong><br data-start=\"571\" data-end=\"574\" \/>\u2022 H\u0259r <strong data-start=\"580\" data-end=\"614\">350 kq canl\u0131 \u00e7\u0259kiy\u0259 12 qraml\u0131q<\/strong> FENACURE 22% paketinin a\u011f\u0131zdan verilm\u0259si<\/p>\n<\/div>\n<p><!-- .vgblk-rw-wrapper --><\/p>","protected":false},"excerpt":{"rendered":"<p>FENACURE 22% \u2013 Oral Toz(Fenbendazol 22%) T\u018fRK\u0130B\u0130:H\u0259r 1 qramda:\u2022 Fenbendazol \u2013 220 mq G\u00d6ST\u018fR\u0130\u015eL\u018fR:FENACURE 22% a\u015fa\u011f\u0131dak\u0131 parazitl\u0259rin m\u00fcalic\u0259si v\u0259 n\u0259zar\u0259ti \u00fc\u00e7\u00fcn istifad\u0259 olunur: \u2022 M\u0259d\u0259-ba\u011f\u0131rsaq yuvarlaq qurdlar\u0131 (yetkin v\u0259 4-c\u00fc m\u0259rh\u0259l\u0259 s\u00fcrf\u0259l\u0259ri)\u2022 A\u011fciy\u0259r qurdlar\u0131 (yetkin v\u0259 s\u00fcrf\u0259 m\u0259rh\u0259l\u0259l\u0259ri)\u2022 Lenti qurdlar (ba\u015f v\u0259 seqmentl\u0259r)\u2022 Qarmaq qurdlar\u0131 DOZA V\u018f T\u018fTB\u0130QETM\u018f QAYDASI:Atlar, qat\u0131rlar, e\u015f\u015f\u0259kl\u0259r v\u0259 ponil\u0259r:\u2022 H\u0259r 350&#8230;<\/p>","protected":false},"featured_media":990460,"comment_status":"open","ping_status":"closed","template":"","meta":{"nf_dc_page":"","_monsterinsights_skip_tracking":false,"_monsterinsights_sitenote_active":false,"_monsterinsights_sitenote_note":"","_monsterinsights_sitenote_category":0},"product_brand":[],"product_cat":[251],"product_tag":[],"class_list":{"0":"post-990459","1":"product","2":"type-product","3":"status-publish","4":"has-post-thumbnail","6":"product_cat-veterinary-products","8":"first","9":"instock","10":"shipping-taxable","11":"product-type-simple"},"jetpack_sharing_enabled":true,"_links":{"self":[{"href":"https:\/\/agrovetazerbaijan.az\/en\/wp-json\/wp\/v2\/product\/990459","targetHints":{"allow":["GET"]}}],"collection":[{"href":"https:\/\/agrovetazerbaijan.az\/en\/wp-json\/wp\/v2\/product"}],"about":[{"href":"https:\/\/agrovetazerbaijan.az\/en\/wp-json\/wp\/v2\/types\/product"}],"replies":[{"embeddable":true,"href":"https:\/\/agrovetazerbaijan.az\/en\/wp-json\/wp\/v2\/comments?post=990459"}],"version-history":[{"count":2,"href":"https:\/\/agrovetazerbaijan.az\/en\/wp-json\/wp\/v2\/product\/990459\/revisions"}],"predecessor-version":[{"id":990462,"href":"https:\/\/agrovetazerbaijan.az\/en\/wp-json\/wp\/v2\/product\/990459\/revisions\/990462"}],"wp:featuredmedia":[{"embeddable":true,"href":"https:\/\/agrovetazerbaijan.az\/en\/wp-json\/wp\/v2\/media\/990460"}],"wp:attachment":[{"href":"https:\/\/agrovetazerbaijan.az\/en\/wp-json\/wp\/v2\/media?parent=990459"}],"wp:term":[{"taxonomy":"product_brand","embeddable":true,"href":"https:\/\/agrovetazerbaijan.az\/en\/wp-json\/wp\/v2\/product_brand?post=990459"},{"taxonomy":"product_cat","embeddable":true,"href":"https:\/\/agrovetazerbaijan.az\/en\/wp-json\/wp\/v2\/product_cat?post=990459"},{"taxonomy":"product_tag","embeddable":true,"href":"https:\/\/agrovetazerbaijan.az\/en\/wp-json\/wp\/v2\/product_tag?post=990459"}],"curies":[{"name":"wp","href":"https:\/\/api.w.org\/{rel}","templated":true}]}}