{"id":990448,"date":"2025-09-29T00:22:26","date_gmt":"2025-09-29T00:22:26","guid":{"rendered":"https:\/\/agrovetazerbaijan.az\/?post_type=product&#038;p=990448"},"modified":"2025-09-29T00:22:45","modified_gmt":"2025-09-29T00:22:45","slug":"vitol-140","status":"publish","type":"product","link":"https:\/\/agrovetazerbaijan.az\/en\/product\/vitol-140\/","title":{"rendered":"Vitol-140"},"content":{"rendered":"<div class=\"vgblk-rw-wrapper limit-wrapper\">\n<p data-start=\"249\" data-end=\"295\"><strong data-start=\"249\" data-end=\"295\">Vitol-140 \u2013 Vitamin AD3E inyeksiya m\u0259hlulu<\/strong><\/p>\n<hr data-start=\"297\" data-end=\"300\" \/>\n<h3 data-start=\"302\" data-end=\"325\">T\u0259rkibi (1 ml-d\u0259)<\/h3>\n<ul data-start=\"326\" data-end=\"479\">\n<li data-start=\"326\" data-end=\"379\">\n<p data-start=\"328\" data-end=\"379\"><strong data-start=\"328\" data-end=\"377\">Vitamin A (retinol palmitat) \u2013 80.000 BV (IU)<\/strong><\/p>\n<\/li>\n<li data-start=\"380\" data-end=\"432\">\n<p data-start=\"382\" data-end=\"432\"><strong data-start=\"382\" data-end=\"430\">Vitamin D3 (xolekalsiferol) \u2013 40.000 BV (IU)<\/strong><\/p>\n<\/li>\n<li data-start=\"433\" data-end=\"479\">\n<p data-start=\"435\" data-end=\"479\"><strong data-start=\"435\" data-end=\"477\">Vitamin E (\u03b1-tokoferol asetat) \u2013 20 mq<\/strong><\/p>\n<\/li>\n<\/ul>\n<hr data-start=\"481\" data-end=\"484\" \/>\n<h3 data-start=\"486\" data-end=\"499\">Description<\/h3>\n<p data-start=\"500\" data-end=\"655\"><strong data-start=\"500\" data-end=\"513\">Vitamin A<\/strong> \u2013 epitel toxumalar\u0131n\u0131n v\u0259 selikli qi\u015falar\u0131n formala\u015fmas\u0131 v\u0259 qorunmas\u0131nda i\u015ftirak edir, <strong data-start=\"601\" data-end=\"652\">g\u00f6rm\u0259 qabiliyy\u0259ti v\u0259 reproduksiya \u00fc\u00e7\u00fcn vacibdir<\/strong>.<\/p>\n<p data-start=\"657\" data-end=\"882\"><strong data-start=\"657\" data-end=\"671\">Vitamin D3<\/strong> \u2013 qanda <strong data-start=\"680\" data-end=\"714\">kalsium v\u0259 fosfor m\u00fcbadil\u0259sini<\/strong> t\u0259nziml\u0259yir, ba\u011f\u0131rsaqlardan bu minerallar\u0131n m\u0259nims\u0259nilm\u0259sini yax\u015f\u0131la\u015fd\u0131r\u0131r. G\u0259nc v\u0259 b\u00f6y\u00fcm\u0259kd\u0259 olan heyvanlarda <strong data-start=\"826\" data-end=\"879\">skelet v\u0259 di\u015fl\u0259rin normal inki\u015faf\u0131 \u00fc\u00e7\u00fcn z\u0259ruridir<\/strong>.<\/p>\n<p data-start=\"884\" data-end=\"1153\"><strong data-start=\"884\" data-end=\"897\">Vitamin E<\/strong> \u2013 ya\u011fda h\u0259ll olunan antioksidantd\u0131r, h\u00fcceyr\u0259daxili membranlarda <strong data-start=\"962\" data-end=\"1009\">poli-doymam\u0131\u015f ya\u011f tur\u015fular\u0131n\u0131 sabitl\u0259\u015fdirir<\/strong>, lipo-peroksidl\u0259rin toksik t\u0259sirinin qar\u015f\u0131s\u0131n\u0131 al\u0131r. Bundan \u0259lav\u0259, bu preparatda <strong data-start=\"1091\" data-end=\"1150\">oksigen\u0259 h\u0259ssas olan Vitamin A-n\u0131 oksidl\u0259\u015fm\u0259d\u0259n qoruyur<\/strong>.<\/p>\n<hr data-start=\"1155\" data-end=\"1158\" \/>\n<h3 data-start=\"1160\" data-end=\"1187\">Instructions for use<\/h3>\n<p data-start=\"1188\" data-end=\"1324\"><strong data-start=\"1188\" data-end=\"1201\">Vitol-140<\/strong> \u2013 <strong data-start=\"1204\" data-end=\"1263\">at, mal-qara, buzov, qoyun, ke\u00e7i, donuz, it v\u0259 pi\u015fikl\u0259r<\/strong> \u00fc\u00e7\u00fcn balansla\u015fd\u0131r\u0131lm\u0131\u015f <strong data-start=\"1287\" data-end=\"1309\">Vitamin A, D3 v\u0259 E<\/strong> qar\u0131\u015f\u0131\u011f\u0131d\u0131r.<\/p>\n<p data-start=\"1326\" data-end=\"1344\">\u0130stifad\u0259 olunur:<\/p>\n<ul data-start=\"1345\" data-end=\"1578\">\n<li data-start=\"1345\" data-end=\"1411\">\n<p data-start=\"1347\" data-end=\"1411\">Vitamin A, D3 v\u0259 E \u00e7at\u0131\u015fmazl\u0131\u011f\u0131n\u0131n profilaktikas\u0131 v\u0259 m\u00fcalic\u0259si<\/p>\n<\/li>\n<li data-start=\"1412\" data-end=\"1534\">\n<p data-start=\"1414\" data-end=\"1534\">Stress hallar\u0131n\u0131n (vaksinasiya, x\u0259st\u0259lik, da\u015f\u0131nma, y\u00fcks\u0259k r\u00fctub\u0259t, isti-soyuq hava d\u0259yi\u015fiklikl\u0259ri) qar\u015f\u0131s\u0131n\u0131n al\u0131nmas\u0131<\/p>\n<\/li>\n<li data-start=\"1535\" data-end=\"1578\">\n<p data-start=\"1537\" data-end=\"1578\">Yem m\u0259nims\u0259nilm\u0259sinin yax\u015f\u0131la\u015fd\u0131r\u0131lmas\u0131<\/p>\n<\/li>\n<\/ul>\n<hr data-start=\"1580\" data-end=\"1583\" \/>\n<h3 data-start=\"1585\" data-end=\"1606\">Contraindications<\/h3>\n<ul data-start=\"1607\" data-end=\"1622\">\n<li data-start=\"1607\" data-end=\"1622\">\n<p data-start=\"1609\" data-end=\"1622\">M\u0259lum deyil<\/p>\n<\/li>\n<\/ul>\n<hr data-start=\"1624\" data-end=\"1627\" \/>\n<h3 data-start=\"1629\" data-end=\"1647\">Yan t\u0259sirl\u0259r<\/h3>\n<ul data-start=\"1648\" data-end=\"1719\">\n<li data-start=\"1648\" data-end=\"1719\">\n<p data-start=\"1650\" data-end=\"1719\">T\u00f6vsiy\u0259 olunan dozalara riay\u0259t edildikd\u0259 m\u0259nfi t\u0259sirl\u0259r g\u00f6zl\u0259nilmir<\/p>\n<\/li>\n<\/ul>\n<hr data-start=\"1721\" data-end=\"1724\" \/>\n<h3 data-start=\"1726\" data-end=\"1755\">Dozalanma v\u0259 t\u0259tbiqetm\u0259<\/h3>\n<p data-start=\"1756\" data-end=\"1814\"><strong data-start=\"1756\" data-end=\"1812\">\u018fz\u0259l\u0259 daxili (IM) v\u0259 ya d\u0259rialt\u0131 (SC) inyeksiya il\u0259.<\/strong><\/p>\n<ul data-start=\"1816\" data-end=\"2020\">\n<li data-start=\"1816\" data-end=\"1848\">\n<p data-start=\"1818\" data-end=\"1848\"><strong data-start=\"1818\" data-end=\"1840\">Atlar v\u0259 mal-qara:<\/strong> 10 ml<\/p>\n<\/li>\n<li data-start=\"1849\" data-end=\"1878\">\n<p data-start=\"1851\" data-end=\"1878\"><strong data-start=\"1851\" data-end=\"1871\">Buzov v\u0259 taylar:<\/strong> 5 ml<\/p>\n<\/li>\n<li data-start=\"1879\" data-end=\"1909\">\n<p data-start=\"1881\" data-end=\"1909\"><strong data-start=\"1881\" data-end=\"1902\">Sheep and goats:<\/strong> 3 ml<\/p>\n<\/li>\n<li data-start=\"1910\" data-end=\"1936\">\n<p data-start=\"1912\" data-end=\"1936\"><strong data-start=\"1912\" data-end=\"1925\">Pigs:<\/strong> 5 \u2013 8 ml<\/p>\n<\/li>\n<li data-start=\"1937\" data-end=\"1969\">\n<p data-start=\"1939\" data-end=\"1969\"><strong data-start=\"1939\" data-end=\"1958\">Donuz balalar\u0131:<\/strong> 1 \u2013 3 ml<\/p>\n<\/li>\n<li data-start=\"1970\" data-end=\"1993\">\n<p data-start=\"1972\" data-end=\"1993\"><strong data-start=\"1972\" data-end=\"1982\">Dogs:<\/strong> 1 \u2013 5 ml<\/p>\n<\/li>\n<li data-start=\"1994\" data-end=\"2020\">\n<p data-start=\"1996\" data-end=\"2020\"><strong data-start=\"1996\" data-end=\"2009\">Cats:<\/strong> 1 \u2013 2 ml<\/p>\n<\/li>\n<\/ul>\n<hr data-start=\"2022\" data-end=\"2025\" \/>\n<h3 data-start=\"2027\" data-end=\"2048\">G\u00f6zl\u0259m\u0259 m\u00fcdd\u0259ti<\/h3>\n<ul data-start=\"2049\" data-end=\"2070\">\n<li data-start=\"2049\" data-end=\"2070\">\n<p data-start=\"2051\" data-end=\"2070\"><strong data-start=\"2051\" data-end=\"2068\">T\u0259l\u0259b olunmur<\/strong><\/p>\n<\/li>\n<\/ul>\n<hr data-start=\"2072\" data-end=\"2075\" \/>\n<h3 data-start=\"2077\" data-end=\"2094\">Packaging<\/h3>\n<ul data-start=\"2095\" data-end=\"2128\">\n<li data-start=\"2095\" data-end=\"2128\">\n<p data-start=\"2097\" data-end=\"2128\"><strong data-start=\"2097\" data-end=\"2126\">50 ml v\u0259 100 ml flakonlar<\/strong><\/p>\n<\/li>\n<\/ul>\n<\/div>\n<p><!-- .vgblk-rw-wrapper --><\/p>","protected":false},"excerpt":{"rendered":"<p>Vitol-140 \u2013 Vitamin AD3E inyeksiya m\u0259hlulu T\u0259rkibi (1 ml-d\u0259) Vitamin A (retinol palmitat) \u2013 80.000 BV (IU) Vitamin D3 (xolekalsiferol) \u2013 40.000 BV (IU) Vitamin E (\u03b1-tokoferol asetat) \u2013 20 mq T\u0259sviri Vitamin A \u2013 epitel toxumalar\u0131n\u0131n v\u0259 selikli qi\u015falar\u0131n formala\u015fmas\u0131 v\u0259 qorunmas\u0131nda i\u015ftirak edir, g\u00f6rm\u0259 qabiliyy\u0259ti v\u0259 reproduksiya \u00fc\u00e7\u00fcn vacibdir. Vitamin D3 \u2013 qanda&#8230;<\/p>","protected":false},"featured_media":990449,"comment_status":"open","ping_status":"closed","template":"","meta":{"nf_dc_page":"","_monsterinsights_skip_tracking":false,"_monsterinsights_sitenote_active":false,"_monsterinsights_sitenote_note":"","_monsterinsights_sitenote_category":0},"product_brand":[],"product_cat":[251,45,108,58,51,114],"product_tag":[],"class_list":{"0":"post-990448","1":"product","2":"type-product","3":"status-publish","4":"has-post-thumbnail","6":"product_cat-veterinary-products","7":"product_cat-horse","8":"product_cat-cow","9":"product_cat-dog","10":"product_cat-cat","11":"product_cat-sheep","13":"first","14":"instock","15":"shipping-taxable","16":"product-type-simple"},"jetpack_sharing_enabled":true,"_links":{"self":[{"href":"https:\/\/agrovetazerbaijan.az\/en\/wp-json\/wp\/v2\/product\/990448","targetHints":{"allow":["GET"]}}],"collection":[{"href":"https:\/\/agrovetazerbaijan.az\/en\/wp-json\/wp\/v2\/product"}],"about":[{"href":"https:\/\/agrovetazerbaijan.az\/en\/wp-json\/wp\/v2\/types\/product"}],"replies":[{"embeddable":true,"href":"https:\/\/agrovetazerbaijan.az\/en\/wp-json\/wp\/v2\/comments?post=990448"}],"version-history":[{"count":1,"href":"https:\/\/agrovetazerbaijan.az\/en\/wp-json\/wp\/v2\/product\/990448\/revisions"}],"predecessor-version":[{"id":990450,"href":"https:\/\/agrovetazerbaijan.az\/en\/wp-json\/wp\/v2\/product\/990448\/revisions\/990450"}],"wp:featuredmedia":[{"embeddable":true,"href":"https:\/\/agrovetazerbaijan.az\/en\/wp-json\/wp\/v2\/media\/990449"}],"wp:attachment":[{"href":"https:\/\/agrovetazerbaijan.az\/en\/wp-json\/wp\/v2\/media?parent=990448"}],"wp:term":[{"taxonomy":"product_brand","embeddable":true,"href":"https:\/\/agrovetazerbaijan.az\/en\/wp-json\/wp\/v2\/product_brand?post=990448"},{"taxonomy":"product_cat","embeddable":true,"href":"https:\/\/agrovetazerbaijan.az\/en\/wp-json\/wp\/v2\/product_cat?post=990448"},{"taxonomy":"product_tag","embeddable":true,"href":"https:\/\/agrovetazerbaijan.az\/en\/wp-json\/wp\/v2\/product_tag?post=990448"}],"curies":[{"name":"wp","href":"https:\/\/api.w.org\/{rel}","templated":true}]}}