{"id":990445,"date":"2025-09-29T00:20:08","date_gmt":"2025-09-29T00:20:08","guid":{"rendered":"https:\/\/agrovetazerbaijan.az\/?post_type=product&#038;p=990445"},"modified":"2025-09-29T00:20:20","modified_gmt":"2025-09-29T00:20:20","slug":"dexid-400-2","status":"publish","type":"product","link":"https:\/\/agrovetazerbaijan.az\/en\/product\/dexid-400-2\/","title":{"rendered":"Dexide-400"},"content":{"rendered":"<div class=\"vgblk-rw-wrapper limit-wrapper\">\n<p data-start=\"284\" data-end=\"336\"><strong data-start=\"284\" data-end=\"336\">Dexid-400 \u2013 Y\u00fcks\u0259k t\u0259sirli terminal dezinfektant<\/strong><\/p>\n<hr data-start=\"338\" data-end=\"341\" \/>\n<h3 data-start=\"343\" data-end=\"372\">T\u0259rkibi (F\u0259al madd\u0259l\u0259r)<\/h3>\n<ul data-start=\"373\" data-end=\"500\">\n<li data-start=\"373\" data-end=\"419\">\n<p data-start=\"375\" data-end=\"419\"><strong data-start=\"375\" data-end=\"417\">Kvaterner ammonium birl\u0259\u015fm\u0259l\u0259ri \u2013 25 %<\/strong><\/p>\n<\/li>\n<li data-start=\"420\" data-end=\"448\">\n<p data-start=\"422\" data-end=\"448\"><strong data-start=\"422\" data-end=\"446\">Ql\u00fctaraldehid \u2013 10 %<\/strong><\/p>\n<\/li>\n<li data-start=\"449\" data-end=\"475\">\n<p data-start=\"451\" data-end=\"475\"><strong data-start=\"451\" data-end=\"473\">\u0130zopropanol \u2013 13 %<\/strong><\/p>\n<\/li>\n<li data-start=\"476\" data-end=\"500\">\n<p data-start=\"478\" data-end=\"500\"><strong data-start=\"478\" data-end=\"498\">\u015eam ya\u011f\u0131 \u2013 0.3 %<\/strong><\/p>\n<\/li>\n<\/ul>\n<hr data-start=\"502\" data-end=\"505\" \/>\n<h3 data-start=\"507\" data-end=\"520\">Description<\/h3>\n<p data-start=\"521\" data-end=\"666\"><strong data-start=\"521\" data-end=\"534\">Dexide-400<\/strong> \u2013 ql\u00fctaraldehid v\u0259 <strong data-start=\"554\" data-end=\"599\">kvaterner ammonium birl\u0259\u015fm\u0259l\u0259rinin (QACs)<\/strong> x\u00fcsusi qar\u0131\u015f\u0131\u011f\u0131na \u0259saslanan y\u00fcks\u0259k performansl\u0131 dezinfektantd\u0131r.<\/p>\n<ul data-start=\"668\" data-end=\"983\">\n<li data-start=\"668\" data-end=\"747\">\n<p data-start=\"670\" data-end=\"747\"><strong data-start=\"670\" data-end=\"694\">Geni\u015f spektrli t\u0259sir<\/strong>: bakteriya, virus v\u0259 g\u00f6b\u0259l\u0259kl\u0259r\u0259 qar\u015f\u0131 effektivdir<\/p>\n<\/li>\n<li data-start=\"748\" data-end=\"805\">\n<p data-start=\"750\" data-end=\"805\"><strong data-start=\"750\" data-end=\"803\">T\u0259mizl\u0259yici v\u0259 n\u00fcfuzedici x\u00fcsusiyy\u0259tl\u0259r\u0259 malikdir<\/strong><\/p>\n<\/li>\n<li data-start=\"806\" data-end=\"983\">\n<p data-start=\"808\" data-end=\"983\"><strong data-start=\"808\" data-end=\"981\">Heyvandarl\u0131q t\u0259s\u0259rr\u00fcfatlar\u0131nda, qu\u015f\u00e7uluq m\u00fc\u0259ssis\u0259l\u0259rind\u0259, avadanl\u0131qlar\u0131n, n\u0259qliyyat vasit\u0259l\u0259rinin, \u00e7\u0259km\u0259 vannalar\u0131n\u0131n v\u0259 t\u0259k\u0259r yuyucular\u0131n\u0131n dezinfeksiyas\u0131 \u00fc\u00e7\u00fcn uy\u011fundur<\/strong><\/p>\n<\/li>\n<\/ul>\n<p data-start=\"985\" data-end=\"1148\"><strong data-start=\"985\" data-end=\"1010\">Bioloji par\u00e7alanand\u0131r<\/strong>, h\u0259m yum\u015faq, h\u0259m d\u0259 s\u0259rt sularda y\u00fcks\u0259k performans g\u00f6st\u0259rir. <strong data-start=\"1072\" data-end=\"1122\">S\u0259pm\u0259, dumanlama (fogging) v\u0259 islatma \u00fcsullar\u0131<\/strong> il\u0259 t\u0259tbiq oluna bil\u0259r.<\/p>\n<hr data-start=\"1150\" data-end=\"1153\" \/>\n<h3 data-start=\"1155\" data-end=\"1193\">\u0130stifad\u0259 sah\u0259l\u0259ri v\u0259 g\u00f6st\u0259ri\u015fl\u0259r<\/h3>\n<p data-start=\"1195\" data-end=\"1251\"><strong data-start=\"1195\" data-end=\"1249\">1. Heyvandarl\u0131q binalar\u0131 v\u0259 qu\u015f\u00e7uluq m\u00fc\u0259ssis\u0259l\u0259ri:<\/strong><\/p>\n<ul data-start=\"1252\" data-end=\"1563\">\n<li data-start=\"1252\" data-end=\"1311\">\n<p data-start=\"1254\" data-end=\"1311\">\u018fvv\u0259lc\u0259 s\u0259thl\u0259r uy\u011fun yuyucu vasit\u0259 il\u0259 t\u0259mizl\u0259nm\u0259lidir<\/p>\n<\/li>\n<li data-start=\"1312\" data-end=\"1563\">\n<p data-start=\"1314\" data-end=\"1365\">Yuyulduqdan v\u0259 qurudulduqdan sonra <strong data-start=\"1349\" data-end=\"1362\">Dexide-400<\/strong>:<\/p>\n<ul data-start=\"1368\" data-end=\"1563\">\n<li data-start=\"1368\" data-end=\"1409\">\n<p data-start=\"1370\" data-end=\"1409\">\u00dcmumi profilaktika: <strong data-start=\"1390\" data-end=\"1407\">0.25% (1:400)<\/strong><\/p>\n<\/li>\n<li data-start=\"1412\" data-end=\"1453\">\n<p data-start=\"1414\" data-end=\"1453\">X\u0259st\u0259lik hallar\u0131nda: <strong data-start=\"1435\" data-end=\"1451\">0.5% (1:200)<\/strong><\/p>\n<\/li>\n<li data-start=\"1456\" data-end=\"1507\">\n<p data-start=\"1458\" data-end=\"1507\">T\u0259qrib\u0259n h\u0259r 4 m\u00b2-\u0259 1 litr m\u0259hlul t\u0259tbiq olunur<\/p>\n<\/li>\n<li data-start=\"1510\" data-end=\"1563\">\n<p data-start=\"1512\" data-end=\"1563\">Fogging \u00fc\u00e7\u00fcn: 1 litr m\u0259hsul + 4 litr su \/ 1000 m\u00b3<\/p>\n<\/li>\n<\/ul>\n<\/li>\n<\/ul>\n<p data-start=\"1565\" data-end=\"1628\"><strong data-start=\"1565\" data-end=\"1626\">2. Heyvan da\u015f\u0131nma n\u0259qliyyat\u0131 (y\u00fck ma\u015f\u0131nlar\u0131 v\u0259 qo\u015fqular):<\/strong><\/p>\n<ul data-start=\"1629\" data-end=\"1731\">\n<li data-start=\"1629\" data-end=\"1691\">\n<p data-start=\"1631\" data-end=\"1691\">T\u0259mizl\u0259ndikd\u0259n sonra <strong data-start=\"1652\" data-end=\"1668\">0.5% (1:200)<\/strong> m\u0259hlulla p\u00fcsk\u00fcrd\u00fcl\u00fcr<\/p>\n<\/li>\n<li data-start=\"1692\" data-end=\"1731\">\n<p data-start=\"1694\" data-end=\"1731\">Kontakt m\u00fcdd\u0259tind\u0259n sonra yaxalan\u0131r<\/p>\n<\/li>\n<\/ul>\n<p data-start=\"1733\" data-end=\"1764\"><strong data-start=\"1733\" data-end=\"1762\">3. Yem v\u0259 qida anbarlar\u0131:<\/strong><\/p>\n<ul data-start=\"1765\" data-end=\"1901\">\n<li data-start=\"1765\" data-end=\"1846\">\n<p data-start=\"1767\" data-end=\"1846\">T\u0259mizl\u0259ndikd\u0259n sonra <strong data-start=\"1788\" data-end=\"1815\">0.25\u20130.5% (1:200\u20131:400)<\/strong> m\u0259hlulla dezinfeksiya edilir<\/p>\n<\/li>\n<li data-start=\"1847\" data-end=\"1901\">\n<p data-start=\"1849\" data-end=\"1901\">Minimum 20 d\u0259qiq\u0259lik kontakt m\u00fcdd\u0259ti saxlanmal\u0131d\u0131r<\/p>\n<\/li>\n<\/ul>\n<p data-start=\"1903\" data-end=\"1939\"><strong data-start=\"1903\" data-end=\"1937\">4. Qida da\u015f\u0131nma avadanl\u0131qlar\u0131:<\/strong><\/p>\n<ul data-start=\"1940\" data-end=\"2026\">\n<li data-start=\"1940\" data-end=\"1986\">\n<p data-start=\"1942\" data-end=\"1986\">0.25\u20130.5% (1:200\u20131:400) m\u0259hlulla p\u00fcsk\u00fcrtm\u0259<\/p>\n<\/li>\n<li data-start=\"1987\" data-end=\"2026\">\n<p data-start=\"1989\" data-end=\"2026\">Minimum 20 d\u0259qiq\u0259d\u0259n sonra yaxalama<\/p>\n<\/li>\n<\/ul>\n<p data-start=\"2028\" data-end=\"2065\"><strong data-start=\"2028\" data-end=\"2063\">5. \u00c7\u0259km\u0259 vannalar\u0131 (boot dips):<\/strong><\/p>\n<ul data-start=\"2066\" data-end=\"2160\">\n<li data-start=\"2066\" data-end=\"2102\">\n<p data-start=\"2068\" data-end=\"2102\">0.5% (1:200) m\u0259hlulla doldurulur<\/p>\n<\/li>\n<li data-start=\"2103\" data-end=\"2160\">\n<p data-start=\"2105\" data-end=\"2160\">2\u20133 g\u00fcnd\u0259n bir, \u0259n yax\u015f\u0131s\u0131 is\u0259 h\u0259r g\u00fcn yenil\u0259nm\u0259lidir<\/p>\n<\/li>\n<\/ul>\n<hr data-start=\"2162\" data-end=\"2165\" \/>\n<h3 data-start=\"2167\" data-end=\"2233\">T\u0259hl\u00fck\u0259sizlik t\u0259dbirl\u0259ri (\u018fks g\u00f6st\u0259ri\u015fl\u0259r v\u0259 x\u0259b\u0259rdarl\u0131qlar)<\/h3>\n<ul data-start=\"2234\" data-end=\"2508\">\n<li data-start=\"2234\" data-end=\"2308\">\n<p data-start=\"2236\" data-end=\"2308\">Udulduqda z\u0259r\u0259rlidir, d\u0259ri v\u0259 g\u00f6zl\u0259rd\u0259 ciddi yan\u0131qlara s\u0259b\u0259b ola bil\u0259r<\/p>\n<\/li>\n<li data-start=\"2309\" data-end=\"2375\">\n<p data-start=\"2311\" data-end=\"2375\">Allergik d\u0259ri reaksiyas\u0131 v\u0259 ya t\u0259n\u0259ff\u00fcs \u00e7\u0259tinliyi yarada bil\u0259r<\/p>\n<\/li>\n<li data-start=\"2376\" data-end=\"2430\">\n<p data-start=\"2378\" data-end=\"2430\">Su canl\u0131lar\u0131 \u00fc\u00e7\u00fcn toksikdir (uzunm\u00fcdd\u0259tli t\u0259sirl\u0259)<\/p>\n<\/li>\n<li data-start=\"2431\" data-end=\"2508\">\n<p data-start=\"2433\" data-end=\"2508\">\u0130stifad\u0259 zaman\u0131 <strong data-start=\"2449\" data-end=\"2490\">\u0259lc\u0259k, qoruyucu geyim, eyn\u0259k v\u0259 maska<\/strong> taxmaq vacibdir<\/p>\n<\/li>\n<\/ul>\n<p data-start=\"2510\" data-end=\"2540\"><strong data-start=\"2510\" data-end=\"2538\">\u018flaq\u0259 hal\u0131nda t\u0259dbirl\u0259r:<\/strong><\/p>\n<ul data-start=\"2541\" data-end=\"2880\">\n<li data-start=\"2541\" data-end=\"2605\">\n<p data-start=\"2543\" data-end=\"2605\">Udulduqda: h\u0259kim\u0259 m\u00fcraci\u0259t edin, qusdurmay\u0131n, a\u011f\u0131z yaxalay\u0131n<\/p>\n<\/li>\n<li data-start=\"2606\" data-end=\"2647\">\n<p data-start=\"2608\" data-end=\"2647\">D\u0259riy\u0259 d\u00fc\u015fd\u00fckd\u0259: sabunlu su il\u0259 yuyun<\/p>\n<\/li>\n<li data-start=\"2648\" data-end=\"2712\">\n<p data-start=\"2650\" data-end=\"2712\">G\u00f6z\u0259 d\u00fc\u015fd\u00fckd\u0259: \u00e7oxlu su il\u0259 yuyun, kontakt linzalar\u0131 \u00e7\u0131xar\u0131n<\/p>\n<\/li>\n<li data-start=\"2713\" data-end=\"2757\">\n<p data-start=\"2715\" data-end=\"2757\">T\u0259n\u0259ff\u00fcs edildikd\u0259: t\u0259miz havaya \u00e7\u0131xar\u0131n<\/p>\n<\/li>\n<li data-start=\"2758\" data-end=\"2851\">\n<p data-start=\"2760\" data-end=\"2851\">\u0130stifad\u0259d\u0259n sonra qabla\u015fd\u0131rman\u0131 t\u0259hl\u00fck\u0259li tullant\u0131lar\u0131n toplanma m\u0259nt\u0259q\u0259sin\u0259 t\u0259hvil verin<\/p>\n<\/li>\n<li data-start=\"2852\" data-end=\"2880\">\n<p data-start=\"2854\" data-end=\"2880\">U\u015faqlardan uzaq saxlay\u0131n<\/p>\n<\/li>\n<\/ul>\n<hr data-start=\"2882\" data-end=\"2885\" \/>\n<h3 data-start=\"2887\" data-end=\"2904\">Packaging<\/h3>\n<ul data-start=\"2905\" data-end=\"3003\">\n<li data-start=\"2905\" data-end=\"2927\">\n<p data-start=\"2907\" data-end=\"2927\"><strong data-start=\"2907\" data-end=\"2925\">1 litr butulka<\/strong><\/p>\n<\/li>\n<li data-start=\"2928\" data-end=\"2963\">\n<p data-start=\"2930\" data-end=\"2963\"><strong data-start=\"2930\" data-end=\"2961\">5, 10 v\u0259 20 litr kanistrl\u0259r<\/strong><\/p>\n<\/li>\n<li data-start=\"2964\" data-end=\"3003\">\n<p data-start=\"2966\" data-end=\"3003\"><strong data-start=\"2966\" data-end=\"3001\">200 litr v\u0259 1000 litr \u00e7\u0259ll\u0259kl\u0259r<\/strong><\/p>\n<\/li>\n<\/ul>\n<\/div>\n<p><!-- .vgblk-rw-wrapper --><\/p>","protected":false},"excerpt":{"rendered":"<p>Dexid-400 \u2013 Y\u00fcks\u0259k t\u0259sirli terminal dezinfektant T\u0259rkibi (F\u0259al madd\u0259l\u0259r) Kvaterner ammonium birl\u0259\u015fm\u0259l\u0259ri \u2013 25 % Ql\u00fctaraldehid \u2013 10 % \u0130zopropanol \u2013 13 % \u015eam ya\u011f\u0131 \u2013 0.3 % T\u0259sviri Dexid-400 \u2013 ql\u00fctaraldehid v\u0259 kvaterner ammonium birl\u0259\u015fm\u0259l\u0259rinin (QACs) x\u00fcsusi qar\u0131\u015f\u0131\u011f\u0131na \u0259saslanan y\u00fcks\u0259k performansl\u0131 dezinfektantd\u0131r. Geni\u015f spektrli t\u0259sir: bakteriya, virus v\u0259 g\u00f6b\u0259l\u0259kl\u0259r\u0259 qar\u015f\u0131 effektivdir T\u0259mizl\u0259yici v\u0259 n\u00fcfuzedici&#8230;<\/p>","protected":false},"featured_media":990446,"comment_status":"open","ping_status":"closed","template":"","meta":{"nf_dc_page":"","_monsterinsights_skip_tracking":false,"_monsterinsights_sitenote_active":false,"_monsterinsights_sitenote_note":"","_monsterinsights_sitenote_category":0},"product_brand":[],"product_cat":[251,147],"product_tag":[],"class_list":{"0":"post-990445","1":"product","2":"type-product","3":"status-publish","4":"has-post-thumbnail","6":"product_cat-veterinary-products","7":"product_cat-disinfectants","9":"first","10":"instock","11":"shipping-taxable","12":"product-type-simple"},"jetpack_sharing_enabled":true,"_links":{"self":[{"href":"https:\/\/agrovetazerbaijan.az\/en\/wp-json\/wp\/v2\/product\/990445","targetHints":{"allow":["GET"]}}],"collection":[{"href":"https:\/\/agrovetazerbaijan.az\/en\/wp-json\/wp\/v2\/product"}],"about":[{"href":"https:\/\/agrovetazerbaijan.az\/en\/wp-json\/wp\/v2\/types\/product"}],"replies":[{"embeddable":true,"href":"https:\/\/agrovetazerbaijan.az\/en\/wp-json\/wp\/v2\/comments?post=990445"}],"version-history":[{"count":1,"href":"https:\/\/agrovetazerbaijan.az\/en\/wp-json\/wp\/v2\/product\/990445\/revisions"}],"predecessor-version":[{"id":990447,"href":"https:\/\/agrovetazerbaijan.az\/en\/wp-json\/wp\/v2\/product\/990445\/revisions\/990447"}],"wp:featuredmedia":[{"embeddable":true,"href":"https:\/\/agrovetazerbaijan.az\/en\/wp-json\/wp\/v2\/media\/990446"}],"wp:attachment":[{"href":"https:\/\/agrovetazerbaijan.az\/en\/wp-json\/wp\/v2\/media?parent=990445"}],"wp:term":[{"taxonomy":"product_brand","embeddable":true,"href":"https:\/\/agrovetazerbaijan.az\/en\/wp-json\/wp\/v2\/product_brand?post=990445"},{"taxonomy":"product_cat","embeddable":true,"href":"https:\/\/agrovetazerbaijan.az\/en\/wp-json\/wp\/v2\/product_cat?post=990445"},{"taxonomy":"product_tag","embeddable":true,"href":"https:\/\/agrovetazerbaijan.az\/en\/wp-json\/wp\/v2\/product_tag?post=990445"}],"curies":[{"name":"wp","href":"https:\/\/api.w.org\/{rel}","templated":true}]}}