{"id":990442,"date":"2025-09-29T00:18:03","date_gmt":"2025-09-29T00:18:03","guid":{"rendered":"https:\/\/agrovetazerbaijan.az\/?post_type=product&#038;p=990442"},"modified":"2025-09-29T00:18:14","modified_gmt":"2025-09-29T00:18:14","slug":"ketosol-100","status":"publish","type":"product","link":"https:\/\/agrovetazerbaijan.az\/en\/product\/ketosol-100\/","title":{"rendered":"Ketosol-100"},"content":{"rendered":"<div class=\"vgblk-rw-wrapper limit-wrapper\">\n<p data-start=\"253\" data-end=\"303\"><strong data-start=\"253\" data-end=\"303\">Ketosol-100 \u2013 Ketoprofen 10% inyeksiya m\u0259hlulu<\/strong><\/p>\n<hr data-start=\"305\" data-end=\"308\" \/>\n<h3 data-start=\"310\" data-end=\"323\">Ingredients<\/h3>\n<p data-start=\"324\" data-end=\"344\">H\u0259r 1 ml m\u0259hlulda:<\/p>\n<ul data-start=\"345\" data-end=\"372\">\n<li data-start=\"345\" data-end=\"372\">\n<p data-start=\"347\" data-end=\"372\"><strong data-start=\"347\" data-end=\"370\">Ketoprofen \u2013 100 mq<\/strong><\/p>\n<\/li>\n<\/ul>\n<hr data-start=\"374\" data-end=\"377\" \/>\n<h3 data-start=\"379\" data-end=\"392\">Description<\/h3>\n<p data-start=\"393\" data-end=\"552\"><strong data-start=\"393\" data-end=\"407\">Ketoprofen<\/strong> \u2013 fenilpropion tur\u015fusunun t\u00f6r\u0259m\u0259si olub, <strong data-start=\"449\" data-end=\"504\">steroid olmayan iltihab\u0259leyhin\u0259 preparatlar (NSA\u0130D)<\/strong> qrupuna daxildir. \u018fsas farmakoloji t\u0259sirl\u0259ri:<\/p>\n<ul data-start=\"553\" data-end=\"618\">\n<li data-start=\"553\" data-end=\"576\">\n<p data-start=\"555\" data-end=\"576\"><strong data-start=\"555\" data-end=\"574\">\u0130ltihab\u0259leyhin\u0259<\/strong><\/p>\n<\/li>\n<li data-start=\"577\" data-end=\"595\">\n<p data-start=\"579\" data-end=\"595\"><strong data-start=\"579\" data-end=\"593\">A\u011fr\u0131k\u0259sici<\/strong><\/p>\n<\/li>\n<li data-start=\"596\" data-end=\"618\">\n<p data-start=\"598\" data-end=\"618\"><strong data-start=\"598\" data-end=\"616\">Q\u0131zd\u0131rmasal\u0131c\u0131<\/strong><\/p>\n<\/li>\n<\/ul>\n<hr data-start=\"620\" data-end=\"623\" \/>\n<h3 data-start=\"625\" data-end=\"652\">Instructions for use<\/h3>\n<ul data-start=\"653\" data-end=\"898\">\n<li data-start=\"653\" data-end=\"751\">\n<p data-start=\"655\" data-end=\"751\">Atlar: s\u00fcm\u00fck-oynaq v\u0259 \u0259z\u0259l\u0259-iskelet sistemi x\u0259st\u0259likl\u0259rind\u0259 iltihab v\u0259 a\u011fr\u0131lar, h\u0259m\u00e7inin koliq<\/p>\n<\/li>\n<li data-start=\"752\" data-end=\"815\">\n<p data-start=\"754\" data-end=\"815\">Mal-qara: t\u0259n\u0259ff\u00fcs yolu infeksiyalar\u0131, k\u0259skin klinik mastit<\/p>\n<\/li>\n<li data-start=\"816\" data-end=\"898\">\n<p data-start=\"818\" data-end=\"898\">Donuzlar: t\u0259n\u0259ff\u00fcs yolu infeksiyalar\u0131, Mastit-Metrit-Agalaktiya (MMA) sindromu<\/p>\n<\/li>\n<\/ul>\n<hr data-start=\"900\" data-end=\"903\" \/>\n<h3 data-start=\"905\" data-end=\"926\">Contraindications<\/h3>\n<ul data-start=\"927\" data-end=\"1231\">\n<li data-start=\"927\" data-end=\"958\">\n<p data-start=\"929\" data-end=\"958\">Ketoprofene qar\u015f\u0131 h\u0259ssasl\u0131q<\/p>\n<\/li>\n<li data-start=\"959\" data-end=\"1023\">\n<p data-start=\"961\" data-end=\"1023\">Eyni vaxtda v\u0259 ya 24 saat \u0259rzind\u0259 dig\u0259r <strong data-start=\"1001\" data-end=\"1010\">NSA\u0130D<\/strong> istifad\u0259si<\/p>\n<\/li>\n<li data-start=\"1024\" data-end=\"1133\">\n<p data-start=\"1026\" data-end=\"1133\">\u00dcr\u0259k, qaraciy\u0259r v\u0259 b\u00f6yr\u0259k x\u0259st\u0259likl\u0259ri olan heyvanlarda; m\u0259d\u0259-ba\u011f\u0131rsaq xoras\u0131 v\u0259 ya qanaxma riski olduqda<\/p>\n<\/li>\n<li data-start=\"1134\" data-end=\"1177\">\n<p data-start=\"1136\" data-end=\"1177\">Qan x\u0259st\u0259likl\u0259ri (disxraziyalar) zaman\u0131<\/p>\n<\/li>\n<li data-start=\"1178\" data-end=\"1231\">\n<p data-start=\"1180\" data-end=\"1231\">Hamil\u0259 k\u0259nizl\u0259rd\u0259 (atlarda) istifad\u0259si qada\u011fand\u0131r<\/p>\n<\/li>\n<\/ul>\n<hr data-start=\"1233\" data-end=\"1236\" \/>\n<h3 data-start=\"1238\" data-end=\"1256\">Yan t\u0259sirl\u0259r<\/h3>\n<ul data-start=\"1257\" data-end=\"1563\">\n<li data-start=\"1257\" data-end=\"1357\">\n<p data-start=\"1259\" data-end=\"1357\">Prostaqlandin sintezinin inhib\u0259si n\u0259tic\u0259sind\u0259 <strong data-start=\"1305\" data-end=\"1345\">m\u0259d\u0259-ba\u011f\u0131rsaq v\u0259 b\u00f6yr\u0259k d\u00f6z\u00fcms\u00fczl\u00fcy\u00fc<\/strong> ola bil\u0259r<\/p>\n<\/li>\n<li data-start=\"1358\" data-end=\"1497\">\n<p data-start=\"1360\" data-end=\"1497\">T\u00f6vsiy\u0259 olunan dozalarda v\u0259 m\u00fcdd\u0259td\u0259 istifad\u0259 olunduqda <strong data-start=\"1416\" data-end=\"1495\">atlarda, mal-qara v\u0259 donuzlarda ciddi toksik t\u0259sirl\u0259r m\u00fc\u015fahid\u0259 olunmam\u0131\u015fd\u0131r<\/strong><\/p>\n<\/li>\n<li data-start=\"1498\" data-end=\"1563\">\n<p data-start=\"1500\" data-end=\"1563\">Y\u00fcks\u0259k dozada bel\u0259 ketoprofen \u00fcmumiyy\u0259tl\u0259 yax\u015f\u0131 tolere olunur<\/p>\n<\/li>\n<\/ul>\n<hr data-start=\"1565\" data-end=\"1568\" \/>\n<h3 data-start=\"1570\" data-end=\"1599\">Dozalanma v\u0259 t\u0259tbiqetm\u0259<\/h3>\n<p data-start=\"1601\" data-end=\"1613\"><strong data-start=\"1601\" data-end=\"1611\">Horses:<\/strong><\/p>\n<ul data-start=\"1614\" data-end=\"1695\">\n<li data-start=\"1614\" data-end=\"1650\">\n<p data-start=\"1616\" data-end=\"1650\">1 ml \/ 45 kq b\u0259d\u0259n \u00e7\u0259kisin\u0259 g\u00f6r\u0259<\/p>\n<\/li>\n<li data-start=\"1651\" data-end=\"1695\">\n<p data-start=\"1653\" data-end=\"1695\">Damar daxili (IV), g\u00fcnd\u0259 1 d\u0259f\u0259, 3\u20135 g\u00fcn<\/p>\n<\/li>\n<\/ul>\n<p data-start=\"1697\" data-end=\"1712\"><strong data-start=\"1697\" data-end=\"1710\">Cattle:<\/strong><\/p>\n<ul data-start=\"1713\" data-end=\"1841\">\n<li data-start=\"1713\" data-end=\"1749\">\n<p data-start=\"1715\" data-end=\"1749\">1 ml \/ 33 kq b\u0259d\u0259n \u00e7\u0259kisin\u0259 g\u00f6r\u0259<\/p>\n<\/li>\n<li data-start=\"1750\" data-end=\"1841\">\n<p data-start=\"1752\" data-end=\"1841\">Damar daxili (IV) v\u0259 ya d\u0259rin \u0259z\u0259l\u0259 daxili (IM) inyeksiya, g\u00fcnd\u0259 1 d\u0259f\u0259, maksimum 3 g\u00fcn<\/p>\n<\/li>\n<\/ul>\n<p data-start=\"1843\" data-end=\"1858\"><strong data-start=\"1843\" data-end=\"1856\">Pigs:<\/strong><\/p>\n<ul data-start=\"1859\" data-end=\"1950\">\n<li data-start=\"1859\" data-end=\"1895\">\n<p data-start=\"1861\" data-end=\"1895\">1 ml \/ 33 kq b\u0259d\u0259n \u00e7\u0259kisin\u0259 g\u00f6r\u0259<\/p>\n<\/li>\n<li data-start=\"1896\" data-end=\"1950\">\n<p data-start=\"1898\" data-end=\"1950\">D\u0259rin \u0259z\u0259l\u0259 daxili (IM) inyeksiya, yaln\u0131z bir d\u0259f\u0259<\/p>\n<\/li>\n<\/ul>\n<hr data-start=\"1952\" data-end=\"1955\" \/>\n<h3 data-start=\"1957\" data-end=\"1978\">G\u00f6zl\u0259m\u0259 m\u00fcdd\u0259ti<\/h3>\n<ul data-start=\"1979\" data-end=\"2122\">\n<li data-start=\"1979\" data-end=\"2090\">\n<p data-start=\"1981\" data-end=\"1995\"><strong data-start=\"1981\" data-end=\"1993\">For meat:<\/strong><\/p>\n<ul data-start=\"1998\" data-end=\"2090\">\n<li data-start=\"1998\" data-end=\"2014\">\n<p data-start=\"2000\" data-end=\"2014\">Atlar: 1 g\u00fcn<\/p>\n<\/li>\n<li data-start=\"2017\" data-end=\"2041\">\n<p data-start=\"2019\" data-end=\"2041\">Mal-qara (IV): 1 g\u00fcn<\/p>\n<\/li>\n<li data-start=\"2044\" data-end=\"2068\">\n<p data-start=\"2046\" data-end=\"2068\">Mal-qara (IM): 4 g\u00fcn<\/p>\n<\/li>\n<li data-start=\"2071\" data-end=\"2090\">\n<p data-start=\"2073\" data-end=\"2090\">Donuzlar: 4 g\u00fcn<\/p>\n<\/li>\n<\/ul>\n<\/li>\n<li data-start=\"2091\" data-end=\"2122\">\n<p data-start=\"2093\" data-end=\"2122\"><strong data-start=\"2093\" data-end=\"2106\">S\u00fcd \u00fc\u00e7\u00fcn:<\/strong> t\u0259l\u0259b olunmur<\/p>\n<\/li>\n<\/ul>\n<\/div>\n<p><!-- .vgblk-rw-wrapper --><\/p>","protected":false},"excerpt":{"rendered":"<p>Ketosol-100 \u2013 Ketoprofen 10% inyeksiya m\u0259hlulu T\u0259rkibi H\u0259r 1 ml m\u0259hlulda: Ketoprofen \u2013 100 mq T\u0259sviri Ketoprofen \u2013 fenilpropion tur\u015fusunun t\u00f6r\u0259m\u0259si olub, steroid olmayan iltihab\u0259leyhin\u0259 preparatlar (NSA\u0130D) qrupuna daxildir. \u018fsas farmakoloji t\u0259sirl\u0259ri: \u0130ltihab\u0259leyhin\u0259 A\u011fr\u0131k\u0259sici Q\u0131zd\u0131rmasal\u0131c\u0131 \u0130stifad\u0259 g\u00f6st\u0259ri\u015fl\u0259ri Atlar: s\u00fcm\u00fck-oynaq v\u0259 \u0259z\u0259l\u0259-iskelet sistemi x\u0259st\u0259likl\u0259rind\u0259 iltihab v\u0259 a\u011fr\u0131lar, h\u0259m\u00e7inin koliq Mal-qara: t\u0259n\u0259ff\u00fcs yolu infeksiyalar\u0131, k\u0259skin klinik mastit&#8230;<\/p>","protected":false},"featured_media":990443,"comment_status":"open","ping_status":"closed","template":"","meta":{"nf_dc_page":"","_monsterinsights_skip_tracking":false,"_monsterinsights_sitenote_active":false,"_monsterinsights_sitenote_note":"","_monsterinsights_sitenote_category":0},"product_brand":[],"product_cat":[251,108],"product_tag":[],"class_list":{"0":"post-990442","1":"product","2":"type-product","3":"status-publish","4":"has-post-thumbnail","6":"product_cat-veterinary-products","7":"product_cat-cow","9":"first","10":"instock","11":"shipping-taxable","12":"product-type-simple"},"jetpack_sharing_enabled":true,"_links":{"self":[{"href":"https:\/\/agrovetazerbaijan.az\/en\/wp-json\/wp\/v2\/product\/990442","targetHints":{"allow":["GET"]}}],"collection":[{"href":"https:\/\/agrovetazerbaijan.az\/en\/wp-json\/wp\/v2\/product"}],"about":[{"href":"https:\/\/agrovetazerbaijan.az\/en\/wp-json\/wp\/v2\/types\/product"}],"replies":[{"embeddable":true,"href":"https:\/\/agrovetazerbaijan.az\/en\/wp-json\/wp\/v2\/comments?post=990442"}],"version-history":[{"count":1,"href":"https:\/\/agrovetazerbaijan.az\/en\/wp-json\/wp\/v2\/product\/990442\/revisions"}],"predecessor-version":[{"id":990444,"href":"https:\/\/agrovetazerbaijan.az\/en\/wp-json\/wp\/v2\/product\/990442\/revisions\/990444"}],"wp:featuredmedia":[{"embeddable":true,"href":"https:\/\/agrovetazerbaijan.az\/en\/wp-json\/wp\/v2\/media\/990443"}],"wp:attachment":[{"href":"https:\/\/agrovetazerbaijan.az\/en\/wp-json\/wp\/v2\/media?parent=990442"}],"wp:term":[{"taxonomy":"product_brand","embeddable":true,"href":"https:\/\/agrovetazerbaijan.az\/en\/wp-json\/wp\/v2\/product_brand?post=990442"},{"taxonomy":"product_cat","embeddable":true,"href":"https:\/\/agrovetazerbaijan.az\/en\/wp-json\/wp\/v2\/product_cat?post=990442"},{"taxonomy":"product_tag","embeddable":true,"href":"https:\/\/agrovetazerbaijan.az\/en\/wp-json\/wp\/v2\/product_tag?post=990442"}],"curies":[{"name":"wp","href":"https:\/\/api.w.org\/{rel}","templated":true}]}}