{"id":990439,"date":"2025-09-29T00:16:14","date_gmt":"2025-09-29T00:16:14","guid":{"rendered":"https:\/\/agrovetazerbaijan.az\/?post_type=product&#038;p=990439"},"modified":"2025-09-29T00:16:26","modified_gmt":"2025-09-29T00:16:26","slug":"limoxin-50","status":"publish","type":"product","link":"https:\/\/agrovetazerbaijan.az\/en\/product\/limoxin-50\/","title":{"rendered":"Limoxin-50"},"content":{"rendered":"<div class=\"vgblk-rw-wrapper limit-wrapper\">\n<p data-start=\"256\" data-end=\"309\"><strong data-start=\"256\" data-end=\"309\">Limoxin-50 \u2013 Oksitetrasiklin 5% inyeksiya m\u0259hlulu<\/strong><\/p>\n<hr data-start=\"311\" data-end=\"314\" \/>\n<h3 data-start=\"316\" data-end=\"329\">Ingredients<\/h3>\n<p data-start=\"330\" data-end=\"350\">H\u0259r 1 ml m\u0259hlulda:<\/p>\n<ul data-start=\"351\" data-end=\"405\">\n<li data-start=\"351\" data-end=\"405\">\n<p data-start=\"353\" data-end=\"405\"><strong data-start=\"353\" data-end=\"403\">Oksitetrasiklin (hidroxlorid \u015f\u0259klind\u0259) \u2013 50 mq<\/strong><\/p>\n<\/li>\n<\/ul>\n<hr data-start=\"407\" data-end=\"410\" \/>\n<h3 data-start=\"412\" data-end=\"425\">Description<\/h3>\n<p data-start=\"426\" data-end=\"572\"><strong data-start=\"426\" data-end=\"445\">Oksitetrasiklin<\/strong> \u2013 tetratsiklin qrupuna aid antibiotikdir v\u0259 <strong data-start=\"490\" data-end=\"533\">qram-m\u00fcsb\u0259t v\u0259 qram-m\u0259nfi bakteriyalara<\/strong> qar\u015f\u0131 bakteriostatik t\u0259sir g\u00f6st\u0259rir.<\/p>\n<p data-start=\"574\" data-end=\"799\">T\u0259sir etdiyi mikroorqanizml\u0259r:<br data-start=\"604\" data-end=\"607\" \/><em data-start=\"607\" data-end=\"797\">Bordetella spp., Campylobacter spp., Chlamydia spp., E. coli, Haemophilus spp., Mycoplasma spp., Pasteurella spp., Rickettsia spp., Salmonella spp., Staphylococcus spp., Streptococcus spp.<\/em><\/p>\n<p data-start=\"801\" data-end=\"1025\">T\u0259sir mexanizmi \u2013 <strong data-start=\"819\" data-end=\"868\">bakteriyalarda z\u00fclal sintezini inhib\u0259 etm\u0259kl\u0259<\/strong> onlar\u0131n inki\u015faf\u0131n\u0131 dayand\u0131r\u0131r. Preparat \u0259sas\u0259n <strong data-start=\"916\" data-end=\"940\">sidikl\u0259 xaric olunur<\/strong>, qism\u0259n \u00f6d vasit\u0259sil\u0259 v\u0259 s\u00fcd ver\u0259n heyvanlarda <strong data-start=\"988\" data-end=\"1009\">s\u00fcd vasit\u0259sil\u0259 d\u0259<\/strong> ifraz olunur.<\/p>\n<hr data-start=\"1027\" data-end=\"1030\" \/>\n<h3 data-start=\"1032\" data-end=\"1059\">Instructions for use<\/h3>\n<p data-start=\"1060\" data-end=\"1153\"><strong data-start=\"1060\" data-end=\"1074\">Limoxin-50<\/strong> a\u015fa\u011f\u0131dak\u0131 hallarda mal-qara, buzov, qoyun, ke\u00e7i v\u0259 donuzlarda t\u0259tbiq edilir:<\/p>\n<ul data-start=\"1154\" data-end=\"1333\">\n<li data-start=\"1154\" data-end=\"1171\">\n<p data-start=\"1156\" data-end=\"1171\"><strong data-start=\"1156\" data-end=\"1169\">Artritl\u0259r<\/strong><\/p>\n<\/li>\n<li data-start=\"1172\" data-end=\"1206\">\n<p data-start=\"1174\" data-end=\"1206\"><strong data-start=\"1174\" data-end=\"1204\">H\u0259zm sistemi infeksiyalar\u0131<\/strong><\/p>\n<\/li>\n<li data-start=\"1207\" data-end=\"1245\">\n<p data-start=\"1209\" data-end=\"1245\"><strong data-start=\"1209\" data-end=\"1243\">Respiratory tract infections<\/strong><\/p>\n<\/li>\n<li data-start=\"1246\" data-end=\"1333\">\n<p data-start=\"1248\" data-end=\"1333\">Yuxar\u0131da g\u00f6st\u0259ril\u0259n oksitetrasiklin-h\u0259ssas mikroorqanizml\u0259rin t\u00f6r\u0259tdiyi x\u0259st\u0259likl\u0259r<\/p>\n<\/li>\n<\/ul>\n<hr data-start=\"1335\" data-end=\"1338\" \/>\n<h3 data-start=\"1340\" data-end=\"1361\">Contraindications<\/h3>\n<ul data-start=\"1362\" data-end=\"1538\">\n<li data-start=\"1362\" data-end=\"1397\">\n<p data-start=\"1364\" data-end=\"1397\">Sensitivity to tetracyclines<\/p>\n<\/li>\n<li data-start=\"1398\" data-end=\"1442\">\n<p data-start=\"1400\" data-end=\"1442\">Severe kidney or liver failure<\/p>\n<\/li>\n<li data-start=\"1443\" data-end=\"1538\">\n<p data-start=\"1445\" data-end=\"1538\">Penisillinl\u0259r, sefalosporinl\u0259r, xinolonlar v\u0259 sikloserinl\u0259 eyni vaxtda t\u0259tbiq olunmamal\u0131d\u0131r<\/p>\n<\/li>\n<\/ul>\n<hr data-start=\"1540\" data-end=\"1543\" \/>\n<h3 data-start=\"1545\" data-end=\"1563\">Yan t\u0259sirl\u0259r<\/h3>\n<ul data-start=\"1564\" data-end=\"1748\">\n<li data-start=\"1564\" data-end=\"1664\">\n<p data-start=\"1566\" data-end=\"1664\">\u018fz\u0259l\u0259 daxilin\u0259 inyeksiyadan sonra yerli reaksiyalar ola bil\u0259r (bir ne\u00e7\u0259 g\u00fcn \u0259rzind\u0259 ke\u00e7ib gedir)<\/p>\n<\/li>\n<li data-start=\"1665\" data-end=\"1713\">\n<p data-start=\"1667\" data-end=\"1713\">Tooth discoloration in young animals<\/p>\n<\/li>\n<li data-start=\"1714\" data-end=\"1748\">\n<p data-start=\"1716\" data-end=\"1748\">Allergik reaksiyalar m\u00fcmk\u00fcnd\u00fcr<\/p>\n<\/li>\n<\/ul>\n<hr data-start=\"1750\" data-end=\"1753\" \/>\n<h3 data-start=\"1755\" data-end=\"1784\">Dozalanma v\u0259 t\u0259tbiqetm\u0259<\/h3>\n<p data-start=\"1785\" data-end=\"1845\"><strong data-start=\"1785\" data-end=\"1843\">\u018fz\u0259l\u0259 daxilin\u0259 (IM) v\u0259 ya d\u0259rialt\u0131 (SC) inyeksiya il\u0259.<\/strong><\/p>\n<ul data-start=\"1847\" data-end=\"1984\">\n<li data-start=\"1847\" data-end=\"1916\">\n<p data-start=\"1849\" data-end=\"1916\"><strong data-start=\"1849\" data-end=\"1870\">Yetkin heyvanlar:<\/strong> 1 ml \/ 5\u201310 kq b\u0259d\u0259n \u00e7\u0259kisin\u0259 g\u00f6r\u0259, 3\u20135 g\u00fcn<\/p>\n<\/li>\n<li data-start=\"1917\" data-end=\"1984\">\n<p data-start=\"1919\" data-end=\"1984\"><strong data-start=\"1919\" data-end=\"1938\">G\u0259nc heyvanlar:<\/strong> 2 ml \/ 5\u201310 kq b\u0259d\u0259n \u00e7\u0259kisin\u0259 g\u00f6r\u0259, 3\u20135 g\u00fcn<\/p>\n<\/li>\n<\/ul>\n<p data-start=\"1986\" data-end=\"2023\"><strong data-start=\"1986\" data-end=\"2021\">Bir inyeksiya yerind\u0259 maksimum:<\/strong><\/p>\n<ul data-start=\"2024\" data-end=\"2089\">\n<li data-start=\"2024\" data-end=\"2043\">\n<p data-start=\"2026\" data-end=\"2043\">Mal-qara: 20 ml<\/p>\n<\/li>\n<li data-start=\"2044\" data-end=\"2072\">\n<p data-start=\"2046\" data-end=\"2072\">Buzov, qoyun, ke\u00e7i: 5 ml<\/p>\n<\/li>\n<li data-start=\"2073\" data-end=\"2089\">\n<p data-start=\"2075\" data-end=\"2089\">Donuz: 10 ml<\/p>\n<\/li>\n<\/ul>\n<hr data-start=\"2091\" data-end=\"2094\" \/>\n<h3 data-start=\"2096\" data-end=\"2117\">G\u00f6zl\u0259m\u0259 m\u00fcdd\u0259ti<\/h3>\n<ul data-start=\"2118\" data-end=\"2165\">\n<li data-start=\"2118\" data-end=\"2141\">\n<p data-start=\"2120\" data-end=\"2141\"><strong data-start=\"2120\" data-end=\"2132\">For meat:<\/strong> 12 g\u00fcn<\/p>\n<\/li>\n<li data-start=\"2142\" data-end=\"2165\">\n<p data-start=\"2144\" data-end=\"2165\"><strong data-start=\"2144\" data-end=\"2157\">S\u00fcd \u00fc\u00e7\u00fcn:<\/strong> 5 g\u00fcn<\/p>\n<\/li>\n<\/ul>\n<hr data-start=\"2167\" data-end=\"2170\" \/>\n<h3 data-start=\"2172\" data-end=\"2189\">Packaging<\/h3>\n<ul data-start=\"2190\" data-end=\"2223\">\n<li data-start=\"2190\" data-end=\"2223\">\n<p data-start=\"2192\" data-end=\"2223\"><strong data-start=\"2192\" data-end=\"2221\">50 ml v\u0259 100 ml flakonlar<\/strong><\/p>\n<\/li>\n<\/ul>\n<\/div>\n<p><!-- .vgblk-rw-wrapper --><\/p>","protected":false},"excerpt":{"rendered":"<p>Limoxin-50 \u2013 Oksitetrasiklin 5% inyeksiya m\u0259hlulu T\u0259rkibi H\u0259r 1 ml m\u0259hlulda: Oksitetrasiklin (hidroxlorid \u015f\u0259klind\u0259) \u2013 50 mq T\u0259sviri Oksitetrasiklin \u2013 tetratsiklin qrupuna aid antibiotikdir v\u0259 qram-m\u00fcsb\u0259t v\u0259 qram-m\u0259nfi bakteriyalara qar\u015f\u0131 bakteriostatik t\u0259sir g\u00f6st\u0259rir. T\u0259sir etdiyi mikroorqanizml\u0259r:Bordetella spp., Campylobacter spp., Chlamydia spp., E. coli, Haemophilus spp., Mycoplasma spp., Pasteurella spp., Rickettsia spp., Salmonella spp., Staphylococcus spp.,&#8230;<\/p>","protected":false},"featured_media":990440,"comment_status":"open","ping_status":"closed","template":"","meta":{"nf_dc_page":"","_monsterinsights_skip_tracking":false,"_monsterinsights_sitenote_active":false,"_monsterinsights_sitenote_note":"","_monsterinsights_sitenote_category":0},"product_brand":[],"product_cat":[251,108,114],"product_tag":[],"class_list":{"0":"post-990439","1":"product","2":"type-product","3":"status-publish","4":"has-post-thumbnail","6":"product_cat-veterinary-products","7":"product_cat-cow","8":"product_cat-sheep","10":"first","11":"instock","12":"shipping-taxable","13":"product-type-simple"},"jetpack_sharing_enabled":true,"_links":{"self":[{"href":"https:\/\/agrovetazerbaijan.az\/en\/wp-json\/wp\/v2\/product\/990439","targetHints":{"allow":["GET"]}}],"collection":[{"href":"https:\/\/agrovetazerbaijan.az\/en\/wp-json\/wp\/v2\/product"}],"about":[{"href":"https:\/\/agrovetazerbaijan.az\/en\/wp-json\/wp\/v2\/types\/product"}],"replies":[{"embeddable":true,"href":"https:\/\/agrovetazerbaijan.az\/en\/wp-json\/wp\/v2\/comments?post=990439"}],"version-history":[{"count":1,"href":"https:\/\/agrovetazerbaijan.az\/en\/wp-json\/wp\/v2\/product\/990439\/revisions"}],"predecessor-version":[{"id":990441,"href":"https:\/\/agrovetazerbaijan.az\/en\/wp-json\/wp\/v2\/product\/990439\/revisions\/990441"}],"wp:featuredmedia":[{"embeddable":true,"href":"https:\/\/agrovetazerbaijan.az\/en\/wp-json\/wp\/v2\/media\/990440"}],"wp:attachment":[{"href":"https:\/\/agrovetazerbaijan.az\/en\/wp-json\/wp\/v2\/media?parent=990439"}],"wp:term":[{"taxonomy":"product_brand","embeddable":true,"href":"https:\/\/agrovetazerbaijan.az\/en\/wp-json\/wp\/v2\/product_brand?post=990439"},{"taxonomy":"product_cat","embeddable":true,"href":"https:\/\/agrovetazerbaijan.az\/en\/wp-json\/wp\/v2\/product_cat?post=990439"},{"taxonomy":"product_tag","embeddable":true,"href":"https:\/\/agrovetazerbaijan.az\/en\/wp-json\/wp\/v2\/product_tag?post=990439"}],"curies":[{"name":"wp","href":"https:\/\/api.w.org\/{rel}","templated":true}]}}