{"id":990432,"date":"2025-09-29T00:09:00","date_gmt":"2025-09-29T00:09:00","guid":{"rendered":"https:\/\/agrovetazerbaijan.az\/?post_type=product&#038;p=990432"},"modified":"2025-09-29T00:09:13","modified_gmt":"2025-09-29T00:09:13","slug":"oxytocin-10","status":"publish","type":"product","link":"https:\/\/agrovetazerbaijan.az\/en\/product\/oxytocin-10\/","title":{"rendered":"Oxytocin-10"},"content":{"rendered":"<div class=\"vgblk-rw-wrapper limit-wrapper\">\n<p data-start=\"291\" data-end=\"347\"><strong data-start=\"291\" data-end=\"347\">Oxytocin-10 \u2013 Oksitosin 10 BV (IU) inyeksiya m\u0259hlulu<\/strong><\/p>\n<hr data-start=\"349\" data-end=\"352\" \/>\n<h3 data-start=\"354\" data-end=\"367\">Ingredients<\/h3>\n<p data-start=\"368\" data-end=\"388\">H\u0259r 1 ml m\u0259hlulda:<\/p>\n<ul data-start=\"389\" data-end=\"430\">\n<li data-start=\"389\" data-end=\"430\">\n<p data-start=\"391\" data-end=\"430\"><strong data-start=\"391\" data-end=\"428\">Oksitosin (sintetik) \u2013 10 BV (IU)<\/strong><\/p>\n<\/li>\n<\/ul>\n<hr data-start=\"432\" data-end=\"435\" \/>\n<h3 data-start=\"437\" data-end=\"450\">Description<\/h3>\n<p data-start=\"451\" data-end=\"685\"><strong data-start=\"451\" data-end=\"464\">Oksitosin<\/strong> \u2013 hipotalamusda sintez olunan <strong data-start=\"495\" data-end=\"520\">nonapeptid hormonudur<\/strong>. O, <strong data-start=\"525\" data-end=\"625\">\u00f6strogenl\u0259 h\u0259ssasla\u015fm\u0131\u015f u\u015faql\u0131q v\u0259 s\u00fcd v\u0259zil\u0259rinin hamar \u0259z\u0259l\u0259l\u0259rinin y\u0131\u011f\u0131lmas\u0131n\u0131 stimulla\u015fd\u0131r\u0131r<\/strong>, bununla da do\u011fum prosesi v\u0259 s\u00fcd ifraz\u0131na t\u0259sir g\u00f6st\u0259rir.<\/p>\n<hr data-start=\"687\" data-end=\"690\" \/>\n<h3 data-start=\"692\" data-end=\"719\">Instructions for use<\/h3>\n<ul data-start=\"720\" data-end=\"934\">\n<li data-start=\"720\" data-end=\"738\">\n<p data-start=\"722\" data-end=\"738\">Do\u011fum z\u0259ifliyi<\/p>\n<\/li>\n<li data-start=\"739\" data-end=\"787\">\n<p data-start=\"741\" data-end=\"787\">U\u015faql\u0131\u011f\u0131n involyusiyas\u0131n\u0131n s\u00fcr\u0259tl\u0259ndirilm\u0259si<\/p>\n<\/li>\n<li data-start=\"788\" data-end=\"838\">\n<p data-start=\"790\" data-end=\"838\">Sonluqlar\u0131n saxlanmas\u0131 (retentio secundinarum)<\/p>\n<\/li>\n<li data-start=\"839\" data-end=\"860\">\n<p data-start=\"841\" data-end=\"860\">U\u015faql\u0131q atoniyas\u0131<\/p>\n<\/li>\n<li data-start=\"861\" data-end=\"884\">\n<p data-start=\"863\" data-end=\"884\">U\u015faql\u0131q qanaxmalar\u0131<\/p>\n<\/li>\n<li data-start=\"885\" data-end=\"934\">\n<p data-start=\"887\" data-end=\"934\">Do\u011fu\u015fdan sonrak\u0131 s\u00fcd\u00fcn g\u0259lm\u0259m\u0259si (agalaktiya)<\/p>\n<\/li>\n<\/ul>\n<hr data-start=\"936\" data-end=\"939\" \/>\n<h3 data-start=\"941\" data-end=\"962\">Contraindications<\/h3>\n<ul data-start=\"963\" data-end=\"1112\">\n<li data-start=\"963\" data-end=\"994\">\n<p data-start=\"965\" data-end=\"994\">U\u015faql\u0131q boynunun a\u00e7\u0131lmamas\u0131<\/p>\n<\/li>\n<li data-start=\"995\" data-end=\"1037\">\n<p data-start=\"997\" data-end=\"1037\">D\u00f6l\u00fcn v\u0259 ya u\u015faql\u0131\u011f\u0131n yanl\u0131\u015f v\u0259ziyy\u0259ti<\/p>\n<\/li>\n<li data-start=\"1038\" data-end=\"1076\">\n<p data-start=\"1040\" data-end=\"1076\">Obstruktiv distosiya (\u00e7\u0259tin do\u011fu\u015f)<\/p>\n<\/li>\n<li data-start=\"1077\" data-end=\"1112\">\n<p data-start=\"1079\" data-end=\"1112\">Oksitosin\u0259 qar\u015f\u0131 hiperh\u0259ssasl\u0131q<\/p>\n<\/li>\n<\/ul>\n<hr data-start=\"1114\" data-end=\"1117\" \/>\n<h3 data-start=\"1119\" data-end=\"1137\">Yan t\u0259sirl\u0259r<\/h3>\n<p data-start=\"1138\" data-end=\"1180\">Yaln\u0131z h\u0259ddind\u0259n art\u0131q dozada m\u00fcmk\u00fcnd\u00fcr:<\/p>\n<ul data-start=\"1181\" data-end=\"1422\">\n<li data-start=\"1181\" data-end=\"1236\">\n<p data-start=\"1183\" data-end=\"1236\">Q\u0131sa m\u00fcdd\u0259tli damar geni\u015fl\u0259nm\u0259si v\u0259 t\u0259zyiqin enm\u0259si<\/p>\n<\/li>\n<li data-start=\"1237\" data-end=\"1308\">\n<p data-start=\"1239\" data-end=\"1308\">U\u015faql\u0131\u011f\u0131n hiperstimulyasiyas\u0131 (tez-tez v\u0259 uzun m\u00fcdd\u0259tli y\u0131\u011f\u0131lmalar)<\/p>\n<\/li>\n<li data-start=\"1309\" data-end=\"1364\">\n<p data-start=\"1311\" data-end=\"1364\">G\u00fccl\u00fc spazm zaman\u0131 d\u00f6l\u00fcn oksigen \u00e7at\u0131\u015fmazl\u0131\u011f\u0131 riski<\/p>\n<\/li>\n<li data-start=\"1365\" data-end=\"1394\">\n<p data-start=\"1367\" data-end=\"1394\">Orqanizmd\u0259 maye tutulmas\u0131<\/p>\n<\/li>\n<li data-start=\"1395\" data-end=\"1422\">\n<p data-start=\"1397\" data-end=\"1422\">D\u00f6l qan d\u00f6vran\u0131na t\u0259sir<\/p>\n<\/li>\n<\/ul>\n<hr data-start=\"1424\" data-end=\"1427\" \/>\n<h3 data-start=\"1429\" data-end=\"1458\">Dozalanma v\u0259 t\u0259tbiqetm\u0259<\/h3>\n<p data-start=\"1459\" data-end=\"1519\"><strong data-start=\"1459\" data-end=\"1517\">\u018fz\u0259l\u0259 daxilin\u0259 (IM) v\u0259 ya d\u0259rialt\u0131 (SC) inyeksiya il\u0259.<\/strong><\/p>\n<ul data-start=\"1521\" data-end=\"1617\">\n<li data-start=\"1521\" data-end=\"1555\">\n<p data-start=\"1523\" data-end=\"1555\"><strong data-start=\"1523\" data-end=\"1544\">Atlar v\u0259 in\u0259kl\u0259r:<\/strong> 4 \u2013 5 ml<\/p>\n<\/li>\n<li data-start=\"1556\" data-end=\"1582\">\n<p data-start=\"1558\" data-end=\"1582\"><strong data-start=\"1558\" data-end=\"1571\">Pigs:<\/strong> 2 \u2013 4 ml<\/p>\n<\/li>\n<li data-start=\"1583\" data-end=\"1617\">\n<p data-start=\"1585\" data-end=\"1617\"><strong data-start=\"1585\" data-end=\"1606\">Sheep and goats:<\/strong> 1 \u2013 3 ml<\/p>\n<\/li>\n<\/ul>\n<hr data-start=\"1619\" data-end=\"1622\" \/>\n<h3 data-start=\"1624\" data-end=\"1645\">G\u00f6zl\u0259m\u0259 m\u00fcdd\u0259ti<\/h3>\n<ul data-start=\"1646\" data-end=\"1692\">\n<li data-start=\"1646\" data-end=\"1668\">\n<p data-start=\"1648\" data-end=\"1668\"><strong data-start=\"1648\" data-end=\"1660\">For meat:<\/strong> 1 day<\/p>\n<\/li>\n<li data-start=\"1669\" data-end=\"1692\">\n<p data-start=\"1671\" data-end=\"1692\"><strong data-start=\"1671\" data-end=\"1684\">S\u00fcd \u00fc\u00e7\u00fcn:<\/strong> 1 day<\/p>\n<\/li>\n<\/ul>\n<hr data-start=\"1694\" data-end=\"1697\" \/>\n<h3 data-start=\"1699\" data-end=\"1716\">Packaging<\/h3>\n<ul data-start=\"1717\" data-end=\"1740\">\n<li data-start=\"1717\" data-end=\"1740\">\n<p data-start=\"1719\" data-end=\"1740\"><strong data-start=\"1719\" data-end=\"1738\">50 ml flakonlar<\/strong><\/p>\n<\/li>\n<\/ul>\n<\/div>\n<p><!-- .vgblk-rw-wrapper --><\/p>","protected":false},"excerpt":{"rendered":"<p>Oxytocin-10 \u2013 Oksitosin 10 BV (IU) inyeksiya m\u0259hlulu T\u0259rkibi H\u0259r 1 ml m\u0259hlulda: Oksitosin (sintetik) \u2013 10 BV (IU) T\u0259sviri Oksitosin \u2013 hipotalamusda sintez olunan nonapeptid hormonudur. O, \u00f6strogenl\u0259 h\u0259ssasla\u015fm\u0131\u015f u\u015faql\u0131q v\u0259 s\u00fcd v\u0259zil\u0259rinin hamar \u0259z\u0259l\u0259l\u0259rinin y\u0131\u011f\u0131lmas\u0131n\u0131 stimulla\u015fd\u0131r\u0131r, bununla da do\u011fum prosesi v\u0259 s\u00fcd ifraz\u0131na t\u0259sir g\u00f6st\u0259rir. \u0130stifad\u0259 g\u00f6st\u0259ri\u015fl\u0259ri Do\u011fum z\u0259ifliyi U\u015faql\u0131\u011f\u0131n involyusiyas\u0131n\u0131n s\u00fcr\u0259tl\u0259ndirilm\u0259si Sonluqlar\u0131n&#8230;<\/p>","protected":false},"featured_media":990433,"comment_status":"open","ping_status":"closed","template":"","meta":{"nf_dc_page":"","_monsterinsights_skip_tracking":false,"_monsterinsights_sitenote_active":false,"_monsterinsights_sitenote_note":"","_monsterinsights_sitenote_category":0},"product_brand":[],"product_cat":[251,108,114],"product_tag":[],"class_list":{"0":"post-990432","1":"product","2":"type-product","3":"status-publish","4":"has-post-thumbnail","6":"product_cat-veterinary-products","7":"product_cat-cow","8":"product_cat-sheep","10":"first","11":"instock","12":"shipping-taxable","13":"product-type-simple"},"jetpack_sharing_enabled":true,"_links":{"self":[{"href":"https:\/\/agrovetazerbaijan.az\/en\/wp-json\/wp\/v2\/product\/990432","targetHints":{"allow":["GET"]}}],"collection":[{"href":"https:\/\/agrovetazerbaijan.az\/en\/wp-json\/wp\/v2\/product"}],"about":[{"href":"https:\/\/agrovetazerbaijan.az\/en\/wp-json\/wp\/v2\/types\/product"}],"replies":[{"embeddable":true,"href":"https:\/\/agrovetazerbaijan.az\/en\/wp-json\/wp\/v2\/comments?post=990432"}],"version-history":[{"count":2,"href":"https:\/\/agrovetazerbaijan.az\/en\/wp-json\/wp\/v2\/product\/990432\/revisions"}],"predecessor-version":[{"id":990435,"href":"https:\/\/agrovetazerbaijan.az\/en\/wp-json\/wp\/v2\/product\/990432\/revisions\/990435"}],"wp:featuredmedia":[{"embeddable":true,"href":"https:\/\/agrovetazerbaijan.az\/en\/wp-json\/wp\/v2\/media\/990433"}],"wp:attachment":[{"href":"https:\/\/agrovetazerbaijan.az\/en\/wp-json\/wp\/v2\/media?parent=990432"}],"wp:term":[{"taxonomy":"product_brand","embeddable":true,"href":"https:\/\/agrovetazerbaijan.az\/en\/wp-json\/wp\/v2\/product_brand?post=990432"},{"taxonomy":"product_cat","embeddable":true,"href":"https:\/\/agrovetazerbaijan.az\/en\/wp-json\/wp\/v2\/product_cat?post=990432"},{"taxonomy":"product_tag","embeddable":true,"href":"https:\/\/agrovetazerbaijan.az\/en\/wp-json\/wp\/v2\/product_tag?post=990432"}],"curies":[{"name":"wp","href":"https:\/\/api.w.org\/{rel}","templated":true}]}}