{"id":990429,"date":"2025-09-28T23:55:14","date_gmt":"2025-09-28T23:55:14","guid":{"rendered":"https:\/\/agrovetazerbaijan.az\/?post_type=product&#038;p=990429"},"modified":"2025-09-28T23:55:34","modified_gmt":"2025-09-28T23:55:34","slug":"oxytocin-20","status":"publish","type":"product","link":"https:\/\/agrovetazerbaijan.az\/en\/product\/oxytocin-20\/","title":{"rendered":"Oxytocin-20"},"content":{"rendered":"<div class=\"vgblk-rw-wrapper limit-wrapper\">\n<p data-start=\"248\" data-end=\"303\"><strong data-start=\"248\" data-end=\"303\">Oxytocin-20 \u2013 Oxytocin 20 BV (IU) inyeksiya m\u0259hlulu<\/strong><\/p>\n<hr data-start=\"305\" data-end=\"308\" \/>\n<h3 data-start=\"310\" data-end=\"323\">Ingredients<\/h3>\n<p data-start=\"324\" data-end=\"344\">H\u0259r 1 ml m\u0259hlulda:<\/p>\n<ul data-start=\"345\" data-end=\"374\">\n<li data-start=\"345\" data-end=\"374\">\n<p data-start=\"347\" data-end=\"374\"><strong data-start=\"347\" data-end=\"372\">Oxytocin \u2013 20 BV (IU)<\/strong><\/p>\n<\/li>\n<\/ul>\n<hr data-start=\"376\" data-end=\"379\" \/>\n<h3 data-start=\"381\" data-end=\"394\">Description<\/h3>\n<p data-start=\"395\" data-end=\"577\"><strong data-start=\"395\" data-end=\"408\">Oksitosin<\/strong> \u2013 hipotalamusda sintez olunan <strong data-start=\"439\" data-end=\"464\">nonapeptid hormonudur<\/strong>. O, <strong data-start=\"469\" data-end=\"574\">\u00f6strogenl\u0259 h\u0259ssasla\u015fm\u0131\u015f u\u015faql\u0131q v\u0259 s\u00fcd v\u0259zil\u0259rind\u0259 hamar \u0259z\u0259l\u0259 toxumas\u0131n\u0131n y\u0131\u011f\u0131lmas\u0131n\u0131 stimulla\u015fd\u0131r\u0131r<\/strong>.<\/p>\n<hr data-start=\"579\" data-end=\"582\" \/>\n<h3 data-start=\"584\" data-end=\"611\">Instructions for use<\/h3>\n<ul data-start=\"612\" data-end=\"838\">\n<li data-start=\"612\" data-end=\"630\">\n<p data-start=\"614\" data-end=\"630\">Do\u011fum z\u0259ifliyi<\/p>\n<\/li>\n<li data-start=\"631\" data-end=\"693\">\n<p data-start=\"633\" data-end=\"693\">U\u015faql\u0131\u011f\u0131n y\u0131\u011f\u0131lmas\u0131n\u0131n s\u00fcr\u0259tl\u0259ndirilm\u0259si (involutio uteri)<\/p>\n<\/li>\n<li data-start=\"694\" data-end=\"744\">\n<p data-start=\"696\" data-end=\"744\">Sonluqlar\u0131n saxlanmas\u0131 (retentio secundinarum)<\/p>\n<\/li>\n<li data-start=\"745\" data-end=\"766\">\n<p data-start=\"747\" data-end=\"766\">U\u015faql\u0131q atoniyas\u0131<\/p>\n<\/li>\n<li data-start=\"767\" data-end=\"790\">\n<p data-start=\"769\" data-end=\"790\">U\u015faql\u0131q qanaxmalar\u0131<\/p>\n<\/li>\n<li data-start=\"791\" data-end=\"838\">\n<p data-start=\"793\" data-end=\"838\">Do\u011fu\u015fdan sonra s\u00fcd\u00fcn g\u0259lm\u0259m\u0259si (agalaktiya)<\/p>\n<\/li>\n<\/ul>\n<hr data-start=\"840\" data-end=\"843\" \/>\n<h3 data-start=\"845\" data-end=\"866\">Contraindications<\/h3>\n<ul data-start=\"867\" data-end=\"1011\">\n<li data-start=\"867\" data-end=\"898\">\n<p data-start=\"869\" data-end=\"898\">U\u015faql\u0131q boynunun a\u00e7\u0131lmamas\u0131<\/p>\n<\/li>\n<li data-start=\"899\" data-end=\"941\">\n<p data-start=\"901\" data-end=\"941\">D\u00f6l\u00fcn v\u0259 ya u\u015faql\u0131\u011f\u0131n yanl\u0131\u015f v\u0259ziyy\u0259ti<\/p>\n<\/li>\n<li data-start=\"942\" data-end=\"980\">\n<p data-start=\"944\" data-end=\"980\">Obstruktiv distosiya (\u00e7\u0259tin do\u011fu\u015f)<\/p>\n<\/li>\n<li data-start=\"981\" data-end=\"1011\">\n<p data-start=\"983\" data-end=\"1011\">Oksitosin\u0259 qar\u015f\u0131 h\u0259ssasl\u0131q<\/p>\n<\/li>\n<\/ul>\n<hr data-start=\"1013\" data-end=\"1016\" \/>\n<h3 data-start=\"1018\" data-end=\"1036\">Yan t\u0259sirl\u0259r<\/h3>\n<p data-start=\"1037\" data-end=\"1069\">Yaln\u0131z h\u0259ddind\u0259n art\u0131q dozada:<\/p>\n<ul data-start=\"1070\" data-end=\"1324\">\n<li data-start=\"1070\" data-end=\"1131\">\n<p data-start=\"1072\" data-end=\"1131\">Q\u0131sa m\u00fcdd\u0259tli damar geni\u015fl\u0259nm\u0259si v\u0259 qan t\u0259zyiqinin enm\u0259si<\/p>\n<\/li>\n<li data-start=\"1132\" data-end=\"1203\">\n<p data-start=\"1134\" data-end=\"1203\">U\u015faql\u0131\u011f\u0131n hiperstimulyasiyas\u0131 (tez-tez v\u0259 uzun m\u00fcdd\u0259tli y\u0131\u011f\u0131lmalar)<\/p>\n<\/li>\n<li data-start=\"1204\" data-end=\"1277\">\n<p data-start=\"1206\" data-end=\"1277\">G\u00fccl\u00fc spazm zaman\u0131 d\u00f6l\u00fcn oksigenl\u0259 t\u0259minat\u0131 t\u0259hl\u00fck\u0259 alt\u0131na d\u00fc\u015f\u0259 bil\u0259r<\/p>\n<\/li>\n<li data-start=\"1278\" data-end=\"1296\">\n<p data-start=\"1280\" data-end=\"1296\">Maye tutulmas\u0131<\/p>\n<\/li>\n<li data-start=\"1297\" data-end=\"1324\">\n<p data-start=\"1299\" data-end=\"1324\">D\u00f6l qan d\u00f6vran\u0131na t\u0259sir<\/p>\n<\/li>\n<\/ul>\n<hr data-start=\"1326\" data-end=\"1329\" \/>\n<h3 data-start=\"1331\" data-end=\"1360\">Dozalanma v\u0259 t\u0259tbiqetm\u0259<\/h3>\n<p data-start=\"1361\" data-end=\"1426\"><strong data-start=\"1361\" data-end=\"1424\">\u018fz\u0259l\u0259 daxilin\u0259 (IM) v\u0259 ya d\u0259rialt\u0131 (SC) inyeksiya yolu il\u0259.<\/strong><\/p>\n<ul data-start=\"1428\" data-end=\"1530\">\n<li data-start=\"1428\" data-end=\"1464\">\n<p data-start=\"1430\" data-end=\"1464\"><strong data-start=\"1430\" data-end=\"1451\">Atlar v\u0259 in\u0259kl\u0259r:<\/strong> 2 \u2013 2.5 ml<\/p>\n<\/li>\n<li data-start=\"1465\" data-end=\"1503\">\n<p data-start=\"1467\" data-end=\"1503\"><strong data-start=\"1467\" data-end=\"1488\">Sheep and goats:<\/strong> 0.5 \u2013 1.5 ml<\/p>\n<\/li>\n<li data-start=\"1504\" data-end=\"1530\">\n<p data-start=\"1506\" data-end=\"1530\"><strong data-start=\"1506\" data-end=\"1519\">Pigs:<\/strong> 1 \u2013 2 ml<\/p>\n<\/li>\n<\/ul>\n<hr data-start=\"1532\" data-end=\"1535\" \/>\n<h3 data-start=\"1537\" data-end=\"1558\">G\u00f6zl\u0259m\u0259 m\u00fcdd\u0259ti<\/h3>\n<ul data-start=\"1559\" data-end=\"1605\">\n<li data-start=\"1559\" data-end=\"1581\">\n<p data-start=\"1561\" data-end=\"1581\"><strong data-start=\"1561\" data-end=\"1573\">For meat:<\/strong> 0 g\u00fcn<\/p>\n<\/li>\n<li data-start=\"1582\" data-end=\"1605\">\n<p data-start=\"1584\" data-end=\"1605\"><strong data-start=\"1584\" data-end=\"1597\">S\u00fcd \u00fc\u00e7\u00fcn:<\/strong> 0 g\u00fcn<\/p>\n<\/li>\n<\/ul>\n<hr data-start=\"1607\" data-end=\"1610\" \/>\n<h3 data-start=\"1612\" data-end=\"1629\">Packaging<\/h3>\n<ul data-start=\"1630\" data-end=\"1663\">\n<li data-start=\"1630\" data-end=\"1663\">\n<p data-start=\"1632\" data-end=\"1663\"><strong data-start=\"1632\" data-end=\"1661\">50 ml v\u0259 100 ml flakonlar<\/strong><\/p>\n<\/li>\n<\/ul>\n<\/div>\n<p><!-- .vgblk-rw-wrapper --><\/p>","protected":false},"excerpt":{"rendered":"<p>Oxytocin-20 \u2013 Oxytocin 20 BV (IU) inyeksiya m\u0259hlulu T\u0259rkibi H\u0259r 1 ml m\u0259hlulda: Oxytocin \u2013 20 BV (IU) T\u0259sviri Oksitosin \u2013 hipotalamusda sintez olunan nonapeptid hormonudur. O, \u00f6strogenl\u0259 h\u0259ssasla\u015fm\u0131\u015f u\u015faql\u0131q v\u0259 s\u00fcd v\u0259zil\u0259rind\u0259 hamar \u0259z\u0259l\u0259 toxumas\u0131n\u0131n y\u0131\u011f\u0131lmas\u0131n\u0131 stimulla\u015fd\u0131r\u0131r. \u0130stifad\u0259 g\u00f6st\u0259ri\u015fl\u0259ri Do\u011fum z\u0259ifliyi U\u015faql\u0131\u011f\u0131n y\u0131\u011f\u0131lmas\u0131n\u0131n s\u00fcr\u0259tl\u0259ndirilm\u0259si (involutio uteri) Sonluqlar\u0131n saxlanmas\u0131 (retentio secundinarum) U\u015faql\u0131q atoniyas\u0131 U\u015faql\u0131q qanaxmalar\u0131&#8230;<\/p>","protected":false},"featured_media":990430,"comment_status":"open","ping_status":"closed","template":"","meta":{"nf_dc_page":"","_monsterinsights_skip_tracking":false,"_monsterinsights_sitenote_active":false,"_monsterinsights_sitenote_note":"","_monsterinsights_sitenote_category":0},"product_brand":[],"product_cat":[251,108,114],"product_tag":[],"class_list":{"0":"post-990429","1":"product","2":"type-product","3":"status-publish","4":"has-post-thumbnail","6":"product_cat-veterinary-products","7":"product_cat-cow","8":"product_cat-sheep","10":"first","11":"instock","12":"shipping-taxable","13":"product-type-simple"},"jetpack_sharing_enabled":true,"_links":{"self":[{"href":"https:\/\/agrovetazerbaijan.az\/en\/wp-json\/wp\/v2\/product\/990429","targetHints":{"allow":["GET"]}}],"collection":[{"href":"https:\/\/agrovetazerbaijan.az\/en\/wp-json\/wp\/v2\/product"}],"about":[{"href":"https:\/\/agrovetazerbaijan.az\/en\/wp-json\/wp\/v2\/types\/product"}],"replies":[{"embeddable":true,"href":"https:\/\/agrovetazerbaijan.az\/en\/wp-json\/wp\/v2\/comments?post=990429"}],"version-history":[{"count":1,"href":"https:\/\/agrovetazerbaijan.az\/en\/wp-json\/wp\/v2\/product\/990429\/revisions"}],"predecessor-version":[{"id":990431,"href":"https:\/\/agrovetazerbaijan.az\/en\/wp-json\/wp\/v2\/product\/990429\/revisions\/990431"}],"wp:featuredmedia":[{"embeddable":true,"href":"https:\/\/agrovetazerbaijan.az\/en\/wp-json\/wp\/v2\/media\/990430"}],"wp:attachment":[{"href":"https:\/\/agrovetazerbaijan.az\/en\/wp-json\/wp\/v2\/media?parent=990429"}],"wp:term":[{"taxonomy":"product_brand","embeddable":true,"href":"https:\/\/agrovetazerbaijan.az\/en\/wp-json\/wp\/v2\/product_brand?post=990429"},{"taxonomy":"product_cat","embeddable":true,"href":"https:\/\/agrovetazerbaijan.az\/en\/wp-json\/wp\/v2\/product_cat?post=990429"},{"taxonomy":"product_tag","embeddable":true,"href":"https:\/\/agrovetazerbaijan.az\/en\/wp-json\/wp\/v2\/product_tag?post=990429"}],"curies":[{"name":"wp","href":"https:\/\/api.w.org\/{rel}","templated":true}]}}