{"id":990426,"date":"2025-09-28T23:16:33","date_gmt":"2025-09-28T23:16:33","guid":{"rendered":"https:\/\/agrovetazerbaijan.az\/?post_type=product&#038;p=990426"},"modified":"2025-09-28T23:16:47","modified_gmt":"2025-09-28T23:16:47","slug":"introvit-d3-50-oral","status":"publish","type":"product","link":"https:\/\/agrovetazerbaijan.az\/en\/product\/introvit-d3-50-oral\/","title":{"rendered":"Introvit-D3-50 Oral"},"content":{"rendered":"<div class=\"vgblk-rw-wrapper limit-wrapper\">\n<p data-start=\"283\" data-end=\"359\"><strong data-start=\"283\" data-end=\"359\">Introvit-D3-50 Oral (Vita-D3-50 Oral) \u2013 Vitamin D3 50.000 IU oral m\u0259hlul<\/strong><\/p>\n<hr data-start=\"361\" data-end=\"364\" \/>\n<h3 data-start=\"366\" data-end=\"379\">Ingredients<\/h3>\n<p data-start=\"380\" data-end=\"400\">H\u0259r 1 ml m\u0259hlulda:<\/p>\n<ul data-start=\"401\" data-end=\"453\">\n<li data-start=\"401\" data-end=\"453\">\n<p data-start=\"403\" data-end=\"453\"><strong data-start=\"403\" data-end=\"451\">Vitamin D3 (xolekalsiferol) \u2013 50.000 BV (IU)<\/strong><\/p>\n<\/li>\n<\/ul>\n<hr data-start=\"455\" data-end=\"458\" \/>\n<h3 data-start=\"460\" data-end=\"473\">Description<\/h3>\n<p data-start=\"474\" data-end=\"722\"><strong data-start=\"474\" data-end=\"488\">Vitamin D3<\/strong> \u2013 kalsium v\u0259 fosfor m\u00fcbadil\u0259sini, h\u0259m\u00e7inin qandak\u0131 homeostaz\u0131 t\u0259nziml\u0259yir. O, ba\u011f\u0131rsaqlardan kalsium v\u0259 fosforun sorulmas\u0131nda m\u00fch\u00fcm rol oynay\u0131r, s\u00fcm\u00fckl\u0259rd\u0259 v\u0259 di\u015fl\u0259rd\u0259 mineral madd\u0259l\u0259rin y\u0131\u011f\u0131lma v\u0259 s\u0259rb\u0259stl\u0259\u015fm\u0259 s\u00fcr\u0259tini idar\u0259 edir.<\/p>\n<p data-start=\"724\" data-end=\"866\">X\u00fcsusil\u0259 g\u0259nc v\u0259 b\u00f6y\u00fcm\u0259kd\u0259 olan heyvanlarda <strong data-start=\"768\" data-end=\"806\">skelet v\u0259 di\u015fl\u0259rin normal inki\u015faf\u0131<\/strong> \u00fc\u00e7\u00fcn D3 vitamini vacibdir. Onun \u00e7at\u0131\u015fmazl\u0131\u011f\u0131 n\u0259tic\u0259sind\u0259:<\/p>\n<ul data-start=\"867\" data-end=\"966\">\n<li data-start=\"867\" data-end=\"892\">\n<p data-start=\"869\" data-end=\"892\"><strong data-start=\"869\" data-end=\"889\">rixtus (rickets)<\/strong>,<\/p>\n<\/li>\n<li data-start=\"893\" data-end=\"915\">\n<p data-start=\"895\" data-end=\"915\"><strong data-start=\"895\" data-end=\"912\">hipokalsemiya<\/strong>,<\/p>\n<\/li>\n<li data-start=\"916\" data-end=\"966\">\n<p data-start=\"918\" data-end=\"966\"><strong data-start=\"918\" data-end=\"942\">\u0259z\u0259l\u0259 degenerasiyas\u0131<\/strong> m\u00fc\u015fahid\u0259 oluna bil\u0259r.<\/p>\n<\/li>\n<\/ul>\n<p data-start=\"968\" data-end=\"1028\">Vitamin D3 \u0259lav\u0259si h\u0259m\u00e7inin a\u015fa\u011f\u0131dak\u0131 hallarda faydal\u0131d\u0131r:<\/p>\n<ul data-start=\"1029\" data-end=\"1167\">\n<li data-start=\"1029\" data-end=\"1078\">\n<p data-start=\"1031\" data-end=\"1078\">G\u00fcn\u0259\u015f i\u015f\u0131\u011f\u0131n\u0131n kifay\u0259t q\u0259d\u0259r olmamas\u0131 zaman\u0131,<\/p>\n<\/li>\n<li data-start=\"1079\" data-end=\"1120\">\n<p data-start=\"1081\" data-end=\"1120\">\u00c7\u00f6l \u015f\u0259raitind\u0259n fermaya ke\u00e7irildikd\u0259,<\/p>\n<\/li>\n<li data-start=\"1121\" data-end=\"1167\">\n<p data-start=\"1123\" data-end=\"1167\">Rasionda kobud yeml\u0259rin azald\u0131\u011f\u0131 hallarda.<\/p>\n<\/li>\n<\/ul>\n<hr data-start=\"1169\" data-end=\"1172\" \/>\n<h3 data-start=\"1174\" data-end=\"1195\">Contraindications<\/h3>\n<ul data-start=\"1196\" data-end=\"1212\">\n<li data-start=\"1196\" data-end=\"1212\">\n<p data-start=\"1198\" data-end=\"1212\">M\u0259lum deyil.<\/p>\n<\/li>\n<\/ul>\n<hr data-start=\"1214\" data-end=\"1217\" \/>\n<h3 data-start=\"1219\" data-end=\"1237\">Yan t\u0259sirl\u0259r<\/h3>\n<ul data-start=\"1238\" data-end=\"1254\">\n<li data-start=\"1238\" data-end=\"1254\">\n<p data-start=\"1240\" data-end=\"1254\">M\u0259lum deyil.<\/p>\n<\/li>\n<\/ul>\n<hr data-start=\"1256\" data-end=\"1259\" \/>\n<h3 data-start=\"1261\" data-end=\"1290\">Dozalanma v\u0259 t\u0259tbiqetm\u0259<\/h3>\n<p data-start=\"1291\" data-end=\"1342\"><strong data-start=\"1291\" data-end=\"1340\">Yaln\u0131z oral (i\u00e7m\u0259li su v\u0259 ya yem vasit\u0259sil\u0259).<\/strong><\/p>\n<ul data-start=\"1344\" data-end=\"1517\">\n<li data-start=\"1344\" data-end=\"1428\">\n<p data-start=\"1346\" data-end=\"1428\"><strong data-start=\"1346\" data-end=\"1379\">Cattle, calves, sheep, goats:<\/strong><br data-start=\"1379\" data-end=\"1382\" \/>1 ml \/ 100 kq b\u0259d\u0259n \u00e7\u0259kisin\u0259 g\u00f6r\u0259, 2\u20133 g\u00fcn<\/p>\n<\/li>\n<li data-start=\"1430\" data-end=\"1517\">\n<p data-start=\"1432\" data-end=\"1517\"><strong data-start=\"1432\" data-end=\"1452\">Pigs and birds:<\/strong><br data-start=\"1452\" data-end=\"1455\" \/>1 litr m\u0259hsul \/ 10.000 litr i\u00e7m\u0259li suya qat\u0131laraq, 3\u20135 g\u00fcn<\/p>\n<\/li>\n<\/ul>\n<hr data-start=\"1519\" data-end=\"1522\" \/>\n<h3 data-start=\"1524\" data-end=\"1545\">G\u00f6zl\u0259m\u0259 m\u00fcdd\u0259ti<\/h3>\n<ul data-start=\"1546\" data-end=\"1568\">\n<li data-start=\"1546\" data-end=\"1568\">\n<p data-start=\"1548\" data-end=\"1568\"><strong data-start=\"1548\" data-end=\"1566\">T\u0259l\u0259b olunmur.<\/strong><\/p>\n<\/li>\n<\/ul>\n<hr data-start=\"1570\" data-end=\"1573\" \/>\n<h3 data-start=\"1575\" data-end=\"1592\">Packaging<\/h3>\n<ul data-start=\"1593\" data-end=\"1657\">\n<li data-start=\"1593\" data-end=\"1634\">\n<p data-start=\"1595\" data-end=\"1634\"><strong data-start=\"1595\" data-end=\"1632\">100 ml, 500 ml, 1000 ml flakonlar<\/strong><\/p>\n<\/li>\n<li data-start=\"1635\" data-end=\"1657\">\n<p data-start=\"1637\" data-end=\"1657\"><strong data-start=\"1637\" data-end=\"1655\">5 litr kanistr<\/strong><\/p>\n<\/li>\n<\/ul>\n<\/div>\n<p><!-- .vgblk-rw-wrapper --><\/p>","protected":false},"excerpt":{"rendered":"<p>Introvit-D3-50 Oral (Vita-D3-50 Oral) \u2013 Vitamin D3 50.000 IU oral m\u0259hlul T\u0259rkibi H\u0259r 1 ml m\u0259hlulda: Vitamin D3 (xolekalsiferol) \u2013 50.000 BV (IU) T\u0259sviri Vitamin D3 \u2013 kalsium v\u0259 fosfor m\u00fcbadil\u0259sini, h\u0259m\u00e7inin qandak\u0131 homeostaz\u0131 t\u0259nziml\u0259yir. O, ba\u011f\u0131rsaqlardan kalsium v\u0259 fosforun sorulmas\u0131nda m\u00fch\u00fcm rol oynay\u0131r, s\u00fcm\u00fckl\u0259rd\u0259 v\u0259 di\u015fl\u0259rd\u0259 mineral madd\u0259l\u0259rin y\u0131\u011f\u0131lma v\u0259 s\u0259rb\u0259stl\u0259\u015fm\u0259 s\u00fcr\u0259tini idar\u0259 edir&#8230;.<\/p>","protected":false},"featured_media":990427,"comment_status":"open","ping_status":"closed","template":"","meta":{"nf_dc_page":"","_monsterinsights_skip_tracking":false,"_monsterinsights_sitenote_active":false,"_monsterinsights_sitenote_note":"","_monsterinsights_sitenote_category":0},"product_brand":[],"product_cat":[251,108,114,68],"product_tag":[],"class_list":{"0":"post-990426","1":"product","2":"type-product","3":"status-publish","4":"has-post-thumbnail","6":"product_cat-veterinary-products","7":"product_cat-cow","8":"product_cat-sheep","9":"product_cat-poultry","11":"first","12":"instock","13":"shipping-taxable","14":"product-type-simple"},"jetpack_sharing_enabled":true,"_links":{"self":[{"href":"https:\/\/agrovetazerbaijan.az\/en\/wp-json\/wp\/v2\/product\/990426","targetHints":{"allow":["GET"]}}],"collection":[{"href":"https:\/\/agrovetazerbaijan.az\/en\/wp-json\/wp\/v2\/product"}],"about":[{"href":"https:\/\/agrovetazerbaijan.az\/en\/wp-json\/wp\/v2\/types\/product"}],"replies":[{"embeddable":true,"href":"https:\/\/agrovetazerbaijan.az\/en\/wp-json\/wp\/v2\/comments?post=990426"}],"version-history":[{"count":1,"href":"https:\/\/agrovetazerbaijan.az\/en\/wp-json\/wp\/v2\/product\/990426\/revisions"}],"predecessor-version":[{"id":990428,"href":"https:\/\/agrovetazerbaijan.az\/en\/wp-json\/wp\/v2\/product\/990426\/revisions\/990428"}],"wp:featuredmedia":[{"embeddable":true,"href":"https:\/\/agrovetazerbaijan.az\/en\/wp-json\/wp\/v2\/media\/990427"}],"wp:attachment":[{"href":"https:\/\/agrovetazerbaijan.az\/en\/wp-json\/wp\/v2\/media?parent=990426"}],"wp:term":[{"taxonomy":"product_brand","embeddable":true,"href":"https:\/\/agrovetazerbaijan.az\/en\/wp-json\/wp\/v2\/product_brand?post=990426"},{"taxonomy":"product_cat","embeddable":true,"href":"https:\/\/agrovetazerbaijan.az\/en\/wp-json\/wp\/v2\/product_cat?post=990426"},{"taxonomy":"product_tag","embeddable":true,"href":"https:\/\/agrovetazerbaijan.az\/en\/wp-json\/wp\/v2\/product_tag?post=990426"}],"curies":[{"name":"wp","href":"https:\/\/api.w.org\/{rel}","templated":true}]}}