{"id":990414,"date":"2025-09-22T22:43:49","date_gmt":"2025-09-22T22:43:49","guid":{"rendered":"https:\/\/agrovetazerbaijan.az\/?post_type=product&#038;p=990414"},"modified":"2025-09-22T22:44:02","modified_gmt":"2025-09-22T22:44:02","slug":"albenol-2500-bolus","status":"publish","type":"product","link":"https:\/\/agrovetazerbaijan.az\/en\/product\/albenol-2500-bolus\/","title":{"rendered":"Albenol-2500 Bolus"},"content":{"rendered":"<div class=\"vgblk-rw-wrapper limit-wrapper\">\n<p data-start=\"85\" data-end=\"489\"><strong data-start=\"85\" data-end=\"107\">Albenol-2500 Bolus<\/strong> \u2013 heyvanlar \u00fc\u00e7\u00fcn <strong data-start=\"125\" data-end=\"154\">Albendazole 2500 mg bolus<\/strong>. Bu sintetik <strong data-start=\"168\" data-end=\"191\">anthelmintik d\u0259rman<\/strong>, geni\u015f spektrli daxili parazitl\u0259r\u0259 qar\u015f\u0131 t\u0259sirlidir v\u0259 y\u00fcks\u0259k dozada qaraciy\u0259r qurdlar\u0131n\u0131n yetkin m\u0259rh\u0259l\u0259l\u0259rin\u0259 qar\u015f\u0131 da aktivdir. Albenol-2500 Bolus mal-qara v\u0259 buynuzlu heyvanlarda ba\u011f\u0131rsaq v\u0259 a\u011fciy\u0259r qurdlar\u0131n\u0131n, qurd v\u0259 qaraciy\u0259r qurdlar\u0131n\u0131n profilaktikas\u0131 v\u0259 m\u00fcalic\u0259si \u00fc\u00e7\u00fcn istifad\u0259 olunur.<\/p>\n<\/div>\n<p><!-- .vgblk-rw-wrapper --><\/p>","protected":false},"excerpt":{"rendered":"<p>Albenol-2500 Bolus \u2013 heyvanlar \u00fc\u00e7\u00fcn Albendazole 2500 mg bolus. Bu sintetik anthelmintik d\u0259rman, geni\u015f spektrli daxili parazitl\u0259r\u0259 qar\u015f\u0131 t\u0259sirlidir v\u0259 y\u00fcks\u0259k dozada qaraciy\u0259r qurdlar\u0131n\u0131n yetkin m\u0259rh\u0259l\u0259l\u0259rin\u0259 qar\u015f\u0131 da aktivdir. Albenol-2500 Bolus mal-qara v\u0259 buynuzlu heyvanlarda ba\u011f\u0131rsaq v\u0259 a\u011fciy\u0259r qurdlar\u0131n\u0131n, qurd v\u0259 qaraciy\u0259r qurdlar\u0131n\u0131n profilaktikas\u0131 v\u0259 m\u00fcalic\u0259si \u00fc\u00e7\u00fcn istifad\u0259 olunur.<\/p>","protected":false},"featured_media":990415,"comment_status":"open","ping_status":"closed","template":"","meta":{"nf_dc_page":"","_monsterinsights_skip_tracking":false,"_monsterinsights_sitenote_active":false,"_monsterinsights_sitenote_note":"","_monsterinsights_sitenote_category":0},"product_brand":[],"product_cat":[251,108,114],"product_tag":[],"class_list":{"0":"post-990414","1":"product","2":"type-product","3":"status-publish","4":"has-post-thumbnail","6":"product_cat-veterinary-products","7":"product_cat-cow","8":"product_cat-sheep","10":"first","11":"instock","12":"shipping-taxable","13":"product-type-simple"},"jetpack_sharing_enabled":true,"_links":{"self":[{"href":"https:\/\/agrovetazerbaijan.az\/en\/wp-json\/wp\/v2\/product\/990414","targetHints":{"allow":["GET"]}}],"collection":[{"href":"https:\/\/agrovetazerbaijan.az\/en\/wp-json\/wp\/v2\/product"}],"about":[{"href":"https:\/\/agrovetazerbaijan.az\/en\/wp-json\/wp\/v2\/types\/product"}],"replies":[{"embeddable":true,"href":"https:\/\/agrovetazerbaijan.az\/en\/wp-json\/wp\/v2\/comments?post=990414"}],"version-history":[{"count":1,"href":"https:\/\/agrovetazerbaijan.az\/en\/wp-json\/wp\/v2\/product\/990414\/revisions"}],"predecessor-version":[{"id":990416,"href":"https:\/\/agrovetazerbaijan.az\/en\/wp-json\/wp\/v2\/product\/990414\/revisions\/990416"}],"wp:featuredmedia":[{"embeddable":true,"href":"https:\/\/agrovetazerbaijan.az\/en\/wp-json\/wp\/v2\/media\/990415"}],"wp:attachment":[{"href":"https:\/\/agrovetazerbaijan.az\/en\/wp-json\/wp\/v2\/media?parent=990414"}],"wp:term":[{"taxonomy":"product_brand","embeddable":true,"href":"https:\/\/agrovetazerbaijan.az\/en\/wp-json\/wp\/v2\/product_brand?post=990414"},{"taxonomy":"product_cat","embeddable":true,"href":"https:\/\/agrovetazerbaijan.az\/en\/wp-json\/wp\/v2\/product_cat?post=990414"},{"taxonomy":"product_tag","embeddable":true,"href":"https:\/\/agrovetazerbaijan.az\/en\/wp-json\/wp\/v2\/product_tag?post=990414"}],"curies":[{"name":"wp","href":"https:\/\/api.w.org\/{rel}","templated":true}]}}