{"id":990401,"date":"2025-09-22T21:27:12","date_gmt":"2025-09-22T21:27:12","guid":{"rendered":"https:\/\/agrovetazerbaijan.az\/?post_type=product&#038;p=990401"},"modified":"2025-09-22T21:27:25","modified_gmt":"2025-09-22T21:27:25","slug":"electrosol-oral","status":"publish","type":"product","link":"https:\/\/agrovetazerbaijan.az\/en\/product\/electrosol-oral\/","title":{"rendered":"Electrosol Oral"},"content":{"rendered":"<div class=\"vgblk-rw-wrapper limit-wrapper\">\n<p data-start=\"103\" data-end=\"669\"><strong data-start=\"103\" data-end=\"122\">Electrosol Oral<\/strong> \u2013 heyvanlar \u00fc\u00e7\u00fcn x\u00fcsusi haz\u0131rlanm\u0131\u015f <strong data-start=\"159\" data-end=\"192\">elektrolit v\u0259 enerji t\u0259rkibli<\/strong> oral h\u0259lldir. T\u0259rkibind\u0259 <strong data-start=\"218\" data-end=\"281\">dekstroz, natrium, xlorid, kalium, fosfat, sitrat v\u0259 glisin<\/strong> m\u00f6vcuddur. Bu preparat <strong data-start=\"305\" data-end=\"380\">elektrolit v\u0259 maye itkisini, h\u0259m\u00e7inin tur\u015fu-\u0259sas balans\u0131n\u0131n pozulmas\u0131n\u0131<\/strong> effektiv \u015f\u0259kild\u0259 d\u00fcz\u0259ldir. Dekstroz enerji t\u0259min edir v\u0259 natriumun udulmas\u0131n\u0131 art\u0131r\u0131r, glisin is\u0259 natrium udulumunu d\u0259st\u0259kl\u0259yir. Bu say\u0259d\u0259 <strong data-start=\"520\" data-end=\"575\">suyun sorulmas\u0131 v\u0259 rehidrasiyan\u0131n yax\u015f\u0131la\u015fd\u0131r\u0131lmas\u0131<\/strong> t\u0259min edilir. Diarrhoea zaman\u0131 natrium v\u0259 xlorid itkisini kompensasiya etm\u0259k \u00fc\u00e7\u00fcn ideald\u0131r.<\/p>\n<p data-start=\"671\" data-end=\"762\"><strong data-start=\"671\" data-end=\"690\">Electrosol Oral<\/strong> mal-qara, buza\u011f\u0131, qoyun, ke\u00e7i, donuz v\u0259 qu\u015flarda istifad\u0259y\u0259 uy\u011fundur.<\/p>\n<\/div>\n<p><!-- .vgblk-rw-wrapper --><\/p>","protected":false},"excerpt":{"rendered":"<p>Electrosol Oral \u2013 heyvanlar \u00fc\u00e7\u00fcn x\u00fcsusi haz\u0131rlanm\u0131\u015f elektrolit v\u0259 enerji t\u0259rkibli oral h\u0259lldir. T\u0259rkibind\u0259 dekstroz, natrium, xlorid, kalium, fosfat, sitrat v\u0259 glisin m\u00f6vcuddur. Bu preparat elektrolit v\u0259 maye itkisini, h\u0259m\u00e7inin tur\u015fu-\u0259sas balans\u0131n\u0131n pozulmas\u0131n\u0131 effektiv \u015f\u0259kild\u0259 d\u00fcz\u0259ldir. Dekstroz enerji t\u0259min edir v\u0259 natriumun udulmas\u0131n\u0131 art\u0131r\u0131r, glisin is\u0259 natrium udulumunu d\u0259st\u0259kl\u0259yir. Bu say\u0259d\u0259 suyun sorulmas\u0131 v\u0259 rehidrasiyan\u0131n&#8230;<\/p>","protected":false},"featured_media":990402,"comment_status":"open","ping_status":"closed","template":"","meta":{"nf_dc_page":"","_monsterinsights_skip_tracking":false,"_monsterinsights_sitenote_active":false,"_monsterinsights_sitenote_note":"","_monsterinsights_sitenote_category":0},"product_brand":[],"product_cat":[251,114,68],"product_tag":[],"class_list":{"0":"post-990401","1":"product","2":"type-product","3":"status-publish","4":"has-post-thumbnail","6":"product_cat-veterinary-products","7":"product_cat-sheep","8":"product_cat-poultry","10":"first","11":"instock","12":"shipping-taxable","13":"product-type-simple"},"jetpack_sharing_enabled":true,"_links":{"self":[{"href":"https:\/\/agrovetazerbaijan.az\/en\/wp-json\/wp\/v2\/product\/990401","targetHints":{"allow":["GET"]}}],"collection":[{"href":"https:\/\/agrovetazerbaijan.az\/en\/wp-json\/wp\/v2\/product"}],"about":[{"href":"https:\/\/agrovetazerbaijan.az\/en\/wp-json\/wp\/v2\/types\/product"}],"replies":[{"embeddable":true,"href":"https:\/\/agrovetazerbaijan.az\/en\/wp-json\/wp\/v2\/comments?post=990401"}],"version-history":[{"count":1,"href":"https:\/\/agrovetazerbaijan.az\/en\/wp-json\/wp\/v2\/product\/990401\/revisions"}],"predecessor-version":[{"id":990403,"href":"https:\/\/agrovetazerbaijan.az\/en\/wp-json\/wp\/v2\/product\/990401\/revisions\/990403"}],"wp:featuredmedia":[{"embeddable":true,"href":"https:\/\/agrovetazerbaijan.az\/en\/wp-json\/wp\/v2\/media\/990402"}],"wp:attachment":[{"href":"https:\/\/agrovetazerbaijan.az\/en\/wp-json\/wp\/v2\/media?parent=990401"}],"wp:term":[{"taxonomy":"product_brand","embeddable":true,"href":"https:\/\/agrovetazerbaijan.az\/en\/wp-json\/wp\/v2\/product_brand?post=990401"},{"taxonomy":"product_cat","embeddable":true,"href":"https:\/\/agrovetazerbaijan.az\/en\/wp-json\/wp\/v2\/product_cat?post=990401"},{"taxonomy":"product_tag","embeddable":true,"href":"https:\/\/agrovetazerbaijan.az\/en\/wp-json\/wp\/v2\/product_tag?post=990401"}],"curies":[{"name":"wp","href":"https:\/\/api.w.org\/{rel}","templated":true}]}}