{"id":990397,"date":"2025-09-22T21:23:40","date_gmt":"2025-09-22T21:23:40","guid":{"rendered":"https:\/\/agrovetazerbaijan.az\/?post_type=product&#038;p=990397"},"modified":"2025-09-22T21:23:55","modified_gmt":"2025-09-22T21:23:55","slug":"introvit-k-200-ws-2","status":"publish","type":"product","link":"https:\/\/agrovetazerbaijan.az\/en\/product\/introvit-k-200-ws-2\/","title":{"rendered":"Introvit-K-200 WS"},"content":{"rendered":"<div class=\"vgblk-rw-wrapper limit-wrapper\">\n<p data-start=\"122\" data-end=\"478\"><strong data-start=\"122\" data-end=\"160\">Introvit-K-200 WS (Vita-K3-10% WS)<\/strong> \u2013 y\u00fcks\u0259k konsentrasiyal\u0131 <strong data-start=\"186\" data-end=\"200\">Vitamin K3<\/strong> preparat\u0131d\u0131r. Vitamin K, qan laxtalanma faktorlar\u0131n\u0131n (II, VII, IX, X), h\u0259m\u00e7inin <strong data-start=\"282\" data-end=\"300\">protein C v\u0259 S<\/strong>-in sintezind\u0259 m\u00fch\u00fcm rol oynay\u0131r. Onun \u00e7at\u0131\u015fmazl\u0131\u011f\u0131 <strong data-start=\"352\" data-end=\"454\">hipoprotrombinemiya, uzunm\u00fcdd\u0259tli qanaxmalar, hematomalar, hemorragik anemiya v\u0259 hemolitik sar\u0131l\u0131q<\/strong> il\u0259 n\u0259tic\u0259l\u0259n\u0259 bil\u0259r.<\/p>\n<p data-start=\"480\" data-end=\"663\"><strong data-start=\"480\" data-end=\"501\">Introvit-K-200 WS<\/strong> asanl\u0131qla i\u00e7m\u0259li su il\u0259 verilir v\u0259 <strong data-start=\"537\" data-end=\"581\">mal-qara, qoyun, ke\u00e7i, donuz v\u0259 qu\u015flarda<\/strong> vitamin K \u00e7at\u0131\u015fmazl\u0131\u011f\u0131n\u0131n qar\u015f\u0131s\u0131n\u0131 almaq v\u0259 m\u00fcalic\u0259si \u00fc\u00e7\u00fcn effektiv vasit\u0259dir.<\/p>\n<\/div>\n<p><!-- .vgblk-rw-wrapper --><\/p>","protected":false},"excerpt":{"rendered":"<p>Introvit-K-200 WS (Vita-K3-10% WS) \u2013 y\u00fcks\u0259k konsentrasiyal\u0131 Vitamin K3 preparat\u0131d\u0131r. Vitamin K, qan laxtalanma faktorlar\u0131n\u0131n (II, VII, IX, X), h\u0259m\u00e7inin protein C v\u0259 S-in sintezind\u0259 m\u00fch\u00fcm rol oynay\u0131r. Onun \u00e7at\u0131\u015fmazl\u0131\u011f\u0131 hipoprotrombinemiya, uzunm\u00fcdd\u0259tli qanaxmalar, hematomalar, hemorragik anemiya v\u0259 hemolitik sar\u0131l\u0131q il\u0259 n\u0259tic\u0259l\u0259n\u0259 bil\u0259r. Introvit-K-200 WS asanl\u0131qla i\u00e7m\u0259li su il\u0259 verilir v\u0259 mal-qara, qoyun, ke\u00e7i, donuz v\u0259&#8230;<\/p>","protected":false},"featured_media":990398,"comment_status":"open","ping_status":"closed","template":"","meta":{"nf_dc_page":"","_monsterinsights_skip_tracking":false,"_monsterinsights_sitenote_active":false,"_monsterinsights_sitenote_note":"","_monsterinsights_sitenote_category":0},"product_brand":[],"product_cat":[251,108,114,68],"product_tag":[],"class_list":{"0":"post-990397","1":"product","2":"type-product","3":"status-publish","4":"has-post-thumbnail","6":"product_cat-veterinary-products","7":"product_cat-cow","8":"product_cat-sheep","9":"product_cat-poultry","11":"first","12":"instock","13":"shipping-taxable","14":"product-type-simple"},"jetpack_sharing_enabled":true,"_links":{"self":[{"href":"https:\/\/agrovetazerbaijan.az\/en\/wp-json\/wp\/v2\/product\/990397","targetHints":{"allow":["GET"]}}],"collection":[{"href":"https:\/\/agrovetazerbaijan.az\/en\/wp-json\/wp\/v2\/product"}],"about":[{"href":"https:\/\/agrovetazerbaijan.az\/en\/wp-json\/wp\/v2\/types\/product"}],"replies":[{"embeddable":true,"href":"https:\/\/agrovetazerbaijan.az\/en\/wp-json\/wp\/v2\/comments?post=990397"}],"version-history":[{"count":1,"href":"https:\/\/agrovetazerbaijan.az\/en\/wp-json\/wp\/v2\/product\/990397\/revisions"}],"predecessor-version":[{"id":990399,"href":"https:\/\/agrovetazerbaijan.az\/en\/wp-json\/wp\/v2\/product\/990397\/revisions\/990399"}],"wp:featuredmedia":[{"embeddable":true,"href":"https:\/\/agrovetazerbaijan.az\/en\/wp-json\/wp\/v2\/media\/990398"}],"wp:attachment":[{"href":"https:\/\/agrovetazerbaijan.az\/en\/wp-json\/wp\/v2\/media?parent=990397"}],"wp:term":[{"taxonomy":"product_brand","embeddable":true,"href":"https:\/\/agrovetazerbaijan.az\/en\/wp-json\/wp\/v2\/product_brand?post=990397"},{"taxonomy":"product_cat","embeddable":true,"href":"https:\/\/agrovetazerbaijan.az\/en\/wp-json\/wp\/v2\/product_cat?post=990397"},{"taxonomy":"product_tag","embeddable":true,"href":"https:\/\/agrovetazerbaijan.az\/en\/wp-json\/wp\/v2\/product_tag?post=990397"}],"curies":[{"name":"wp","href":"https:\/\/api.w.org\/{rel}","templated":true}]}}