{"id":990391,"date":"2025-09-22T20:40:04","date_gmt":"2025-09-22T20:40:04","guid":{"rendered":"https:\/\/agrovetazerbaijan.az\/?post_type=product&#038;p=990391"},"modified":"2025-09-22T20:40:21","modified_gmt":"2025-09-22T20:40:21","slug":"introvit-b-complex","status":"publish","type":"product","link":"https:\/\/agrovetazerbaijan.az\/en\/product\/introvit-b-complex\/","title":{"rendered":"Introvit-B-Complex"},"content":{"rendered":"<div class=\"vgblk-rw-wrapper limit-wrapper\">\n<p data-start=\"106\" data-end=\"320\"><strong data-start=\"106\" data-end=\"150\">Introvit-B-Complex (Vitamin B injection)<\/strong> \u2013 atlar, mal-qara, buzov, qoyun, ke\u00e7i v\u0259 donuzlarda <strong data-start=\"203\" data-end=\"239\">B vitaminl\u0259rinin \u00e7at\u0131\u015fmazl\u0131\u011f\u0131n\u0131n<\/strong> qar\u015f\u0131s\u0131n\u0131n al\u0131nmas\u0131 v\u0259 m\u00fcalic\u0259si \u00fc\u00e7\u00fcn x\u00fcsusi haz\u0131rlanm\u0131\u015f inyeksiya m\u0259hluludur.<\/p>\n<p data-start=\"322\" data-end=\"721\">Bu preparat t\u0259rkibind\u0259 <strong data-start=\"345\" data-end=\"415\">Vitamin B1, B2, B6, B12, D-panthenol, Nikotinamid, Biotin v\u0259 Xolin<\/strong> da\u015f\u0131y\u0131r v\u0259 heyvanlarda h\u00fcceyr\u0259 metabolizminin d\u00fczg\u00fcn i\u015fl\u0259m\u0259sini t\u0259min edir. Introvit-B-Complex, <strong data-start=\"512\" data-end=\"621\">stress v\u0259ziyy\u0259tl\u0259rind\u0259 (n\u0259qliyyat, vaksinasiya, x\u0259st\u0259likl\u0259r, y\u00fcks\u0259k r\u00fctub\u0259t v\u0259 temperatur d\u0259yi\u015fiklikl\u0259ri)<\/strong> heyvanlar\u0131n orqanizmini d\u0259st\u0259kl\u0259yir, <strong data-start=\"659\" data-end=\"718\">yem \u00e7evrilm\u0259sini yax\u015f\u0131la\u015fd\u0131r\u0131r v\u0259 m\u0259hsuldarl\u0131\u011f\u0131 art\u0131r\u0131r<\/strong>.<\/p>\n<p data-start=\"723\" data-end=\"899\">\u0130stifad\u0259si sad\u0259dir: d\u0259rialt\u0131 v\u0259 ya \u0259z\u0259l\u0259 daxili inyeksiya yolu il\u0259 t\u0259tbiq olunur. Heyvanlar\u0131n \u00fcmumi sa\u011flaml\u0131\u011f\u0131n\u0131 qorumaq v\u0259 vitamin balans\u0131n\u0131 t\u0259min etm\u0259k \u00fc\u00e7\u00fcn ideal se\u00e7imdir.<\/p>\n<\/div>\n<p><!-- .vgblk-rw-wrapper --><\/p>","protected":false},"excerpt":{"rendered":"<p>Introvit-B-Complex (Vitamin B injection) \u2013 atlar, mal-qara, buzov, qoyun, ke\u00e7i v\u0259 donuzlarda B vitaminl\u0259rinin \u00e7at\u0131\u015fmazl\u0131\u011f\u0131n\u0131n qar\u015f\u0131s\u0131n\u0131n al\u0131nmas\u0131 v\u0259 m\u00fcalic\u0259si \u00fc\u00e7\u00fcn x\u00fcsusi haz\u0131rlanm\u0131\u015f inyeksiya m\u0259hluludur. Bu preparat t\u0259rkibind\u0259 Vitamin B1, B2, B6, B12, D-panthenol, Nikotinamid, Biotin v\u0259 Xolin da\u015f\u0131y\u0131r v\u0259 heyvanlarda h\u00fcceyr\u0259 metabolizminin d\u00fczg\u00fcn i\u015fl\u0259m\u0259sini t\u0259min edir. Introvit-B-Complex, stress v\u0259ziyy\u0259tl\u0259rind\u0259 (n\u0259qliyyat, vaksinasiya, x\u0259st\u0259likl\u0259r, y\u00fcks\u0259k r\u00fctub\u0259t v\u0259&#8230;<\/p>","protected":false},"featured_media":990392,"comment_status":"open","ping_status":"closed","template":"","meta":{"nf_dc_page":"","_monsterinsights_skip_tracking":false,"_monsterinsights_sitenote_active":false,"_monsterinsights_sitenote_note":"","_monsterinsights_sitenote_category":0},"product_brand":[],"product_cat":[251,45,58,51,114],"product_tag":[],"class_list":{"0":"post-990391","1":"product","2":"type-product","3":"status-publish","4":"has-post-thumbnail","6":"product_cat-veterinary-products","7":"product_cat-horse","8":"product_cat-dog","9":"product_cat-cat","10":"product_cat-sheep","12":"first","13":"instock","14":"shipping-taxable","15":"product-type-simple"},"jetpack_sharing_enabled":true,"_links":{"self":[{"href":"https:\/\/agrovetazerbaijan.az\/en\/wp-json\/wp\/v2\/product\/990391","targetHints":{"allow":["GET"]}}],"collection":[{"href":"https:\/\/agrovetazerbaijan.az\/en\/wp-json\/wp\/v2\/product"}],"about":[{"href":"https:\/\/agrovetazerbaijan.az\/en\/wp-json\/wp\/v2\/types\/product"}],"replies":[{"embeddable":true,"href":"https:\/\/agrovetazerbaijan.az\/en\/wp-json\/wp\/v2\/comments?post=990391"}],"version-history":[{"count":1,"href":"https:\/\/agrovetazerbaijan.az\/en\/wp-json\/wp\/v2\/product\/990391\/revisions"}],"predecessor-version":[{"id":990393,"href":"https:\/\/agrovetazerbaijan.az\/en\/wp-json\/wp\/v2\/product\/990391\/revisions\/990393"}],"wp:featuredmedia":[{"embeddable":true,"href":"https:\/\/agrovetazerbaijan.az\/en\/wp-json\/wp\/v2\/media\/990392"}],"wp:attachment":[{"href":"https:\/\/agrovetazerbaijan.az\/en\/wp-json\/wp\/v2\/media?parent=990391"}],"wp:term":[{"taxonomy":"product_brand","embeddable":true,"href":"https:\/\/agrovetazerbaijan.az\/en\/wp-json\/wp\/v2\/product_brand?post=990391"},{"taxonomy":"product_cat","embeddable":true,"href":"https:\/\/agrovetazerbaijan.az\/en\/wp-json\/wp\/v2\/product_cat?post=990391"},{"taxonomy":"product_tag","embeddable":true,"href":"https:\/\/agrovetazerbaijan.az\/en\/wp-json\/wp\/v2\/product_tag?post=990391"}],"curies":[{"name":"wp","href":"https:\/\/api.w.org\/{rel}","templated":true}]}}