{"id":990378,"date":"2025-09-21T22:46:08","date_gmt":"2025-09-21T22:46:08","guid":{"rendered":"https:\/\/agrovetazerbaijan.az\/?post_type=product&#038;p=990378"},"modified":"2025-09-21T22:46:22","modified_gmt":"2025-09-21T22:46:22","slug":"stressol-oral","status":"publish","type":"product","link":"https:\/\/agrovetazerbaijan.az\/en\/product\/stressol-oral\/","title":{"rendered":"Stressol Oral"},"content":{"rendered":"<div class=\"vgblk-rw-wrapper limit-wrapper\">\n<h2 data-start=\"102\" data-end=\"124\"><strong data-start=\"105\" data-end=\"122\">Stressol Oral<\/strong><\/h2>\n<p data-start=\"125\" data-end=\"151\"><strong data-start=\"125\" data-end=\"149\">Multivit Stress Oral<\/strong><\/p>\n<h3 data-start=\"153\" data-end=\"170\"><strong data-start=\"157\" data-end=\"168\">Ingredients<\/strong><\/h3>\n<p data-start=\"171\" data-end=\"191\">H\u0259r 1 ml m\u0259hlulda:<\/p>\n<ul data-start=\"192\" data-end=\"814\">\n<li data-start=\"192\" data-end=\"240\">\n<p data-start=\"194\" data-end=\"240\"><strong data-start=\"194\" data-end=\"226\">Vitamin A (retinol palmitat)<\/strong> \u2013 12,000 IU<\/p>\n<\/li>\n<li data-start=\"241\" data-end=\"287\">\n<p data-start=\"243\" data-end=\"287\"><strong data-start=\"243\" data-end=\"274\">Vitamin D3 (xolekalsiferol)<\/strong> \u2013 3,000 IU<\/p>\n<\/li>\n<li data-start=\"288\" data-end=\"336\">\n<p data-start=\"290\" data-end=\"336\"><strong data-start=\"290\" data-end=\"324\">Vitamin E (\u03b1-tokoferol asetat)<\/strong> \u2013 3.25 mg<\/p>\n<\/li>\n<li data-start=\"337\" data-end=\"382\">\n<p data-start=\"339\" data-end=\"382\"><strong data-start=\"339\" data-end=\"373\">Vitamin B1 (tiamin xlorhidrat)<\/strong> \u2013 2 mg<\/p>\n<\/li>\n<li data-start=\"383\" data-end=\"435\">\n<p data-start=\"385\" data-end=\"435\"><strong data-start=\"385\" data-end=\"423\">Vitamin B6 (piridoksin xlorhidrat)<\/strong> \u2013 1.25 mg<\/p>\n<\/li>\n<li data-start=\"436\" data-end=\"481\">\n<p data-start=\"438\" data-end=\"481\"><strong data-start=\"438\" data-end=\"470\">Vitamin C (askorbin tur\u015fusu)<\/strong> \u2013 3.5 mg<\/p>\n<\/li>\n<li data-start=\"482\" data-end=\"507\">\n<p data-start=\"484\" data-end=\"507\"><strong data-start=\"484\" data-end=\"498\">Vitamin K3<\/strong> \u2013 1 mg<\/p>\n<\/li>\n<li data-start=\"508\" data-end=\"533\">\n<p data-start=\"510\" data-end=\"533\"><strong data-start=\"510\" data-end=\"524\">D-pantenol<\/strong> \u2013 4 mg<\/p>\n<\/li>\n<li data-start=\"534\" data-end=\"563\">\n<p data-start=\"536\" data-end=\"563\"><strong data-start=\"536\" data-end=\"551\">Folic acid<\/strong> \u2013 0.25 mg<\/p>\n<\/li>\n<li data-start=\"564\" data-end=\"755\">\n<p data-start=\"566\" data-end=\"755\">Amin tur\u015fular\u0131: alanin, arginin, aspartik tur\u015fu, sistin, glutamik tur\u015fu, glisin, histidin, izol\u00f6sin, l\u00f6sin, lizin, metionin, fenilalanin, prolin, serin, treonin, tirozin, triptofan, valin<\/p>\n<\/li>\n<li data-start=\"756\" data-end=\"814\">\n<p data-start=\"758\" data-end=\"814\">Minerallar: kalsium, natrium, d\u0259mir, mis, kalium, sink<\/p>\n<\/li>\n<\/ul>\n<hr data-start=\"816\" data-end=\"819\" \/>\n<h3 data-start=\"821\" data-end=\"838\"><strong data-start=\"825\" data-end=\"836\">Description<\/strong><\/h3>\n<p data-start=\"839\" data-end=\"924\"><strong data-start=\"839\" data-end=\"856\">Stressol Oral<\/strong> \u2014 vitaminl\u0259r, amin tur\u015fular\u0131 v\u0259 minerallar\u0131n kompleks m\u0259hluludur.<\/p>\n<ul data-start=\"925\" data-end=\"1497\">\n<li data-start=\"925\" data-end=\"1095\">\n<p data-start=\"927\" data-end=\"1095\">Su v\u0259 ya\u011fda h\u0259ll olunan vitaminl\u0259r <strong data-start=\"962\" data-end=\"1004\">karbohidrat, ya\u011f v\u0259 protein m\u00fcbadil\u0259si<\/strong>, b\u00f6y\u00fcm\u0259, reproduksiya v\u0259 immun cavab \u00fc\u00e7\u00fcn vacibdir, h\u0259m\u00e7inin antioksidant rolunu oynay\u0131r<\/p>\n<\/li>\n<li data-start=\"1096\" data-end=\"1233\">\n<p data-start=\"1098\" data-end=\"1233\">Amin tur\u015fular\u0131 <strong data-start=\"1113\" data-end=\"1146\">proteinl\u0259rin tikinti bloklar\u0131<\/strong> olmaqla yana\u015f\u0131, b\u00f6y\u00fcm\u0259, immunitet v\u0259 reproduksiya \u00fc\u00e7\u00fcn metabolik yollar\u0131 d\u0259st\u0259kl\u0259yir<\/p>\n<\/li>\n<li data-start=\"1234\" data-end=\"1335\">\n<p data-start=\"1236\" data-end=\"1335\">Minerallar <strong data-start=\"1247\" data-end=\"1319\">s\u00fcm\u00fck formala\u015fmas\u0131, b\u00f6y\u00fcm\u0259, immunitet v\u0259 yumurta qab\u0131\u011f\u0131 formala\u015fmas\u0131<\/strong> \u00fc\u00e7\u00fcn vacibdir<\/p>\n<\/li>\n<li data-start=\"1336\" data-end=\"1497\">\n<p data-start=\"1338\" data-end=\"1497\">Stressol Oral <strong data-start=\"1352\" data-end=\"1417\">yumurta v\u0259 \u0259t keyfiyy\u0259tini, \u0259z\u0259l\u0259 b\u00f6y\u00fcm\u0259sini, s\u00fcd istehsal\u0131n\u0131<\/strong> optimalla\u015fd\u0131r\u0131r, y\u00fcks\u0259k t\u0259l\u0259bkar m\u0259hsuldarl\u0131q d\u00f6vrl\u0259rind\u0259 heyvan\u0131 d\u0259st\u0259kl\u0259yir<\/p>\n<\/li>\n<\/ul>\n<hr data-start=\"1499\" data-end=\"1502\" \/>\n<h3 data-start=\"1504\" data-end=\"1541\"><strong data-start=\"1508\" data-end=\"1539\">Dozalanma v\u0259 t\u0259tbiq qaydas\u0131<\/strong><\/h3>\n<p data-start=\"1542\" data-end=\"1575\"><strong data-start=\"1542\" data-end=\"1573\">Oral, i\u00e7m\u0259li su vasit\u0259sil\u0259:<\/strong><\/p>\n<ul data-start=\"1577\" data-end=\"1781\">\n<li data-start=\"1577\" data-end=\"1648\">\n<p data-start=\"1579\" data-end=\"1648\"><strong data-start=\"1579\" data-end=\"1611\">Buzovlar, qoyunlar, ke\u00e7il\u0259r:<\/strong> 1 ml \/ 20 kg b\u0259d\u0259n \u00e7\u0259kisi, 3\u20135 g\u00fcn<\/p>\n<\/li>\n<li data-start=\"1649\" data-end=\"1715\">\n<p data-start=\"1651\" data-end=\"1715\"><strong data-start=\"1651\" data-end=\"1678\">\u0130ri buynuzlu heyvanlar:<\/strong> 1 ml \/ 40 kg b\u0259d\u0259n \u00e7\u0259kisi, 3\u20135 g\u00fcn<\/p>\n<\/li>\n<li data-start=\"1716\" data-end=\"1781\">\n<p data-start=\"1718\" data-end=\"1781\"><strong data-start=\"1718\" data-end=\"1741\">Pigs and birds:<\/strong> 1 litr \/ 2000 litr i\u00e7m\u0259li su, 3\u20135 g\u00fcn<\/p>\n<\/li>\n<\/ul>\n<hr data-start=\"1783\" data-end=\"1786\" \/>\n<h3 data-start=\"1788\" data-end=\"1809\"><strong data-start=\"1792\" data-end=\"1807\">Packaging<\/strong><\/h3>\n<ul data-start=\"1810\" data-end=\"1878\">\n<li data-start=\"1810\" data-end=\"1853\">\n<p data-start=\"1812\" data-end=\"1853\"><strong data-start=\"1812\" data-end=\"1851\">100 ml, 500 ml, 1000 ml \u015f\u00fc\u015f\u0259 flakon<\/strong><\/p>\n<\/li>\n<li data-start=\"1854\" data-end=\"1878\">\n<p data-start=\"1856\" data-end=\"1878\"><strong data-start=\"1856\" data-end=\"1876\">5 L-lik jerrican<\/strong><\/p>\n<\/li>\n<\/ul>\n<\/div>\n<p><!-- .vgblk-rw-wrapper --><\/p>","protected":false},"excerpt":{"rendered":"<p>Stressol Oral Multivit Stress Oral T\u0259rkibi H\u0259r 1 ml m\u0259hlulda: Vitamin A (retinol palmitat) \u2013 12,000 IU Vitamin D3 (xolekalsiferol) \u2013 3,000 IU Vitamin E (\u03b1-tokoferol asetat) \u2013 3.25 mg Vitamin B1 (tiamin xlorhidrat) \u2013 2 mg Vitamin B6 (piridoksin xlorhidrat) \u2013 1.25 mg Vitamin C (askorbin tur\u015fusu) \u2013 3.5 mg Vitamin K3 \u2013 1&#8230;<\/p>","protected":false},"featured_media":990379,"comment_status":"open","ping_status":"closed","template":"","meta":{"nf_dc_page":"","_monsterinsights_skip_tracking":false,"_monsterinsights_sitenote_active":false,"_monsterinsights_sitenote_note":"","_monsterinsights_sitenote_category":0},"product_brand":[],"product_cat":[251,108,114,68],"product_tag":[],"class_list":{"0":"post-990378","1":"product","2":"type-product","3":"status-publish","4":"has-post-thumbnail","6":"product_cat-veterinary-products","7":"product_cat-cow","8":"product_cat-sheep","9":"product_cat-poultry","11":"first","12":"instock","13":"shipping-taxable","14":"product-type-simple"},"jetpack_sharing_enabled":true,"_links":{"self":[{"href":"https:\/\/agrovetazerbaijan.az\/en\/wp-json\/wp\/v2\/product\/990378","targetHints":{"allow":["GET"]}}],"collection":[{"href":"https:\/\/agrovetazerbaijan.az\/en\/wp-json\/wp\/v2\/product"}],"about":[{"href":"https:\/\/agrovetazerbaijan.az\/en\/wp-json\/wp\/v2\/types\/product"}],"replies":[{"embeddable":true,"href":"https:\/\/agrovetazerbaijan.az\/en\/wp-json\/wp\/v2\/comments?post=990378"}],"version-history":[{"count":1,"href":"https:\/\/agrovetazerbaijan.az\/en\/wp-json\/wp\/v2\/product\/990378\/revisions"}],"predecessor-version":[{"id":990380,"href":"https:\/\/agrovetazerbaijan.az\/en\/wp-json\/wp\/v2\/product\/990378\/revisions\/990380"}],"wp:featuredmedia":[{"embeddable":true,"href":"https:\/\/agrovetazerbaijan.az\/en\/wp-json\/wp\/v2\/media\/990379"}],"wp:attachment":[{"href":"https:\/\/agrovetazerbaijan.az\/en\/wp-json\/wp\/v2\/media?parent=990378"}],"wp:term":[{"taxonomy":"product_brand","embeddable":true,"href":"https:\/\/agrovetazerbaijan.az\/en\/wp-json\/wp\/v2\/product_brand?post=990378"},{"taxonomy":"product_cat","embeddable":true,"href":"https:\/\/agrovetazerbaijan.az\/en\/wp-json\/wp\/v2\/product_cat?post=990378"},{"taxonomy":"product_tag","embeddable":true,"href":"https:\/\/agrovetazerbaijan.az\/en\/wp-json\/wp\/v2\/product_tag?post=990378"}],"curies":[{"name":"wp","href":"https:\/\/api.w.org\/{rel}","templated":true}]}}