{"id":990351,"date":"2025-09-21T22:27:48","date_gmt":"2025-09-21T22:27:48","guid":{"rendered":"https:\/\/agrovetazerbaijan.az\/?post_type=product&#038;p=990351"},"modified":"2025-09-21T22:28:03","modified_gmt":"2025-09-21T22:28:03","slug":"vitol-140-oral","status":"publish","type":"product","link":"https:\/\/agrovetazerbaijan.az\/en\/product\/vitol-140-oral\/","title":{"rendered":"Vitol-140 Oral"},"content":{"rendered":"<div class=\"vgblk-rw-wrapper limit-wrapper\">\n<h2 data-start=\"104\" data-end=\"127\"><strong data-start=\"107\" data-end=\"125\">Vitol-140 Oral<\/strong><\/h2>\n<p data-start=\"128\" data-end=\"184\"><strong data-start=\"128\" data-end=\"182\">Vitamin A, D3, E oral m\u0259hlul (Vita-AD3E 100\/20\/20)<\/strong><\/p>\n<h3 data-start=\"186\" data-end=\"203\"><strong data-start=\"190\" data-end=\"201\">Ingredients<\/strong><\/h3>\n<p data-start=\"204\" data-end=\"224\">H\u0259r 1 ml m\u0259hlulda:<\/p>\n<ul data-start=\"225\" data-end=\"369\">\n<li data-start=\"225\" data-end=\"274\">\n<p data-start=\"227\" data-end=\"274\"><strong data-start=\"227\" data-end=\"259\">Vitamin A (retinol palmitat)<\/strong> \u2013 100 000 IU<\/p>\n<\/li>\n<li data-start=\"275\" data-end=\"322\">\n<p data-start=\"277\" data-end=\"322\"><strong data-start=\"277\" data-end=\"308\">Vitamin D3 (xolekalsiferol)<\/strong> \u2013 20 000 IU<\/p>\n<\/li>\n<li data-start=\"323\" data-end=\"369\">\n<p data-start=\"325\" data-end=\"369\"><strong data-start=\"325\" data-end=\"359\">Vitamin E (\u03b1-tokoferol asetat)<\/strong> \u2013 20 mg<\/p>\n<\/li>\n<\/ul>\n<hr data-start=\"371\" data-end=\"374\" \/>\n<h3 data-start=\"376\" data-end=\"393\"><strong data-start=\"380\" data-end=\"391\">Description<\/strong><\/h3>\n<p data-start=\"394\" data-end=\"599\"><strong data-start=\"394\" data-end=\"412\">Vitol-140 Oral<\/strong> \u2014 balansla\u015fd\u0131r\u0131lm\u0131\u015f <strong data-start=\"433\" data-end=\"471\">Vitamin A, Vitamin D3 v\u0259 Vitamin E<\/strong> kombinasiyas\u0131d\u0131r. \u018fsas\u0259n <strong data-start=\"497\" data-end=\"519\">ruminant heyvanlar<\/strong> \u00fc\u00e7\u00fcn n\u0259z\u0259rd\u0259 tutulsa da, <strong data-start=\"545\" data-end=\"567\">qu\u015flar v\u0259 donuzlar<\/strong> \u00fc\u00e7\u00fcn d\u0259 istifad\u0259 oluna bil\u0259r.<\/p>\n<ul data-start=\"601\" data-end=\"984\">\n<li data-start=\"601\" data-end=\"732\">\n<p data-start=\"603\" data-end=\"732\"><strong data-start=\"603\" data-end=\"621\">Vitamin A v\u0259 E<\/strong> \u2013 antioksidant t\u0259sir g\u00f6st\u0259r\u0259r\u0259k s\u0259rb\u0259st radikallar\u0131n yaratd\u0131\u011f\u0131 oksidativ z\u0259d\u0259l\u0259nm\u0259l\u0259rd\u0259n h\u00fcceyr\u0259l\u0259ri qoruyur<\/p>\n<\/li>\n<li data-start=\"733\" data-end=\"846\">\n<p data-start=\"735\" data-end=\"846\"><strong data-start=\"735\" data-end=\"749\">Vitamin D3<\/strong> \u2013 kalsium v\u0259 fosfor m\u00fcbadil\u0259sini t\u0259nziml\u0259yir, skelet v\u0259 di\u015fl\u0259rin normal inki\u015faf\u0131 \u00fc\u00e7\u00fcn vacibdir<\/p>\n<\/li>\n<li data-start=\"847\" data-end=\"984\">\n<p data-start=\"849\" data-end=\"984\">\u0130mmunitet sisteminin g\u00fccl\u0259ndirilm\u0259si, reproduktiv funksiyalar\u0131n d\u0259st\u0259kl\u0259nm\u0259si v\u0259 x\u0259st\u0259likd\u0259n sonra b\u0259rpa prosesind\u0259 m\u00fch\u00fcm rol oynay\u0131r<\/p>\n<\/li>\n<\/ul>\n<hr data-start=\"986\" data-end=\"989\" \/>\n<h3 data-start=\"991\" data-end=\"1018\"><strong data-start=\"995\" data-end=\"1016\">\u0130stifad\u0259 sah\u0259l\u0259ri<\/strong><\/h3>\n<ul data-start=\"1019\" data-end=\"1209\">\n<li data-start=\"1019\" data-end=\"1093\">\n<p data-start=\"1021\" data-end=\"1093\">Vitamin A, D3 v\u0259 E \u00e7at\u0131\u015fmazl\u0131qlar\u0131n\u0131n qar\u015f\u0131s\u0131n\u0131n al\u0131nmas\u0131 v\u0259 m\u00fcalic\u0259si<\/p>\n<\/li>\n<li data-start=\"1094\" data-end=\"1138\">\n<p data-start=\"1096\" data-end=\"1138\">\u0130mmunitet sisteminin z\u0259ifl\u0259diyi hallarda<\/p>\n<\/li>\n<li data-start=\"1139\" data-end=\"1170\">\n<p data-start=\"1141\" data-end=\"1170\">Reproduksiya probleml\u0259rind\u0259<\/p>\n<\/li>\n<li data-start=\"1171\" data-end=\"1209\">\n<p data-start=\"1173\" data-end=\"1209\">X\u0259st\u0259likd\u0259n sonra sa\u011falma d\u00f6vr\u00fcnd\u0259<\/p>\n<\/li>\n<\/ul>\n<hr data-start=\"1211\" data-end=\"1214\" \/>\n<h3 data-start=\"1216\" data-end=\"1241\"><strong data-start=\"1220\" data-end=\"1239\">Contraindications<\/strong><\/h3>\n<ul data-start=\"1242\" data-end=\"1252\">\n<li data-start=\"1242\" data-end=\"1252\">\n<p data-start=\"1244\" data-end=\"1252\">Yoxdur<\/p>\n<\/li>\n<\/ul>\n<hr data-start=\"1254\" data-end=\"1257\" \/>\n<h3 data-start=\"1259\" data-end=\"1281\"><strong data-start=\"1263\" data-end=\"1279\">Yan t\u0259sirl\u0259r<\/strong><\/h3>\n<ul data-start=\"1282\" data-end=\"1331\">\n<li data-start=\"1282\" data-end=\"1331\">\n<p data-start=\"1284\" data-end=\"1331\">\u0130stifad\u0259 zaman\u0131 yan t\u0259sirl\u0259r m\u00fc\u015fahid\u0259 olunmur<\/p>\n<\/li>\n<\/ul>\n<hr data-start=\"1333\" data-end=\"1336\" \/>\n<h3 data-start=\"1338\" data-end=\"1375\"><strong data-start=\"1342\" data-end=\"1373\">Dozalanma v\u0259 t\u0259tbiq qaydas\u0131<\/strong><\/h3>\n<p data-start=\"1376\" data-end=\"1410\"><strong data-start=\"1376\" data-end=\"1408\">Oral (i\u00e7m\u0259li su vasit\u0259sil\u0259):<\/strong><\/p>\n<ul data-start=\"1412\" data-end=\"1605\">\n<li data-start=\"1412\" data-end=\"1477\">\n<p data-start=\"1414\" data-end=\"1477\"><strong data-start=\"1414\" data-end=\"1442\">Buzov, qoyun v\u0259 ke\u00e7il\u0259r:<\/strong> 1 ml \/ 40 kq canl\u0131 \u00e7\u0259ki, 3\u20135 g\u00fcn<\/p>\n<\/li>\n<li data-start=\"1478\" data-end=\"1542\">\n<p data-start=\"1480\" data-end=\"1542\"><strong data-start=\"1480\" data-end=\"1507\">\u0130ri buynuzlu heyvanlar:<\/strong> 1 ml \/ 80 kq canl\u0131 \u00e7\u0259ki, 3\u20135 g\u00fcn<\/p>\n<\/li>\n<li data-start=\"1543\" data-end=\"1605\">\n<p data-start=\"1545\" data-end=\"1605\"><strong data-start=\"1545\" data-end=\"1565\">Pigs and birds:<\/strong> 1 litr \/ 8000 litr i\u00e7m\u0259li su, 3\u20135 g\u00fcn<\/p>\n<\/li>\n<\/ul>\n<hr data-start=\"1607\" data-end=\"1610\" \/>\n<h3 data-start=\"1612\" data-end=\"1655\"><strong data-start=\"1616\" data-end=\"1653\">\u00c7\u0259kilm\u0259 m\u00fcdd\u0259ti (Withdrawal time)<\/strong><\/h3>\n<ul data-start=\"1656\" data-end=\"1673\">\n<li data-start=\"1656\" data-end=\"1673\">\n<p data-start=\"1658\" data-end=\"1673\">T\u0259l\u0259b olunmur<\/p>\n<\/li>\n<\/ul>\n<hr data-start=\"1675\" data-end=\"1678\" \/>\n<h3 data-start=\"1680\" data-end=\"1701\"><strong data-start=\"1684\" data-end=\"1699\">Packaging<\/strong><\/h3>\n<ul data-start=\"1702\" data-end=\"1776\">\n<li data-start=\"1702\" data-end=\"1752\">\n<p data-start=\"1704\" data-end=\"1752\"><strong data-start=\"1704\" data-end=\"1750\">100 ml, 500 ml, 1000 ml-lik \u015f\u00fc\u015f\u0259 flakonlar<\/strong><\/p>\n<\/li>\n<li data-start=\"1753\" data-end=\"1776\">\n<p data-start=\"1755\" data-end=\"1776\"><strong data-start=\"1755\" data-end=\"1774\">5 litr jerrican<\/strong><\/p>\n<\/li>\n<\/ul>\n<\/div>\n<p><!-- .vgblk-rw-wrapper --><\/p>","protected":false},"excerpt":{"rendered":"<p>Vitol-140 Oral Vitamin A, D3, E oral m\u0259hlul (Vita-AD3E 100\/20\/20) T\u0259rkibi H\u0259r 1 ml m\u0259hlulda: Vitamin A (retinol palmitat) \u2013 100 000 IU Vitamin D3 (xolekalsiferol) \u2013 20 000 IU Vitamin E (\u03b1-tokoferol asetat) \u2013 20 mg T\u0259sviri Vitol-140 Oral \u2014 balansla\u015fd\u0131r\u0131lm\u0131\u015f Vitamin A, Vitamin D3 v\u0259 Vitamin E kombinasiyas\u0131d\u0131r. \u018fsas\u0259n ruminant heyvanlar \u00fc\u00e7\u00fcn n\u0259z\u0259rd\u0259&#8230;<\/p>","protected":false},"featured_media":990352,"comment_status":"open","ping_status":"closed","template":"","meta":{"nf_dc_page":"","_monsterinsights_skip_tracking":false,"_monsterinsights_sitenote_active":false,"_monsterinsights_sitenote_note":"","_monsterinsights_sitenote_category":0},"product_brand":[],"product_cat":[251,108,114,68],"product_tag":[],"class_list":{"0":"post-990351","1":"product","2":"type-product","3":"status-publish","4":"has-post-thumbnail","6":"product_cat-veterinary-products","7":"product_cat-cow","8":"product_cat-sheep","9":"product_cat-poultry","11":"first","12":"instock","13":"shipping-taxable","14":"product-type-simple"},"jetpack_sharing_enabled":true,"_links":{"self":[{"href":"https:\/\/agrovetazerbaijan.az\/en\/wp-json\/wp\/v2\/product\/990351","targetHints":{"allow":["GET"]}}],"collection":[{"href":"https:\/\/agrovetazerbaijan.az\/en\/wp-json\/wp\/v2\/product"}],"about":[{"href":"https:\/\/agrovetazerbaijan.az\/en\/wp-json\/wp\/v2\/types\/product"}],"replies":[{"embeddable":true,"href":"https:\/\/agrovetazerbaijan.az\/en\/wp-json\/wp\/v2\/comments?post=990351"}],"version-history":[{"count":1,"href":"https:\/\/agrovetazerbaijan.az\/en\/wp-json\/wp\/v2\/product\/990351\/revisions"}],"predecessor-version":[{"id":990353,"href":"https:\/\/agrovetazerbaijan.az\/en\/wp-json\/wp\/v2\/product\/990351\/revisions\/990353"}],"wp:featuredmedia":[{"embeddable":true,"href":"https:\/\/agrovetazerbaijan.az\/en\/wp-json\/wp\/v2\/media\/990352"}],"wp:attachment":[{"href":"https:\/\/agrovetazerbaijan.az\/en\/wp-json\/wp\/v2\/media?parent=990351"}],"wp:term":[{"taxonomy":"product_brand","embeddable":true,"href":"https:\/\/agrovetazerbaijan.az\/en\/wp-json\/wp\/v2\/product_brand?post=990351"},{"taxonomy":"product_cat","embeddable":true,"href":"https:\/\/agrovetazerbaijan.az\/en\/wp-json\/wp\/v2\/product_cat?post=990351"},{"taxonomy":"product_tag","embeddable":true,"href":"https:\/\/agrovetazerbaijan.az\/en\/wp-json\/wp\/v2\/product_tag?post=990351"}],"curies":[{"name":"wp","href":"https:\/\/api.w.org\/{rel}","templated":true}]}}