{"id":990345,"date":"2025-09-21T22:17:49","date_gmt":"2025-09-21T22:17:49","guid":{"rendered":"https:\/\/agrovetazerbaijan.az\/?post_type=product&#038;p=990345"},"modified":"2025-09-21T22:18:02","modified_gmt":"2025-09-21T22:18:02","slug":"limoxin-spray","status":"publish","type":"product","link":"https:\/\/agrovetazerbaijan.az\/en\/product\/limoxin-spray\/","title":{"rendered":"Limoxin Spray"},"content":{"rendered":"<div class=\"vgblk-rw-wrapper limit-wrapper\">\n<h2 data-start=\"132\" data-end=\"154\"><strong data-start=\"135\" data-end=\"152\">Limoxin Spray<\/strong><\/h2>\n<p data-start=\"155\" data-end=\"187\"><strong data-start=\"155\" data-end=\"187\">Oxytetracycline 3.21% spreyi<\/strong><\/p>\n<h3 data-start=\"189\" data-end=\"206\"><strong data-start=\"193\" data-end=\"204\">Ingredients<\/strong><\/h3>\n<p data-start=\"207\" data-end=\"227\">H\u0259r 1 ml m\u0259hlulda:<\/p>\n<ul data-start=\"228\" data-end=\"273\">\n<li data-start=\"228\" data-end=\"273\">\n<p data-start=\"230\" data-end=\"273\"><strong data-start=\"230\" data-end=\"261\">Oxytetracycline hidroxlorid<\/strong> \u2013 32.1 mg<\/p>\n<\/li>\n<\/ul>\n<hr data-start=\"275\" data-end=\"278\" \/>\n<h3 data-start=\"280\" data-end=\"297\"><strong data-start=\"284\" data-end=\"295\">Description<\/strong><\/h3>\n<p data-start=\"298\" data-end=\"369\">Oxytetracycline \u2014 bakterisid deyil, <strong data-start=\"334\" data-end=\"363\">bakteriostatik antibiotik<\/strong>dir.<\/p>\n<ul data-start=\"370\" data-end=\"619\">\n<li data-start=\"370\" data-end=\"422\">\n<p data-start=\"372\" data-end=\"422\">Mikroorqanizml\u0259rin protein sintezini inhib\u0259 edir<\/p>\n<\/li>\n<li data-start=\"423\" data-end=\"544\">\n<p data-start=\"425\" data-end=\"544\">Ribosomun peptid elongasiya funksiyas\u0131na t\u0259sir ed\u0259r\u0259k yeni amin tur\u015fular\u0131n\u0131n peptidl\u0259r\u0259 daxil olmas\u0131n\u0131 qar\u015f\u0131s\u0131n\u0131 al\u0131r<\/p>\n<\/li>\n<li data-start=\"545\" data-end=\"619\">\n<p data-start=\"547\" data-end=\"619\">N\u0259tic\u0259d\u0259 mikroorqanizml\u0259rin b\u00f6y\u00fcm\u0259si v\u0259 h\u00fcceyr\u0259 b\u00f6l\u00fcnm\u0259si dayand\u0131r\u0131l\u0131r<\/p>\n<\/li>\n<\/ul>\n<p data-start=\"621\" data-end=\"752\">Spektri: Qram-m\u00fcsb\u0259t v\u0259 qram-m\u0259nfi bakteriyalar (aerob v\u0259 anaerob), <em data-start=\"689\" data-end=\"750\">Staphylococcus aureus, Bacteroides spp., Fusobacterium spp.<\/em><\/p>\n<hr data-start=\"754\" data-end=\"757\" \/>\n<h3 data-start=\"759\" data-end=\"790\"><strong data-start=\"763\" data-end=\"788\">Instructions for use<\/strong><\/h3>\n<p data-start=\"791\" data-end=\"830\"><strong data-start=\"791\" data-end=\"828\">D\u0259ri v\u0259 p\u0259nc\u0259 infeksiyalar\u0131 \u00fc\u00e7\u00fcn:<\/strong><\/p>\n<ul data-start=\"831\" data-end=\"943\">\n<li data-start=\"831\" data-end=\"864\">\n<p data-start=\"833\" data-end=\"864\">Mal-qara, qoyun v\u0259 donuzlarda<\/p>\n<\/li>\n<li data-start=\"865\" data-end=\"943\">\n<p data-start=\"867\" data-end=\"943\">T\u00f6r\u0259dicil\u0259r: <em data-start=\"880\" data-end=\"941\">Staphylococcus aureus, Bacteroides spp., Fusobacterium spp.<\/em><\/p>\n<\/li>\n<\/ul>\n<hr data-start=\"945\" data-end=\"948\" \/>\n<h3 data-start=\"950\" data-end=\"975\"><strong data-start=\"954\" data-end=\"973\">Contraindications<\/strong><\/h3>\n<ul data-start=\"976\" data-end=\"1046\">\n<li data-start=\"976\" data-end=\"1046\">\n<p data-start=\"978\" data-end=\"1046\">Oxytetracycline v\u0259 ya t\u0259rkibind\u0259ki dig\u0259r madd\u0259l\u0259r\u0259 qar\u015f\u0131 h\u0259ssasl\u0131q<\/p>\n<\/li>\n<\/ul>\n<hr data-start=\"1048\" data-end=\"1051\" \/>\n<h3 data-start=\"1053\" data-end=\"1075\"><strong data-start=\"1057\" data-end=\"1073\">Yan t\u0259sirl\u0259r<\/strong><\/h3>\n<ul data-start=\"1076\" data-end=\"1140\">\n<li data-start=\"1076\" data-end=\"1140\">\n<p data-start=\"1078\" data-end=\"1140\">T\u0259yin edilmi\u015f dozada istifad\u0259d\u0259 ist\u0259nm\u0259y\u0259n t\u0259sir g\u00f6zl\u0259nilmir<\/p>\n<\/li>\n<\/ul>\n<p data-start=\"1142\" data-end=\"1172\"><strong data-start=\"1142\" data-end=\"1170\">T\u0259hl\u00fck\u0259sizlik qaydalar\u0131:<\/strong><\/p>\n<ul data-start=\"1173\" data-end=\"1422\">\n<li data-start=\"1173\" data-end=\"1224\">\n<p data-start=\"1175\" data-end=\"1224\">Spreyi yax\u015f\u0131 havaland\u0131r\u0131lan yerd\u0259 istifad\u0259 edin<\/p>\n<\/li>\n<li data-start=\"1225\" data-end=\"1265\">\n<p data-start=\"1227\" data-end=\"1265\">D\u0259ri il\u0259 t\u0259masdan sonra \u0259ll\u0259ri yuyun<\/p>\n<\/li>\n<li data-start=\"1266\" data-end=\"1310\">\n<p data-start=\"1268\" data-end=\"1310\">G\u00f6zl\u0259r\u0259 yax\u0131n v\u0259 ya \u00fcz\u0259rin\u0259 p\u00fcsk\u00fcrtm\u0259yin<\/p>\n<\/li>\n<li data-start=\"1311\" data-end=\"1387\">\n<p data-start=\"1313\" data-end=\"1387\">Birba\u015fa g\u00fcn\u0259\u015f i\u015f\u0131\u011f\u0131ndan qoruyun, 50 \u00b0C-d\u0259n y\u00fcks\u0259k temperaturdan saxlay\u0131n<\/p>\n<\/li>\n<li data-start=\"1388\" data-end=\"1422\">\n<p data-start=\"1390\" data-end=\"1422\">Spreyi de\u015fm\u0259yin v\u0259 yand\u0131rmay\u0131n<\/p>\n<\/li>\n<\/ul>\n<hr data-start=\"1424\" data-end=\"1427\" \/>\n<h3 data-start=\"1429\" data-end=\"1466\"><strong data-start=\"1433\" data-end=\"1464\">Dozalanma v\u0259 t\u0259tbiq qaydas\u0131<\/strong><\/h3>\n<ul data-start=\"1467\" data-end=\"1792\">\n<li data-start=\"1467\" data-end=\"1507\">\n<p data-start=\"1469\" data-end=\"1507\">D\u0259ri lezyonlar\u0131n\u0131 \u0259vv\u0259lc\u0259 t\u0259mizl\u0259yin<\/p>\n<\/li>\n<li data-start=\"1508\" data-end=\"1556\">\n<p data-start=\"1510\" data-end=\"1556\">\u0130nfeksiyal\u0131 p\u0259nc\u0259l\u0259ri t\u0259mizl\u0259yin v\u0259 parlat\u0131n<\/p>\n<\/li>\n<li data-start=\"1557\" data-end=\"1655\">\n<p data-start=\"1559\" data-end=\"1655\">Konteyneri \u00e7alxalay\u0131n v\u0259 10\u201315 sm m\u0259saf\u0259d\u0259n bir ne\u00e7\u0259 saniy\u0259 lezyonlar\u0131 \u00f6rt\u0259c\u0259k q\u0259d\u0259r p\u00fcsk\u00fcrt\u00fcn<\/p>\n<\/li>\n<li data-start=\"1656\" data-end=\"1728\">\n<p data-start=\"1658\" data-end=\"1728\">P\u0259nc\u0259l\u0259r \u00fc\u00e7\u00fcn: t\u0259tbiqd\u0259n sonra heyvanlar\u0131 1 saat quru yerd\u0259 saxlay\u0131n<\/p>\n<\/li>\n<li data-start=\"1729\" data-end=\"1792\">\n<p data-start=\"1731\" data-end=\"1792\">Xroniki p\u0259nc\u0259 infeksiyas\u0131nda: 10 g\u00fcnd\u0259n sonra t\u0259krar t\u0259tbiq<\/p>\n<\/li>\n<\/ul>\n<hr data-start=\"1794\" data-end=\"1797\" \/>\n<h3 data-start=\"1799\" data-end=\"1842\"><strong data-start=\"1803\" data-end=\"1840\">\u00c7\u0259kilm\u0259 m\u00fcdd\u0259ti (withdrawal time)<\/strong><\/h3>\n<ul data-start=\"1843\" data-end=\"1861\">\n<li data-start=\"1843\" data-end=\"1861\">\n<p data-start=\"1845\" data-end=\"1861\">T\u0259tbiq edilmir<\/p>\n<\/li>\n<\/ul>\n<hr data-start=\"1863\" data-end=\"1866\" \/>\n<h3 data-start=\"1868\" data-end=\"1889\"><strong data-start=\"1872\" data-end=\"1887\">Packaging<\/strong><\/h3>\n<ul data-start=\"1890\" data-end=\"1922\">\n<li data-start=\"1890\" data-end=\"1922\">\n<p data-start=\"1892\" data-end=\"1922\"><strong data-start=\"1892\" data-end=\"1920\">140 q-l\u0131q spreykonteyner<\/strong><\/p>\n<\/li>\n<\/ul>\n<\/div>\n<p><!-- .vgblk-rw-wrapper --><\/p>","protected":false},"excerpt":{"rendered":"<p>Limoxin Spray Oxytetracycline 3.21% spreyi T\u0259rkibi H\u0259r 1 ml m\u0259hlulda: Oxytetracycline hidroxlorid \u2013 32.1 mg T\u0259sviri Oxytetracycline \u2014 bakterisid deyil, bakteriostatik antibiotikdir. Mikroorqanizml\u0259rin protein sintezini inhib\u0259 edir Ribosomun peptid elongasiya funksiyas\u0131na t\u0259sir ed\u0259r\u0259k yeni amin tur\u015fular\u0131n\u0131n peptidl\u0259r\u0259 daxil olmas\u0131n\u0131 qar\u015f\u0131s\u0131n\u0131 al\u0131r N\u0259tic\u0259d\u0259 mikroorqanizml\u0259rin b\u00f6y\u00fcm\u0259si v\u0259 h\u00fcceyr\u0259 b\u00f6l\u00fcnm\u0259si dayand\u0131r\u0131l\u0131r Spektri: Qram-m\u00fcsb\u0259t v\u0259 qram-m\u0259nfi bakteriyalar (aerob v\u0259&#8230;<\/p>","protected":false},"featured_media":990346,"comment_status":"open","ping_status":"closed","template":"","meta":{"nf_dc_page":"","_monsterinsights_skip_tracking":false,"_monsterinsights_sitenote_active":false,"_monsterinsights_sitenote_note":"","_monsterinsights_sitenote_category":0},"product_brand":[],"product_cat":[251,108,114],"product_tag":[],"class_list":{"0":"post-990345","1":"product","2":"type-product","3":"status-publish","4":"has-post-thumbnail","6":"product_cat-veterinary-products","7":"product_cat-cow","8":"product_cat-sheep","10":"first","11":"instock","12":"shipping-taxable","13":"product-type-simple"},"jetpack_sharing_enabled":true,"_links":{"self":[{"href":"https:\/\/agrovetazerbaijan.az\/en\/wp-json\/wp\/v2\/product\/990345","targetHints":{"allow":["GET"]}}],"collection":[{"href":"https:\/\/agrovetazerbaijan.az\/en\/wp-json\/wp\/v2\/product"}],"about":[{"href":"https:\/\/agrovetazerbaijan.az\/en\/wp-json\/wp\/v2\/types\/product"}],"replies":[{"embeddable":true,"href":"https:\/\/agrovetazerbaijan.az\/en\/wp-json\/wp\/v2\/comments?post=990345"}],"version-history":[{"count":1,"href":"https:\/\/agrovetazerbaijan.az\/en\/wp-json\/wp\/v2\/product\/990345\/revisions"}],"predecessor-version":[{"id":990347,"href":"https:\/\/agrovetazerbaijan.az\/en\/wp-json\/wp\/v2\/product\/990345\/revisions\/990347"}],"wp:featuredmedia":[{"embeddable":true,"href":"https:\/\/agrovetazerbaijan.az\/en\/wp-json\/wp\/v2\/media\/990346"}],"wp:attachment":[{"href":"https:\/\/agrovetazerbaijan.az\/en\/wp-json\/wp\/v2\/media?parent=990345"}],"wp:term":[{"taxonomy":"product_brand","embeddable":true,"href":"https:\/\/agrovetazerbaijan.az\/en\/wp-json\/wp\/v2\/product_brand?post=990345"},{"taxonomy":"product_cat","embeddable":true,"href":"https:\/\/agrovetazerbaijan.az\/en\/wp-json\/wp\/v2\/product_cat?post=990345"},{"taxonomy":"product_tag","embeddable":true,"href":"https:\/\/agrovetazerbaijan.az\/en\/wp-json\/wp\/v2\/product_tag?post=990345"}],"curies":[{"name":"wp","href":"https:\/\/api.w.org\/{rel}","templated":true}]}}