{"id":990332,"date":"2025-09-21T22:07:41","date_gmt":"2025-09-21T22:07:41","guid":{"rendered":"https:\/\/agrovetazerbaijan.az\/?post_type=product&#038;p=990332"},"modified":"2025-09-21T22:07:57","modified_gmt":"2025-09-21T22:07:57","slug":"xyla","status":"publish","type":"product","link":"https:\/\/agrovetazerbaijan.az\/en\/product\/xyla\/","title":{"rendered":"Xyla"},"content":{"rendered":"<div class=\"vgblk-rw-wrapper limit-wrapper\">\n<h2 data-start=\"132\" data-end=\"145\"><strong data-start=\"135\" data-end=\"143\">Xyla<\/strong><\/h2>\n<p data-start=\"146\" data-end=\"171\"><strong data-start=\"146\" data-end=\"171\">Xylazine 2% inyeksiya<\/strong><\/p>\n<h3 data-start=\"173\" data-end=\"190\"><strong data-start=\"177\" data-end=\"188\">Ingredients<\/strong><\/h3>\n<p data-start=\"191\" data-end=\"211\">H\u0259r 1 ml m\u0259hlulda:<\/p>\n<ul data-start=\"212\" data-end=\"259\">\n<li data-start=\"212\" data-end=\"259\">\n<p data-start=\"214\" data-end=\"259\"><strong data-start=\"214\" data-end=\"249\">Xylazine (hidroxlorid \u015f\u0259klind\u0259)<\/strong> \u2013 20 mg<\/p>\n<\/li>\n<\/ul>\n<hr data-start=\"261\" data-end=\"264\" \/>\n<h3 data-start=\"266\" data-end=\"283\"><strong data-start=\"270\" data-end=\"281\">Description<\/strong><\/h3>\n<p data-start=\"284\" data-end=\"373\">Xylazine \u2014 sedativ, analjezik v\u0259 \u0259z\u0259l\u0259 rahatla\u015fd\u0131r\u0131c\u0131 x\u00fcsusiyy\u0259tl\u0259r\u0259 malik preparatd\u0131r.<\/p>\n<hr data-start=\"375\" data-end=\"378\" \/>\n<h3 data-start=\"380\" data-end=\"411\"><strong data-start=\"384\" data-end=\"409\">Instructions for use<\/strong><\/h3>\n<p data-start=\"412\" data-end=\"473\">Heyvanlarda sedasiya t\u0259l\u0259b olunan hallarda istifad\u0259 olunur:<\/p>\n<ul data-start=\"474\" data-end=\"669\">\n<li data-start=\"474\" data-end=\"538\">\n<p data-start=\"476\" data-end=\"538\">Aqressiv heyvanlar\u0131n idar\u0259 olunmas\u0131 (n\u0259qliyyat, ayaq bax\u0131m\u0131)<\/p>\n<\/li>\n<li data-start=\"539\" data-end=\"580\">\n<p data-start=\"541\" data-end=\"580\">Tibbi m\u00fcayin\u0259 (a\u011f\u0131z bo\u015flu\u011fu, rentgen)<\/p>\n<\/li>\n<li data-start=\"581\" data-end=\"613\">\n<p data-start=\"583\" data-end=\"613\">Ki\u00e7ik \u0259m\u0259liyyatlara haz\u0131rl\u0131q<\/p>\n<\/li>\n<li data-start=\"614\" data-end=\"636\">\n<p data-start=\"616\" data-end=\"636\">A\u011fr\u0131l\u0131 prosedurlar<\/p>\n<\/li>\n<li data-start=\"637\" data-end=\"669\">\n<p data-start=\"639\" data-end=\"669\">Lokal v\u0259 regional anesteziya<\/p>\n<\/li>\n<\/ul>\n<p data-start=\"671\" data-end=\"706\">Suitable for: <strong data-start=\"681\" data-end=\"704\">at, in\u0259k, it, pi\u015fik<\/strong><\/p>\n<hr data-start=\"708\" data-end=\"711\" \/>\n<h3 data-start=\"713\" data-end=\"738\"><strong data-start=\"717\" data-end=\"736\">Contraindications<\/strong><\/h3>\n<ul data-start=\"739\" data-end=\"1021\">\n<li data-start=\"739\" data-end=\"834\">\n<p data-start=\"741\" data-end=\"834\">Hamil\u0259liyin son m\u0259rh\u0259l\u0259sind\u0259 istifad\u0259 olunmamal\u0131d\u0131r, yaln\u0131z do\u011fu\u015f zaman\u0131 t\u0259tbiq edil\u0259 bil\u0259r<\/p>\n<\/li>\n<li data-start=\"835\" data-end=\"890\">\n<p data-start=\"837\" data-end=\"890\">Orqanogenez d\u00f6vr\u00fcnd\u0259 ehtiyatla istifad\u0259 olunmal\u0131d\u0131r<\/p>\n<\/li>\n<li data-start=\"891\" data-end=\"1021\">\n<p data-start=\"893\" data-end=\"1021\">Pi\u015fik v\u0259 itl\u0259rd\u0259 b\u0259zi hallarda qusma v\u0259 ya qida borusu probleml\u0259rind\u0259 (obstruksiya, qastrik torsion, herniya) istifad\u0259 olunmur<\/p>\n<\/li>\n<\/ul>\n<hr data-start=\"1023\" data-end=\"1026\" \/>\n<h3 data-start=\"1028\" data-end=\"1050\"><strong data-start=\"1032\" data-end=\"1048\">Yan t\u0259sirl\u0259r<\/strong><\/h3>\n<ul data-start=\"1051\" data-end=\"1119\">\n<li data-start=\"1051\" data-end=\"1090\">\n<p data-start=\"1053\" data-end=\"1090\">\u00dcr\u0259k v\u0259 t\u0259n\u0259ff\u00fcs s\u00fcr\u0259tinin azalmas\u0131<\/p>\n<\/li>\n<li data-start=\"1091\" data-end=\"1119\">\n<p data-start=\"1093\" data-end=\"1119\">Hipersalivasiya v\u0259 qusma<\/p>\n<\/li>\n<\/ul>\n<hr data-start=\"1121\" data-end=\"1124\" \/>\n<h3 data-start=\"1126\" data-end=\"1163\"><strong data-start=\"1130\" data-end=\"1161\">Dozalanma v\u0259 t\u0259tbiq qaydas\u0131<\/strong><\/h3>\n<p data-start=\"1165\" data-end=\"1217\"><strong data-start=\"1165\" data-end=\"1188\">Atlar (venadaxili):<\/strong> 3\u20135 ml \/ 100 kq canl\u0131 \u00e7\u0259ki<\/p>\n<p data-start=\"1219\" data-end=\"1247\"><strong data-start=\"1219\" data-end=\"1245\">\u0130n\u0259kl\u0259r (\u0259z\u0259l\u0259 daxil):<\/strong><\/p>\n<ul data-start=\"1248\" data-end=\"1513\">\n<li data-start=\"1248\" data-end=\"1298\">\n<p data-start=\"1250\" data-end=\"1298\">0.25 ml \/ 100 kq: sedasiya, ki\u00e7ik \u0259m\u0259liyyatlar<\/p>\n<\/li>\n<li data-start=\"1299\" data-end=\"1366\">\n<p data-start=\"1301\" data-end=\"1366\">0.5 ml \/ 100 kq: ki\u00e7ik \u0259m\u0259liyyatlar, heyvan ad\u0259t\u0259n ayaqda qal\u0131r<\/p>\n<\/li>\n<li data-start=\"1367\" data-end=\"1419\">\n<p data-start=\"1369\" data-end=\"1419\">1 ml \/ 100 kq: b\u00f6y\u00fck \u0259m\u0259liyyatlar, heyvan uzan\u0131r<\/p>\n<\/li>\n<li data-start=\"1420\" data-end=\"1513\">\n<p data-start=\"1422\" data-end=\"1513\">1.5 ml \/ 100 kq: \u00e7ox geni\u015f \u0259m\u0259liyyatlar, t\u0259tbiqd\u0259n \u0259vv\u0259l bir ne\u00e7\u0259 saat acl\u0131q t\u0259l\u0259b olunur<\/p>\n<\/li>\n<\/ul>\n<p data-start=\"1515\" data-end=\"1573\"><strong data-start=\"1515\" data-end=\"1553\">\u0130tl\u0259r (intramuskulyar\/venadaxili):<\/strong> 0.05\u20130.15 ml \/ kq<\/p>\n<p data-start=\"1575\" data-end=\"1629\"><strong data-start=\"1575\" data-end=\"1614\">Pi\u015fikl\u0259r (intramuskulyar\/subkutan):<\/strong> 0.15 ml \/ kq<\/p>\n<blockquote data-start=\"1631\" data-end=\"1716\">\n<p data-start=\"1633\" data-end=\"1716\">Dig\u0259r t\u0259tbiq yollar\u0131 da m\u00fcmk\u00fcnd\u00fcr, lakin t\u0259siri daha az proqnozla\u015fd\u0131r\u0131la bil\u0259ndir<\/p>\n<\/blockquote>\n<hr data-start=\"1718\" data-end=\"1721\" \/>\n<h3 data-start=\"1723\" data-end=\"1766\"><strong data-start=\"1727\" data-end=\"1764\">\u00c7\u0259kilm\u0259 m\u00fcdd\u0259ti (withdrawal time)<\/strong><\/h3>\n<ul data-start=\"1767\" data-end=\"1813\">\n<li data-start=\"1767\" data-end=\"1789\">\n<p data-start=\"1769\" data-end=\"1789\"><strong data-start=\"1769\" data-end=\"1781\">For meat:<\/strong> 0 g\u00fcn<\/p>\n<\/li>\n<li data-start=\"1790\" data-end=\"1813\">\n<p data-start=\"1792\" data-end=\"1813\"><strong data-start=\"1792\" data-end=\"1805\">S\u00fcd \u00fc\u00e7\u00fcn:<\/strong> 0 g\u00fcn<\/p>\n<\/li>\n<\/ul>\n<hr data-start=\"1815\" data-end=\"1818\" \/>\n<h3 data-start=\"1820\" data-end=\"1841\"><strong data-start=\"1824\" data-end=\"1839\">Packaging<\/strong><\/h3>\n<ul data-start=\"1842\" data-end=\"1871\">\n<li data-start=\"1842\" data-end=\"1871\">\n<p data-start=\"1844\" data-end=\"1871\"><strong data-start=\"1844\" data-end=\"1869\">50 ml-lik \u015f\u00fc\u015f\u0259 flakon<\/strong><\/p>\n<\/li>\n<\/ul>\n<\/div>\n<p><!-- .vgblk-rw-wrapper --><\/p>","protected":false},"excerpt":{"rendered":"<p>Xyla Xylazine 2% inyeksiya T\u0259rkibi H\u0259r 1 ml m\u0259hlulda: Xylazine (hidroxlorid \u015f\u0259klind\u0259) \u2013 20 mg T\u0259sviri Xylazine \u2014 sedativ, analjezik v\u0259 \u0259z\u0259l\u0259 rahatla\u015fd\u0131r\u0131c\u0131 x\u00fcsusiyy\u0259tl\u0259r\u0259 malik preparatd\u0131r. \u0130stifad\u0259 g\u00f6st\u0259ri\u015fl\u0259ri Heyvanlarda sedasiya t\u0259l\u0259b olunan hallarda istifad\u0259 olunur: Aqressiv heyvanlar\u0131n idar\u0259 olunmas\u0131 (n\u0259qliyyat, ayaq bax\u0131m\u0131) Tibbi m\u00fcayin\u0259 (a\u011f\u0131z bo\u015flu\u011fu, rentgen) Ki\u00e7ik \u0259m\u0259liyyatlara haz\u0131rl\u0131q A\u011fr\u0131l\u0131 prosedurlar Lokal v\u0259 regional&#8230;<\/p>","protected":false},"featured_media":990333,"comment_status":"open","ping_status":"closed","template":"","meta":{"nf_dc_page":"","_monsterinsights_skip_tracking":false,"_monsterinsights_sitenote_active":false,"_monsterinsights_sitenote_note":"","_monsterinsights_sitenote_category":0},"product_brand":[],"product_cat":[251,108,58,51,114],"product_tag":[],"class_list":{"0":"post-990332","1":"product","2":"type-product","3":"status-publish","4":"has-post-thumbnail","6":"product_cat-veterinary-products","7":"product_cat-cow","8":"product_cat-dog","9":"product_cat-cat","10":"product_cat-sheep","12":"first","13":"instock","14":"shipping-taxable","15":"product-type-simple"},"jetpack_sharing_enabled":true,"_links":{"self":[{"href":"https:\/\/agrovetazerbaijan.az\/en\/wp-json\/wp\/v2\/product\/990332","targetHints":{"allow":["GET"]}}],"collection":[{"href":"https:\/\/agrovetazerbaijan.az\/en\/wp-json\/wp\/v2\/product"}],"about":[{"href":"https:\/\/agrovetazerbaijan.az\/en\/wp-json\/wp\/v2\/types\/product"}],"replies":[{"embeddable":true,"href":"https:\/\/agrovetazerbaijan.az\/en\/wp-json\/wp\/v2\/comments?post=990332"}],"version-history":[{"count":1,"href":"https:\/\/agrovetazerbaijan.az\/en\/wp-json\/wp\/v2\/product\/990332\/revisions"}],"predecessor-version":[{"id":990334,"href":"https:\/\/agrovetazerbaijan.az\/en\/wp-json\/wp\/v2\/product\/990332\/revisions\/990334"}],"wp:featuredmedia":[{"embeddable":true,"href":"https:\/\/agrovetazerbaijan.az\/en\/wp-json\/wp\/v2\/media\/990333"}],"wp:attachment":[{"href":"https:\/\/agrovetazerbaijan.az\/en\/wp-json\/wp\/v2\/media?parent=990332"}],"wp:term":[{"taxonomy":"product_brand","embeddable":true,"href":"https:\/\/agrovetazerbaijan.az\/en\/wp-json\/wp\/v2\/product_brand?post=990332"},{"taxonomy":"product_cat","embeddable":true,"href":"https:\/\/agrovetazerbaijan.az\/en\/wp-json\/wp\/v2\/product_cat?post=990332"},{"taxonomy":"product_tag","embeddable":true,"href":"https:\/\/agrovetazerbaijan.az\/en\/wp-json\/wp\/v2\/product_tag?post=990332"}],"curies":[{"name":"wp","href":"https:\/\/api.w.org\/{rel}","templated":true}]}}