{"id":990326,"date":"2025-09-21T21:53:08","date_gmt":"2025-09-21T21:53:08","guid":{"rendered":"https:\/\/agrovetazerbaijan.az\/?post_type=product&#038;p=990326"},"modified":"2025-09-21T21:53:20","modified_gmt":"2025-09-21T21:53:20","slug":"coli-2400-oral","status":"publish","type":"product","link":"https:\/\/agrovetazerbaijan.az\/en\/product\/coli-2400-oral\/","title":{"rendered":"Coli-2400 Oral"},"content":{"rendered":"<div class=\"vgblk-rw-wrapper limit-wrapper\">\n<h2 data-start=\"153\" data-end=\"176\"><strong data-start=\"156\" data-end=\"174\">Coli-2400 Oral<\/strong><\/h2>\n<p data-start=\"177\" data-end=\"209\"><strong data-start=\"177\" data-end=\"209\">Kolistin 2400 BV oral m\u0259hlul<\/strong><\/p>\n<h3 data-start=\"211\" data-end=\"228\"><strong data-start=\"215\" data-end=\"226\">Ingredients<\/strong><\/h3>\n<p data-start=\"229\" data-end=\"249\">H\u0259r 1 ml m\u0259hlulda:<\/p>\n<ul data-start=\"250\" data-end=\"288\">\n<li data-start=\"250\" data-end=\"288\">\n<p data-start=\"252\" data-end=\"288\"><strong data-start=\"252\" data-end=\"271\">Kolistin sulfat<\/strong> \u2013 2 400 000 BV<\/p>\n<\/li>\n<\/ul>\n<hr data-start=\"290\" data-end=\"293\" \/>\n<h3 data-start=\"295\" data-end=\"312\"><strong data-start=\"299\" data-end=\"310\">Description<\/strong><\/h3>\n<p data-start=\"313\" data-end=\"477\">Kolistin \u2014 polimiksinl\u0259r qrupuna aid antibiotikdir v\u0259 <strong data-start=\"367\" data-end=\"395\">Qram-m\u0259nfi bakteriyalara<\/strong> qar\u015f\u0131 bakterisid t\u0259sir g\u00f6st\u0259rir (<em data-start=\"429\" data-end=\"473\">E. coli, Haemophilus spp., Salmonella spp.<\/em>).<\/p>\n<p data-start=\"479\" data-end=\"501\">F\u0259aliyy\u0259t mexanizmi:<\/p>\n<ul data-start=\"502\" data-end=\"696\">\n<li data-start=\"502\" data-end=\"549\">\n<p data-start=\"504\" data-end=\"549\">H\u00fcceyr\u0259 membran\u0131na daxil olaraq onu da\u011f\u0131d\u0131r<\/p>\n<\/li>\n<li data-start=\"550\" data-end=\"630\">\n<p data-start=\"552\" data-end=\"630\">Lipopolisaxarid (LPS) il\u0259 birl\u0259\u015f\u0259r\u0259k endotoksin f\u0259aliyy\u0259tini neytralla\u015fd\u0131r\u0131r<\/p>\n<\/li>\n<li data-start=\"631\" data-end=\"696\">\n<p data-start=\"633\" data-end=\"696\">Oral q\u0259buldan sonra z\u0259if sorulur, \u0259sas\u0259n n\u0259cisl\u0259 xaric olunur<\/p>\n<\/li>\n<\/ul>\n<hr data-start=\"698\" data-end=\"701\" \/>\n<h3 data-start=\"703\" data-end=\"734\"><strong data-start=\"707\" data-end=\"732\">Instructions for use<\/strong><\/h3>\n<p data-start=\"735\" data-end=\"797\"><strong data-start=\"735\" data-end=\"753\">Coli-2400 Oral<\/strong> a\u015fa\u011f\u0131dak\u0131 infeksiyalarda istifad\u0259 olunur:<\/p>\n<ul data-start=\"798\" data-end=\"934\">\n<li data-start=\"798\" data-end=\"934\">\n<p data-start=\"800\" data-end=\"934\"><strong data-start=\"800\" data-end=\"831\">M\u0259d\u0259-ba\u011f\u0131rsaq infeksiyalar\u0131<\/strong> colistin h\u0259ssas mikroorqanizml\u0259r t\u0259r\u0259find\u0259n t\u00f6r\u0259dil\u0259n (<em data-start=\"887\" data-end=\"931\">E. coli, Haemophilus spp., Salmonella spp.<\/em>)<\/p>\n<\/li>\n<\/ul>\n<p data-start=\"936\" data-end=\"956\">Areas of use:<\/p>\n<ul data-start=\"957\" data-end=\"1061\">\n<li data-start=\"957\" data-end=\"969\">\n<p data-start=\"959\" data-end=\"969\">Buzovlar<\/p>\n<\/li>\n<li data-start=\"970\" data-end=\"993\">\n<p data-start=\"972\" data-end=\"993\">Qoyunlar v\u0259 ke\u00e7il\u0259r<\/p>\n<\/li>\n<li data-start=\"994\" data-end=\"1006\">\n<p data-start=\"996\" data-end=\"1006\">Pigs<\/p>\n<\/li>\n<li data-start=\"1007\" data-end=\"1061\">\n<p data-start=\"1009\" data-end=\"1061\">Qu\u015flar (yumurta istehsal\u0131 \u00fc\u00e7\u00fcn n\u0259z\u0259rd\u0259 tutulmayan)<\/p>\n<\/li>\n<\/ul>\n<hr data-start=\"1063\" data-end=\"1066\" \/>\n<h3 data-start=\"1068\" data-end=\"1093\"><strong data-start=\"1072\" data-end=\"1091\">Contraindications<\/strong><\/h3>\n<ul data-start=\"1094\" data-end=\"1315\">\n<li data-start=\"1094\" data-end=\"1147\">\n<p data-start=\"1096\" data-end=\"1147\">Kolistin\u0259 v\u0259 ya k\u00f6m\u0259k\u00e7i madd\u0259l\u0259r\u0259 qar\u015f\u0131 h\u0259ssasl\u0131q<\/p>\n<\/li>\n<li data-start=\"1148\" data-end=\"1176\">\n<p data-start=\"1150\" data-end=\"1176\">A\u011f\u0131r b\u00f6yr\u0259k \u00e7at\u0131\u015fmazl\u0131\u011f\u0131<\/p>\n<\/li>\n<li data-start=\"1177\" data-end=\"1227\">\n<p data-start=\"1179\" data-end=\"1227\">Aktiv mikroblarla fermentasiya ged\u0259n heyvanlar<\/p>\n<\/li>\n<li data-start=\"1228\" data-end=\"1315\">\n<p data-start=\"1230\" data-end=\"1315\">Subterapevtik dozada v\u0259 ya kolistin\u0259 m\u00fcqavim\u0259t olan hallarda istifad\u0259 olunmamal\u0131d\u0131r<\/p>\n<\/li>\n<\/ul>\n<hr data-start=\"1317\" data-end=\"1320\" \/>\n<h3 data-start=\"1322\" data-end=\"1344\"><strong data-start=\"1326\" data-end=\"1342\">Yan t\u0259sirl\u0259r<\/strong><\/h3>\n<ul data-start=\"1345\" data-end=\"1463\">\n<li data-start=\"1345\" data-end=\"1416\">\n<p data-start=\"1347\" data-end=\"1416\">Ba\u011f\u0131rsaq mikrofloras\u0131nda d\u0259yi\u015fiklik, qaz toplanmas\u0131 v\u0259 y\u00fcng\u00fcl ishal<\/p>\n<\/li>\n<li data-start=\"1417\" data-end=\"1463\">\n<p data-start=\"1419\" data-end=\"1463\">H\u0259ddind\u0259n art\u0131q dozada b\u00f6yr\u0259k \u00e7at\u0131\u015fmazl\u0131\u011f\u0131<\/p>\n<\/li>\n<\/ul>\n<hr data-start=\"1465\" data-end=\"1468\" \/>\n<h3 data-start=\"1470\" data-end=\"1507\"><strong data-start=\"1474\" data-end=\"1505\">Dozalanma v\u0259 t\u0259tbiq qaydas\u0131<\/strong><\/h3>\n<p data-start=\"1508\" data-end=\"1533\"><strong data-start=\"1508\" data-end=\"1531\">Oral yolla verilir.<\/strong><\/p>\n<ul data-start=\"1535\" data-end=\"1690\">\n<li data-start=\"1535\" data-end=\"1618\">\n<p data-start=\"1537\" data-end=\"1618\"><strong data-start=\"1537\" data-end=\"1565\">Buzov, qoyun v\u0259 ke\u00e7il\u0259r:<\/strong> g\u00fcnd\u0259 2 d\u0259f\u0259, <strong data-start=\"1580\" data-end=\"1607\">1 ml \/ 40 kq canl\u0131 \u00e7\u0259ki<\/strong>, 5\u20137 g\u00fcn<\/p>\n<\/li>\n<li data-start=\"1619\" data-end=\"1690\">\n<p data-start=\"1621\" data-end=\"1690\"><strong data-start=\"1621\" data-end=\"1641\">Pigs and birds:<\/strong> <strong data-start=\"1642\" data-end=\"1679\">1 litr \/ 2000\u20134000 litr i\u00e7m\u0259li su<\/strong>, 5\u20137 g\u00fcn<\/p>\n<\/li>\n<\/ul>\n<blockquote data-start=\"1692\" data-end=\"1865\">\n<p data-start=\"1694\" data-end=\"1865\">Yaln\u0131z g\u00fcnd\u0259lik ehtiyac q\u0259d\u0259r d\u0259rmanl\u0131 su haz\u0131rlanmal\u0131 v\u0259 h\u0259r 24 saata d\u0259yi\u015fdirilm\u0259lidir.<br data-start=\"1783\" data-end=\"1786\" \/>Qeyd: yaln\u0131z m\u0259d\u0259si h\u0259l\u0259 b\u00f6l\u00fcnm\u0259mi\u015f buzov, quzu v\u0259 ke\u00e7il\u0259rd\u0259 t\u0259tbiq olunur.<\/p>\n<\/blockquote>\n<hr data-start=\"1867\" data-end=\"1870\" \/>\n<h3 data-start=\"1872\" data-end=\"1915\"><strong data-start=\"1876\" data-end=\"1913\">\u00c7\u0259kilm\u0259 m\u00fcdd\u0259ti (withdrawal time)<\/strong><\/h3>\n<ul data-start=\"1916\" data-end=\"1975\">\n<li data-start=\"1916\" data-end=\"1952\">\n<p data-start=\"1918\" data-end=\"1952\"><strong data-start=\"1918\" data-end=\"1944\">\u018ft v\u0259 daxili orqanlar:<\/strong> 1 day<\/p>\n<\/li>\n<li data-start=\"1953\" data-end=\"1975\">\n<p data-start=\"1955\" data-end=\"1975\"><strong data-start=\"1955\" data-end=\"1967\">Yumurta:<\/strong> 0 g\u00fcn<\/p>\n<\/li>\n<\/ul>\n<hr data-start=\"1977\" data-end=\"1980\" \/>\n<h3 data-start=\"1982\" data-end=\"2003\"><strong data-start=\"1986\" data-end=\"2001\">Packaging<\/strong><\/h3>\n<ul data-start=\"2004\" data-end=\"2035\">\n<li data-start=\"2004\" data-end=\"2035\">\n<p data-start=\"2006\" data-end=\"2035\"><strong data-start=\"2006\" data-end=\"2033\">1000 ml-lik \u015f\u00fc\u015f\u0259 flakon<\/strong><\/p>\n<\/li>\n<\/ul>\n<\/div>\n<p><!-- .vgblk-rw-wrapper --><\/p>","protected":false},"excerpt":{"rendered":"<p>Coli-2400 Oral Kolistin 2400 BV oral m\u0259hlul T\u0259rkibi H\u0259r 1 ml m\u0259hlulda: Kolistin sulfat \u2013 2 400 000 BV T\u0259sviri Kolistin \u2014 polimiksinl\u0259r qrupuna aid antibiotikdir v\u0259 Qram-m\u0259nfi bakteriyalara qar\u015f\u0131 bakterisid t\u0259sir g\u00f6st\u0259rir (E. coli, Haemophilus spp., Salmonella spp.). F\u0259aliyy\u0259t mexanizmi: H\u00fcceyr\u0259 membran\u0131na daxil olaraq onu da\u011f\u0131d\u0131r Lipopolisaxarid (LPS) il\u0259 birl\u0259\u015f\u0259r\u0259k endotoksin f\u0259aliyy\u0259tini neytralla\u015fd\u0131r\u0131r Oral&#8230;<\/p>","protected":false},"featured_media":990327,"comment_status":"open","ping_status":"closed","template":"","meta":{"nf_dc_page":"","_monsterinsights_skip_tracking":false,"_monsterinsights_sitenote_active":false,"_monsterinsights_sitenote_note":"","_monsterinsights_sitenote_category":0},"product_brand":[],"product_cat":[251,108,114],"product_tag":[],"class_list":{"0":"post-990326","1":"product","2":"type-product","3":"status-publish","4":"has-post-thumbnail","6":"product_cat-veterinary-products","7":"product_cat-cow","8":"product_cat-sheep","10":"first","11":"instock","12":"shipping-taxable","13":"product-type-simple"},"jetpack_sharing_enabled":true,"_links":{"self":[{"href":"https:\/\/agrovetazerbaijan.az\/en\/wp-json\/wp\/v2\/product\/990326","targetHints":{"allow":["GET"]}}],"collection":[{"href":"https:\/\/agrovetazerbaijan.az\/en\/wp-json\/wp\/v2\/product"}],"about":[{"href":"https:\/\/agrovetazerbaijan.az\/en\/wp-json\/wp\/v2\/types\/product"}],"replies":[{"embeddable":true,"href":"https:\/\/agrovetazerbaijan.az\/en\/wp-json\/wp\/v2\/comments?post=990326"}],"version-history":[{"count":1,"href":"https:\/\/agrovetazerbaijan.az\/en\/wp-json\/wp\/v2\/product\/990326\/revisions"}],"predecessor-version":[{"id":990328,"href":"https:\/\/agrovetazerbaijan.az\/en\/wp-json\/wp\/v2\/product\/990326\/revisions\/990328"}],"wp:featuredmedia":[{"embeddable":true,"href":"https:\/\/agrovetazerbaijan.az\/en\/wp-json\/wp\/v2\/media\/990327"}],"wp:attachment":[{"href":"https:\/\/agrovetazerbaijan.az\/en\/wp-json\/wp\/v2\/media?parent=990326"}],"wp:term":[{"taxonomy":"product_brand","embeddable":true,"href":"https:\/\/agrovetazerbaijan.az\/en\/wp-json\/wp\/v2\/product_brand?post=990326"},{"taxonomy":"product_cat","embeddable":true,"href":"https:\/\/agrovetazerbaijan.az\/en\/wp-json\/wp\/v2\/product_cat?post=990326"},{"taxonomy":"product_tag","embeddable":true,"href":"https:\/\/agrovetazerbaijan.az\/en\/wp-json\/wp\/v2\/product_tag?post=990326"}],"curies":[{"name":"wp","href":"https:\/\/api.w.org\/{rel}","templated":true}]}}