{"id":990313,"date":"2025-09-21T21:21:13","date_gmt":"2025-09-21T21:21:13","guid":{"rendered":"https:\/\/agrovetazerbaijan.az\/?post_type=product&#038;p=990313"},"modified":"2025-09-21T21:21:25","modified_gmt":"2025-09-21T21:21:25","slug":"interflox-oral","status":"publish","type":"product","link":"https:\/\/agrovetazerbaijan.az\/en\/product\/interflox-oral\/","title":{"rendered":"Interflox Oral"},"content":{"rendered":"<div class=\"vgblk-rw-wrapper limit-wrapper\">\n<h2 data-start=\"108\" data-end=\"131\"><strong data-start=\"111\" data-end=\"129\">Interflox Oral<\/strong><\/h2>\n<p data-start=\"132\" data-end=\"165\"><strong data-start=\"132\" data-end=\"165\">Enrofloksasin 10% oral m\u0259hlul<\/strong><\/p>\n<h3 data-start=\"167\" data-end=\"184\"><strong data-start=\"171\" data-end=\"182\">Ingredients<\/strong><\/h3>\n<p data-start=\"185\" data-end=\"205\">H\u0259r 1 ml m\u0259hlulda:<\/p>\n<ul data-start=\"206\" data-end=\"236\">\n<li data-start=\"206\" data-end=\"236\">\n<p data-start=\"208\" data-end=\"236\"><strong data-start=\"208\" data-end=\"225\">Enrofloxacin<\/strong> \u2013 100 mg<\/p>\n<\/li>\n<\/ul>\n<hr data-start=\"238\" data-end=\"241\" \/>\n<h3 data-start=\"243\" data-end=\"260\"><strong data-start=\"247\" data-end=\"258\">Description<\/strong><\/h3>\n<p data-start=\"261\" data-end=\"441\">Enrofloxacin <strong data-start=\"275\" data-end=\"297\">xinolonlar qrupuna<\/strong> aid antibiotikdir v\u0259 \u0259sas\u0259n <strong data-start=\"326\" data-end=\"354\">Qram-m\u0259nfi bakteriyalara<\/strong> qar\u015f\u0131 bakterisid t\u0259sir g\u00f6st\u0259rir. X\u00fcsusil\u0259 a\u015fa\u011f\u0131dak\u0131 bakteriyalara qar\u015f\u0131 effektivdir:<\/p>\n<ul data-start=\"442\" data-end=\"570\">\n<li data-start=\"442\" data-end=\"466\">\n<p data-start=\"444\" data-end=\"466\"><em data-start=\"444\" data-end=\"464\">Campylobacter spp.<\/em><\/p>\n<\/li>\n<li data-start=\"467\" data-end=\"480\">\n<p data-start=\"469\" data-end=\"480\"><em data-start=\"469\" data-end=\"478\">E. coli<\/em><\/p>\n<\/li>\n<li data-start=\"481\" data-end=\"503\">\n<p data-start=\"483\" data-end=\"503\"><em data-start=\"483\" data-end=\"501\">Haemophilus spp.<\/em><\/p>\n<\/li>\n<li data-start=\"504\" data-end=\"526\">\n<p data-start=\"506\" data-end=\"526\"><em data-start=\"506\" data-end=\"524\">Pasteurella spp.<\/em><\/p>\n<\/li>\n<li data-start=\"527\" data-end=\"548\">\n<p data-start=\"529\" data-end=\"548\"><em data-start=\"529\" data-end=\"546\">Salmonella spp.<\/em><\/p>\n<\/li>\n<li data-start=\"549\" data-end=\"570\">\n<p data-start=\"551\" data-end=\"570\"><em data-start=\"551\" data-end=\"568\">Mycoplasma spp.<\/em><\/p>\n<\/li>\n<\/ul>\n<hr data-start=\"572\" data-end=\"575\" \/>\n<h3 data-start=\"577\" data-end=\"608\"><strong data-start=\"581\" data-end=\"606\">Instructions for use<\/strong><\/h3>\n<p data-start=\"609\" data-end=\"692\">Enrofloksasina h\u0259ssas mikroorqanizml\u0259rin t\u00f6r\u0259tdiyi x\u0259st\u0259likl\u0259rd\u0259 istifad\u0259 olunur:<\/p>\n<ul data-start=\"693\" data-end=\"803\">\n<li data-start=\"693\" data-end=\"728\">\n<p data-start=\"695\" data-end=\"728\"><strong data-start=\"695\" data-end=\"726\">M\u0259d\u0259-ba\u011f\u0131rsaq infeksiyalar\u0131<\/strong><\/p>\n<\/li>\n<li data-start=\"729\" data-end=\"767\">\n<p data-start=\"731\" data-end=\"767\"><strong data-start=\"731\" data-end=\"765\">Respiratory tract infections<\/strong><\/p>\n<\/li>\n<li data-start=\"768\" data-end=\"803\">\n<p data-start=\"770\" data-end=\"803\"><strong data-start=\"770\" data-end=\"801\">Sidik yollar\u0131 infeksiyalar\u0131<\/strong><\/p>\n<\/li>\n<\/ul>\n<p data-start=\"805\" data-end=\"825\">Areas of use:<\/p>\n<ul data-start=\"826\" data-end=\"927\">\n<li data-start=\"826\" data-end=\"838\">\n<p data-start=\"828\" data-end=\"838\">Buzovlar<\/p>\n<\/li>\n<li data-start=\"839\" data-end=\"859\">\n<p data-start=\"841\" data-end=\"859\">Qoyun v\u0259 ke\u00e7il\u0259r<\/p>\n<\/li>\n<li data-start=\"860\" data-end=\"872\">\n<p data-start=\"862\" data-end=\"872\">Pigs<\/p>\n<\/li>\n<li data-start=\"873\" data-end=\"927\">\n<p data-start=\"875\" data-end=\"927\">Qu\u015flar (yumurta istehsal\u0131 \u00fc\u00e7\u00fcn n\u0259z\u0259rd\u0259 tutulmayan)<\/p>\n<\/li>\n<\/ul>\n<hr data-start=\"929\" data-end=\"932\" \/>\n<h3 data-start=\"934\" data-end=\"959\"><strong data-start=\"938\" data-end=\"957\">Contraindications<\/strong><\/h3>\n<ul data-start=\"960\" data-end=\"1256\">\n<li data-start=\"960\" data-end=\"994\">\n<p data-start=\"962\" data-end=\"994\">Enrofloksasina qar\u015f\u0131 h\u0259ssasl\u0131q<\/p>\n<\/li>\n<li data-start=\"995\" data-end=\"1060\">\n<p data-start=\"997\" data-end=\"1060\">Qaraciy\u0259r v\u0259\/v\u0259 ya b\u00f6yr\u0259k funksiyas\u0131 ciddi pozulmu\u015f heyvanlar<\/p>\n<\/li>\n<li data-start=\"1061\" data-end=\"1121\">\n<p data-start=\"1063\" data-end=\"1121\">\u0130nsan istehlak\u0131 \u00fc\u00e7\u00fcn yumurta ver\u0259n toyuqlarda istifad\u0259si<\/p>\n<\/li>\n<li data-start=\"1122\" data-end=\"1168\">\n<p data-start=\"1124\" data-end=\"1168\">Hamil\u0259 v\u0259 s\u00fcd ver\u0259n heyvanlarda istifad\u0259si<\/p>\n<\/li>\n<li data-start=\"1169\" data-end=\"1256\">\n<p data-start=\"1171\" data-end=\"1256\">Tetrasiklinl\u0259r, xloramfenikol, makrolidl\u0259r v\u0259 linkosamidl\u0259r il\u0259 birlikd\u0259 istifad\u0259si<\/p>\n<\/li>\n<\/ul>\n<hr data-start=\"1258\" data-end=\"1261\" \/>\n<h3 data-start=\"1263\" data-end=\"1285\"><strong data-start=\"1267\" data-end=\"1283\">Yan t\u0259sirl\u0259r<\/strong><\/h3>\n<ul data-start=\"1286\" data-end=\"1379\">\n<li data-start=\"1286\" data-end=\"1379\">\n<p data-start=\"1288\" data-end=\"1379\">G\u0259nc heyvanlarda uzun m\u00fcdd\u0259t istifad\u0259si oynaqlarda q\u0131\u011f\u0131rdaq z\u0259d\u0259l\u0259nm\u0259sin\u0259 s\u0259b\u0259b ola bil\u0259r<\/p>\n<\/li>\n<\/ul>\n<hr data-start=\"1381\" data-end=\"1384\" \/>\n<h3 data-start=\"1386\" data-end=\"1423\"><strong data-start=\"1390\" data-end=\"1421\">Dozalanma v\u0259 t\u0259tbiq qaydas\u0131<\/strong><\/h3>\n<p data-start=\"1424\" data-end=\"1449\"><strong data-start=\"1424\" data-end=\"1447\">Oral yolla verilir.<\/strong><\/p>\n<ul data-start=\"1451\" data-end=\"1671\">\n<li data-start=\"1451\" data-end=\"1539\">\n<p data-start=\"1453\" data-end=\"1539\"><strong data-start=\"1453\" data-end=\"1481\">Buzov, qoyun v\u0259 ke\u00e7il\u0259r:<\/strong> g\u00fcnd\u0259 2 d\u0259f\u0259, <strong data-start=\"1496\" data-end=\"1528\">75\u2013150 kq canl\u0131 \u00e7\u0259kiy\u0259 10 ml<\/strong>, 3\u20135 g\u00fcn<\/p>\n<\/li>\n<li data-start=\"1540\" data-end=\"1606\">\n<p data-start=\"1542\" data-end=\"1606\"><strong data-start=\"1542\" data-end=\"1555\">Pigs:<\/strong> <strong data-start=\"1556\" data-end=\"1595\">1 litr \/ 1000\u20133000 litr i\u00e7m\u0259li suya<\/strong>, 3\u20135 g\u00fcn<\/p>\n<\/li>\n<li data-start=\"1607\" data-end=\"1671\">\n<p data-start=\"1609\" data-end=\"1671\"><strong data-start=\"1609\" data-end=\"1620\">Birds:<\/strong> <strong data-start=\"1621\" data-end=\"1660\">1 litr \/ 1500\u20132000 litr i\u00e7m\u0259li suya<\/strong>, 3\u20135 g\u00fcn<\/p>\n<\/li>\n<\/ul>\n<blockquote data-start=\"1673\" data-end=\"1752\">\n<p data-start=\"1675\" data-end=\"1752\">Qeyd: yaln\u0131z m\u0259d\u0259si h\u0259l\u0259 b\u00f6l\u00fcnm\u0259mi\u015f buzov, quzu v\u0259 ke\u00e7il\u0259rd\u0259 t\u0259tbiq olunur.<\/p>\n<\/blockquote>\n<hr data-start=\"1754\" data-end=\"1757\" \/>\n<h3 data-start=\"1759\" data-end=\"1802\"><strong data-start=\"1763\" data-end=\"1800\">\u00c7\u0259kilm\u0259 m\u00fcdd\u0259ti (withdrawal time)<\/strong><\/h3>\n<ul data-start=\"1803\" data-end=\"1874\">\n<li data-start=\"1803\" data-end=\"1826\">\n<p data-start=\"1805\" data-end=\"1826\"><strong data-start=\"1805\" data-end=\"1817\">For meat:<\/strong> 12 g\u00fcn<\/p>\n<\/li>\n<li data-start=\"1827\" data-end=\"1874\">\n<p data-start=\"1829\" data-end=\"1874\"><strong data-start=\"1829\" data-end=\"1872\">Yumurta istehsal\u0131 \u00fc\u00e7\u00fcn istifad\u0259 edilmir<\/strong><\/p>\n<\/li>\n<\/ul>\n<hr data-start=\"1876\" data-end=\"1879\" \/>\n<h3 data-start=\"1881\" data-end=\"1902\"><strong data-start=\"1885\" data-end=\"1900\">Packaging<\/strong><\/h3>\n<ul data-start=\"1903\" data-end=\"1947\">\n<li data-start=\"1903\" data-end=\"1947\">\n<p data-start=\"1905\" data-end=\"1947\"><strong data-start=\"1905\" data-end=\"1945\">100 ml v\u0259 1000 ml-lik \u015f\u00fc\u015f\u0259 flakonlar<\/strong><\/p>\n<\/li>\n<\/ul>\n<\/div>\n<p><!-- .vgblk-rw-wrapper --><\/p>","protected":false},"excerpt":{"rendered":"<p>Interflox Oral Enrofloksasin 10% oral m\u0259hlul T\u0259rkibi H\u0259r 1 ml m\u0259hlulda: Enrofloksasin \u2013 100 mq T\u0259sviri Enrofloksasin xinolonlar qrupuna aid antibiotikdir v\u0259 \u0259sas\u0259n Qram-m\u0259nfi bakteriyalara qar\u015f\u0131 bakterisid t\u0259sir g\u00f6st\u0259rir. X\u00fcsusil\u0259 a\u015fa\u011f\u0131dak\u0131 bakteriyalara qar\u015f\u0131 effektivdir: Campylobacter spp. E. coli Haemophilus spp. Pasteurella spp. Salmonella spp. Mycoplasma spp. \u0130stifad\u0259 g\u00f6st\u0259ri\u015fl\u0259ri Enrofloksasina h\u0259ssas mikroorqanizml\u0259rin t\u00f6r\u0259tdiyi x\u0259st\u0259likl\u0259rd\u0259 istifad\u0259 olunur:&#8230;<\/p>","protected":false},"featured_media":990314,"comment_status":"open","ping_status":"closed","template":"","meta":{"nf_dc_page":"","_monsterinsights_skip_tracking":false,"_monsterinsights_sitenote_active":false,"_monsterinsights_sitenote_note":"","_monsterinsights_sitenote_category":0},"product_brand":[],"product_cat":[251,108,114],"product_tag":[],"class_list":{"0":"post-990313","1":"product","2":"type-product","3":"status-publish","4":"has-post-thumbnail","6":"product_cat-veterinary-products","7":"product_cat-cow","8":"product_cat-sheep","10":"first","11":"instock","12":"shipping-taxable","13":"product-type-simple"},"jetpack_sharing_enabled":true,"_links":{"self":[{"href":"https:\/\/agrovetazerbaijan.az\/en\/wp-json\/wp\/v2\/product\/990313","targetHints":{"allow":["GET"]}}],"collection":[{"href":"https:\/\/agrovetazerbaijan.az\/en\/wp-json\/wp\/v2\/product"}],"about":[{"href":"https:\/\/agrovetazerbaijan.az\/en\/wp-json\/wp\/v2\/types\/product"}],"replies":[{"embeddable":true,"href":"https:\/\/agrovetazerbaijan.az\/en\/wp-json\/wp\/v2\/comments?post=990313"}],"version-history":[{"count":1,"href":"https:\/\/agrovetazerbaijan.az\/en\/wp-json\/wp\/v2\/product\/990313\/revisions"}],"predecessor-version":[{"id":990315,"href":"https:\/\/agrovetazerbaijan.az\/en\/wp-json\/wp\/v2\/product\/990313\/revisions\/990315"}],"wp:featuredmedia":[{"embeddable":true,"href":"https:\/\/agrovetazerbaijan.az\/en\/wp-json\/wp\/v2\/media\/990314"}],"wp:attachment":[{"href":"https:\/\/agrovetazerbaijan.az\/en\/wp-json\/wp\/v2\/media?parent=990313"}],"wp:term":[{"taxonomy":"product_brand","embeddable":true,"href":"https:\/\/agrovetazerbaijan.az\/en\/wp-json\/wp\/v2\/product_brand?post=990313"},{"taxonomy":"product_cat","embeddable":true,"href":"https:\/\/agrovetazerbaijan.az\/en\/wp-json\/wp\/v2\/product_cat?post=990313"},{"taxonomy":"product_tag","embeddable":true,"href":"https:\/\/agrovetazerbaijan.az\/en\/wp-json\/wp\/v2\/product_tag?post=990313"}],"curies":[{"name":"wp","href":"https:\/\/api.w.org\/{rel}","templated":true}]}}