{"id":990310,"date":"2025-09-21T20:55:20","date_gmt":"2025-09-21T20:55:20","guid":{"rendered":"https:\/\/agrovetazerbaijan.az\/?post_type=product&#038;p=990310"},"modified":"2025-09-21T20:55:34","modified_gmt":"2025-09-21T20:55:34","slug":"genta-100","status":"publish","type":"product","link":"https:\/\/agrovetazerbaijan.az\/en\/product\/genta-100\/","title":{"rendered":"Genta-100"},"content":{"rendered":"<div class=\"vgblk-rw-wrapper limit-wrapper\">\n<h2 data-start=\"117\" data-end=\"135\"><strong data-start=\"120\" data-end=\"133\">enta-100<\/strong><\/h2>\n<p data-start=\"136\" data-end=\"172\"><strong data-start=\"136\" data-end=\"172\">Gentamisin 10% inyeksiya m\u0259hlulu<\/strong><\/p>\n<h3 data-start=\"174\" data-end=\"191\"><strong data-start=\"178\" data-end=\"189\">Ingredients<\/strong><\/h3>\n<p data-start=\"192\" data-end=\"212\">H\u0259r 1 ml m\u0259hlulda:<\/p>\n<ul data-start=\"213\" data-end=\"258\">\n<li data-start=\"213\" data-end=\"258\">\n<p data-start=\"215\" data-end=\"258\"><strong data-start=\"215\" data-end=\"247\">Gentamisin (sulfat \u015f\u0259klind\u0259)<\/strong> \u2013 100 mg<\/p>\n<\/li>\n<\/ul>\n<hr data-start=\"260\" data-end=\"263\" \/>\n<h3 data-start=\"265\" data-end=\"282\"><strong data-start=\"269\" data-end=\"280\">Description<\/strong><\/h3>\n<p data-start=\"283\" data-end=\"587\">Gentamisin <strong data-start=\"294\" data-end=\"322\">aminoglikozidl\u0259r qrupuna<\/strong> aid antibiotikdir v\u0259 \u0259sas\u0259n <strong data-start=\"351\" data-end=\"379\">Qram-m\u0259nfi bakteriyalara<\/strong> qar\u015f\u0131 bakterisid t\u0259sir g\u00f6st\u0259rir. Bu bakteriyalar aras\u0131nda <strong data-start=\"438\" data-end=\"503\">E. coli, Klebsiella spp., Pasteurella spp. v\u0259 Salmonella spp.<\/strong> vard\u0131r. Onun t\u0259sir mexanizmi bakterial z\u00fclal sintezinin inhibisiyas\u0131na \u0259saslan\u0131r.<\/p>\n<hr data-start=\"589\" data-end=\"592\" \/>\n<h3 data-start=\"594\" data-end=\"625\"><strong data-start=\"598\" data-end=\"623\">Instructions for use<\/strong><\/h3>\n<p data-start=\"626\" data-end=\"784\">Gentamisin\u0259 h\u0259ssas bakteriyalar\u0131n t\u00f6r\u0259tdiyi <strong data-start=\"670\" data-end=\"687\">gastrointestinal<\/strong> and <strong data-start=\"691\" data-end=\"728\">t\u0259n\u0259ff\u00fcs yollar\u0131 infeksiyalar\u0131nda<\/strong> t\u0259tbiq olunur. A\u015fa\u011f\u0131dak\u0131 heyvanlarda istifad\u0259 edilir:<\/p>\n<ul data-start=\"785\" data-end=\"857\">\n<li data-start=\"785\" data-end=\"823\">\n<p data-start=\"787\" data-end=\"823\">\u0130ri buynuzlu heyvanlar v\u0259 buzovlar<\/p>\n<\/li>\n<li data-start=\"824\" data-end=\"844\">\n<p data-start=\"826\" data-end=\"844\">Qoyun v\u0259 ke\u00e7il\u0259r<\/p>\n<\/li>\n<li data-start=\"845\" data-end=\"857\">\n<p data-start=\"847\" data-end=\"857\">Pigs<\/p>\n<\/li>\n<\/ul>\n<hr data-start=\"859\" data-end=\"862\" \/>\n<h3 data-start=\"864\" data-end=\"889\"><strong data-start=\"868\" data-end=\"887\">Contraindications<\/strong><\/h3>\n<ul data-start=\"890\" data-end=\"1092\">\n<li data-start=\"890\" data-end=\"928\">\n<p data-start=\"892\" data-end=\"928\">Gentamisin\u0259 qar\u015f\u0131 y\u00fcks\u0259k h\u0259ssasl\u0131q<\/p>\n<\/li>\n<li data-start=\"929\" data-end=\"1017\">\n<p data-start=\"931\" data-end=\"1017\">Qaraciy\u0259r v\u0259\/v\u0259 ya b\u00f6yr\u0259k funksiyalar\u0131 ciddi \u015f\u0259kild\u0259 pozulmu\u015f heyvanlarda istifad\u0259si<\/p>\n<\/li>\n<li data-start=\"1018\" data-end=\"1092\">\n<p data-start=\"1020\" data-end=\"1092\">Nefrotoksik v\u0259 ya bakteriyostatik preparatlarla eyni vaxtda istifad\u0259si<\/p>\n<\/li>\n<\/ul>\n<hr data-start=\"1094\" data-end=\"1097\" \/>\n<h3 data-start=\"1099\" data-end=\"1121\"><strong data-start=\"1103\" data-end=\"1119\">Yan t\u0259sirl\u0259r<\/strong><\/h3>\n<ul data-start=\"1122\" data-end=\"1263\">\n<li data-start=\"1122\" data-end=\"1146\">\n<p data-start=\"1124\" data-end=\"1146\">Allergic reactions<\/p>\n<\/li>\n<li data-start=\"1147\" data-end=\"1263\">\n<p data-start=\"1149\" data-end=\"1263\">During long-term and high-dose use <strong data-start=\"1195\" data-end=\"1248\">neyrotoksiklik, ototoksiklik v\u0259 ya nefrotoksiklik<\/strong> yarana bil\u0259r<\/p>\n<\/li>\n<\/ul>\n<hr data-start=\"1265\" data-end=\"1268\" \/>\n<h3 data-start=\"1270\" data-end=\"1307\"><strong data-start=\"1274\" data-end=\"1305\">Dozalanma v\u0259 t\u0259tbiq qaydas\u0131<\/strong><\/h3>\n<p data-start=\"1308\" data-end=\"1360\"><strong data-start=\"1308\" data-end=\"1334\">\u018fz\u0259l\u0259 daxili inyeksiya<\/strong> \u015f\u0259klind\u0259 t\u0259tbiq olunur.<\/p>\n<ul data-start=\"1362\" data-end=\"1448\">\n<li data-start=\"1362\" data-end=\"1421\">\n<p data-start=\"1364\" data-end=\"1421\">\u00dcmumi doz: g\u00fcnd\u0259 2 d\u0259f\u0259, <strong data-start=\"1389\" data-end=\"1419\">20\u201340 kq canl\u0131 \u00e7\u0259kiy\u0259 1 ml<\/strong><\/p>\n<\/li>\n<li data-start=\"1422\" data-end=\"1448\">\n<p data-start=\"1424\" data-end=\"1448\">M\u00fcalic\u0259 m\u00fcdd\u0259ti: 3 g\u00fcn<\/p>\n<\/li>\n<\/ul>\n<hr data-start=\"1450\" data-end=\"1453\" \/>\n<h3 data-start=\"1455\" data-end=\"1498\"><strong data-start=\"1459\" data-end=\"1496\">\u00c7\u0259kilm\u0259 m\u00fcdd\u0259ti (withdrawal time)<\/strong><\/h3>\n<ul data-start=\"1499\" data-end=\"1573\">\n<li data-start=\"1499\" data-end=\"1526\">\n<p data-start=\"1501\" data-end=\"1526\"><strong data-start=\"1501\" data-end=\"1517\">B\u00f6yr\u0259k \u00fc\u00e7\u00fcn:<\/strong> 45 g\u00fcn<\/p>\n<\/li>\n<li data-start=\"1527\" data-end=\"1549\">\n<p data-start=\"1529\" data-end=\"1549\"><strong data-start=\"1529\" data-end=\"1541\">For meat:<\/strong> 7 days<\/p>\n<\/li>\n<li data-start=\"1550\" data-end=\"1573\">\n<p data-start=\"1552\" data-end=\"1573\"><strong data-start=\"1552\" data-end=\"1565\">S\u00fcd \u00fc\u00e7\u00fcn:<\/strong> 3 days<\/p>\n<\/li>\n<\/ul>\n<hr data-start=\"1575\" data-end=\"1578\" \/>\n<h3 data-start=\"1580\" data-end=\"1601\"><strong data-start=\"1584\" data-end=\"1599\">Packaging<\/strong><\/h3>\n<ul data-start=\"1602\" data-end=\"1632\">\n<li data-start=\"1602\" data-end=\"1632\">\n<p data-start=\"1604\" data-end=\"1632\"><strong data-start=\"1604\" data-end=\"1630\">100 ml-lik \u015f\u00fc\u015f\u0259 flakon<\/strong><\/p>\n<\/li>\n<\/ul>\n<\/div>\n<p><!-- .vgblk-rw-wrapper --><\/p>","protected":false},"excerpt":{"rendered":"<p>enta-100 Gentamisin 10% inyeksiya m\u0259hlulu T\u0259rkibi H\u0259r 1 ml m\u0259hlulda: Gentamisin (sulfat \u015f\u0259klind\u0259) \u2013 100 mq T\u0259sviri Gentamisin aminoglikozidl\u0259r qrupuna aid antibiotikdir v\u0259 \u0259sas\u0259n Qram-m\u0259nfi bakteriyalara qar\u015f\u0131 bakterisid t\u0259sir g\u00f6st\u0259rir. Bu bakteriyalar aras\u0131nda E. coli, Klebsiella spp., Pasteurella spp. v\u0259 Salmonella spp. vard\u0131r. Onun t\u0259sir mexanizmi bakterial z\u00fclal sintezinin inhibisiyas\u0131na \u0259saslan\u0131r. \u0130stifad\u0259 g\u00f6st\u0259ri\u015fl\u0259ri Gentamisin\u0259 h\u0259ssas&#8230;<\/p>","protected":false},"featured_media":990311,"comment_status":"open","ping_status":"closed","template":"","meta":{"nf_dc_page":"","_monsterinsights_skip_tracking":false,"_monsterinsights_sitenote_active":false,"_monsterinsights_sitenote_note":"","_monsterinsights_sitenote_category":0},"product_brand":[],"product_cat":[251,108,114],"product_tag":[],"class_list":{"0":"post-990310","1":"product","2":"type-product","3":"status-publish","4":"has-post-thumbnail","6":"product_cat-veterinary-products","7":"product_cat-cow","8":"product_cat-sheep","10":"first","11":"instock","12":"shipping-taxable","13":"product-type-simple"},"jetpack_sharing_enabled":true,"_links":{"self":[{"href":"https:\/\/agrovetazerbaijan.az\/en\/wp-json\/wp\/v2\/product\/990310","targetHints":{"allow":["GET"]}}],"collection":[{"href":"https:\/\/agrovetazerbaijan.az\/en\/wp-json\/wp\/v2\/product"}],"about":[{"href":"https:\/\/agrovetazerbaijan.az\/en\/wp-json\/wp\/v2\/types\/product"}],"replies":[{"embeddable":true,"href":"https:\/\/agrovetazerbaijan.az\/en\/wp-json\/wp\/v2\/comments?post=990310"}],"version-history":[{"count":1,"href":"https:\/\/agrovetazerbaijan.az\/en\/wp-json\/wp\/v2\/product\/990310\/revisions"}],"predecessor-version":[{"id":990312,"href":"https:\/\/agrovetazerbaijan.az\/en\/wp-json\/wp\/v2\/product\/990310\/revisions\/990312"}],"wp:featuredmedia":[{"embeddable":true,"href":"https:\/\/agrovetazerbaijan.az\/en\/wp-json\/wp\/v2\/media\/990311"}],"wp:attachment":[{"href":"https:\/\/agrovetazerbaijan.az\/en\/wp-json\/wp\/v2\/media?parent=990310"}],"wp:term":[{"taxonomy":"product_brand","embeddable":true,"href":"https:\/\/agrovetazerbaijan.az\/en\/wp-json\/wp\/v2\/product_brand?post=990310"},{"taxonomy":"product_cat","embeddable":true,"href":"https:\/\/agrovetazerbaijan.az\/en\/wp-json\/wp\/v2\/product_cat?post=990310"},{"taxonomy":"product_tag","embeddable":true,"href":"https:\/\/agrovetazerbaijan.az\/en\/wp-json\/wp\/v2\/product_tag?post=990310"}],"curies":[{"name":"wp","href":"https:\/\/api.w.org\/{rel}","templated":true}]}}