{"id":990284,"date":"2025-09-07T21:42:25","date_gmt":"2025-09-07T21:42:25","guid":{"rendered":"https:\/\/agrovetazerbaijan.az\/?post_type=product&#038;p=990284"},"modified":"2025-09-07T21:42:45","modified_gmt":"2025-09-07T21:42:45","slug":"inclusion-body-hepatitis-ibh-peyv%c9%99ndi-innaktiv-i-p","status":"publish","type":"product","link":"https:\/\/agrovetazerbaijan.az\/en\/product\/inclusion-body-hepatitis-ibh-peyv%c9%99ndi-innaktiv-i-p\/","title":{"rendered":"Inclusion Body Hepatitis (IBH) Peyv\u0259ndi, \u0130nnaktiv, I.P."},"content":{"rendered":"<div class=\"vgblk-rw-wrapper limit-wrapper\">\n<p data-start=\"100\" data-end=\"161\"><strong data-start=\"100\" data-end=\"159\">Inclusion Body Hepatitis (IBH) Peyv\u0259ndi, \u0130nnaktiv, I.P.<\/strong><\/p>\n<p data-start=\"163\" data-end=\"294\"><strong data-start=\"163\" data-end=\"174\">Description:<\/strong><br data-start=\"174\" data-end=\"177\" \/>GlobiVac\u00ae IBH, Fowl Adenovirus Tip-4 (FAdV-4) ehtiva ed\u0259n inaktivl\u0259\u015fdirilmi\u015f su-ya\u011f emulsiyas\u0131 \u015f\u0259klind\u0259 peyv\u0259nddir.<\/p>\n<p data-start=\"296\" data-end=\"391\"><strong data-start=\"296\" data-end=\"308\">Ingredients:<\/strong><br data-start=\"308\" data-end=\"311\" \/>H\u0259r doza NLT 1 PD90 inaktivl\u0259\u015fdirilmi\u015f Fowl Adenovirus-4 (FAdV-4) ehtiva edir.<\/p>\n<p data-start=\"393\" data-end=\"416\"><strong data-start=\"393\" data-end=\"414\">Purpose of use:<\/strong><\/p>\n<ul data-start=\"417\" data-end=\"669\">\n<li data-start=\"417\" data-end=\"549\">\n<p data-start=\"419\" data-end=\"549\">G\u0259nc civcivl\u0259ri Inclusion Body Hepatitis \u2013 Hydro Pericardium Syndrome (IBH-HPS) x\u0259st\u0259liyin\u0259 qar\u015f\u0131 aktiv immunizasiya etm\u0259k \u00fc\u00e7\u00fcn.<\/p>\n<\/li>\n<li data-start=\"550\" data-end=\"669\">\n<p data-start=\"552\" data-end=\"669\">Ana qu\u015f s\u00fcr\u00fcl\u0259rind\u0259 passiv immunizasiya \u00fc\u00e7\u00fcn, bel\u0259likl\u0259, maternal anticisiml\u0259ri g\u0259nc n\u0259sil civcivl\u0259r\u0259 \u00f6t\u00fcrm\u0259k \u00fc\u00e7\u00fcn.<\/p>\n<\/li>\n<\/ul>\n<p data-start=\"671\" data-end=\"690\"><strong data-start=\"671\" data-end=\"688\">Application method:<\/strong><\/p>\n<ul data-start=\"691\" data-end=\"955\">\n<li data-start=\"691\" data-end=\"763\">\n<p data-start=\"693\" data-end=\"763\">Peyv\u0259ndi istifad\u0259d\u0259n \u0259vv\u0259l otaq temperaturuna g\u0259tirin (15\u00b0C \u2013 25\u00b0C).<\/p>\n<\/li>\n<li data-start=\"764\" data-end=\"835\">\n<p data-start=\"766\" data-end=\"835\">\u0130stifad\u0259 zaman\u0131 yax\u015f\u0131ca silk\u0259l\u0259yin v\u0259 arada silk\u0259l\u0259m\u0259y\u0259 davam edin.<\/p>\n<\/li>\n<li data-start=\"836\" data-end=\"955\">\n<p data-start=\"838\" data-end=\"955\">Steril 18\u201320G iyn\u0259 istifad\u0259 edin v\u0259 subkutan olaraq boyun ortas\u0131na v\u0259 ya intramuskulyar olaraq bud b\u00f6lg\u0259sin\u0259 vurun.<\/p>\n<\/li>\n<\/ul>\n<p data-start=\"957\" data-end=\"980\"><strong data-start=\"957\" data-end=\"978\">Saxlama \u015f\u0259rtl\u0259ri:<\/strong><\/p>\n<ul data-start=\"981\" data-end=\"1089\">\n<li data-start=\"981\" data-end=\"1043\">\n<p data-start=\"983\" data-end=\"1043\">Peyv\u0259ndi qaranl\u0131q yerd\u0259 +2\u00b0C \u2013 +8\u00b0C temperaturda saxlay\u0131n.<\/p>\n<\/li>\n<li data-start=\"1044\" data-end=\"1072\">\n<p data-start=\"1046\" data-end=\"1072\">G\u00fcn\u0259\u015f i\u015f\u0131\u011f\u0131ndan qoruyun.<\/p>\n<\/li>\n<li data-start=\"1073\" data-end=\"1089\">\n<p data-start=\"1075\" data-end=\"1089\">Dondurmay\u0131n.<\/p>\n<\/li>\n<\/ul>\n<p data-start=\"1091\" data-end=\"1185\"><strong data-start=\"1091\" data-end=\"1107\">Packaging:<\/strong><br data-start=\"1107\" data-end=\"1110\" \/>GlobiVac\u00ae IBH, 1000 doza \u00fc\u00e7\u00fcn 500 mL HDPE butulka \u015f\u0259klind\u0259 t\u0259qdim olunur.<\/p>\n<\/div>\n<p><!-- .vgblk-rw-wrapper --><\/p>","protected":false},"excerpt":{"rendered":"<p>Inclusion Body Hepatitis (IBH) Peyv\u0259ndi, \u0130nnaktiv, I.P. T\u0259svir:GlobiVac\u00ae IBH, Fowl Adenovirus Tip-4 (FAdV-4) ehtiva ed\u0259n inaktivl\u0259\u015fdirilmi\u015f su-ya\u011f emulsiyas\u0131 \u015f\u0259klind\u0259 peyv\u0259nddir. T\u0259rkibi:H\u0259r doza NLT 1 PD90 inaktivl\u0259\u015fdirilmi\u015f Fowl Adenovirus-4 (FAdV-4) ehtiva edir. \u0130stifad\u0259 m\u0259qs\u0259di: G\u0259nc civcivl\u0259ri Inclusion Body Hepatitis \u2013 Hydro Pericardium Syndrome (IBH-HPS) x\u0259st\u0259liyin\u0259 qar\u015f\u0131 aktiv immunizasiya etm\u0259k \u00fc\u00e7\u00fcn. Ana qu\u015f s\u00fcr\u00fcl\u0259rind\u0259 passiv immunizasiya \u00fc\u00e7\u00fcn,&#8230;<\/p>","protected":false},"featured_media":990285,"comment_status":"open","ping_status":"closed","template":"","meta":{"nf_dc_page":"","_monsterinsights_skip_tracking":false,"_monsterinsights_sitenote_active":false,"_monsterinsights_sitenote_note":"","_monsterinsights_sitenote_category":0},"product_brand":[],"product_cat":[234,235,68],"product_tag":[],"class_list":{"0":"post-990284","1":"product","2":"type-product","3":"status-publish","4":"has-post-thumbnail","6":"product_cat-vaksinler","7":"product_cat-inaktiv","8":"product_cat-poultry","10":"first","11":"instock","12":"shipping-taxable","13":"product-type-simple"},"jetpack_sharing_enabled":true,"_links":{"self":[{"href":"https:\/\/agrovetazerbaijan.az\/en\/wp-json\/wp\/v2\/product\/990284","targetHints":{"allow":["GET"]}}],"collection":[{"href":"https:\/\/agrovetazerbaijan.az\/en\/wp-json\/wp\/v2\/product"}],"about":[{"href":"https:\/\/agrovetazerbaijan.az\/en\/wp-json\/wp\/v2\/types\/product"}],"replies":[{"embeddable":true,"href":"https:\/\/agrovetazerbaijan.az\/en\/wp-json\/wp\/v2\/comments?post=990284"}],"version-history":[{"count":1,"href":"https:\/\/agrovetazerbaijan.az\/en\/wp-json\/wp\/v2\/product\/990284\/revisions"}],"predecessor-version":[{"id":990286,"href":"https:\/\/agrovetazerbaijan.az\/en\/wp-json\/wp\/v2\/product\/990284\/revisions\/990286"}],"wp:featuredmedia":[{"embeddable":true,"href":"https:\/\/agrovetazerbaijan.az\/en\/wp-json\/wp\/v2\/media\/990285"}],"wp:attachment":[{"href":"https:\/\/agrovetazerbaijan.az\/en\/wp-json\/wp\/v2\/media?parent=990284"}],"wp:term":[{"taxonomy":"product_brand","embeddable":true,"href":"https:\/\/agrovetazerbaijan.az\/en\/wp-json\/wp\/v2\/product_brand?post=990284"},{"taxonomy":"product_cat","embeddable":true,"href":"https:\/\/agrovetazerbaijan.az\/en\/wp-json\/wp\/v2\/product_cat?post=990284"},{"taxonomy":"product_tag","embeddable":true,"href":"https:\/\/agrovetazerbaijan.az\/en\/wp-json\/wp\/v2\/product_tag?post=990284"}],"curies":[{"name":"wp","href":"https:\/\/api.w.org\/{rel}","templated":true}]}}