{"id":990265,"date":"2025-08-27T22:30:32","date_gmt":"2025-08-27T22:30:32","guid":{"rendered":"https:\/\/agrovetazerbaijan.az\/?post_type=product&#038;p=990265"},"modified":"2025-08-27T22:30:46","modified_gmt":"2025-08-27T22:30:46","slug":"fedicolfen","status":"publish","type":"product","link":"https:\/\/agrovetazerbaijan.az\/en\/product\/fedicolfen\/","title":{"rendered":"FEDICOLFEN"},"content":{"rendered":"<div class=\"vgblk-rw-wrapper limit-wrapper\">\n<article class=\"text-token-text-primary w-full focus:outline-none scroll-mt-[calc(var(--header-height)+min(200px,max(70px,20svh)))]\" dir=\"auto\" tabindex=\"-1\" data-turn-id=\"request-WEB:0e12fa8f-2c3d-487c-b890-f69c57dd14e2-2\" data-testid=\"conversation-turn-6\" data-scroll-anchor=\"true\" data-turn=\"assistant\">\n<div class=\"text-base my-auto mx-auto pb-10 [--thread-content-margin:--spacing(4)] @[37rem]:[--thread-content-margin:--spacing(6)] @[72rem]:[--thread-content-margin:--spacing(16)] px-(--thread-content-margin)\">\n<div class=\"[--thread-content-max-width:32rem] @[34rem]:[--thread-content-max-width:40rem] @[64rem]:[--thread-content-max-width:48rem] mx-auto max-w-(--thread-content-max-width) flex-1 group\/turn-messages focus-visible:outline-hidden relative flex w-full min-w-0 flex-col agent-turn\" tabindex=\"-1\">\n<div class=\"flex max-w-full flex-col grow\">\n<div class=\"min-h-8 text-message relative flex w-full flex-col items-end gap-2 text-start break-words whitespace-normal [.text-message+&amp;]:mt-5\" dir=\"auto\" data-message-author-role=\"assistant\" data-message-id=\"508ae1fe-6cb4-4a6d-b9bc-735526566e90\" data-message-model-slug=\"gpt-5\">\n<div class=\"flex w-full flex-col gap-1 empty:hidden first:pt-[3px]\">\n<div class=\"markdown prose dark:prose-invert w-full break-words dark markdown-new-styling\">\n<p data-start=\"85\" data-end=\"630\"><strong data-start=\"85\" data-end=\"99\">FEDICOLFEN<\/strong> \u2013 suda h\u0259ll olunan toz yem \u0259lav\u0259sidir.<br data-start=\"138\" data-end=\"141\" \/>Qu\u015flarda <strong data-start=\"150\" data-end=\"187\">\u0259t v\u0259 yumurta istehsal\u0131n\u0131 art\u0131r\u0131r<\/strong>, stress faktorlar\u0131ndan qoruyur v\u0259 yumurta qab\u0131\u011f\u0131n\u0131 m\u00f6hk\u0259ml\u0259ndirir. Quzu v\u0259 buzovlarda <strong data-start=\"274\" data-end=\"301\">mineral \u00e7at\u0131\u015fmazl\u0131\u011f\u0131nda<\/strong> istifad\u0259 olunur. G\u0259nc heyvanlar\u0131n <strong data-start=\"336\" data-end=\"377\">s\u00fcm\u00fck inki\u015faf\u0131na v\u0259 normal b\u00f6y\u00fcm\u0259sin\u0259<\/strong> t\u00f6hf\u0259 verir, b\u00f6y\u00fckl\u0259rd\u0259 is\u0259 <strong data-start=\"406\" data-end=\"445\">s\u00fcd, \u0259t v\u0259 yun istehsal\u0131n\u0131 art\u0131rmaq<\/strong> m\u0259qs\u0259dil\u0259 t\u0259tbiq olunur. Hamil\u0259 v\u0259 g\u0259nc heyvanlar\u0131n ehtiyaclar\u0131n\u0131 qar\u015f\u0131lay\u0131r, x\u0259st\u0259lik hallar\u0131nda orqanizmin m\u00fcqavim\u0259tini art\u0131r\u0131r, erk\u0259k heyvanlarda <strong data-start=\"595\" data-end=\"627\">t\u00f6h\u00fcm keyfiyy\u0259tini y\u00fcks\u0259ldir<\/strong>.<\/p>\n<h3 data-start=\"632\" data-end=\"645\">T\u0259rkibi<\/h3>\n<p data-start=\"646\" data-end=\"660\">H\u0259r 1 kq-da:<\/p>\n<ul data-start=\"661\" data-end=\"1095\">\n<li data-start=\"661\" data-end=\"694\">\n<p data-start=\"663\" data-end=\"694\"><strong data-start=\"663\" data-end=\"676\">Vitamin A<\/strong> \u2013 60.000.000 IU<\/p>\n<\/li>\n<li data-start=\"695\" data-end=\"728\">\n<p data-start=\"697\" data-end=\"728\"><strong data-start=\"697\" data-end=\"711\">Vitamin D3<\/strong> \u2013 7.000.000 IU<\/p>\n<\/li>\n<li data-start=\"729\" data-end=\"758\">\n<p data-start=\"731\" data-end=\"758\"><strong data-start=\"731\" data-end=\"744\">Vitamin E<\/strong> \u2013 50.000 mq<\/p>\n<\/li>\n<li data-start=\"759\" data-end=\"789\">\n<p data-start=\"761\" data-end=\"789\"><strong data-start=\"761\" data-end=\"775\">Vitamin K3<\/strong> \u2013 10.000 mq<\/p>\n<\/li>\n<li data-start=\"790\" data-end=\"820\">\n<p data-start=\"792\" data-end=\"820\"><strong data-start=\"792\" data-end=\"806\">Vitamin B1<\/strong> \u2013 20.000 mq<\/p>\n<\/li>\n<li data-start=\"821\" data-end=\"851\">\n<p data-start=\"823\" data-end=\"851\"><strong data-start=\"823\" data-end=\"837\">Vitamin B3<\/strong> \u2013 25.000 mq<\/p>\n<\/li>\n<li data-start=\"852\" data-end=\"882\">\n<p data-start=\"854\" data-end=\"882\"><strong data-start=\"854\" data-end=\"868\">Vitamin B6<\/strong> \u2013 10.000 mq<\/p>\n<\/li>\n<li data-start=\"883\" data-end=\"910\">\n<p data-start=\"885\" data-end=\"910\"><strong data-start=\"885\" data-end=\"900\">Vitamin B12<\/strong> \u2013 50 mq<\/p>\n<\/li>\n<li data-start=\"911\" data-end=\"938\">\n<p data-start=\"913\" data-end=\"938\"><strong data-start=\"913\" data-end=\"923\">Niasin<\/strong> \u2013 150.000 mq<\/p>\n<\/li>\n<li data-start=\"939\" data-end=\"977\">\n<p data-start=\"941\" data-end=\"977\"><strong data-start=\"941\" data-end=\"963\">Pantotenik tur\u015fusu<\/strong> \u2013 50.000 mq<\/p>\n<\/li>\n<li data-start=\"978\" data-end=\"1008\">\n<p data-start=\"980\" data-end=\"1008\"><strong data-start=\"980\" data-end=\"993\">Vitamin C<\/strong> \u2013 100.000 mq<\/p>\n<\/li>\n<li data-start=\"1009\" data-end=\"1039\">\n<p data-start=\"1011\" data-end=\"1039\"><strong data-start=\"1011\" data-end=\"1026\">Fol tur\u015fusu<\/strong> \u2013 5.000 mq<\/p>\n<\/li>\n<li data-start=\"1040\" data-end=\"1063\">\n<p data-start=\"1042\" data-end=\"1063\"><strong data-start=\"1042\" data-end=\"1052\">Biotin<\/strong> \u2013 200 mq<\/p>\n<\/li>\n<li data-start=\"1064\" data-end=\"1095\">\n<p data-start=\"1066\" data-end=\"1095\"><strong data-start=\"1066\" data-end=\"1081\">DL-Metionin<\/strong> \u2013 75.000 mq<\/p>\n<\/li>\n<\/ul>\n<h3 data-start=\"1097\" data-end=\"1119\">\u0130stifad\u0259 qaydas\u0131<\/h3>\n<p data-start=\"1120\" data-end=\"1208\">Haz\u0131rlanm\u0131\u015f su <strong data-start=\"1135\" data-end=\"1173\">3\u20134 saat \u0259rzind\u0259 istehlak olunmal\u0131<\/strong> v\u0259 h\u0259r g\u00fcn t\u0259z\u0259 haz\u0131rlanmal\u0131d\u0131r.<\/p>\n<ul data-start=\"1209\" data-end=\"1349\" data-is-last-node=\"\" data-is-only-node=\"\">\n<li data-start=\"1209\" data-end=\"1265\">\n<p data-start=\"1211\" data-end=\"1265\"><strong data-start=\"1211\" data-end=\"1232\">D\u0259st\u0259k m\u0259qs\u0259dil\u0259:<\/strong> 1.000 litr i\u00e7m\u0259li suya 20 qram<\/p>\n<\/li>\n<li data-start=\"1266\" data-end=\"1349\" data-is-last-node=\"\">\n<p data-start=\"1268\" data-end=\"1349\" data-is-last-node=\"\"><strong data-start=\"1268\" data-end=\"1290\">Qoruyucu m\u0259qs\u0259dl\u0259:<\/strong> 1.000 litr i\u00e7m\u0259li suya 100 qram Fedicolfen \u0259lav\u0259 olunur.<\/p>\n<\/li>\n<\/ul>\n<\/div>\n<\/div>\n<\/div>\n<\/div>\n<div class=\"flex min-h-[46px] justify-start\"><\/div>\n<div class=\"mt-3 w-full empty:hidden\">\n<div class=\"text-center\"><\/div>\n<\/div>\n<\/div>\n<\/div>\n<\/article>\n<div class=\"pointer-events-none h-px w-px\" aria-hidden=\"true\" data-edge=\"true\"><\/div>\n<\/div>\n<p><!-- .vgblk-rw-wrapper --><\/p>\n","protected":false},"excerpt":{"rendered":"<p>FEDICOLFEN \u2013 suda h\u0259ll olunan toz yem \u0259lav\u0259sidir.Qu\u015flarda \u0259t v\u0259 yumurta istehsal\u0131n\u0131 art\u0131r\u0131r, stress faktorlar\u0131ndan qoruyur v\u0259 yumurta qab\u0131\u011f\u0131n\u0131 m\u00f6hk\u0259ml\u0259ndirir. Quzu v\u0259 buzovlarda mineral \u00e7at\u0131\u015fmazl\u0131\u011f\u0131nda istifad\u0259 olunur. G\u0259nc heyvanlar\u0131n s\u00fcm\u00fck inki\u015faf\u0131na v\u0259 normal b\u00f6y\u00fcm\u0259sin\u0259 t\u00f6hf\u0259 verir, b\u00f6y\u00fckl\u0259rd\u0259 is\u0259 s\u00fcd, \u0259t v\u0259 yun istehsal\u0131n\u0131 art\u0131rmaq m\u0259qs\u0259dil\u0259 t\u0259tbiq olunur. Hamil\u0259 v\u0259 g\u0259nc heyvanlar\u0131n ehtiyaclar\u0131n\u0131 qar\u015f\u0131lay\u0131r, x\u0259st\u0259lik hallar\u0131nda&#8230;<\/p>","protected":false},"featured_media":990266,"comment_status":"open","ping_status":"closed","template":"","meta":{"nf_dc_page":"","_monsterinsights_skip_tracking":false,"_monsterinsights_sitenote_active":false,"_monsterinsights_sitenote_note":"","_monsterinsights_sitenote_category":0},"product_brand":[],"product_cat":[160,68],"product_tag":[],"class_list":{"0":"post-990265","1":"product","2":"type-product","3":"status-publish","4":"has-post-thumbnail","6":"product_cat-nutrients","7":"product_cat-poultry","9":"first","10":"instock","11":"shipping-taxable","12":"product-type-simple"},"jetpack_sharing_enabled":true,"_links":{"self":[{"href":"https:\/\/agrovetazerbaijan.az\/en\/wp-json\/wp\/v2\/product\/990265","targetHints":{"allow":["GET"]}}],"collection":[{"href":"https:\/\/agrovetazerbaijan.az\/en\/wp-json\/wp\/v2\/product"}],"about":[{"href":"https:\/\/agrovetazerbaijan.az\/en\/wp-json\/wp\/v2\/types\/product"}],"replies":[{"embeddable":true,"href":"https:\/\/agrovetazerbaijan.az\/en\/wp-json\/wp\/v2\/comments?post=990265"}],"version-history":[{"count":2,"href":"https:\/\/agrovetazerbaijan.az\/en\/wp-json\/wp\/v2\/product\/990265\/revisions"}],"predecessor-version":[{"id":990268,"href":"https:\/\/agrovetazerbaijan.az\/en\/wp-json\/wp\/v2\/product\/990265\/revisions\/990268"}],"wp:featuredmedia":[{"embeddable":true,"href":"https:\/\/agrovetazerbaijan.az\/en\/wp-json\/wp\/v2\/media\/990266"}],"wp:attachment":[{"href":"https:\/\/agrovetazerbaijan.az\/en\/wp-json\/wp\/v2\/media?parent=990265"}],"wp:term":[{"taxonomy":"product_brand","embeddable":true,"href":"https:\/\/agrovetazerbaijan.az\/en\/wp-json\/wp\/v2\/product_brand?post=990265"},{"taxonomy":"product_cat","embeddable":true,"href":"https:\/\/agrovetazerbaijan.az\/en\/wp-json\/wp\/v2\/product_cat?post=990265"},{"taxonomy":"product_tag","embeddable":true,"href":"https:\/\/agrovetazerbaijan.az\/en\/wp-json\/wp\/v2\/product_tag?post=990265"}],"curies":[{"name":"wp","href":"https:\/\/api.w.org\/{rel}","templated":true}]}}