{"id":990262,"date":"2025-08-27T22:29:02","date_gmt":"2025-08-27T22:29:02","guid":{"rendered":"https:\/\/agrovetazerbaijan.az\/?post_type=product&#038;p=990262"},"modified":"2025-08-27T22:29:15","modified_gmt":"2025-08-27T22:29:15","slug":"ample-c-w-s-p","status":"publish","type":"product","link":"https:\/\/agrovetazerbaijan.az\/en\/product\/ample-c-w-s-p\/","title":{"rendered":"AMPLE-C W.S.P."},"content":{"rendered":"<div class=\"vgblk-rw-wrapper limit-wrapper\">\n<p data-start=\"85\" data-end=\"586\"><strong data-start=\"85\" data-end=\"103\">AMPLE-C W.S.P.<\/strong> \u2013 <strong data-start=\"106\" data-end=\"120\">C vitamini<\/strong> t\u0259rkibli toz yem \u0259lav\u0259sidir.<br data-start=\"149\" data-end=\"152\" \/>X\u0259st\u0259lik hallar\u0131nda <strong data-start=\"172\" data-end=\"193\">Vitamin C d\u0259st\u0259yi<\/strong> kimi istifad\u0259 olunur, immun sistemini m\u00f6hk\u0259ml\u0259ndirir, x\u0259st\u0259lik zaman\u0131 orqanizmin m\u00fcqavim\u0259tini art\u0131r\u0131r, yumurta qab\u0131\u011f\u0131n\u0131n s\u0259rtl\u0259\u015fm\u0259sin\u0259 k\u00f6m\u0259k edir. Kalsium v\u0259 dig\u0259r minerallar\u0131n bioyararl\u0131l\u0131\u011f\u0131n\u0131 y\u00fcks\u0259ldir. Atlarda <strong data-start=\"407\" data-end=\"459\">miqlobinuriya, epistaksis v\u0259 \u0259z\u0259l\u0259 yor\u011funlu\u011funun<\/strong> aradan qald\u0131r\u0131lmas\u0131nda, q\u0131sraqlarda reproduktivliyi, ay\u011f\u0131rda is\u0259 mayalanma qabiliyy\u0259tini art\u0131rmaq m\u0259qs\u0259dil\u0259 istifad\u0259 olunur.<\/p>\n<h3 data-start=\"588\" data-end=\"601\">Ingredients<\/h3>\n<p data-start=\"602\" data-end=\"617\">In every 1 gram:<\/p>\n<ul data-start=\"618\" data-end=\"665\">\n<li data-start=\"618\" data-end=\"665\">\n<p data-start=\"620\" data-end=\"665\"><strong data-start=\"620\" data-end=\"652\">Vitamin C (Askorbin tur\u015fusu)<\/strong> \u2013 1.000 mq<\/p>\n<\/li>\n<\/ul>\n<h3 data-start=\"667\" data-end=\"689\">Instructions for use<\/h3>\n<ul data-start=\"690\" data-end=\"1154\">\n<li data-start=\"690\" data-end=\"962\">\n<p data-start=\"692\" data-end=\"707\"><strong data-start=\"692\" data-end=\"705\">In birds:<\/strong><\/p>\n<ul data-start=\"710\" data-end=\"962\">\n<li data-start=\"710\" data-end=\"762\">\n<p data-start=\"712\" data-end=\"762\">D\u0259st\u0259k m\u0259qs\u0259dil\u0259: 1.000 litr i\u00e7m\u0259li suya 25 qram<\/p>\n<\/li>\n<li data-start=\"765\" data-end=\"818\">\n<p data-start=\"767\" data-end=\"818\">Qoruyucu m\u0259qs\u0259dl\u0259: 1.000 litr i\u00e7m\u0259li suya 75 qram<\/p>\n<\/li>\n<li data-start=\"821\" data-end=\"887\">\n<p data-start=\"823\" data-end=\"887\">M\u00fcalic\u0259ni d\u0259st\u0259kl\u0259yici olaraq: 1.000 litr i\u00e7m\u0259li suya 300 qram<\/p>\n<\/li>\n<li data-start=\"890\" data-end=\"962\">\n<p data-start=\"892\" data-end=\"962\">Yumurta qab\u0131\u011f\u0131n\u0131n qal\u0131nla\u015fmas\u0131 \u00fc\u00e7\u00fcn: 1.000 litr i\u00e7m\u0259li suya 500 qram<\/p>\n<\/li>\n<\/ul>\n<\/li>\n<li data-start=\"964\" data-end=\"1006\">\n<p data-start=\"966\" data-end=\"1006\"><strong data-start=\"966\" data-end=\"987\">S\u0131\u011f\u0131r v\u0259 atlarda:<\/strong> g\u00fcnd\u0259 10\u201325 qram<\/p>\n<\/li>\n<li data-start=\"1007\" data-end=\"1066\">\n<p data-start=\"1009\" data-end=\"1066\"><strong data-start=\"1009\" data-end=\"1048\">Buzov, k\u00f6k\u0259ltm\u0259 bu\u011fas\u0131 v\u0259 taylarda:<\/strong> g\u00fcnd\u0259 5\u201310 qram<\/p>\n<\/li>\n<li data-start=\"1067\" data-end=\"1109\">\n<p data-start=\"1069\" data-end=\"1109\"><strong data-start=\"1069\" data-end=\"1092\">Qoyun v\u0259 ke\u00e7il\u0259rd\u0259:<\/strong> g\u00fcnd\u0259 1\u20132 qram<\/p>\n<\/li>\n<li data-start=\"1110\" data-end=\"1154\">\n<p data-start=\"1112\" data-end=\"1154\"><strong data-start=\"1112\" data-end=\"1135\">Quzu v\u0259 o\u011flaqlarda:<\/strong> g\u00fcnd\u0259 0,5\u20131 qram<\/p>\n<\/li>\n<\/ul>\n<h3 data-start=\"1156\" data-end=\"1173\">Packaging<\/h3>\n<p data-start=\"1174\" data-end=\"1194\" data-is-last-node=\"\" data-is-only-node=\"\"><strong data-start=\"1174\" data-end=\"1194\" data-is-last-node=\"\">1 kq plastik qab<\/strong><\/p>\n<\/div>\n<p><!-- .vgblk-rw-wrapper --><\/p>","protected":false},"excerpt":{"rendered":"<p>AMPLE-C W.S.P. \u2013 C vitamini t\u0259rkibli toz yem \u0259lav\u0259sidir.X\u0259st\u0259lik hallar\u0131nda Vitamin C d\u0259st\u0259yi kimi istifad\u0259 olunur, immun sistemini m\u00f6hk\u0259ml\u0259ndirir, x\u0259st\u0259lik zaman\u0131 orqanizmin m\u00fcqavim\u0259tini art\u0131r\u0131r, yumurta qab\u0131\u011f\u0131n\u0131n s\u0259rtl\u0259\u015fm\u0259sin\u0259 k\u00f6m\u0259k edir. Kalsium v\u0259 dig\u0259r minerallar\u0131n bioyararl\u0131l\u0131\u011f\u0131n\u0131 y\u00fcks\u0259ldir. Atlarda miqlobinuriya, epistaksis v\u0259 \u0259z\u0259l\u0259 yor\u011funlu\u011funun aradan qald\u0131r\u0131lmas\u0131nda, q\u0131sraqlarda reproduktivliyi, ay\u011f\u0131rda is\u0259 mayalanma qabiliyy\u0259tini art\u0131rmaq m\u0259qs\u0259dil\u0259 istifad\u0259 olunur. T\u0259rkibi H\u0259r&#8230;<\/p>","protected":false},"featured_media":990263,"comment_status":"open","ping_status":"closed","template":"","meta":{"nf_dc_page":"","_monsterinsights_skip_tracking":false,"_monsterinsights_sitenote_active":false,"_monsterinsights_sitenote_note":"","_monsterinsights_sitenote_category":0},"product_brand":[],"product_cat":[160,68],"product_tag":[],"class_list":{"0":"post-990262","1":"product","2":"type-product","3":"status-publish","4":"has-post-thumbnail","6":"product_cat-nutrients","7":"product_cat-poultry","9":"first","10":"instock","11":"shipping-taxable","12":"product-type-simple"},"jetpack_sharing_enabled":true,"_links":{"self":[{"href":"https:\/\/agrovetazerbaijan.az\/en\/wp-json\/wp\/v2\/product\/990262","targetHints":{"allow":["GET"]}}],"collection":[{"href":"https:\/\/agrovetazerbaijan.az\/en\/wp-json\/wp\/v2\/product"}],"about":[{"href":"https:\/\/agrovetazerbaijan.az\/en\/wp-json\/wp\/v2\/types\/product"}],"replies":[{"embeddable":true,"href":"https:\/\/agrovetazerbaijan.az\/en\/wp-json\/wp\/v2\/comments?post=990262"}],"version-history":[{"count":1,"href":"https:\/\/agrovetazerbaijan.az\/en\/wp-json\/wp\/v2\/product\/990262\/revisions"}],"predecessor-version":[{"id":990264,"href":"https:\/\/agrovetazerbaijan.az\/en\/wp-json\/wp\/v2\/product\/990262\/revisions\/990264"}],"wp:featuredmedia":[{"embeddable":true,"href":"https:\/\/agrovetazerbaijan.az\/en\/wp-json\/wp\/v2\/media\/990263"}],"wp:attachment":[{"href":"https:\/\/agrovetazerbaijan.az\/en\/wp-json\/wp\/v2\/media?parent=990262"}],"wp:term":[{"taxonomy":"product_brand","embeddable":true,"href":"https:\/\/agrovetazerbaijan.az\/en\/wp-json\/wp\/v2\/product_brand?post=990262"},{"taxonomy":"product_cat","embeddable":true,"href":"https:\/\/agrovetazerbaijan.az\/en\/wp-json\/wp\/v2\/product_cat?post=990262"},{"taxonomy":"product_tag","embeddable":true,"href":"https:\/\/agrovetazerbaijan.az\/en\/wp-json\/wp\/v2\/product_tag?post=990262"}],"curies":[{"name":"wp","href":"https:\/\/api.w.org\/{rel}","templated":true}]}}