{"id":990259,"date":"2025-08-27T22:26:15","date_gmt":"2025-08-27T22:26:15","guid":{"rendered":"https:\/\/agrovetazerbaijan.az\/?post_type=product&#038;p=990259"},"modified":"2025-08-27T22:27:13","modified_gmt":"2025-08-27T22:27:13","slug":"liqui-dek","status":"publish","type":"product","link":"https:\/\/agrovetazerbaijan.az\/en\/product\/liqui-dek\/","title":{"rendered":"LIQUI DEK"},"content":{"rendered":"<div class=\"vgblk-rw-wrapper limit-wrapper\">\n<p data-start=\"84\" data-end=\"220\"><strong data-start=\"84\" data-end=\"97\">LIQUI DEK<\/strong> \u2013 qu\u015f\u00e7uluqda <strong data-start=\"111\" data-end=\"161\">Vitamin A, Vitamin D3, Vitamin E v\u0259 Vitamin K3<\/strong> d\u0259st\u0259kl\u0259yicisi kimi istifad\u0259 olunan maye yem \u0259lav\u0259sidir.<\/p>\n<h3 data-start=\"222\" data-end=\"235\">Ingredients<\/h3>\n<p data-start=\"236\" data-end=\"254\">H\u0259r 1 litr \u00fc\u00e7\u00fcn:<\/p>\n<ul data-start=\"255\" data-end=\"381\" data-is-last-node=\"\" data-is-only-node=\"\">\n<li data-start=\"255\" data-end=\"288\">\n<p data-start=\"257\" data-end=\"288\"><strong data-start=\"257\" data-end=\"270\">Vitamin A<\/strong> \u2013 10.000.000 IU<\/p>\n<\/li>\n<li data-start=\"289\" data-end=\"322\">\n<p data-start=\"291\" data-end=\"322\"><strong data-start=\"291\" data-end=\"305\">Vitamin D3<\/strong> \u2013 2.000.000 IU<\/p>\n<\/li>\n<li data-start=\"323\" data-end=\"351\">\n<p data-start=\"325\" data-end=\"351\"><strong data-start=\"325\" data-end=\"338\">Vitamin E<\/strong> \u2013 4.000 mq<\/p>\n<\/li>\n<li data-start=\"352\" data-end=\"381\" data-is-last-node=\"\">\n<p data-start=\"354\" data-end=\"381\" data-is-last-node=\"\"><strong data-start=\"354\" data-end=\"368\">Vitamin K3<\/strong> \u2013 2.000 mq<\/p>\n<\/li>\n<\/ul>\n<\/div>\n<p><!-- .vgblk-rw-wrapper --><\/p>","protected":false},"excerpt":{"rendered":"<p>LIQUI DEK \u2013 qu\u015f\u00e7uluqda Vitamin A, Vitamin D3, Vitamin E v\u0259 Vitamin K3 d\u0259st\u0259kl\u0259yicisi kimi istifad\u0259 olunan maye yem \u0259lav\u0259sidir. T\u0259rkibi H\u0259r 1 litr \u00fc\u00e7\u00fcn: Vitamin A \u2013 10.000.000 IU Vitamin D3 \u2013 2.000.000 IU Vitamin E \u2013 4.000 mq Vitamin K3 \u2013 2.000 mq<\/p>","protected":false},"featured_media":990260,"comment_status":"open","ping_status":"closed","template":"","meta":{"nf_dc_page":"","_monsterinsights_skip_tracking":false,"_monsterinsights_sitenote_active":false,"_monsterinsights_sitenote_note":"","_monsterinsights_sitenote_category":0},"product_brand":[],"product_cat":[160,68],"product_tag":[],"class_list":{"0":"post-990259","1":"product","2":"type-product","3":"status-publish","4":"has-post-thumbnail","6":"product_cat-nutrients","7":"product_cat-poultry","9":"first","10":"instock","11":"shipping-taxable","12":"product-type-simple"},"jetpack_sharing_enabled":true,"_links":{"self":[{"href":"https:\/\/agrovetazerbaijan.az\/en\/wp-json\/wp\/v2\/product\/990259","targetHints":{"allow":["GET"]}}],"collection":[{"href":"https:\/\/agrovetazerbaijan.az\/en\/wp-json\/wp\/v2\/product"}],"about":[{"href":"https:\/\/agrovetazerbaijan.az\/en\/wp-json\/wp\/v2\/types\/product"}],"replies":[{"embeddable":true,"href":"https:\/\/agrovetazerbaijan.az\/en\/wp-json\/wp\/v2\/comments?post=990259"}],"version-history":[{"count":1,"href":"https:\/\/agrovetazerbaijan.az\/en\/wp-json\/wp\/v2\/product\/990259\/revisions"}],"predecessor-version":[{"id":990261,"href":"https:\/\/agrovetazerbaijan.az\/en\/wp-json\/wp\/v2\/product\/990259\/revisions\/990261"}],"wp:featuredmedia":[{"embeddable":true,"href":"https:\/\/agrovetazerbaijan.az\/en\/wp-json\/wp\/v2\/media\/990260"}],"wp:attachment":[{"href":"https:\/\/agrovetazerbaijan.az\/en\/wp-json\/wp\/v2\/media?parent=990259"}],"wp:term":[{"taxonomy":"product_brand","embeddable":true,"href":"https:\/\/agrovetazerbaijan.az\/en\/wp-json\/wp\/v2\/product_brand?post=990259"},{"taxonomy":"product_cat","embeddable":true,"href":"https:\/\/agrovetazerbaijan.az\/en\/wp-json\/wp\/v2\/product_cat?post=990259"},{"taxonomy":"product_tag","embeddable":true,"href":"https:\/\/agrovetazerbaijan.az\/en\/wp-json\/wp\/v2\/product_tag?post=990259"}],"curies":[{"name":"wp","href":"https:\/\/api.w.org\/{rel}","templated":true}]}}