{"id":990253,"date":"2025-08-24T22:36:56","date_gmt":"2025-08-24T22:36:56","guid":{"rendered":"https:\/\/agrovetazerbaijan.az\/?post_type=product&#038;p=990253"},"modified":"2025-08-27T22:13:02","modified_gmt":"2025-08-27T22:13:02","slug":"perfectin","status":"publish","type":"product","link":"https:\/\/agrovetazerbaijan.az\/en\/product\/perfectin\/","title":{"rendered":"PERFECT"},"content":{"rendered":"<div class=\"vgblk-rw-wrapper limit-wrapper\">\n<h2 data-start=\"88\" data-end=\"150\"><strong data-start=\"91\" data-end=\"148\">PERFECTIN \u2013 Vitamin v\u0259 Amino Asitl\u0259r Maye Yem Katk\u0131s\u0131<\/strong><\/h2>\n<h3 data-start=\"152\" data-end=\"187\"><strong data-start=\"156\" data-end=\"185\">T\u0259svir v\u0259 \u0130stifad\u0259 Sah\u0259si<\/strong><\/h3>\n<ul data-start=\"188\" data-end=\"564\">\n<li data-start=\"188\" data-end=\"288\">\n<p data-start=\"190\" data-end=\"288\"><strong data-start=\"190\" data-end=\"203\">PERFECT<\/strong>, vitaminl\u0259r v\u0259 amino asitl\u0259rin balansl\u0131 t\u0259rkibini t\u0259qdim ed\u0259n maye yem \u0259lav\u0259sidir.<\/p>\n<\/li>\n<li data-start=\"289\" data-end=\"564\">\n<p data-start=\"291\" data-end=\"313\">\u0130stifad\u0259 m\u0259qs\u0259dl\u0259ri:<\/p>\n<ul data-start=\"316\" data-end=\"564\">\n<li data-start=\"316\" data-end=\"356\">\n<p data-start=\"318\" data-end=\"356\">B\u00fcy\u00fcm\u0259 v\u0259 inki\u015faf d\u00f6vrl\u0259rind\u0259 d\u0259st\u0259k<\/p>\n<\/li>\n<li data-start=\"359\" data-end=\"431\">\n<p data-start=\"361\" data-end=\"431\">Y\u00fcks\u0259k m\u0259hsuldarl\u0131q d\u00f6vrl\u0259rind\u0259 enerji v\u0259 qida balans\u0131n\u0131 t\u0259min etm\u0259k<\/p>\n<\/li>\n<li data-start=\"434\" data-end=\"564\">\n<p data-start=\"436\" data-end=\"564\">A\u015f\u0131lama, heyvanlar\u0131n da\u015f\u0131nmas\u0131, yem d\u0259yi\u015fiklikl\u0259ri v\u0259 m\u00f6vs\u00fcm d\u0259yi\u015fiklikl\u0259ri zaman\u0131 vitamin v\u0259 amino asit ehtiyac\u0131n\u0131 qar\u015f\u0131lamaq<\/p>\n<\/li>\n<\/ul>\n<\/li>\n<\/ul>\n<hr data-start=\"566\" data-end=\"569\" \/>\n<h3 data-start=\"571\" data-end=\"598\"><strong data-start=\"575\" data-end=\"596\">Ingredients (per 1 liter)<\/strong><\/h3>\n<div class=\"_tableContainer_sk2ct_1\">\n<div class=\"_tableWrapper_sk2ct_13 group flex w-fit flex-col-reverse\" tabindex=\"-1\">\n<table class=\"w-fit min-w-(--thread-content-width)\" data-start=\"600\" data-end=\"1108\">\n<thead data-start=\"600\" data-end=\"618\">\n<tr data-start=\"600\" data-end=\"618\">\n<th data-start=\"600\" data-end=\"608\" data-col-size=\"sm\">Article<\/th>\n<th data-start=\"608\" data-end=\"618\" data-col-size=\"sm\">Quantity<\/th>\n<\/tr>\n<\/thead>\n<tbody data-start=\"638\" data-end=\"1108\">\n<tr data-start=\"638\" data-end=\"667\">\n<td data-start=\"638\" data-end=\"650\" data-col-size=\"sm\">Vitamin A<\/td>\n<td data-col-size=\"sm\" data-start=\"650\" data-end=\"667\">22.100.000 IU<\/td>\n<\/tr>\n<tr data-start=\"668\" data-end=\"697\">\n<td data-start=\"668\" data-end=\"681\" data-col-size=\"sm\">Vitamin D3<\/td>\n<td data-col-size=\"sm\" data-start=\"681\" data-end=\"697\">3.000.000 IU<\/td>\n<\/tr>\n<tr data-start=\"698\" data-end=\"722\">\n<td data-start=\"698\" data-end=\"710\" data-col-size=\"sm\">Vitamin E<\/td>\n<td data-col-size=\"sm\" data-start=\"710\" data-end=\"722\">3.000 mg<\/td>\n<\/tr>\n<tr data-start=\"723\" data-end=\"748\">\n<td data-start=\"723\" data-end=\"736\" data-col-size=\"sm\">Vitamin B1<\/td>\n<td data-col-size=\"sm\" data-start=\"736\" data-end=\"748\">1.410 mg<\/td>\n<\/tr>\n<tr data-start=\"749\" data-end=\"772\">\n<td data-start=\"749\" data-end=\"762\" data-col-size=\"sm\">Vitamin B2<\/td>\n<td data-col-size=\"sm\" data-start=\"762\" data-end=\"772\">200 mg<\/td>\n<\/tr>\n<tr data-start=\"773\" data-end=\"798\">\n<td data-start=\"773\" data-end=\"786\" data-col-size=\"sm\">Vitamin B6<\/td>\n<td data-col-size=\"sm\" data-start=\"786\" data-end=\"798\">1.000 mg<\/td>\n<\/tr>\n<tr data-start=\"799\" data-end=\"821\">\n<td data-start=\"799\" data-end=\"813\" data-col-size=\"sm\">Vitamin B12<\/td>\n<td data-col-size=\"sm\" data-start=\"813\" data-end=\"821\">5 mg<\/td>\n<\/tr>\n<tr data-start=\"822\" data-end=\"841\">\n<td data-start=\"822\" data-end=\"831\" data-col-size=\"sm\">Biotin<\/td>\n<td data-col-size=\"sm\" data-start=\"831\" data-end=\"841\">150 mg<\/td>\n<\/tr>\n<tr data-start=\"842\" data-end=\"866\">\n<td data-start=\"842\" data-end=\"854\" data-col-size=\"sm\">Vitamin C<\/td>\n<td data-col-size=\"sm\" data-start=\"854\" data-end=\"866\">3.100 mg<\/td>\n<\/tr>\n<tr data-start=\"867\" data-end=\"890\">\n<td data-start=\"867\" data-end=\"880\" data-col-size=\"sm\">Vitamin K3<\/td>\n<td data-col-size=\"sm\" data-start=\"880\" data-end=\"890\">550 mg<\/td>\n<\/tr>\n<tr data-start=\"891\" data-end=\"925\">\n<td data-start=\"891\" data-end=\"913\" data-col-size=\"sm\">Kalsiyum Pantotenat<\/td>\n<td data-col-size=\"sm\" data-start=\"913\" data-end=\"925\">1.000 mg<\/td>\n<\/tr>\n<tr data-start=\"926\" data-end=\"947\">\n<td data-start=\"926\" data-end=\"935\" data-col-size=\"sm\">Niacin<\/td>\n<td data-col-size=\"sm\" data-start=\"935\" data-end=\"947\">2.100 mg<\/td>\n<\/tr>\n<tr data-start=\"948\" data-end=\"975\">\n<td data-start=\"948\" data-end=\"963\" data-col-size=\"sm\">Kolin Klor\u00fcr<\/td>\n<td data-col-size=\"sm\" data-start=\"963\" data-end=\"975\">1.400 mg<\/td>\n<\/tr>\n<tr data-start=\"976\" data-end=\"999\">\n<td data-start=\"976\" data-end=\"989\" data-col-size=\"sm\">Folik Asit<\/td>\n<td data-col-size=\"sm\" data-start=\"989\" data-end=\"999\">110 mg<\/td>\n<\/tr>\n<tr data-start=\"1000\" data-end=\"1024\">\n<td data-start=\"1000\" data-end=\"1012\" data-col-size=\"sm\">Metiyonin<\/td>\n<td data-col-size=\"sm\" data-start=\"1012\" data-end=\"1024\">2.450 mg<\/td>\n<\/tr>\n<tr data-start=\"1025\" data-end=\"1045\">\n<td data-start=\"1025\" data-end=\"1033\" data-col-size=\"sm\">Lizin<\/td>\n<td data-col-size=\"sm\" data-start=\"1033\" data-end=\"1045\">1.100 mg<\/td>\n<\/tr>\n<tr data-start=\"1046\" data-end=\"1066\">\n<td data-start=\"1046\" data-end=\"1056\" data-col-size=\"sm\">Treonin<\/td>\n<td data-col-size=\"sm\" data-start=\"1056\" data-end=\"1066\">860 mg<\/td>\n<\/tr>\n<tr data-start=\"1067\" data-end=\"1085\">\n<td data-start=\"1067\" data-end=\"1075\" data-col-size=\"sm\">Valin<\/td>\n<td data-col-size=\"sm\" data-start=\"1075\" data-end=\"1085\">550 mg<\/td>\n<\/tr>\n<tr data-start=\"1086\" data-end=\"1108\">\n<td data-start=\"1086\" data-end=\"1098\" data-col-size=\"sm\">Triptofan<\/td>\n<td data-col-size=\"sm\" data-start=\"1098\" data-end=\"1108\">550 mg<\/td>\n<\/tr>\n<\/tbody>\n<\/table>\n<\/div>\n<\/div>\n<hr data-start=\"1110\" data-end=\"1113\" \/>\n<h3 data-start=\"1115\" data-end=\"1134\"><strong data-start=\"1119\" data-end=\"1132\">Dosage<\/strong><\/h3>\n<ul data-start=\"1135\" data-end=\"1192\">\n<li data-start=\"1135\" data-end=\"1192\">\n<p data-start=\"1137\" data-end=\"1192\">4.000 lt i\u00e7m\u0259li suya 1 lt <strong data-start=\"1163\" data-end=\"1176\">PERFECT<\/strong> \u0259lav\u0259 edilir.<\/p>\n<\/li>\n<\/ul>\n<hr data-start=\"1194\" data-end=\"1197\" \/>\n<h3 data-start=\"1199\" data-end=\"1220\"><strong data-start=\"1203\" data-end=\"1218\">Packaging<\/strong><\/h3>\n<ul data-start=\"1221\" data-end=\"1265\">\n<li data-start=\"1221\" data-end=\"1242\">\n<p data-start=\"1223\" data-end=\"1242\">1 lt plastik \u015f\u00fc\u015f\u0259<\/p>\n<\/li>\n<li data-start=\"1243\" data-end=\"1265\">\n<p data-start=\"1245\" data-end=\"1265\">5 lt plastik bidon<\/p>\n<\/li>\n<\/ul>\n<hr data-start=\"1267\" data-end=\"1270\" \/>\n<h3 data-start=\"1272\" data-end=\"1297\"><strong data-start=\"1276\" data-end=\"1295\">Uy\u011fun Heyvanlar<\/strong><\/h3>\n<ul data-start=\"1298\" data-end=\"1380\">\n<li data-start=\"1298\" data-end=\"1380\">\n<p data-start=\"1300\" data-end=\"1380\"><strong data-start=\"1300\" data-end=\"1321\">Kanatl\u0131 heyvanlar<\/strong> and <strong data-start=\"1325\" data-end=\"1340\">ruminantlar<\/strong>: m\u0259hsuldarl\u0131q v\u0259 inki\u015faf d\u0259st\u0259yi \u00fc\u00e7\u00fcn<\/p>\n<\/li>\n<\/ul>\n<\/div>\n<p><!-- .vgblk-rw-wrapper --><\/p>","protected":false},"excerpt":{"rendered":"<p>PERFECTIN \u2013 Vitamin v\u0259 Amino Asitl\u0259r Maye Yem Katk\u0131s\u0131 T\u0259svir v\u0259 \u0130stifad\u0259 Sah\u0259si PERFECTIN, vitaminl\u0259r v\u0259 amino asitl\u0259rin balansl\u0131 t\u0259rkibini t\u0259qdim ed\u0259n maye yem \u0259lav\u0259sidir. \u0130stifad\u0259 m\u0259qs\u0259dl\u0259ri: B\u00fcy\u00fcm\u0259 v\u0259 inki\u015faf d\u00f6vrl\u0259rind\u0259 d\u0259st\u0259k Y\u00fcks\u0259k m\u0259hsuldarl\u0131q d\u00f6vrl\u0259rind\u0259 enerji v\u0259 qida balans\u0131n\u0131 t\u0259min etm\u0259k A\u015f\u0131lama, heyvanlar\u0131n da\u015f\u0131nmas\u0131, yem d\u0259yi\u015fiklikl\u0259ri v\u0259 m\u00f6vs\u00fcm d\u0259yi\u015fiklikl\u0259ri zaman\u0131 vitamin v\u0259 amino asit ehtiyac\u0131n\u0131&#8230;<\/p>","protected":false},"featured_media":990254,"comment_status":"open","ping_status":"closed","template":"","meta":{"nf_dc_page":"","_monsterinsights_skip_tracking":false,"_monsterinsights_sitenote_active":false,"_monsterinsights_sitenote_note":"","_monsterinsights_sitenote_category":0},"product_brand":[],"product_cat":[68,160],"product_tag":[],"class_list":{"0":"post-990253","1":"product","2":"type-product","3":"status-publish","4":"has-post-thumbnail","6":"product_cat-poultry","7":"product_cat-nutrients","9":"first","10":"instock","11":"shipping-taxable","12":"product-type-simple"},"jetpack_sharing_enabled":true,"_links":{"self":[{"href":"https:\/\/agrovetazerbaijan.az\/en\/wp-json\/wp\/v2\/product\/990253","targetHints":{"allow":["GET"]}}],"collection":[{"href":"https:\/\/agrovetazerbaijan.az\/en\/wp-json\/wp\/v2\/product"}],"about":[{"href":"https:\/\/agrovetazerbaijan.az\/en\/wp-json\/wp\/v2\/types\/product"}],"replies":[{"embeddable":true,"href":"https:\/\/agrovetazerbaijan.az\/en\/wp-json\/wp\/v2\/comments?post=990253"}],"version-history":[{"count":1,"href":"https:\/\/agrovetazerbaijan.az\/en\/wp-json\/wp\/v2\/product\/990253\/revisions"}],"predecessor-version":[{"id":990255,"href":"https:\/\/agrovetazerbaijan.az\/en\/wp-json\/wp\/v2\/product\/990253\/revisions\/990255"}],"wp:featuredmedia":[{"embeddable":true,"href":"https:\/\/agrovetazerbaijan.az\/en\/wp-json\/wp\/v2\/media\/990254"}],"wp:attachment":[{"href":"https:\/\/agrovetazerbaijan.az\/en\/wp-json\/wp\/v2\/media?parent=990253"}],"wp:term":[{"taxonomy":"product_brand","embeddable":true,"href":"https:\/\/agrovetazerbaijan.az\/en\/wp-json\/wp\/v2\/product_brand?post=990253"},{"taxonomy":"product_cat","embeddable":true,"href":"https:\/\/agrovetazerbaijan.az\/en\/wp-json\/wp\/v2\/product_cat?post=990253"},{"taxonomy":"product_tag","embeddable":true,"href":"https:\/\/agrovetazerbaijan.az\/en\/wp-json\/wp\/v2\/product_tag?post=990253"}],"curies":[{"name":"wp","href":"https:\/\/api.w.org\/{rel}","templated":true}]}}