{"id":990250,"date":"2025-08-24T22:34:55","date_gmt":"2025-08-24T22:34:55","guid":{"rendered":"https:\/\/agrovetazerbaijan.az\/?post_type=product&#038;p=990250"},"modified":"2025-08-27T22:11:09","modified_gmt":"2025-08-27T22:11:09","slug":"vitafort-ad3e","status":"publish","type":"product","link":"https:\/\/agrovetazerbaijan.az\/en\/product\/vitafort-ad3e\/","title":{"rendered":"VITAFORT AD3E"},"content":{"rendered":"<div class=\"vgblk-rw-wrapper limit-wrapper\">\n<h2 data-start=\"92\" data-end=\"152\"><strong data-start=\"95\" data-end=\"150\">VITAFORT AD3E \u2013 Vitamin A, D3 v\u0259 E Maye Yem Katk\u0131s\u0131<\/strong><\/h2>\n<h3 data-start=\"154\" data-end=\"189\"><strong data-start=\"158\" data-end=\"187\">T\u0259svir v\u0259 \u0130stifad\u0259 Sah\u0259si<\/strong><\/h3>\n<ul data-start=\"190\" data-end=\"511\">\n<li data-start=\"190\" data-end=\"293\">\n<p data-start=\"192\" data-end=\"293\"><strong data-start=\"192\" data-end=\"209\">VITAFORT AD3E<\/strong>, Vitamin A, D3 v\u0259 E-nin balansl\u0131 kombinasiyas\u0131n\u0131 t\u0259qdim ed\u0259n maye yem \u0259lav\u0259sidir.<\/p>\n<\/li>\n<li data-start=\"294\" data-end=\"511\">\n<p data-start=\"296\" data-end=\"318\">\u0130stifad\u0259 m\u0259qs\u0259dl\u0259ri:<\/p>\n<ul data-start=\"321\" data-end=\"511\">\n<li data-start=\"321\" data-end=\"369\">\n<p data-start=\"323\" data-end=\"369\">Vitamin ehtiyac\u0131n\u0131n artd\u0131\u011f\u0131 d\u00f6vrl\u0259rd\u0259 d\u0259st\u0259k<\/p>\n<\/li>\n<li data-start=\"372\" data-end=\"441\">\n<p data-start=\"374\" data-end=\"441\">G\u0259nc heyvanlarda <strong data-start=\"391\" data-end=\"403\">ra\u015fitizm<\/strong>, yetkin heyvanlarda <strong data-start=\"424\" data-end=\"439\">osteomalazi<\/strong><\/p>\n<\/li>\n<li data-start=\"444\" data-end=\"511\">\n<p data-start=\"446\" data-end=\"511\">Yumurta verimi v\u0259 keyfiyy\u0259tinin azalmas\u0131n\u0131n qar\u015f\u0131s\u0131n\u0131n al\u0131nmas\u0131<\/p>\n<\/li>\n<\/ul>\n<\/li>\n<\/ul>\n<hr data-start=\"513\" data-end=\"516\" \/>\n<h3 data-start=\"518\" data-end=\"545\"><strong data-start=\"522\" data-end=\"543\">Ingredients (per 1 liter)<\/strong><\/h3>\n<div class=\"_tableContainer_sk2ct_1\">\n<div class=\"_tableWrapper_sk2ct_13 group flex w-fit flex-col-reverse\" tabindex=\"-1\">\n<table class=\"w-fit min-w-(--thread-content-width)\" data-start=\"547\" data-end=\"672\">\n<thead data-start=\"547\" data-end=\"565\">\n<tr data-start=\"547\" data-end=\"565\">\n<th data-start=\"547\" data-end=\"555\" data-col-size=\"sm\">Article<\/th>\n<th data-start=\"555\" data-end=\"565\" data-col-size=\"sm\">Quantity<\/th>\n<\/tr>\n<\/thead>\n<tbody data-start=\"585\" data-end=\"672\">\n<tr data-start=\"585\" data-end=\"615\">\n<td data-start=\"585\" data-end=\"597\" data-col-size=\"sm\">Vitamin A<\/td>\n<td data-start=\"597\" data-end=\"615\" data-col-size=\"sm\">100.000.000 IU<\/td>\n<\/tr>\n<tr data-start=\"616\" data-end=\"646\">\n<td data-start=\"616\" data-end=\"629\" data-col-size=\"sm\">Vitamin D3<\/td>\n<td data-col-size=\"sm\" data-start=\"629\" data-end=\"646\">20.000.000 IU<\/td>\n<\/tr>\n<tr data-start=\"647\" data-end=\"672\">\n<td data-start=\"647\" data-end=\"659\" data-col-size=\"sm\">Vitamin E<\/td>\n<td data-col-size=\"sm\" data-start=\"659\" data-end=\"672\">20,000 mg<\/td>\n<\/tr>\n<\/tbody>\n<\/table>\n<\/div>\n<\/div>\n<hr data-start=\"674\" data-end=\"677\" \/>\n<h3 data-start=\"679\" data-end=\"704\"><strong data-start=\"683\" data-end=\"702\">Uy\u011fun Heyvanlar<\/strong><\/h3>\n<ul data-start=\"705\" data-end=\"780\">\n<li data-start=\"705\" data-end=\"780\">\n<p data-start=\"707\" data-end=\"780\"><strong data-start=\"707\" data-end=\"728\">Kanatl\u0131 heyvanlar<\/strong>: toyuqlar, hindu\u015fka v\u0259 dig\u0259r yumurta ver\u0259n qu\u015flar<\/p>\n<\/li>\n<\/ul>\n<\/div>\n<p><!-- .vgblk-rw-wrapper --><\/p>","protected":false},"excerpt":{"rendered":"<p>VITAFORT AD3E \u2013 Vitamin A, D3 v\u0259 E Maye Yem Katk\u0131s\u0131 T\u0259svir v\u0259 \u0130stifad\u0259 Sah\u0259si VITAFORT AD3E, Vitamin A, D3 v\u0259 E-nin balansl\u0131 kombinasiyas\u0131n\u0131 t\u0259qdim ed\u0259n maye yem \u0259lav\u0259sidir. \u0130stifad\u0259 m\u0259qs\u0259dl\u0259ri: Vitamin ehtiyac\u0131n\u0131n artd\u0131\u011f\u0131 d\u00f6vrl\u0259rd\u0259 d\u0259st\u0259k G\u0259nc heyvanlarda ra\u015fitizm, yetkin heyvanlarda osteomalazi Yumurta verimi v\u0259 keyfiyy\u0259tinin azalmas\u0131n\u0131n qar\u015f\u0131s\u0131n\u0131n al\u0131nmas\u0131 T\u0259rkibi (1 lt-d\u0259) Madd\u0259 Miqdar Vitamin&#8230;<\/p>","protected":false},"featured_media":990251,"comment_status":"open","ping_status":"closed","template":"","meta":{"nf_dc_page":"","_monsterinsights_skip_tracking":false,"_monsterinsights_sitenote_active":false,"_monsterinsights_sitenote_note":"","_monsterinsights_sitenote_category":0},"product_brand":[],"product_cat":[68,160],"product_tag":[],"class_list":{"0":"post-990250","1":"product","2":"type-product","3":"status-publish","4":"has-post-thumbnail","6":"product_cat-poultry","7":"product_cat-nutrients","9":"first","10":"instock","11":"shipping-taxable","12":"product-type-simple"},"jetpack_sharing_enabled":true,"_links":{"self":[{"href":"https:\/\/agrovetazerbaijan.az\/en\/wp-json\/wp\/v2\/product\/990250","targetHints":{"allow":["GET"]}}],"collection":[{"href":"https:\/\/agrovetazerbaijan.az\/en\/wp-json\/wp\/v2\/product"}],"about":[{"href":"https:\/\/agrovetazerbaijan.az\/en\/wp-json\/wp\/v2\/types\/product"}],"replies":[{"embeddable":true,"href":"https:\/\/agrovetazerbaijan.az\/en\/wp-json\/wp\/v2\/comments?post=990250"}],"version-history":[{"count":1,"href":"https:\/\/agrovetazerbaijan.az\/en\/wp-json\/wp\/v2\/product\/990250\/revisions"}],"predecessor-version":[{"id":990252,"href":"https:\/\/agrovetazerbaijan.az\/en\/wp-json\/wp\/v2\/product\/990250\/revisions\/990252"}],"wp:featuredmedia":[{"embeddable":true,"href":"https:\/\/agrovetazerbaijan.az\/en\/wp-json\/wp\/v2\/media\/990251"}],"wp:attachment":[{"href":"https:\/\/agrovetazerbaijan.az\/en\/wp-json\/wp\/v2\/media?parent=990250"}],"wp:term":[{"taxonomy":"product_brand","embeddable":true,"href":"https:\/\/agrovetazerbaijan.az\/en\/wp-json\/wp\/v2\/product_brand?post=990250"},{"taxonomy":"product_cat","embeddable":true,"href":"https:\/\/agrovetazerbaijan.az\/en\/wp-json\/wp\/v2\/product_cat?post=990250"},{"taxonomy":"product_tag","embeddable":true,"href":"https:\/\/agrovetazerbaijan.az\/en\/wp-json\/wp\/v2\/product_tag?post=990250"}],"curies":[{"name":"wp","href":"https:\/\/api.w.org\/{rel}","templated":true}]}}