{"id":990229,"date":"2025-08-24T22:18:02","date_gmt":"2025-08-24T22:18:02","guid":{"rendered":"https:\/\/agrovetazerbaijan.az\/?post_type=product&#038;p=990229"},"modified":"2025-08-24T22:18:19","modified_gmt":"2025-08-24T22:18:19","slug":"silmazyn","status":"publish","type":"product","link":"https:\/\/agrovetazerbaijan.az\/en\/product\/silmazyn\/","title":{"rendered":"Silmazyn"},"content":{"rendered":"<div class=\"vgblk-rw-wrapper limit-wrapper\">\n<h2 data-start=\"57\" data-end=\"90\"><strong data-start=\"60\" data-end=\"88\">Silmazyn \u2013 Qulaq Damc\u0131s\u0131<\/strong><\/h2>\n<h3 data-start=\"92\" data-end=\"109\"><strong data-start=\"96\" data-end=\"107\">Ingredients<\/strong><\/h3>\n<ul data-start=\"110\" data-end=\"177\">\n<li data-start=\"110\" data-end=\"130\">\n<p data-start=\"112\" data-end=\"130\">Mikonazol nitrat<\/p>\n<\/li>\n<li data-start=\"131\" data-end=\"153\">\n<p data-start=\"133\" data-end=\"153\">Prednizolon asetat<\/p>\n<\/li>\n<li data-start=\"154\" data-end=\"177\">\n<p data-start=\"156\" data-end=\"177\">Polimiksin B sulfat<\/p>\n<\/li>\n<\/ul>\n<hr data-start=\"179\" data-end=\"182\" \/>\n<h3 data-start=\"184\" data-end=\"205\"><strong data-start=\"188\" data-end=\"203\">Indications<\/strong><\/h3>\n<ul data-start=\"206\" data-end=\"387\">\n<li data-start=\"206\" data-end=\"293\">\n<p data-start=\"208\" data-end=\"293\">\u0130tl\u0259r v\u0259 pi\u015fikl\u0259rd\u0259 qulaq infeksiyalar\u0131n\u0131n (bakterial v\u0259 g\u00f6b\u0259l\u0259k m\u0259n\u015f\u0259li) m\u00fcalic\u0259si<\/p>\n<\/li>\n<li data-start=\"294\" data-end=\"347\">\n<p data-start=\"296\" data-end=\"347\">Qulaq g\u0259n\u0259l\u0259rinin (ear mites) aradan qald\u0131r\u0131lmas\u0131<\/p>\n<\/li>\n<li data-start=\"348\" data-end=\"387\">\n<p data-start=\"350\" data-end=\"387\">\u0130ltihab\u0131n v\u0259 qa\u015f\u0131nman\u0131n azald\u0131lmas\u0131<\/p>\n<\/li>\n<\/ul>\n<hr data-start=\"389\" data-end=\"392\" \/>\n<h3 data-start=\"394\" data-end=\"420\"><strong data-start=\"398\" data-end=\"418\">\u0130stifad\u0259 Qaydas\u0131<\/strong><\/h3>\n<ul data-start=\"421\" data-end=\"541\">\n<li data-start=\"421\" data-end=\"470\">\n<p data-start=\"423\" data-end=\"470\">Qulaq kanal\u0131na damc\u0131 formas\u0131nda t\u0259tbiq olunur<\/p>\n<\/li>\n<li data-start=\"471\" data-end=\"541\">\n<p data-start=\"473\" data-end=\"541\">Doza v\u0259 istifad\u0259 m\u00fcdd\u0259ti baytar h\u0259kim t\u0259r\u0259find\u0259n t\u0259yin edilm\u0259lidir<\/p>\n<\/li>\n<\/ul>\n<\/div>\n<p><!-- .vgblk-rw-wrapper --><\/p>","protected":false},"excerpt":{"rendered":"<p>Silmazyn \u2013 Qulaq Damc\u0131s\u0131 T\u0259rkibi Mikonazol nitrat Prednizolon asetat Polimiksin B sulfat G\u00f6st\u0259ri\u015fl\u0259r \u0130tl\u0259r v\u0259 pi\u015fikl\u0259rd\u0259 qulaq infeksiyalar\u0131n\u0131n (bakterial v\u0259 g\u00f6b\u0259l\u0259k m\u0259n\u015f\u0259li) m\u00fcalic\u0259si Qulaq g\u0259n\u0259l\u0259rinin (ear mites) aradan qald\u0131r\u0131lmas\u0131 \u0130ltihab\u0131n v\u0259 qa\u015f\u0131nman\u0131n azald\u0131lmas\u0131 \u0130stifad\u0259 Qaydas\u0131 Qulaq kanal\u0131na damc\u0131 formas\u0131nda t\u0259tbiq olunur Doza v\u0259 istifad\u0259 m\u00fcdd\u0259ti baytar h\u0259kim t\u0259r\u0259find\u0259n t\u0259yin edilm\u0259lidir<\/p>","protected":false},"featured_media":990230,"comment_status":"open","ping_status":"closed","template":"","meta":{"nf_dc_page":"","_monsterinsights_skip_tracking":false,"_monsterinsights_sitenote_active":false,"_monsterinsights_sitenote_note":"","_monsterinsights_sitenote_category":0},"product_brand":[],"product_cat":[244,246,58,51],"product_tag":[],"class_list":{"0":"post-990229","1":"product","2":"type-product","3":"status-publish","4":"has-post-thumbnail","6":"product_cat-it-ve-pisik-mehsullari","7":"product_cat-dermanlar","8":"product_cat-dog","9":"product_cat-cat","11":"first","12":"instock","13":"shipping-taxable","14":"product-type-simple"},"jetpack_sharing_enabled":true,"_links":{"self":[{"href":"https:\/\/agrovetazerbaijan.az\/en\/wp-json\/wp\/v2\/product\/990229","targetHints":{"allow":["GET"]}}],"collection":[{"href":"https:\/\/agrovetazerbaijan.az\/en\/wp-json\/wp\/v2\/product"}],"about":[{"href":"https:\/\/agrovetazerbaijan.az\/en\/wp-json\/wp\/v2\/types\/product"}],"replies":[{"embeddable":true,"href":"https:\/\/agrovetazerbaijan.az\/en\/wp-json\/wp\/v2\/comments?post=990229"}],"version-history":[{"count":1,"href":"https:\/\/agrovetazerbaijan.az\/en\/wp-json\/wp\/v2\/product\/990229\/revisions"}],"predecessor-version":[{"id":990231,"href":"https:\/\/agrovetazerbaijan.az\/en\/wp-json\/wp\/v2\/product\/990229\/revisions\/990231"}],"wp:featuredmedia":[{"embeddable":true,"href":"https:\/\/agrovetazerbaijan.az\/en\/wp-json\/wp\/v2\/media\/990230"}],"wp:attachment":[{"href":"https:\/\/agrovetazerbaijan.az\/en\/wp-json\/wp\/v2\/media?parent=990229"}],"wp:term":[{"taxonomy":"product_brand","embeddable":true,"href":"https:\/\/agrovetazerbaijan.az\/en\/wp-json\/wp\/v2\/product_brand?post=990229"},{"taxonomy":"product_cat","embeddable":true,"href":"https:\/\/agrovetazerbaijan.az\/en\/wp-json\/wp\/v2\/product_cat?post=990229"},{"taxonomy":"product_tag","embeddable":true,"href":"https:\/\/agrovetazerbaijan.az\/en\/wp-json\/wp\/v2\/product_tag?post=990229"}],"curies":[{"name":"wp","href":"https:\/\/api.w.org\/{rel}","templated":true}]}}