{"id":990222,"date":"2025-08-24T22:09:49","date_gmt":"2025-08-24T22:09:49","guid":{"rendered":"https:\/\/agrovetazerbaijan.az\/?post_type=product&#038;p=990222"},"modified":"2025-08-24T22:10:04","modified_gmt":"2025-08-24T22:10:04","slug":"ashialben-600","status":"publish","type":"product","link":"https:\/\/agrovetazerbaijan.az\/en\/product\/ashialben-600\/","title":{"rendered":"Ashialben 600"},"content":{"rendered":"<div class=\"vgblk-rw-wrapper limit-wrapper\">\n<h2 data-start=\"151\" data-end=\"179\"><strong data-start=\"154\" data-end=\"177\">ASHIALBEN 600 Bolus<\/strong><\/h2>\n<p data-start=\"180\" data-end=\"203\"><em data-start=\"180\" data-end=\"201\">(Albendazol 600 mq)<\/em><\/p>\n<hr data-start=\"205\" data-end=\"208\" \/>\n<h3 data-start=\"210\" data-end=\"227\"><strong data-start=\"214\" data-end=\"225\">Ingredients<\/strong><\/h3>\n<p data-start=\"228\" data-end=\"244\">H\u0259r bir bolus:<\/p>\n<ul data-start=\"245\" data-end=\"317\">\n<li data-start=\"245\" data-end=\"317\">\n<p data-start=\"247\" data-end=\"317\"><strong data-start=\"247\" data-end=\"261\">Albendazol<\/strong> &#8230;&#8230;&#8230;&#8230;&#8230;&#8230;&#8230;&#8230;&#8230;&#8230;&#8230;&#8230;&#8230;&#8230;&#8230;. 600 mq<\/p>\n<\/li>\n<\/ul>\n<hr data-start=\"319\" data-end=\"322\" \/>\n<h3 data-start=\"324\" data-end=\"345\"><strong data-start=\"328\" data-end=\"343\">Indications<\/strong><\/h3>\n<p data-start=\"346\" data-end=\"434\"><strong data-start=\"346\" data-end=\"363\">ASHIALBEN 600<\/strong> a\u015fa\u011f\u0131dak\u0131 parazitl\u0259rin m\u00fcalic\u0259 v\u0259 profilaktikas\u0131nda istifad\u0259 olunur:<\/p>\n<ul data-start=\"435\" data-end=\"608\">\n<li data-start=\"435\" data-end=\"490\">\n<p data-start=\"437\" data-end=\"490\">D\u0259yirmi qurdlar (b\u00f6y\u00fckl\u0259r v\u0259 4-c\u00fc m\u0259rh\u0259l\u0259 s\u00fcrf\u0259l\u0259r)<\/p>\n<\/li>\n<li data-start=\"491\" data-end=\"543\">\n<p data-start=\"493\" data-end=\"543\">Lungworms (adult and larval stages)<\/p>\n<\/li>\n<li data-start=\"544\" data-end=\"576\">\n<p data-start=\"546\" data-end=\"576\">Lentalar (ba\u015f v\u0259 seqmentl\u0259r)<\/p>\n<\/li>\n<li data-start=\"577\" data-end=\"608\">\n<p data-start=\"579\" data-end=\"608\">Yetkin qaraciy\u0259r sorucular\u0131<\/p>\n<\/li>\n<\/ul>\n<hr data-start=\"610\" data-end=\"613\" \/>\n<h3 data-start=\"615\" data-end=\"654\"><strong data-start=\"619\" data-end=\"652\">Dozalanma v\u0259 \u0130stifad\u0259 Qaydas\u0131<\/strong><\/h3>\n<ul data-start=\"655\" data-end=\"846\">\n<li data-start=\"655\" data-end=\"738\">\n<p data-start=\"657\" data-end=\"738\"><strong data-start=\"657\" data-end=\"670\">Cattle:<\/strong> H\u0259r <strong data-start=\"675\" data-end=\"705\">80 kq canl\u0131 \u00e7\u0259kiy\u0259 1 bolus<\/strong> ASHIALBEN 600 a\u011f\u0131zdan verilir.<\/p>\n<\/li>\n<li data-start=\"739\" data-end=\"846\">\n<p data-start=\"741\" data-end=\"846\"><strong data-start=\"741\" data-end=\"778\">Yetkin qaraciy\u0259r sorucular\u0131 \u00fc\u00e7\u00fcn:<\/strong> H\u0259r <strong data-start=\"783\" data-end=\"813\">60 kq canl\u0131 \u00e7\u0259kiy\u0259 1 bolus<\/strong> ASHIALBEN 600 a\u011f\u0131zdan verilir.<\/p>\n<\/li>\n<\/ul>\n<hr data-start=\"848\" data-end=\"851\" \/>\n<h3 data-start=\"853\" data-end=\"874\"><strong data-start=\"857\" data-end=\"872\">Packaging<\/strong><\/h3>\n<ul data-start=\"875\" data-end=\"900\">\n<li data-start=\"875\" data-end=\"887\">\n<p data-start=\"877\" data-end=\"887\">50 bolus<\/p>\n<\/li>\n<li data-start=\"888\" data-end=\"900\">\n<p data-start=\"890\" data-end=\"900\">55 bolus<\/p>\n<\/li>\n<\/ul>\n<\/div>\n<p><!-- .vgblk-rw-wrapper --><\/p>","protected":false},"excerpt":{"rendered":"<p>ASHIALBEN 600 Bolus (Albendazol 600 mq) T\u0259rkibi H\u0259r bir bolus: Albendazol &#8230;&#8230;&#8230;&#8230;&#8230;&#8230;&#8230;&#8230;&#8230;&#8230;&#8230;&#8230;&#8230;&#8230;&#8230;. 600 mq G\u00f6st\u0259ri\u015fl\u0259r ASHIALBEN 600 a\u015fa\u011f\u0131dak\u0131 parazitl\u0259rin m\u00fcalic\u0259 v\u0259 profilaktikas\u0131nda istifad\u0259 olunur: D\u0259yirmi qurdlar (b\u00f6y\u00fckl\u0259r v\u0259 4-c\u00fc m\u0259rh\u0259l\u0259 s\u00fcrf\u0259l\u0259r) A\u011fciy\u0259r qurdlar\u0131 (b\u00f6y\u00fckl\u0259r v\u0259 s\u00fcrf\u0259 m\u0259rh\u0259l\u0259l\u0259ri) Lentalar (ba\u015f v\u0259 seqmentl\u0259r) Yetkin qaraciy\u0259r sorucular\u0131 Dozalanma v\u0259 \u0130stifad\u0259 Qaydas\u0131 Mal-qara: H\u0259r 80 kq canl\u0131 \u00e7\u0259kiy\u0259 1&#8230;<\/p>","protected":false},"featured_media":990223,"comment_status":"open","ping_status":"closed","template":"","meta":{"nf_dc_page":"","_monsterinsights_skip_tracking":false,"_monsterinsights_sitenote_active":false,"_monsterinsights_sitenote_note":"","_monsterinsights_sitenote_category":0},"product_brand":[],"product_cat":[251,108,114],"product_tag":[],"class_list":{"0":"post-990222","1":"product","2":"type-product","3":"status-publish","4":"has-post-thumbnail","6":"product_cat-veterinary-products","7":"product_cat-cow","8":"product_cat-sheep","10":"first","11":"instock","12":"shipping-taxable","13":"product-type-simple"},"jetpack_sharing_enabled":true,"_links":{"self":[{"href":"https:\/\/agrovetazerbaijan.az\/en\/wp-json\/wp\/v2\/product\/990222","targetHints":{"allow":["GET"]}}],"collection":[{"href":"https:\/\/agrovetazerbaijan.az\/en\/wp-json\/wp\/v2\/product"}],"about":[{"href":"https:\/\/agrovetazerbaijan.az\/en\/wp-json\/wp\/v2\/types\/product"}],"replies":[{"embeddable":true,"href":"https:\/\/agrovetazerbaijan.az\/en\/wp-json\/wp\/v2\/comments?post=990222"}],"version-history":[{"count":1,"href":"https:\/\/agrovetazerbaijan.az\/en\/wp-json\/wp\/v2\/product\/990222\/revisions"}],"predecessor-version":[{"id":990224,"href":"https:\/\/agrovetazerbaijan.az\/en\/wp-json\/wp\/v2\/product\/990222\/revisions\/990224"}],"wp:featuredmedia":[{"embeddable":true,"href":"https:\/\/agrovetazerbaijan.az\/en\/wp-json\/wp\/v2\/media\/990223"}],"wp:attachment":[{"href":"https:\/\/agrovetazerbaijan.az\/en\/wp-json\/wp\/v2\/media?parent=990222"}],"wp:term":[{"taxonomy":"product_brand","embeddable":true,"href":"https:\/\/agrovetazerbaijan.az\/en\/wp-json\/wp\/v2\/product_brand?post=990222"},{"taxonomy":"product_cat","embeddable":true,"href":"https:\/\/agrovetazerbaijan.az\/en\/wp-json\/wp\/v2\/product_cat?post=990222"},{"taxonomy":"product_tag","embeddable":true,"href":"https:\/\/agrovetazerbaijan.az\/en\/wp-json\/wp\/v2\/product_tag?post=990222"}],"curies":[{"name":"wp","href":"https:\/\/api.w.org\/{rel}","templated":true}]}}