{"id":990209,"date":"2025-08-17T22:45:42","date_gmt":"2025-08-17T22:45:42","guid":{"rendered":"https:\/\/agrovetazerbaijan.az\/?post_type=product&#038;p=990209"},"modified":"2025-08-17T22:45:55","modified_gmt":"2025-08-17T22:45:55","slug":"petline-super-premium-mini-puppy-quzu-secimi","status":"publish","type":"product","link":"https:\/\/agrovetazerbaijan.az\/en\/product\/petline-super-premium-mini-puppy-quzu-secimi\/","title":{"rendered":"Petline Super Premium Mini Puppy \u2013 Lamb Selection"},"content":{"rendered":"<div class=\"vgblk-rw-wrapper limit-wrapper\">\n<h2 data-start=\"101\" data-end=\"156\"><strong data-start=\"104\" data-end=\"154\">Petline Super Premium Mini Puppy \u2013 Lamb Selection<\/strong><\/h2>\n<p data-start=\"158\" data-end=\"256\">Mini v\u0259 ki\u00e7ik cins balalar (12 aya q\u0259d\u0259r) \u00fc\u00e7\u00fcn n\u0259z\u0259rd\u0259 tutulmu\u015f <strong data-start=\"222\" data-end=\"253\">super premium quzu \u0259tli yem<\/strong>.<\/p>\n<ul data-start=\"257\" data-end=\"530\">\n<li data-start=\"257\" data-end=\"338\">\n<p data-start=\"259\" data-end=\"338\">X\u00fcsusi resept v\u0259 se\u00e7ilmi\u015f inqrediyentl\u0259rl\u0259 <strong data-start=\"302\" data-end=\"336\">sa\u011flam metabolizmi d\u0259st\u0259kl\u0259yir<\/strong><\/p>\n<\/li>\n<li data-start=\"339\" data-end=\"409\">\n<p data-start=\"341\" data-end=\"409\"><strong data-start=\"341\" data-end=\"375\">Yucca, L-Karnitin, Beta Qlukan<\/strong> il\u0259 immunitet v\u0259 enerji d\u0259st\u0259yi<\/p>\n<\/li>\n<li data-start=\"410\" data-end=\"530\">\n<p data-start=\"412\" data-end=\"448\"><strong data-start=\"412\" data-end=\"441\">OptiQuatro\u00ae texnologiyas\u0131<\/strong> il\u0259:<\/p>\n<ul data-start=\"451\" data-end=\"530\">\n<li data-start=\"451\" data-end=\"480\">\n<p data-start=\"453\" data-end=\"480\">T\u0259z\u0259lik v\u0259 y\u00fcks\u0259k bioudma<\/p>\n<\/li>\n<li data-start=\"483\" data-end=\"508\">\n<p data-start=\"485\" data-end=\"508\">N\u0259cisd\u0259 qoxu n\u0259zar\u0259ti<\/p>\n<\/li>\n<li data-start=\"511\" data-end=\"530\">\n<p data-start=\"513\" data-end=\"530\">G\u00fccl\u00fc immunitet<\/p>\n<\/li>\n<\/ul>\n<\/li>\n<\/ul>\n<p data-start=\"532\" data-end=\"741\"><strong data-start=\"532\" data-end=\"544\">Ingredients:<\/strong> Quzu proteini, heyvan proteini, toyuq ya\u011f\u0131, qar\u011f\u0131dal\u0131, d\u00fcy\u00fc, bu\u011fda, \u015f\u0259k\u0259r \u00e7u\u011funduru, qaraciy\u0259r aromas\u0131, s\u00fcd tozu, vitaminl\u0259r, minerallar, L-Karnitin, ql\u00fckozamin, xondroitin v\u0259 Alltech \u0259lav\u0259l\u0259ri.<\/p>\n<\/div>\n<p><!-- .vgblk-rw-wrapper --><\/p>","protected":false},"excerpt":{"rendered":"<p>Petline Super Premium Mini Puppy \u2013 Quzu Se\u00e7imi Mini v\u0259 ki\u00e7ik cins balalar (12 aya q\u0259d\u0259r) \u00fc\u00e7\u00fcn n\u0259z\u0259rd\u0259 tutulmu\u015f super premium quzu \u0259tli yem. X\u00fcsusi resept v\u0259 se\u00e7ilmi\u015f inqrediyentl\u0259rl\u0259 sa\u011flam metabolizmi d\u0259st\u0259kl\u0259yir Yucca, L-Karnitin, Beta Qlukan il\u0259 immunitet v\u0259 enerji d\u0259st\u0259yi OptiQuatro\u00ae texnologiyas\u0131 il\u0259: T\u0259z\u0259lik v\u0259 y\u00fcks\u0259k bioudma N\u0259cisd\u0259 qoxu n\u0259zar\u0259ti G\u00fccl\u00fc immunitet T\u0259rkibi: Quzu&#8230;<\/p>","protected":false},"featured_media":990210,"comment_status":"open","ping_status":"closed","template":"","meta":{"nf_dc_page":"","_monsterinsights_skip_tracking":false,"_monsterinsights_sitenote_active":false,"_monsterinsights_sitenote_note":"","_monsterinsights_sitenote_category":0},"product_brand":[],"product_cat":[244,58,245],"product_tag":[],"class_list":{"0":"post-990209","1":"product","2":"type-product","3":"status-publish","4":"has-post-thumbnail","6":"product_cat-it-ve-pisik-mehsullari","7":"product_cat-dog","8":"product_cat-yemler","10":"first","11":"instock","12":"shipping-taxable","13":"product-type-simple"},"jetpack_sharing_enabled":true,"_links":{"self":[{"href":"https:\/\/agrovetazerbaijan.az\/en\/wp-json\/wp\/v2\/product\/990209","targetHints":{"allow":["GET"]}}],"collection":[{"href":"https:\/\/agrovetazerbaijan.az\/en\/wp-json\/wp\/v2\/product"}],"about":[{"href":"https:\/\/agrovetazerbaijan.az\/en\/wp-json\/wp\/v2\/types\/product"}],"replies":[{"embeddable":true,"href":"https:\/\/agrovetazerbaijan.az\/en\/wp-json\/wp\/v2\/comments?post=990209"}],"version-history":[{"count":1,"href":"https:\/\/agrovetazerbaijan.az\/en\/wp-json\/wp\/v2\/product\/990209\/revisions"}],"predecessor-version":[{"id":990211,"href":"https:\/\/agrovetazerbaijan.az\/en\/wp-json\/wp\/v2\/product\/990209\/revisions\/990211"}],"wp:featuredmedia":[{"embeddable":true,"href":"https:\/\/agrovetazerbaijan.az\/en\/wp-json\/wp\/v2\/media\/990210"}],"wp:attachment":[{"href":"https:\/\/agrovetazerbaijan.az\/en\/wp-json\/wp\/v2\/media?parent=990209"}],"wp:term":[{"taxonomy":"product_brand","embeddable":true,"href":"https:\/\/agrovetazerbaijan.az\/en\/wp-json\/wp\/v2\/product_brand?post=990209"},{"taxonomy":"product_cat","embeddable":true,"href":"https:\/\/agrovetazerbaijan.az\/en\/wp-json\/wp\/v2\/product_cat?post=990209"},{"taxonomy":"product_tag","embeddable":true,"href":"https:\/\/agrovetazerbaijan.az\/en\/wp-json\/wp\/v2\/product_tag?post=990209"}],"curies":[{"name":"wp","href":"https:\/\/api.w.org\/{rel}","templated":true}]}}