{"id":990180,"date":"2025-08-10T22:35:35","date_gmt":"2025-08-10T22:35:35","guid":{"rendered":"https:\/\/agrovetazerbaijan.az\/?post_type=product&#038;p=990180"},"modified":"2025-09-09T09:00:23","modified_gmt":"2025-09-09T09:00:23","slug":"cloverpet-glucosamine-tablet-for-cats-and-dogs","status":"publish","type":"product","link":"https:\/\/agrovetazerbaijan.az\/en\/product\/cloverpet-glucosamine-tablet-for-cats-and-dogs\/","title":{"rendered":"CLOVERPET GLUCOSAMINE TABLET FOR CATS AND DOGS"},"content":{"rendered":"<div class=\"vgblk-rw-wrapper limit-wrapper\">\n<p data-start=\"59\" data-end=\"102\"><strong data-start=\"59\" data-end=\"102\">CLOVER PET Glucosamine Cat &amp; Dog Tablet<\/strong><\/p>\n<p data-start=\"104\" data-end=\"170\"><strong data-start=\"104\" data-end=\"126\">Glucosamine Tablet<\/strong><br data-start=\"126\" data-end=\"129\" \/>Glucosamine tablet for cats and dogs<\/p>\n<hr data-start=\"172\" data-end=\"175\" \/>\n<h3 data-start=\"177\" data-end=\"188\">Ingredients<\/h3>\n<div class=\"_tableContainer_1rjym_1\">\n<div class=\"_tableWrapper_1rjym_13 group flex w-fit flex-col-reverse\" tabindex=\"-1\">\n<table class=\"w-fit min-w-(--thread-content-width)\" data-start=\"190\" data-end=\"687\">\n<thead data-start=\"190\" data-end=\"272\">\n<tr data-start=\"190\" data-end=\"272\">\n<th data-start=\"190\" data-end=\"207\" data-col-size=\"sm\">Image number<\/th>\n<th data-start=\"207\" data-end=\"233\" data-col-size=\"sm\">Active ingredient<\/th>\n<th data-start=\"233\" data-end=\"251\" data-col-size=\"sm\">Quantity\/tablet<\/th>\n<th data-start=\"251\" data-end=\"272\" data-col-size=\"sm\">Quantity \/ kg<\/th>\n<\/tr>\n<\/thead>\n<tbody data-start=\"356\" data-end=\"687\">\n<tr data-start=\"356\" data-end=\"438\">\n<td data-start=\"356\" data-end=\"373\" data-col-size=\"sm\">13.2.8<\/td>\n<td data-col-size=\"sm\" data-start=\"373\" data-end=\"399\">Glucosamine HCL<\/td>\n<td data-col-size=\"sm\" data-start=\"399\" data-end=\"417\">50 mg<\/td>\n<td data-col-size=\"sm\" data-start=\"417\" data-end=\"438\">50,000 mg\/kg<\/td>\n<\/tr>\n<tr data-start=\"439\" data-end=\"521\">\n<td data-start=\"439\" data-end=\"456\" data-col-size=\"sm\">13.9.1<\/td>\n<td data-col-size=\"sm\" data-start=\"456\" data-end=\"482\">Methyl Sulfonyl Methane<\/td>\n<td data-col-size=\"sm\" data-start=\"482\" data-end=\"500\">20 mg<\/td>\n<td data-col-size=\"sm\" data-start=\"500\" data-end=\"521\">20,000 mg\/kg<\/td>\n<\/tr>\n<tr data-start=\"522\" data-end=\"604\">\n<td data-start=\"522\" data-end=\"539\" data-col-size=\"sm\">13.7.1<\/td>\n<td data-col-size=\"sm\" data-start=\"539\" data-end=\"565\">Chondroitin Sulfate<\/td>\n<td data-col-size=\"sm\" data-start=\"565\" data-end=\"583\">5 mg<\/td>\n<td data-col-size=\"sm\" data-start=\"583\" data-end=\"604\">5,000 mg\/kg<\/td>\n<\/tr>\n<tr data-start=\"605\" data-end=\"687\">\n<td data-start=\"605\" data-end=\"622\" data-col-size=\"sm\">3.a.300<\/td>\n<td data-col-size=\"sm\" data-start=\"622\" data-end=\"648\">Vitamin C<\/td>\n<td data-col-size=\"sm\" data-start=\"648\" data-end=\"666\">10 mg<\/td>\n<td data-col-size=\"sm\" data-start=\"666\" data-end=\"687\">8,000 mg\/kg<\/td>\n<\/tr>\n<\/tbody>\n<\/table>\n<div class=\"sticky end-(--thread-content-margin) h-0 self-end select-none\">\n<div class=\"absolute end-0 flex items-end\"><\/div>\n<\/div>\n<\/div>\n<\/div>\n<h3 data-start=\"689\" data-end=\"722\">Other ingredients and minerals<\/h3>\n<div class=\"_tableContainer_1rjym_1\">\n<div class=\"_tableWrapper_1rjym_13 group flex w-fit flex-col-reverse\" tabindex=\"-1\">\n<table class=\"w-fit min-w-(--thread-content-width)\" data-start=\"724\" data-end=\"1071\">\n<thead data-start=\"724\" data-end=\"810\">\n<tr data-start=\"724\" data-end=\"810\">\n<th data-start=\"724\" data-end=\"741\" data-col-size=\"sm\">Image number<\/th>\n<th data-start=\"741\" data-end=\"771\" data-col-size=\"sm\">Active ingredient<\/th>\n<th data-start=\"771\" data-end=\"789\" data-col-size=\"sm\">Quantity\/tablet<\/th>\n<th data-start=\"789\" data-end=\"810\" data-col-size=\"sm\">Quantity \/ kg<\/th>\n<\/tr>\n<\/thead>\n<tbody data-start=\"898\" data-end=\"1071\">\n<tr data-start=\"898\" data-end=\"984\">\n<td data-start=\"898\" data-end=\"915\" data-col-size=\"sm\">E5<\/td>\n<td data-col-size=\"sm\" data-start=\"915\" data-end=\"945\">Manganese Sulfate Monohydrate<\/td>\n<td data-col-size=\"sm\" data-start=\"945\" data-end=\"963\">3 mg<\/td>\n<td data-col-size=\"sm\" data-start=\"963\" data-end=\"984\">3,000 mg\/kg<\/td>\n<\/tr>\n<tr data-start=\"985\" data-end=\"1071\">\n<td data-start=\"985\" data-end=\"1002\" data-col-size=\"sm\">11.1.1<\/td>\n<td data-col-size=\"sm\" data-start=\"1002\" data-end=\"1032\">Calcium Carbonate<\/td>\n<td data-col-size=\"sm\" data-start=\"1032\" data-end=\"1050\">300 mg<\/td>\n<td data-col-size=\"sm\" data-start=\"1050\" data-end=\"1071\">30,000 mg\/kg<\/td>\n<\/tr>\n<\/tbody>\n<\/table>\n<div class=\"sticky end-(--thread-content-margin) h-0 self-end select-none\">\n<div class=\"absolute end-0 flex items-end\"><\/div>\n<\/div>\n<\/div>\n<\/div>\n<p data-start=\"1073\" data-end=\"1132\"><strong data-start=\"1073\" data-end=\"1095\">Carrier substances:<\/strong> Sorbitol, Magnesium Stearate, Starch<\/p>\n<hr data-start=\"1134\" data-end=\"1137\" \/>\n<h3 data-start=\"1139\" data-end=\"1158\">Area of use<\/h3>\n<p data-start=\"1160\" data-end=\"1327\">Glucosamine tablet is a complementary food containing vitamins and calcium that supports the strengthening of joints, cartilage, and muscle structure of dogs and cats.<\/p>\n<hr data-start=\"1329\" data-end=\"1332\" \/>\n<h3 data-start=\"1334\" data-end=\"1364\">Directions for use and dosage<\/h3>\n<p data-start=\"1366\" data-end=\"1536\">Glucosamine tablets are given to dogs and cats directly or mixed into food. If necessary, the tablets can be crushed and mixed into food.<br data-start=\"1503\" data-end=\"1506\" \/>Dosages by body weight:<\/p>\n<ul data-start=\"1537\" data-end=\"1660\">\n<li data-start=\"1537\" data-end=\"1573\">\n<p data-start=\"1539\" data-end=\"1573\">0-5 kg: half a tablet per day<\/p>\n<\/li>\n<li data-start=\"1574\" data-end=\"1607\">\n<p data-start=\"1576\" data-end=\"1607\">Between 5-10 kg: 1 tablet per day<\/p>\n<\/li>\n<li data-start=\"1608\" data-end=\"1660\">\n<p data-start=\"1610\" data-end=\"1660\">Over 10 kg: 1 tablet for every 10 kg.<\/p>\n<\/li>\n<\/ul>\n<hr data-start=\"1662\" data-end=\"1665\" \/>\n<h3 data-start=\"1667\" data-end=\"1704\">Shelf life and warnings<\/h3>\n<p data-start=\"1706\" data-end=\"1964\">It can be used for 36 months from the date of manufacture. It should be stored away from sunlight, at room temperature and out of the reach of children.<br data-start=\"1864\" data-end=\"1867\" \/>This is not a medicine and is not used for therapeutic purposes. It is a complementary food for dogs and cats.<\/p>\n<\/div>\n<p><!-- .vgblk-rw-wrapper --><\/p>","protected":false},"excerpt":{"rendered":"<p>CLOVER PET Glukozamin Cat &amp; Dog Tableti Glukozamin TabletiPi\u015fikl\u0259r v\u0259 itl\u0259r \u00fc\u00e7\u00fcn glukozamin tableti T\u0259rkibi T\u0259svir n\u00f6mr\u0259si Aktiv madd\u0259 Miqdar \/ tablet Miqdar \/ kq 13.2.8 Glukozamin HCL 50 mg 50.000 mg\/kq 13.9.1 Metil S\u00fclfonil Metan 20 mg 20.000 mg\/kq 13.7.1 Kondroitin Sulfat 5 mg 5.000 mg\/kq 3.a.300 Vitamin C 10 mg 8.000 mg\/kq Dig\u0259r&#8230;<\/p>","protected":false},"featured_media":990181,"comment_status":"open","ping_status":"closed","template":"","meta":{"nf_dc_page":"","_monsterinsights_skip_tracking":false,"_monsterinsights_sitenote_active":false,"_monsterinsights_sitenote_note":"","_monsterinsights_sitenote_category":0},"product_brand":[],"product_cat":[244,58,160,51],"product_tag":[],"class_list":{"0":"post-990180","1":"product","2":"type-product","3":"status-publish","4":"has-post-thumbnail","6":"product_cat-it-ve-pisik-mehsullari","7":"product_cat-dog","8":"product_cat-nutrients","9":"product_cat-cat","11":"first","12":"instock","13":"shipping-taxable","14":"product-type-simple"},"jetpack_sharing_enabled":true,"_links":{"self":[{"href":"https:\/\/agrovetazerbaijan.az\/en\/wp-json\/wp\/v2\/product\/990180","targetHints":{"allow":["GET"]}}],"collection":[{"href":"https:\/\/agrovetazerbaijan.az\/en\/wp-json\/wp\/v2\/product"}],"about":[{"href":"https:\/\/agrovetazerbaijan.az\/en\/wp-json\/wp\/v2\/types\/product"}],"replies":[{"embeddable":true,"href":"https:\/\/agrovetazerbaijan.az\/en\/wp-json\/wp\/v2\/comments?post=990180"}],"version-history":[{"count":2,"href":"https:\/\/agrovetazerbaijan.az\/en\/wp-json\/wp\/v2\/product\/990180\/revisions"}],"predecessor-version":[{"id":990183,"href":"https:\/\/agrovetazerbaijan.az\/en\/wp-json\/wp\/v2\/product\/990180\/revisions\/990183"}],"wp:featuredmedia":[{"embeddable":true,"href":"https:\/\/agrovetazerbaijan.az\/en\/wp-json\/wp\/v2\/media\/990181"}],"wp:attachment":[{"href":"https:\/\/agrovetazerbaijan.az\/en\/wp-json\/wp\/v2\/media?parent=990180"}],"wp:term":[{"taxonomy":"product_brand","embeddable":true,"href":"https:\/\/agrovetazerbaijan.az\/en\/wp-json\/wp\/v2\/product_brand?post=990180"},{"taxonomy":"product_cat","embeddable":true,"href":"https:\/\/agrovetazerbaijan.az\/en\/wp-json\/wp\/v2\/product_cat?post=990180"},{"taxonomy":"product_tag","embeddable":true,"href":"https:\/\/agrovetazerbaijan.az\/en\/wp-json\/wp\/v2\/product_tag?post=990180"}],"curies":[{"name":"wp","href":"https:\/\/api.w.org\/{rel}","templated":true}]}}