{"id":990177,"date":"2025-08-10T22:33:47","date_gmt":"2025-08-10T22:33:47","guid":{"rendered":"https:\/\/agrovetazerbaijan.az\/?post_type=product&#038;p=990177"},"modified":"2025-09-09T08:31:50","modified_gmt":"2025-09-09T08:31:50","slug":"cloverpet-immunis-tablet-for-cats-and-dogs","status":"publish","type":"product","link":"https:\/\/agrovetazerbaijan.az\/en\/product\/cloverpet-immunis-tablet-for-cats-and-dogs\/","title":{"rendered":"CLOVERPET IMMUNE TABLET FOR CATS AND DOGS"},"content":{"rendered":"<div class=\"vgblk-rw-wrapper limit-wrapper\">\n<p data-start=\"115\" data-end=\"155\"><strong data-start=\"115\" data-end=\"155\">CLOVER PET Immunes Cat &amp; Dog Tablet<\/strong><\/p>\n<p data-start=\"157\" data-end=\"238\"><strong data-start=\"157\" data-end=\"174\">Immune Tablet<\/strong><br data-start=\"174\" data-end=\"177\" \/>It is a tablet that supports the immune system for cats and dogs.<\/p>\n<hr data-start=\"240\" data-end=\"243\" \/>\n<h3 data-start=\"245\" data-end=\"256\">Ingredients<\/h3>\n<div class=\"_tableContainer_1rjym_1\">\n<div class=\"_tableWrapper_1rjym_13 group flex w-fit flex-col-reverse\" tabindex=\"-1\">\n<table class=\"w-fit min-w-(--thread-content-width)\" data-start=\"258\" data-end=\"488\">\n<thead data-start=\"258\" data-end=\"334\">\n<tr data-start=\"258\" data-end=\"334\">\n<th data-start=\"258\" data-end=\"275\" data-col-size=\"sm\">Image number<\/th>\n<th data-start=\"275\" data-end=\"295\" data-col-size=\"sm\">Active ingredient<\/th>\n<th data-start=\"295\" data-end=\"313\" data-col-size=\"sm\">Quantity\/tablet<\/th>\n<th data-start=\"313\" data-end=\"334\" data-col-size=\"sm\">Quantity \/ kg<\/th>\n<\/tr>\n<\/thead>\n<tbody data-start=\"412\" data-end=\"488\">\n<tr data-start=\"412\" data-end=\"488\">\n<td data-start=\"412\" data-end=\"429\" data-col-size=\"sm\">3.a.300<\/td>\n<td data-col-size=\"sm\" data-start=\"429\" data-end=\"449\">Vitamin C<\/td>\n<td data-col-size=\"sm\" data-start=\"449\" data-end=\"467\">10 mg<\/td>\n<td data-col-size=\"sm\" data-start=\"467\" data-end=\"488\">8,000 mg\/kg<\/td>\n<\/tr>\n<\/tbody>\n<\/table>\n<div class=\"sticky end-(--thread-content-margin) h-0 self-end select-none\">\n<div class=\"absolute end-0 flex items-end\"><\/div>\n<\/div>\n<\/div>\n<\/div>\n<h3 data-start=\"490\" data-end=\"523\">Other ingredients and minerals<\/h3>\n<div class=\"_tableContainer_1rjym_1\">\n<div class=\"_tableWrapper_1rjym_13 group flex w-fit flex-col-reverse\" tabindex=\"-1\">\n<table class=\"w-fit min-w-(--thread-content-width)\" data-start=\"525\" data-end=\"1010\">\n<thead data-start=\"525\" data-end=\"605\">\n<tr data-start=\"525\" data-end=\"605\">\n<th data-start=\"525\" data-end=\"542\" data-col-size=\"sm\">Image number<\/th>\n<th data-start=\"542\" data-end=\"566\" data-col-size=\"sm\">Active ingredient<\/th>\n<th data-start=\"566\" data-end=\"584\" data-col-size=\"sm\">Quantity\/tablet<\/th>\n<th data-start=\"584\" data-end=\"605\" data-col-size=\"sm\">Quantity \/ kg<\/th>\n<\/tr>\n<\/thead>\n<tbody data-start=\"687\" data-end=\"1010\">\n<tr data-start=\"687\" data-end=\"767\">\n<td data-start=\"687\" data-end=\"704\" data-col-size=\"sm\">11.2.8<\/td>\n<td data-col-size=\"sm\" data-start=\"704\" data-end=\"728\">Magnesium Hydroxide<\/td>\n<td data-col-size=\"sm\" data-start=\"728\" data-end=\"746\">30 mg<\/td>\n<td data-col-size=\"sm\" data-start=\"746\" data-end=\"767\">3,000 mg\/kg<\/td>\n<\/tr>\n<tr data-start=\"768\" data-end=\"848\">\n<td data-start=\"768\" data-end=\"785\" data-col-size=\"sm\">3.b.605<\/td>\n<td data-col-size=\"sm\" data-start=\"785\" data-end=\"809\">Zinc Sulfate<\/td>\n<td data-col-size=\"sm\" data-start=\"809\" data-end=\"827\">2 mg<\/td>\n<td data-col-size=\"sm\" data-start=\"827\" data-end=\"848\">2,000 mg\/kg<\/td>\n<\/tr>\n<tr data-start=\"849\" data-end=\"929\">\n<td data-start=\"849\" data-end=\"866\" data-col-size=\"sm\">2b<\/td>\n<td data-col-size=\"sm\" data-start=\"866\" data-end=\"890\">Echinacea Extract<\/td>\n<td data-col-size=\"sm\" data-start=\"890\" data-end=\"908\">20 mg<\/td>\n<td data-col-size=\"sm\" data-start=\"908\" data-end=\"929\">12,000 mg\/kg<\/td>\n<\/tr>\n<tr data-start=\"930\" data-end=\"1010\">\n<td data-start=\"930\" data-end=\"947\" data-col-size=\"sm\">3.2.1<\/td>\n<td data-col-size=\"sm\" data-start=\"947\" data-end=\"971\">L-Lysine<\/td>\n<td data-col-size=\"sm\" data-start=\"971\" data-end=\"989\">150 mg<\/td>\n<td data-col-size=\"sm\" data-start=\"989\" data-end=\"1010\">10,000 mg\/kg<\/td>\n<\/tr>\n<\/tbody>\n<\/table>\n<div class=\"sticky end-(--thread-content-margin) h-0 self-end select-none\">\n<div class=\"absolute end-0 flex items-end\"><\/div>\n<\/div>\n<\/div>\n<\/div>\n<p data-start=\"1012\" data-end=\"1071\"><strong data-start=\"1012\" data-end=\"1034\">Carrier substances:<\/strong> Sorbitol, Magnesium Stearate, Starch<\/p>\n<hr data-start=\"1073\" data-end=\"1076\" \/>\n<h3 data-start=\"1078\" data-end=\"1097\">Area of use<\/h3>\n<p data-start=\"1099\" data-end=\"1226\">Immunes tablet is a complementary food containing vitamins and plant extracts that support the immune system of dogs and cats.<\/p>\n<hr data-start=\"1228\" data-end=\"1231\" \/>\n<h3 data-start=\"1233\" data-end=\"1263\">Directions for use and dosage<\/h3>\n<p data-start=\"1265\" data-end=\"1432\">Immunes tablets are given to dogs and cats directly or mixed with food. If necessary, the tablets can be crushed and mixed with food.<br data-start=\"1399\" data-end=\"1402\" \/>Dosages by body weight:<\/p>\n<ul data-start=\"1433\" data-end=\"1556\">\n<li data-start=\"1433\" data-end=\"1469\">\n<p data-start=\"1435\" data-end=\"1469\">0-5 kg: half a tablet per day<\/p>\n<\/li>\n<li data-start=\"1470\" data-end=\"1503\">\n<p data-start=\"1472\" data-end=\"1503\">Between 5-10 kg: 1 tablet per day<\/p>\n<\/li>\n<li data-start=\"1504\" data-end=\"1556\">\n<p data-start=\"1506\" data-end=\"1556\">Over 10 kg: 1 tablet for every 10 kg.<\/p>\n<\/li>\n<\/ul>\n<hr data-start=\"1558\" data-end=\"1561\" \/>\n<h3 data-start=\"1563\" data-end=\"1600\">Shelf life and warnings<\/h3>\n<p data-start=\"1602\" data-end=\"1860\">It can be used for 36 months from the date of manufacture. It should be stored away from sunlight, at room temperature and out of the reach of children.<br data-start=\"1760\" data-end=\"1763\" \/>This is not a medicine and is not used for therapeutic purposes. It is a complementary food for dogs and cats.<\/p>\n<hr data-start=\"1862\" data-end=\"1865\" \/>\n<h3 data-start=\"1867\" data-end=\"1887\">Manufacturer Company<\/h3>\n<p data-start=\"1889\" data-end=\"2137\">Yonca Pet Chemical Pharmaceutical Industry and Trade Ltd. Co. Ltd.<br data-start=\"1932\" data-end=\"1935\" \/>Sherifali Mah. Shahit Sok. No:27\/1 Umraniya \/ Istanbul \/ TURKEY<br data-start=\"1997\" data-end=\"2000\" \/>Produced in an enterprise approved by the Ministry of Agriculture of Azerbaijan on 04.05.2023 with the number \u03b1 TR-3400313.<\/p>\n<\/div>\n<p><!-- .vgblk-rw-wrapper --><\/p>","protected":false},"excerpt":{"rendered":"<p>CLOVER PET Immunes Cat &amp; Dog Tableti \u0130mmun TabletiPi\u015fikl\u0259r v\u0259 itl\u0259r \u00fc\u00e7\u00fcn immun sistemini d\u0259st\u0259kl\u0259y\u0259n tabletdir. T\u0259rkibi T\u0259svir n\u00f6mr\u0259si Aktiv madd\u0259 Miqdar \/ tablet Miqdar \/ kq 3.a.300 Vitamin C 10 mg 8.000 mg\/kq Dig\u0259r t\u0259rkibl\u0259r v\u0259 minerallar T\u0259svir n\u00f6mr\u0259si Aktiv madd\u0259 Miqdar \/ tablet Miqdar \/ kq 11.2.8 Maqnezium Hidroksid 30 mg 3.000 mg\/kq&#8230;<\/p>","protected":false},"featured_media":990178,"comment_status":"open","ping_status":"closed","template":"","meta":{"nf_dc_page":"","_monsterinsights_skip_tracking":false,"_monsterinsights_sitenote_active":false,"_monsterinsights_sitenote_note":"","_monsterinsights_sitenote_category":0},"product_brand":[],"product_cat":[244,58,160,51],"product_tag":[],"class_list":{"0":"post-990177","1":"product","2":"type-product","3":"status-publish","4":"has-post-thumbnail","6":"product_cat-it-ve-pisik-mehsullari","7":"product_cat-dog","8":"product_cat-nutrients","9":"product_cat-cat","11":"first","12":"instock","13":"shipping-taxable","14":"product-type-simple"},"jetpack_sharing_enabled":true,"_links":{"self":[{"href":"https:\/\/agrovetazerbaijan.az\/en\/wp-json\/wp\/v2\/product\/990177","targetHints":{"allow":["GET"]}}],"collection":[{"href":"https:\/\/agrovetazerbaijan.az\/en\/wp-json\/wp\/v2\/product"}],"about":[{"href":"https:\/\/agrovetazerbaijan.az\/en\/wp-json\/wp\/v2\/types\/product"}],"replies":[{"embeddable":true,"href":"https:\/\/agrovetazerbaijan.az\/en\/wp-json\/wp\/v2\/comments?post=990177"}],"version-history":[{"count":1,"href":"https:\/\/agrovetazerbaijan.az\/en\/wp-json\/wp\/v2\/product\/990177\/revisions"}],"predecessor-version":[{"id":990179,"href":"https:\/\/agrovetazerbaijan.az\/en\/wp-json\/wp\/v2\/product\/990177\/revisions\/990179"}],"wp:featuredmedia":[{"embeddable":true,"href":"https:\/\/agrovetazerbaijan.az\/en\/wp-json\/wp\/v2\/media\/990178"}],"wp:attachment":[{"href":"https:\/\/agrovetazerbaijan.az\/en\/wp-json\/wp\/v2\/media?parent=990177"}],"wp:term":[{"taxonomy":"product_brand","embeddable":true,"href":"https:\/\/agrovetazerbaijan.az\/en\/wp-json\/wp\/v2\/product_brand?post=990177"},{"taxonomy":"product_cat","embeddable":true,"href":"https:\/\/agrovetazerbaijan.az\/en\/wp-json\/wp\/v2\/product_cat?post=990177"},{"taxonomy":"product_tag","embeddable":true,"href":"https:\/\/agrovetazerbaijan.az\/en\/wp-json\/wp\/v2\/product_tag?post=990177"}],"curies":[{"name":"wp","href":"https:\/\/api.w.org\/{rel}","templated":true}]}}