{"id":990175,"date":"2025-08-10T22:30:35","date_gmt":"2025-08-10T22:30:35","guid":{"rendered":"https:\/\/agrovetazerbaijan.az\/?post_type=product&#038;p=990175"},"modified":"2025-09-09T08:20:23","modified_gmt":"2025-09-09T08:20:23","slug":"cloverpet-multi-vit-tablet-for-cats-and-dogs","status":"publish","type":"product","link":"https:\/\/agrovetazerbaijan.az\/en\/product\/cloverpet-multi-vit-tablet-for-cats-and-dogs\/","title":{"rendered":"CLOVERPET MULTI-VIT TABLET FOR CATS AND DOGS"},"content":{"rendered":"<div class=\"vgblk-rw-wrapper limit-wrapper\">\n<p data-start=\"120\" data-end=\"165\"><strong data-start=\"120\" data-end=\"165\">CLOVER PET Multivitamin Cat &amp; Dog Tableti<\/strong><\/p>\n<p data-start=\"167\" data-end=\"237\"><strong data-start=\"167\" data-end=\"191\">Multivitamin Tableti<\/strong><br data-start=\"191\" data-end=\"194\" \/>Pi\u015fikl\u0259r v\u0259 itl\u0259r \u00fc\u00e7\u00fcn multivitamin tableti<\/p>\n<hr data-start=\"239\" data-end=\"242\" \/>\n<h3 data-start=\"244\" data-end=\"255\">Ingredients<\/h3>\n<div class=\"_tableContainer_1rjym_1\">\n<div class=\"_tableWrapper_1rjym_13 group flex w-fit flex-col-reverse\" tabindex=\"-1\">\n<table class=\"w-fit min-w-(--thread-content-width)\" data-start=\"257\" data-end=\"1168\">\n<thead data-start=\"257\" data-end=\"332\">\n<tr data-start=\"257\" data-end=\"332\">\n<th data-start=\"257\" data-end=\"274\" data-col-size=\"sm\">Image number<\/th>\n<th data-start=\"274\" data-end=\"293\" data-col-size=\"sm\">Active ingredient<\/th>\n<th data-start=\"293\" data-end=\"311\" data-col-size=\"sm\">Quantity\/tablet<\/th>\n<th data-start=\"311\" data-end=\"332\" data-col-size=\"sm\">Quantity \/ kg<\/th>\n<\/tr>\n<\/thead>\n<tbody data-start=\"409\" data-end=\"1168\">\n<tr data-start=\"409\" data-end=\"484\">\n<td data-start=\"409\" data-end=\"426\" data-col-size=\"sm\">3.a.700<\/td>\n<td data-col-size=\"sm\" data-start=\"426\" data-end=\"445\">Vitamin E<\/td>\n<td data-col-size=\"sm\" data-start=\"445\" data-end=\"463\">6 mg<\/td>\n<td data-col-size=\"sm\" data-start=\"463\" data-end=\"484\">6000 mg\/kq<\/td>\n<\/tr>\n<tr data-start=\"485\" data-end=\"560\">\n<td data-start=\"485\" data-end=\"502\" data-col-size=\"sm\">3.a.300<\/td>\n<td data-col-size=\"sm\" data-start=\"502\" data-end=\"521\">Vitamin C<\/td>\n<td data-col-size=\"sm\" data-start=\"521\" data-end=\"539\">8 mg<\/td>\n<td data-col-size=\"sm\" data-start=\"539\" data-end=\"560\">8000 mg\/kq<\/td>\n<\/tr>\n<tr data-start=\"561\" data-end=\"636\">\n<td data-start=\"561\" data-end=\"578\" data-col-size=\"sm\">3.a.821<\/td>\n<td data-col-size=\"sm\" data-start=\"578\" data-end=\"597\">Vitamin B1<\/td>\n<td data-col-size=\"sm\" data-start=\"597\" data-end=\"615\">1.2 mg<\/td>\n<td data-col-size=\"sm\" data-start=\"615\" data-end=\"636\">1200 mg\/kq<\/td>\n<\/tr>\n<tr data-start=\"637\" data-end=\"712\">\n<td data-start=\"637\" data-end=\"654\" data-col-size=\"sm\"><\/td>\n<td data-col-size=\"sm\" data-start=\"654\" data-end=\"673\">Vitamin B2<\/td>\n<td data-col-size=\"sm\" data-start=\"673\" data-end=\"691\">1.6 mg<\/td>\n<td data-col-size=\"sm\" data-start=\"691\" data-end=\"712\">1600 mg\/kq<\/td>\n<\/tr>\n<tr data-start=\"713\" data-end=\"788\">\n<td data-start=\"713\" data-end=\"730\" data-col-size=\"sm\">3.a.314<\/td>\n<td data-col-size=\"sm\" data-start=\"730\" data-end=\"749\">Vitamin B3<\/td>\n<td data-col-size=\"sm\" data-start=\"749\" data-end=\"767\">6 mg<\/td>\n<td data-col-size=\"sm\" data-start=\"767\" data-end=\"788\">6000 mg\/kq<\/td>\n<\/tr>\n<tr data-start=\"789\" data-end=\"864\">\n<td data-start=\"789\" data-end=\"806\" data-col-size=\"sm\">3.a.841<\/td>\n<td data-start=\"806\" data-end=\"825\" data-col-size=\"sm\">Vitamin B5<\/td>\n<td data-col-size=\"sm\" data-start=\"825\" data-end=\"843\">6 mg<\/td>\n<td data-col-size=\"sm\" data-start=\"843\" data-end=\"864\">6000 mg\/kq<\/td>\n<\/tr>\n<tr data-start=\"865\" data-end=\"940\">\n<td data-start=\"865\" data-end=\"882\" data-col-size=\"sm\">3.a.831<\/td>\n<td data-col-size=\"sm\" data-start=\"882\" data-end=\"901\">Vitamin B6<\/td>\n<td data-col-size=\"sm\" data-start=\"901\" data-end=\"919\">0.6 mg<\/td>\n<td data-col-size=\"sm\" data-start=\"919\" data-end=\"940\">600 mg\/kq<\/td>\n<\/tr>\n<tr data-start=\"941\" data-end=\"1016\">\n<td data-start=\"941\" data-end=\"958\" data-col-size=\"sm\"><\/td>\n<td data-col-size=\"sm\" data-start=\"958\" data-end=\"977\">Vitamin B12<\/td>\n<td data-col-size=\"sm\" data-start=\"977\" data-end=\"995\">300 mcg<\/td>\n<td data-col-size=\"sm\" data-start=\"995\" data-end=\"1016\">300 mg\/kq<\/td>\n<\/tr>\n<tr data-start=\"1017\" data-end=\"1092\">\n<td data-start=\"1017\" data-end=\"1034\" data-col-size=\"sm\">3.a.710<\/td>\n<td data-start=\"1034\" data-end=\"1053\" data-col-size=\"sm\">Vitamin K3<\/td>\n<td data-col-size=\"sm\" data-start=\"1053\" data-end=\"1071\">600 mcg<\/td>\n<td data-col-size=\"sm\" data-start=\"1071\" data-end=\"1092\">600 mg\/kq<\/td>\n<\/tr>\n<tr data-start=\"1093\" data-end=\"1168\">\n<td data-start=\"1093\" data-end=\"1110\" data-col-size=\"sm\">3.a.880<\/td>\n<td data-col-size=\"sm\" data-start=\"1110\" data-end=\"1129\">Vitamin B7<\/td>\n<td data-col-size=\"sm\" data-start=\"1129\" data-end=\"1147\">60 mcg<\/td>\n<td data-col-size=\"sm\" data-start=\"1147\" data-end=\"1168\">60 mg\/kq<\/td>\n<\/tr>\n<\/tbody>\n<\/table>\n<div class=\"sticky end-(--thread-content-margin) h-0 self-end select-none\">\n<div class=\"absolute end-0 flex items-end\"><\/div>\n<\/div>\n<\/div>\n<\/div>\n<h3 data-start=\"1170\" data-end=\"1203\">Other ingredients and minerals<\/h3>\n<div class=\"_tableContainer_1rjym_1\">\n<div class=\"_tableWrapper_1rjym_13 group flex w-fit flex-col-reverse\" tabindex=\"-1\">\n<table class=\"w-fit min-w-(--thread-content-width)\" data-start=\"1205\" data-end=\"1660\">\n<thead data-start=\"1205\" data-end=\"1280\">\n<tr data-start=\"1205\" data-end=\"1280\">\n<th data-start=\"1205\" data-end=\"1222\" data-col-size=\"sm\">Image number<\/th>\n<th data-start=\"1222\" data-end=\"1241\" data-col-size=\"sm\">Active ingredient<\/th>\n<th data-start=\"1241\" data-end=\"1259\" data-col-size=\"sm\">Quantity\/tablet<\/th>\n<th data-start=\"1259\" data-end=\"1280\" data-col-size=\"sm\">Quantity \/ kg<\/th>\n<\/tr>\n<\/thead>\n<tbody data-start=\"1357\" data-end=\"1660\">\n<tr data-start=\"1357\" data-end=\"1432\">\n<td data-start=\"1357\" data-end=\"1374\" data-col-size=\"sm\">11.1.1<\/td>\n<td data-start=\"1374\" data-end=\"1393\" data-col-size=\"sm\">Calcium Carbonate<\/td>\n<td data-col-size=\"sm\" data-start=\"1393\" data-end=\"1411\">150 mg<\/td>\n<td data-col-size=\"sm\" data-start=\"1411\" data-end=\"1432\">150000 mg\/kq<\/td>\n<\/tr>\n<tr data-start=\"1433\" data-end=\"1508\">\n<td data-start=\"1433\" data-end=\"1450\" data-col-size=\"sm\">11.2.8<\/td>\n<td data-col-size=\"sm\" data-start=\"1450\" data-end=\"1472\">Magnesium Hydroxide<\/td>\n<td data-col-size=\"sm\" data-start=\"1472\" data-end=\"1487\">30 mg<\/td>\n<td data-col-size=\"sm\" data-start=\"1487\" data-end=\"1508\">30000 mg\/kq<\/td>\n<\/tr>\n<tr data-start=\"1509\" data-end=\"1584\">\n<td data-start=\"1509\" data-end=\"1526\" data-col-size=\"sm\">3.b.201<\/td>\n<td data-col-size=\"sm\" data-start=\"1526\" data-end=\"1545\">Zinc Sulfate<\/td>\n<td data-col-size=\"sm\" data-start=\"1545\" data-end=\"1563\">12 mg<\/td>\n<td data-col-size=\"sm\" data-start=\"1563\" data-end=\"1584\">12000 mg\/kq<\/td>\n<\/tr>\n<tr data-start=\"1585\" data-end=\"1660\">\n<td data-start=\"1585\" data-end=\"1602\" data-col-size=\"sm\">E1<\/td>\n<td data-col-size=\"sm\" data-start=\"1602\" data-end=\"1621\">D\u0259mir Sulfat<\/td>\n<td data-col-size=\"sm\" data-start=\"1621\" data-end=\"1639\">6 mg<\/td>\n<td data-col-size=\"sm\" data-start=\"1639\" data-end=\"1660\">6000 mg\/kq<\/td>\n<\/tr>\n<\/tbody>\n<\/table>\n<div class=\"sticky end-(--thread-content-margin) h-0 self-end select-none\">\n<div class=\"absolute end-0 flex items-end\"><\/div>\n<\/div>\n<\/div>\n<\/div>\n<p data-start=\"1662\" data-end=\"1721\"><strong data-start=\"1662\" data-end=\"1684\">Carrier substances:<\/strong> Sorbitol, Magnesium Stearate, Starch<\/p>\n<hr data-start=\"1723\" data-end=\"1726\" \/>\n<h3 data-start=\"1728\" data-end=\"1747\">Area of use<\/h3>\n<p data-start=\"1749\" data-end=\"1866\">Multivitamin tableti, itl\u0259rin sa\u011flam qidalanmas\u0131n\u0131 d\u0259st\u0259kl\u0259y\u0259n vitamin v\u0259 minerallar\u0131 ehtiva ed\u0259n tamamlay\u0131c\u0131 yemdir.<\/p>\n<hr data-start=\"1868\" data-end=\"1871\" \/>\n<h3 data-start=\"1873\" data-end=\"1903\">Directions for use and dosage<\/h3>\n<p data-start=\"1905\" data-end=\"2064\">Multivitamin tableti itl\u0259r\u0259 birba\u015fa v\u0259 ya yem\u0259 qar\u0131\u015fd\u0131r\u0131laraq verilir. Laz\u0131m olduqda tabletl\u0259r q\u0131r\u0131l\u0131b yem\u0259 qar\u0131\u015fd\u0131r\u0131la bil\u0259r.<br data-start=\"2031\" data-end=\"2034\" \/>Dosages by body weight:<\/p>\n<ul data-start=\"2065\" data-end=\"2188\">\n<li data-start=\"2065\" data-end=\"2101\">\n<p data-start=\"2067\" data-end=\"2101\">0-5 kg: half a tablet per day<\/p>\n<\/li>\n<li data-start=\"2102\" data-end=\"2135\">\n<p data-start=\"2104\" data-end=\"2135\">Between 5-10 kg: 1 tablet per day<\/p>\n<\/li>\n<li data-start=\"2136\" data-end=\"2188\">\n<p data-start=\"2138\" data-end=\"2188\">Over 10 kg: 1 tablet for every 10 kg.<\/p>\n<\/li>\n<\/ul>\n<hr data-start=\"2190\" data-end=\"2193\" \/>\n<h3 data-start=\"2195\" data-end=\"2232\">Shelf life and warnings<\/h3>\n<p data-start=\"2234\" data-end=\"2492\">It can be used for 36 months from the date of manufacture. It should be stored away from sunlight, at room temperature and out of the reach of children.<br data-start=\"2392\" data-end=\"2395\" \/>This is not a medicine and is not used for therapeutic purposes. It is a complementary food for dogs and cats.<\/p>\n<\/div>\n<p><!-- .vgblk-rw-wrapper --><\/p>","protected":false},"excerpt":{"rendered":"<p>CLOVER PET Multivitamin Cat &amp; Dog Tableti Multivitamin TabletiPi\u015fikl\u0259r v\u0259 itl\u0259r \u00fc\u00e7\u00fcn multivitamin tableti T\u0259rkibi T\u0259svir n\u00f6mr\u0259si Aktiv madd\u0259 Miqdar \/ tablet Miqdar \/ kq 3.a.700 Vitamin E 6 mg 6000 mg\/kq 3.a.300 Vitamin C 8 mg 8000 mg\/kq 3.a.821 Vitamin B1 1.2 mg 1200 mg\/kq Vitamin B2 1.6 mg 1600 mg\/kq 3.a.314 Vitamin B3&#8230;<\/p>","protected":false},"featured_media":990187,"comment_status":"open","ping_status":"closed","template":"","meta":{"nf_dc_page":"","_monsterinsights_skip_tracking":false,"_monsterinsights_sitenote_active":false,"_monsterinsights_sitenote_note":"","_monsterinsights_sitenote_category":0},"product_brand":[],"product_cat":[244,58,160,51],"product_tag":[],"class_list":{"0":"post-990175","1":"product","2":"type-product","3":"status-publish","4":"has-post-thumbnail","6":"product_cat-it-ve-pisik-mehsullari","7":"product_cat-dog","8":"product_cat-nutrients","9":"product_cat-cat","11":"first","12":"instock","13":"shipping-taxable","14":"product-type-simple"},"jetpack_sharing_enabled":true,"_links":{"self":[{"href":"https:\/\/agrovetazerbaijan.az\/en\/wp-json\/wp\/v2\/product\/990175","targetHints":{"allow":["GET"]}}],"collection":[{"href":"https:\/\/agrovetazerbaijan.az\/en\/wp-json\/wp\/v2\/product"}],"about":[{"href":"https:\/\/agrovetazerbaijan.az\/en\/wp-json\/wp\/v2\/types\/product"}],"replies":[{"embeddable":true,"href":"https:\/\/agrovetazerbaijan.az\/en\/wp-json\/wp\/v2\/comments?post=990175"}],"version-history":[{"count":1,"href":"https:\/\/agrovetazerbaijan.az\/en\/wp-json\/wp\/v2\/product\/990175\/revisions"}],"predecessor-version":[{"id":990176,"href":"https:\/\/agrovetazerbaijan.az\/en\/wp-json\/wp\/v2\/product\/990175\/revisions\/990176"}],"wp:featuredmedia":[{"embeddable":true,"href":"https:\/\/agrovetazerbaijan.az\/en\/wp-json\/wp\/v2\/media\/990187"}],"wp:attachment":[{"href":"https:\/\/agrovetazerbaijan.az\/en\/wp-json\/wp\/v2\/media?parent=990175"}],"wp:term":[{"taxonomy":"product_brand","embeddable":true,"href":"https:\/\/agrovetazerbaijan.az\/en\/wp-json\/wp\/v2\/product_brand?post=990175"},{"taxonomy":"product_cat","embeddable":true,"href":"https:\/\/agrovetazerbaijan.az\/en\/wp-json\/wp\/v2\/product_cat?post=990175"},{"taxonomy":"product_tag","embeddable":true,"href":"https:\/\/agrovetazerbaijan.az\/en\/wp-json\/wp\/v2\/product_tag?post=990175"}],"curies":[{"name":"wp","href":"https:\/\/api.w.org\/{rel}","templated":true}]}}