{"id":990173,"date":"2025-08-10T22:29:10","date_gmt":"2025-08-10T22:29:10","guid":{"rendered":"https:\/\/agrovetazerbaijan.az\/?post_type=product&#038;p=990173"},"modified":"2025-09-09T09:11:15","modified_gmt":"2025-09-09T09:11:15","slug":"cloverpet-brewers-tablet-for-cats-and-dogs","status":"publish","type":"product","link":"https:\/\/agrovetazerbaijan.az\/en\/product\/cloverpet-brewers-tablet-for-cats-and-dogs\/","title":{"rendered":"CLOVERPET BREWERS TABLET FOR CATS AND DOGS"},"content":{"rendered":"<div class=\"vgblk-rw-wrapper limit-wrapper\">\n<p data-start=\"116\" data-end=\"156\"><strong data-start=\"116\" data-end=\"156\">CLOVER PET Brewers Cat &amp; Dog Tablet<\/strong><\/p>\n<p data-start=\"158\" data-end=\"223\"><strong data-start=\"158\" data-end=\"177\">Brewers Tablet<\/strong><br data-start=\"177\" data-end=\"180\" \/>Hair vitamin tablet for cats and dogs<\/p>\n<hr data-start=\"225\" data-end=\"228\" \/>\n<h3 data-start=\"230\" data-end=\"241\">Ingredients<\/h3>\n<div class=\"_tableContainer_1rjym_1\">\n<div class=\"_tableWrapper_1rjym_13 group flex w-fit flex-col-reverse\" tabindex=\"-1\">\n<table class=\"w-fit min-w-(--thread-content-width)\" data-start=\"243\" data-end=\"617\">\n<thead data-start=\"243\" data-end=\"317\">\n<tr data-start=\"243\" data-end=\"317\">\n<th data-start=\"243\" data-end=\"260\" data-col-size=\"sm\">Image number<\/th>\n<th data-start=\"260\" data-end=\"279\" data-col-size=\"sm\">Active ingredient<\/th>\n<th data-start=\"279\" data-end=\"297\" data-col-size=\"sm\">Quantity\/tablet<\/th>\n<th data-start=\"297\" data-end=\"317\" data-col-size=\"sm\">Quantity \/ kg<\/th>\n<\/tr>\n<\/thead>\n<tbody data-start=\"393\" data-end=\"617\">\n<tr data-start=\"393\" data-end=\"467\">\n<td data-start=\"393\" data-end=\"410\" data-col-size=\"sm\">3.a.700<\/td>\n<td data-col-size=\"sm\" data-start=\"410\" data-end=\"429\">Vitamin E<\/td>\n<td data-col-size=\"sm\" data-start=\"429\" data-end=\"447\">2 mg<\/td>\n<td data-col-size=\"sm\" data-start=\"447\" data-end=\"467\">2,000 mg\/kg<\/td>\n<\/tr>\n<tr data-start=\"468\" data-end=\"542\">\n<td data-start=\"468\" data-end=\"485\" data-col-size=\"sm\">3.a.880<\/td>\n<td data-col-size=\"sm\" data-start=\"485\" data-end=\"504\">Biotin %2<\/td>\n<td data-col-size=\"sm\" data-start=\"504\" data-end=\"522\">2.5 mg<\/td>\n<td data-col-size=\"sm\" data-start=\"522\" data-end=\"542\">25.00 mg\/kg<\/td>\n<\/tr>\n<tr data-start=\"543\" data-end=\"617\">\n<td data-start=\"543\" data-end=\"560\" data-col-size=\"sm\">3.b.201<\/td>\n<td data-col-size=\"sm\" data-start=\"560\" data-end=\"579\">Zinc Sulfate<\/td>\n<td data-col-size=\"sm\" data-start=\"579\" data-end=\"597\">2 mg<\/td>\n<td data-col-size=\"sm\" data-start=\"597\" data-end=\"617\">2,000 mg\/kg<\/td>\n<\/tr>\n<\/tbody>\n<\/table>\n<div class=\"sticky end-(--thread-content-margin) h-0 self-end select-none\">\n<div class=\"absolute end-0 flex items-end\"><\/div>\n<\/div>\n<\/div>\n<\/div>\n<h3 data-start=\"619\" data-end=\"652\">Other ingredients and minerals<\/h3>\n<p data-start=\"654\" data-end=\"704\">Garlic powder extract, inactive brewer&#039;s yeast<\/p>\n<p data-start=\"706\" data-end=\"765\"><strong data-start=\"706\" data-end=\"728\">Carrier substances:<\/strong> Sorbitol, Magnesium Stearate, Starch<\/p>\n<hr data-start=\"767\" data-end=\"770\" \/>\n<h3 data-start=\"772\" data-end=\"791\">Area of use<\/h3>\n<p data-start=\"793\" data-end=\"935\">Brewers tablet is a complementary food containing vitamins and extracts that support healthy skin and coat structure in dogs and cats.<\/p>\n<hr data-start=\"937\" data-end=\"940\" \/>\n<h3 data-start=\"942\" data-end=\"972\">Directions for use and dosage<\/h3>\n<p data-start=\"974\" data-end=\"1141\">Brewers tablets are given to dogs and cats directly or mixed into food. The tablets can be crushed and mixed into food if necessary.<br data-start=\"1108\" data-end=\"1111\" \/>Dosages by body weight:<\/p>\n<ul data-start=\"1142\" data-end=\"1265\">\n<li data-start=\"1142\" data-end=\"1178\">\n<p data-start=\"1144\" data-end=\"1178\">0-5 kg: half a tablet per day<\/p>\n<\/li>\n<li data-start=\"1179\" data-end=\"1212\">\n<p data-start=\"1181\" data-end=\"1212\">Between 5-10 kg: 1 tablet per day<\/p>\n<\/li>\n<li data-start=\"1213\" data-end=\"1265\">\n<p data-start=\"1215\" data-end=\"1265\">Over 10 kg: 1 tablet for every 10 kg.<\/p>\n<\/li>\n<\/ul>\n<hr data-start=\"1267\" data-end=\"1270\" \/>\n<h3 data-start=\"1272\" data-end=\"1309\">Shelf life and warnings<\/h3>\n<p data-start=\"1311\" data-end=\"1569\">It can be used for 36 months from the date of manufacture. It should be stored away from sunlight, at room temperature and out of the reach of children.<br data-start=\"1469\" data-end=\"1472\" \/>This is not a medicine and is not used for therapeutic purposes. It is a complementary food for dogs and cats.<\/p>\n<\/div>\n<p><!-- .vgblk-rw-wrapper --><\/p>","protected":false},"excerpt":{"rendered":"<p>CLOVER PET Brewers Cat &amp; Dog Tableti Brewers TabletiPi\u015fikl\u0259r v\u0259 itl\u0259r \u00fc\u00e7\u00fcn t\u00fck vitamini tableti T\u0259rkibi T\u0259svir n\u00f6mr\u0259si Aktiv madd\u0259 Miqdar \/ tablet Miqdar \/ kq 3.a.700 Vitamin E 2 mg 2.000 mg\/kq 3.a.880 Biotin %2 2.5 mg 25.00 mg\/kq 3.b.201 Sink Sulfat 2 mg 2.000 mg\/kq Dig\u0259r t\u0259rkibl\u0259r v\u0259 minerallar Sar\u0131msaq tozu ekstrakt\u0131, aktiv&#8230;<\/p>","protected":false},"featured_media":990186,"comment_status":"open","ping_status":"closed","template":"","meta":{"nf_dc_page":"","_monsterinsights_skip_tracking":false,"_monsterinsights_sitenote_active":false,"_monsterinsights_sitenote_note":"","_monsterinsights_sitenote_category":0},"product_brand":[],"product_cat":[244,58,160,51],"product_tag":[],"class_list":{"0":"post-990173","1":"product","2":"type-product","3":"status-publish","4":"has-post-thumbnail","6":"product_cat-it-ve-pisik-mehsullari","7":"product_cat-dog","8":"product_cat-nutrients","9":"product_cat-cat","11":"first","12":"instock","13":"shipping-taxable","14":"product-type-simple"},"jetpack_sharing_enabled":true,"_links":{"self":[{"href":"https:\/\/agrovetazerbaijan.az\/en\/wp-json\/wp\/v2\/product\/990173","targetHints":{"allow":["GET"]}}],"collection":[{"href":"https:\/\/agrovetazerbaijan.az\/en\/wp-json\/wp\/v2\/product"}],"about":[{"href":"https:\/\/agrovetazerbaijan.az\/en\/wp-json\/wp\/v2\/types\/product"}],"replies":[{"embeddable":true,"href":"https:\/\/agrovetazerbaijan.az\/en\/wp-json\/wp\/v2\/comments?post=990173"}],"version-history":[{"count":1,"href":"https:\/\/agrovetazerbaijan.az\/en\/wp-json\/wp\/v2\/product\/990173\/revisions"}],"predecessor-version":[{"id":990174,"href":"https:\/\/agrovetazerbaijan.az\/en\/wp-json\/wp\/v2\/product\/990173\/revisions\/990174"}],"wp:featuredmedia":[{"embeddable":true,"href":"https:\/\/agrovetazerbaijan.az\/en\/wp-json\/wp\/v2\/media\/990186"}],"wp:attachment":[{"href":"https:\/\/agrovetazerbaijan.az\/en\/wp-json\/wp\/v2\/media?parent=990173"}],"wp:term":[{"taxonomy":"product_brand","embeddable":true,"href":"https:\/\/agrovetazerbaijan.az\/en\/wp-json\/wp\/v2\/product_brand?post=990173"},{"taxonomy":"product_cat","embeddable":true,"href":"https:\/\/agrovetazerbaijan.az\/en\/wp-json\/wp\/v2\/product_cat?post=990173"},{"taxonomy":"product_tag","embeddable":true,"href":"https:\/\/agrovetazerbaijan.az\/en\/wp-json\/wp\/v2\/product_tag?post=990173"}],"curies":[{"name":"wp","href":"https:\/\/api.w.org\/{rel}","templated":true}]}}