{"id":990171,"date":"2025-08-10T22:27:03","date_gmt":"2025-08-10T22:27:03","guid":{"rendered":"https:\/\/agrovetazerbaijan.az\/?post_type=product&#038;p=990171"},"modified":"2025-09-09T08:59:35","modified_gmt":"2025-09-09T08:59:35","slug":"cloverpet-calcium-tablet-for-cats-and-dogs","status":"publish","type":"product","link":"https:\/\/agrovetazerbaijan.az\/en\/product\/cloverpet-calcium-tablet-for-cats-and-dogs\/","title":{"rendered":"CLOVERPET CALCIUM TABLET FOR CATS AND DOGS"},"content":{"rendered":"<div class=\"vgblk-rw-wrapper limit-wrapper\">\n<p data-start=\"145\" data-end=\"185\"><strong data-start=\"145\" data-end=\"185\">CLOVER PET Calcium Cat &amp; Dog Tablet<\/strong><\/p>\n<p data-start=\"187\" data-end=\"247\"><strong data-start=\"187\" data-end=\"206\">Calcium Tablet<\/strong><br data-start=\"206\" data-end=\"209\" \/>Calcium tablet for cats and dogs<\/p>\n<hr data-start=\"249\" data-end=\"252\" \/>\n<h3 data-start=\"254\" data-end=\"265\">Ingredients<\/h3>\n<div class=\"_tableContainer_1rjym_1\">\n<div class=\"_tableWrapper_1rjym_13 group flex w-fit flex-col-reverse\" tabindex=\"-1\">\n<table class=\"w-fit min-w-(--thread-content-width)\" data-start=\"267\" data-end=\"491\">\n<thead data-start=\"267\" data-end=\"341\">\n<tr data-start=\"267\" data-end=\"341\">\n<th data-start=\"267\" data-end=\"284\" data-col-size=\"sm\">Image number<\/th>\n<th data-start=\"284\" data-end=\"303\" data-col-size=\"sm\">Active ingredient<\/th>\n<th data-start=\"303\" data-end=\"321\" data-col-size=\"sm\">Quantity\/tablet<\/th>\n<th data-start=\"321\" data-end=\"341\" data-col-size=\"sm\">Quantity \/ kg<\/th>\n<\/tr>\n<\/thead>\n<tbody data-start=\"417\" data-end=\"491\">\n<tr data-start=\"417\" data-end=\"491\">\n<td data-start=\"417\" data-end=\"434\" data-col-size=\"sm\">3.a.300<\/td>\n<td data-start=\"434\" data-end=\"453\" data-col-size=\"sm\">Vitamin C<\/td>\n<td data-col-size=\"sm\" data-start=\"453\" data-end=\"471\">8 mg<\/td>\n<td data-col-size=\"sm\" data-start=\"471\" data-end=\"491\">8,000 mg\/kg<\/td>\n<\/tr>\n<\/tbody>\n<\/table>\n<div class=\"sticky end-(--thread-content-margin) h-0 self-end select-none\">\n<div class=\"absolute end-0 flex items-end\"><\/div>\n<\/div>\n<\/div>\n<\/div>\n<h3 data-start=\"493\" data-end=\"526\">Other ingredients and minerals<\/h3>\n<div class=\"_tableContainer_1rjym_1\">\n<div class=\"_tableWrapper_1rjym_13 group flex w-fit flex-col-reverse\" tabindex=\"-1\">\n<table class=\"w-fit min-w-(--thread-content-width)\" data-start=\"528\" data-end=\"984\">\n<thead data-start=\"528\" data-end=\"603\">\n<tr data-start=\"528\" data-end=\"603\">\n<th data-start=\"528\" data-end=\"545\" data-col-size=\"sm\">Image number<\/th>\n<th data-start=\"545\" data-end=\"565\" data-col-size=\"sm\">Active ingredient<\/th>\n<th data-start=\"565\" data-end=\"583\" data-col-size=\"sm\">Quantity\/tablet<\/th>\n<th data-start=\"583\" data-end=\"603\" data-col-size=\"sm\">Quantity \/ kg<\/th>\n<\/tr>\n<\/thead>\n<tbody data-start=\"680\" data-end=\"984\">\n<tr data-start=\"680\" data-end=\"755\">\n<td data-start=\"680\" data-end=\"697\" data-col-size=\"sm\">11.1.1<\/td>\n<td data-col-size=\"sm\" data-start=\"697\" data-end=\"717\">Calcium Carbonate<\/td>\n<td data-col-size=\"sm\" data-start=\"717\" data-end=\"735\">200 mg<\/td>\n<td data-col-size=\"sm\" data-start=\"735\" data-end=\"755\">20,000 mg\/kg<\/td>\n<\/tr>\n<tr data-start=\"756\" data-end=\"832\">\n<td data-start=\"756\" data-end=\"773\" data-col-size=\"sm\">11.2.8<\/td>\n<td data-col-size=\"sm\" data-start=\"773\" data-end=\"795\">Magnesium Hydroxide<\/td>\n<td data-col-size=\"sm\" data-start=\"795\" data-end=\"812\">25 mg<\/td>\n<td data-col-size=\"sm\" data-start=\"812\" data-end=\"832\">25,000 mg\/kg<\/td>\n<\/tr>\n<tr data-start=\"833\" data-end=\"908\">\n<td data-start=\"833\" data-end=\"850\" data-col-size=\"sm\">3b201<\/td>\n<td data-col-size=\"sm\" data-start=\"850\" data-end=\"870\">Zinc Sulfate<\/td>\n<td data-col-size=\"sm\" data-start=\"870\" data-end=\"888\">2 mg<\/td>\n<td data-col-size=\"sm\" data-start=\"888\" data-end=\"908\">2,000 mg\/kg<\/td>\n<\/tr>\n<tr data-start=\"909\" data-end=\"984\">\n<td data-start=\"909\" data-end=\"926\" data-col-size=\"sm\">11.3<\/td>\n<td data-col-size=\"sm\" data-start=\"926\" data-end=\"946\">Di Calcium Phosphate<\/td>\n<td data-col-size=\"sm\" data-start=\"946\" data-end=\"964\">107.5 mg<\/td>\n<td data-col-size=\"sm\" data-start=\"964\" data-end=\"984\">10,750 mg\/kg<\/td>\n<\/tr>\n<\/tbody>\n<\/table>\n<div class=\"sticky end-(--thread-content-margin) h-0 self-end select-none\">\n<div class=\"absolute end-0 flex items-end\"><\/div>\n<\/div>\n<\/div>\n<\/div>\n<p data-start=\"986\" data-end=\"1045\"><strong data-start=\"986\" data-end=\"1008\">Carrier substances:<\/strong> Sorbitol, Magnesium Stearate, Starch<\/p>\n<hr data-start=\"1047\" data-end=\"1050\" \/>\n<h3 data-start=\"1052\" data-end=\"1071\">Area of use<\/h3>\n<p data-start=\"1073\" data-end=\"1193\">Calcium tablet is a vitamin and calcium-containing complementary food that supports the development of teeth and bones in dogs and cats.<\/p>\n<hr data-start=\"1195\" data-end=\"1198\" \/>\n<h3 data-start=\"1200\" data-end=\"1230\">Directions for use and dosage<\/h3>\n<p data-start=\"1232\" data-end=\"1399\">Calcium tablets are given to dogs and cats directly or mixed into food. If necessary, the tablets can be crushed and mixed into food.<br data-start=\"1366\" data-end=\"1369\" \/>Dosages by body weight:<\/p>\n<ul data-start=\"1400\" data-end=\"1523\">\n<li data-start=\"1400\" data-end=\"1436\">\n<p data-start=\"1402\" data-end=\"1436\">0-5 kg: half a tablet per day<\/p>\n<\/li>\n<li data-start=\"1437\" data-end=\"1470\">\n<p data-start=\"1439\" data-end=\"1470\">Between 5-10 kg: 1 tablet per day<\/p>\n<\/li>\n<li data-start=\"1471\" data-end=\"1523\">\n<p data-start=\"1473\" data-end=\"1523\">Over 10 kg: 1 tablet for every 10 kg.<\/p>\n<\/li>\n<\/ul>\n<hr data-start=\"1525\" data-end=\"1528\" \/>\n<h3 data-start=\"1530\" data-end=\"1567\">Shelf life and warnings<\/h3>\n<p data-start=\"1569\" data-end=\"1827\">It can be used for 36 months from the date of manufacture. It should be stored away from sunlight, at room temperature and out of the reach of children.<br data-start=\"1727\" data-end=\"1730\" \/>This is not a medicine and is not used for therapeutic purposes. It is a complementary food for dogs and cats.<\/p>\n<\/div>\n<p><!-- .vgblk-rw-wrapper --><\/p>","protected":false},"excerpt":{"rendered":"<p>CLOVER PET Kalsium Cat &amp; Dog Tableti Kalsium TabletiPi\u015fikl\u0259r v\u0259 itl\u0259r \u00fc\u00e7\u00fcn kalsium tableti T\u0259rkibi T\u0259svir n\u00f6mr\u0259si Aktiv madd\u0259 Miqdar \/ tablet Miqdar \/ kq 3.a.300 Vitamin C 8 mg 8.000 mg\/kq Dig\u0259r t\u0259rkibl\u0259r v\u0259 minerallar T\u0259svir n\u00f6mr\u0259si Aktiv madd\u0259 Miqdar \/ tablet Miqdar \/ kq 11.1.1 Kalsium Karbonat 200 mg 20.000 mg\/kq 11.2.8 Maqnezium&#8230;<\/p>","protected":false},"featured_media":990185,"comment_status":"open","ping_status":"closed","template":"","meta":{"nf_dc_page":"","_monsterinsights_skip_tracking":false,"_monsterinsights_sitenote_active":false,"_monsterinsights_sitenote_note":"","_monsterinsights_sitenote_category":0},"product_brand":[],"product_cat":[244,58,160,51],"product_tag":[],"class_list":{"0":"post-990171","1":"product","2":"type-product","3":"status-publish","4":"has-post-thumbnail","6":"product_cat-it-ve-pisik-mehsullari","7":"product_cat-dog","8":"product_cat-nutrients","9":"product_cat-cat","11":"first","12":"instock","13":"shipping-taxable","14":"product-type-simple"},"jetpack_sharing_enabled":true,"_links":{"self":[{"href":"https:\/\/agrovetazerbaijan.az\/en\/wp-json\/wp\/v2\/product\/990171","targetHints":{"allow":["GET"]}}],"collection":[{"href":"https:\/\/agrovetazerbaijan.az\/en\/wp-json\/wp\/v2\/product"}],"about":[{"href":"https:\/\/agrovetazerbaijan.az\/en\/wp-json\/wp\/v2\/types\/product"}],"replies":[{"embeddable":true,"href":"https:\/\/agrovetazerbaijan.az\/en\/wp-json\/wp\/v2\/comments?post=990171"}],"version-history":[{"count":1,"href":"https:\/\/agrovetazerbaijan.az\/en\/wp-json\/wp\/v2\/product\/990171\/revisions"}],"predecessor-version":[{"id":990172,"href":"https:\/\/agrovetazerbaijan.az\/en\/wp-json\/wp\/v2\/product\/990171\/revisions\/990172"}],"wp:featuredmedia":[{"embeddable":true,"href":"https:\/\/agrovetazerbaijan.az\/en\/wp-json\/wp\/v2\/media\/990185"}],"wp:attachment":[{"href":"https:\/\/agrovetazerbaijan.az\/en\/wp-json\/wp\/v2\/media?parent=990171"}],"wp:term":[{"taxonomy":"product_brand","embeddable":true,"href":"https:\/\/agrovetazerbaijan.az\/en\/wp-json\/wp\/v2\/product_brand?post=990171"},{"taxonomy":"product_cat","embeddable":true,"href":"https:\/\/agrovetazerbaijan.az\/en\/wp-json\/wp\/v2\/product_cat?post=990171"},{"taxonomy":"product_tag","embeddable":true,"href":"https:\/\/agrovetazerbaijan.az\/en\/wp-json\/wp\/v2\/product_tag?post=990171"}],"curies":[{"name":"wp","href":"https:\/\/api.w.org\/{rel}","templated":true}]}}