{"id":990168,"date":"2025-08-10T22:23:30","date_gmt":"2025-08-10T22:23:30","guid":{"rendered":"https:\/\/agrovetazerbaijan.az\/?post_type=product&#038;p=990168"},"modified":"2025-09-09T08:25:36","modified_gmt":"2025-09-09T08:25:36","slug":"cloverpet-immunis-paste-for-cats-and-dogs","status":"publish","type":"product","link":"https:\/\/agrovetazerbaijan.az\/en\/product\/cloverpet-immunis-paste-for-cats-and-dogs\/","title":{"rendered":"CLOVERPET IMMUNIS+ PASTE FOR CATS AND DOGS"},"content":{"rendered":"<div class=\"vgblk-rw-wrapper limit-wrapper\">\n<h2 data-start=\"207\" data-end=\"292\"><strong data-start=\"210\" data-end=\"292\">CLOVER PET Immun Paste Plus (Immune Support Paste for Cats and Dogs)<\/strong><\/h2>\n<h3 data-start=\"294\" data-end=\"311\"><strong data-start=\"298\" data-end=\"309\">Composition:<\/strong><\/h3>\n<ul data-start=\"312\" data-end=\"422\">\n<li data-start=\"312\" data-end=\"330\">\n<p data-start=\"314\" data-end=\"330\">Malt extract<\/p>\n<\/li>\n<li data-start=\"331\" data-end=\"344\">\n<p data-start=\"333\" data-end=\"344\">Oatmeal<\/p>\n<\/li>\n<li data-start=\"345\" data-end=\"362\">\n<p data-start=\"347\" data-end=\"362\">Vegetable oils<\/p>\n<\/li>\n<li data-start=\"363\" data-end=\"377\">\n<p data-start=\"365\" data-end=\"377\">Fish oil<\/p>\n<\/li>\n<li data-start=\"378\" data-end=\"398\">\n<p data-start=\"380\" data-end=\"398\">Carob powder<\/p>\n<\/li>\n<li data-start=\"399\" data-end=\"422\">\n<p data-start=\"401\" data-end=\"422\">Deionized water<\/p>\n<\/li>\n<\/ul>\n<h3 data-start=\"424\" data-end=\"469\"><strong data-start=\"428\" data-end=\"467\">Other ingredients (per 1 kg):<\/strong><\/h3>\n<ul data-start=\"470\" data-end=\"876\">\n<li data-start=\"470\" data-end=\"494\">\n<p data-start=\"472\" data-end=\"494\">Biotin 2%: 2,500 mg<\/p>\n<\/li>\n<li data-start=\"495\" data-end=\"518\">\n<p data-start=\"497\" data-end=\"518\">Vitamin K3: 150 mg<\/p>\n<\/li>\n<li data-start=\"519\" data-end=\"543\">\n<p data-start=\"521\" data-end=\"543\">Vitamin C: 7,000 mg<\/p>\n<\/li>\n<li data-start=\"544\" data-end=\"568\">\n<p data-start=\"546\" data-end=\"568\">Vitamin E: 5,000 mg<\/p>\n<\/li>\n<li data-start=\"569\" data-end=\"592\">\n<p data-start=\"571\" data-end=\"592\">Vitamin B1: 300 mg<\/p>\n<\/li>\n<li data-start=\"593\" data-end=\"616\">\n<p data-start=\"595\" data-end=\"616\">Vitamin B2: 300 mg<\/p>\n<\/li>\n<li data-start=\"617\" data-end=\"640\">\n<p data-start=\"619\" data-end=\"640\">Vitamin B6: 200 mg<\/p>\n<\/li>\n<li data-start=\"641\" data-end=\"668\">\n<p data-start=\"643\" data-end=\"668\">Vitamin B12 1%: 100 mg<\/p>\n<\/li>\n<li data-start=\"669\" data-end=\"686\">\n<p data-start=\"671\" data-end=\"686\">Zinc: 200 mg<\/p>\n<\/li>\n<li data-start=\"687\" data-end=\"708\">\n<p data-start=\"689\" data-end=\"708\">Taurine: 2,000 mg<\/p>\n<\/li>\n<li data-start=\"709\" data-end=\"738\">\n<p data-start=\"711\" data-end=\"738\">Sodium Benzoate: 1,000 mg<\/p>\n<\/li>\n<li data-start=\"739\" data-end=\"770\">\n<p data-start=\"741\" data-end=\"770\">Potassium Sorbate: 1,000 mg<\/p>\n<\/li>\n<li data-start=\"771\" data-end=\"793\">\n<p data-start=\"773\" data-end=\"793\">Calcium: 1,000 mg<\/p>\n<\/li>\n<li data-start=\"794\" data-end=\"816\">\n<p data-start=\"796\" data-end=\"816\">L-Lysine: 5,000 mg<\/p>\n<\/li>\n<li data-start=\"817\" data-end=\"851\">\n<p data-start=\"819\" data-end=\"851\">Magnesium Hydroxide: 5,000 mg<\/p>\n<\/li>\n<li data-start=\"852\" data-end=\"876\">\n<p data-start=\"854\" data-end=\"876\">Echinacea: 3,000 mg<\/p>\n<\/li>\n<\/ul>\n<hr data-start=\"878\" data-end=\"881\" \/>\n<h3 data-start=\"883\" data-end=\"915\"><strong data-start=\"887\" data-end=\"913\">Analytical indicators:<\/strong><\/h3>\n<ul data-start=\"916\" data-end=\"1011\">\n<li data-start=\"916\" data-end=\"937\">\n<p data-start=\"918\" data-end=\"937\">Crude protein: 27.69%<\/p>\n<\/li>\n<li data-start=\"938\" data-end=\"957\">\n<p data-start=\"940\" data-end=\"957\">Crude oil: 16.16%<\/p>\n<\/li>\n<li data-start=\"958\" data-end=\"976\">\n<p data-start=\"960\" data-end=\"976\">Raw fiber: 1.68%<\/p>\n<\/li>\n<li data-start=\"977\" data-end=\"995\">\n<p data-start=\"979\" data-end=\"995\">Raw ash: 1.82%<\/p>\n<\/li>\n<li data-start=\"996\" data-end=\"1011\">\n<p data-start=\"998\" data-end=\"1011\">Humidity: 19.56%<\/p>\n<\/li>\n<\/ul>\n<hr data-start=\"1013\" data-end=\"1016\" \/>\n<h3 data-start=\"1018\" data-end=\"1042\"><strong data-start=\"1022\" data-end=\"1040\">Features:<\/strong><\/h3>\n<ul data-start=\"1043\" data-end=\"1142\">\n<li data-start=\"1043\" data-end=\"1082\">\n<p data-start=\"1045\" data-end=\"1082\">Sugar and coloring <strong data-start=\"1068\" data-end=\"1079\">does not contain<\/strong>!<\/p>\n<\/li>\n<li data-start=\"1083\" data-end=\"1142\">\n<p data-start=\"1085\" data-end=\"1142\">It is specially formulated for cats and dogs with a special taste and aroma.<\/p>\n<\/li>\n<\/ul>\n<hr data-start=\"1144\" data-end=\"1147\" \/>\n<h3 data-start=\"1149\" data-end=\"1175\"><strong data-start=\"1153\" data-end=\"1173\">Area of use:<\/strong><\/h3>\n<p data-start=\"1176\" data-end=\"1369\">A complementary food that supports immunity, enriched with vitamins, minerals and amino acids. It ensures that cats and dogs live a healthy life and strengthen their immune systems.<\/p>\n<hr data-start=\"1371\" data-end=\"1374\" \/>\n<h3 data-start=\"1376\" data-end=\"1413\"><strong data-start=\"1380\" data-end=\"1411\">Directions for use and dosage:<\/strong><\/h3>\n<p data-start=\"1414\" data-end=\"1514\">It is used directly or mixed with feed.<br data-start=\"1464\" data-end=\"1467\" \/>Regular use of 2-3 cm per day is recommended.<\/p>\n<hr data-start=\"1516\" data-end=\"1519\" \/>\n<h3 data-start=\"1521\" data-end=\"1559\"><strong data-start=\"1525\" data-end=\"1557\">Storage and shelf life:<\/strong><\/h3>\n<ul data-start=\"1560\" data-end=\"1777\">\n<li data-start=\"1560\" data-end=\"1619\">\n<p data-start=\"1562\" data-end=\"1619\">It is valid for 2 years from the date of manufacture.<\/p>\n<\/li>\n<li data-start=\"1620\" data-end=\"1714\">\n<p data-start=\"1622\" data-end=\"1714\">It should be stored away from sunlight, at room temperature, and out of the reach of children.<\/p>\n<\/li>\n<li data-start=\"1715\" data-end=\"1777\">\n<p data-start=\"1717\" data-end=\"1777\">This is not a medicine and is not used for treatment purposes.<\/p>\n<\/li>\n<\/ul>\n<\/div>\n<p><!-- .vgblk-rw-wrapper --><\/p>","protected":false},"excerpt":{"rendered":"<p>CLOVER PET Immun Paste Plus (Pi\u015fik v\u0259 \u0130tl\u0259r \u00fc\u00e7\u00fcn \u0130mmunitet D\u0259st\u0259kl\u0259yici Pasta) T\u0259rkib: Malt ekstrakt\u0131 Yulaf unu Bitki ya\u011flar\u0131 Bal\u0131q ya\u011f\u0131 Ke\u00e7iboynuzu tozu Deioniz\u0259 edilmi\u015f su Dig\u0259r t\u0259rkibi madd\u0259l\u0259r (1 kq \u00fc\u00e7\u00fcn): Biotin 2% : 2,500 mq Vitamin K3 : 150 mq Vitamin C : 7,000 mq Vitamin E : 5,000 mq Vitamin B1 :&#8230;<\/p>","protected":false},"featured_media":990184,"comment_status":"open","ping_status":"closed","template":"","meta":{"nf_dc_page":"","_monsterinsights_skip_tracking":false,"_monsterinsights_sitenote_active":false,"_monsterinsights_sitenote_note":"","_monsterinsights_sitenote_category":0},"product_brand":[],"product_cat":[244,58,160,51],"product_tag":[],"class_list":{"0":"post-990168","1":"product","2":"type-product","3":"status-publish","4":"has-post-thumbnail","6":"product_cat-it-ve-pisik-mehsullari","7":"product_cat-dog","8":"product_cat-nutrients","9":"product_cat-cat","11":"first","12":"instock","13":"shipping-taxable","14":"product-type-simple"},"jetpack_sharing_enabled":true,"_links":{"self":[{"href":"https:\/\/agrovetazerbaijan.az\/en\/wp-json\/wp\/v2\/product\/990168","targetHints":{"allow":["GET"]}}],"collection":[{"href":"https:\/\/agrovetazerbaijan.az\/en\/wp-json\/wp\/v2\/product"}],"about":[{"href":"https:\/\/agrovetazerbaijan.az\/en\/wp-json\/wp\/v2\/types\/product"}],"replies":[{"embeddable":true,"href":"https:\/\/agrovetazerbaijan.az\/en\/wp-json\/wp\/v2\/comments?post=990168"}],"version-history":[{"count":2,"href":"https:\/\/agrovetazerbaijan.az\/en\/wp-json\/wp\/v2\/product\/990168\/revisions"}],"predecessor-version":[{"id":990170,"href":"https:\/\/agrovetazerbaijan.az\/en\/wp-json\/wp\/v2\/product\/990168\/revisions\/990170"}],"wp:featuredmedia":[{"embeddable":true,"href":"https:\/\/agrovetazerbaijan.az\/en\/wp-json\/wp\/v2\/media\/990184"}],"wp:attachment":[{"href":"https:\/\/agrovetazerbaijan.az\/en\/wp-json\/wp\/v2\/media?parent=990168"}],"wp:term":[{"taxonomy":"product_brand","embeddable":true,"href":"https:\/\/agrovetazerbaijan.az\/en\/wp-json\/wp\/v2\/product_brand?post=990168"},{"taxonomy":"product_cat","embeddable":true,"href":"https:\/\/agrovetazerbaijan.az\/en\/wp-json\/wp\/v2\/product_cat?post=990168"},{"taxonomy":"product_tag","embeddable":true,"href":"https:\/\/agrovetazerbaijan.az\/en\/wp-json\/wp\/v2\/product_tag?post=990168"}],"curies":[{"name":"wp","href":"https:\/\/api.w.org\/{rel}","templated":true}]}}