{"id":990159,"date":"2025-08-10T22:00:41","date_gmt":"2025-08-10T22:00:41","guid":{"rendered":"https:\/\/agrovetazerbaijan.az\/?post_type=product&#038;p=990159"},"modified":"2025-08-10T22:00:55","modified_gmt":"2025-08-10T22:00:55","slug":"carnaval-premium-yetkin-pisik-yemi-quzu-%c9%99tli","status":"publish","type":"product","link":"https:\/\/agrovetazerbaijan.az\/en\/product\/carnaval-premium-yetkin-pisik-yemi-quzu-%c9%99tli\/","title":{"rendered":"Carnaval\u00ae Premium Adult Cat Food \u2013 Lamb"},"content":{"rendered":"<div class=\"vgblk-rw-wrapper limit-wrapper\">\n<h2 data-start=\"84\" data-end=\"138\"><strong data-start=\"87\" data-end=\"138\">Carnaval\u00ae Premium Adult Cat Food \u2013 Lamb<\/strong><\/h2>\n<p data-start=\"140\" data-end=\"368\"><strong data-start=\"140\" data-end=\"152\">Ingredients:<\/strong><br data-start=\"152\" data-end=\"155\" \/>Processed animal protein, wheat, processed lamb protein, corn, animal fat, bonkalite, corn gluten, dried sugar beet, liver flavor, salt, flaxseed, dried brewer&#039;s yeast, taurine.<\/p>\n<p data-start=\"370\" data-end=\"460\"><strong data-start=\"370\" data-end=\"385\">Minerals:<\/strong><br data-start=\"385\" data-end=\"388\" \/>Calcium, phosphorus, sodium, iodine, zinc, copper, potassium chloride, iron, selenium.<\/p>\n<p data-start=\"462\" data-end=\"681\"><strong data-start=\"462\" data-end=\"477\">Vitamins:<\/strong><br data-start=\"477\" data-end=\"480\" \/>Vitamin A, Vitamin D, Vitamin E, Vitamin C, Vitamin B1, Vitamin B2, Vitamin B3 (Niacin), Vitamin B6, Vitamin B12, Vitamin B7 (Biotin), Vitamin B9 (Folic Acid), Vitamin K, Choline, Calcium Pantothenate.<\/p>\n<hr data-start=\"683\" data-end=\"686\" \/>\n<h3 data-start=\"688\" data-end=\"718\"><strong data-start=\"692\" data-end=\"718\">Analytical Indicators:<\/strong><\/h3>\n<ul data-start=\"719\" data-end=\"809\">\n<li data-start=\"719\" data-end=\"741\">\n<p data-start=\"721\" data-end=\"741\"><strong data-start=\"721\" data-end=\"735\">Crude protein:<\/strong> 27%<\/p>\n<\/li>\n<li data-start=\"742\" data-end=\"762\">\n<p data-start=\"744\" data-end=\"762\"><strong data-start=\"744\" data-end=\"756\">Crude oil:<\/strong> 10%<\/p>\n<\/li>\n<li data-start=\"763\" data-end=\"789\">\n<p data-start=\"765\" data-end=\"789\"><strong data-start=\"765\" data-end=\"782\">Raw cellulose:<\/strong> 2.5%<\/p>\n<\/li>\n<li data-start=\"790\" data-end=\"809\">\n<p data-start=\"792\" data-end=\"809\"><strong data-start=\"792\" data-end=\"804\">Raw ash:<\/strong> 8%<\/p>\n<\/li>\n<\/ul>\n<hr data-start=\"811\" data-end=\"814\" \/>\n<h3 data-start=\"816\" data-end=\"861\"><strong data-start=\"820\" data-end=\"861\">Nutritional Supplements (per 1 kg):<\/strong><\/h3>\n<ul data-start=\"862\" data-end=\"996\">\n<li data-start=\"862\" data-end=\"890\">\n<p data-start=\"864\" data-end=\"890\"><strong data-start=\"864\" data-end=\"878\">Vitamin A:<\/strong> 15,000 IU<\/p>\n<\/li>\n<li data-start=\"891\" data-end=\"919\">\n<p data-start=\"893\" data-end=\"919\"><strong data-start=\"893\" data-end=\"908\">Vitamin D3:<\/strong> 1,000 IU<\/p>\n<\/li>\n<li data-start=\"920\" data-end=\"945\">\n<p data-start=\"922\" data-end=\"945\"><strong data-start=\"922\" data-end=\"936\">Vitamin E:<\/strong> 150 mg<\/p>\n<\/li>\n<li data-start=\"946\" data-end=\"971\">\n<p data-start=\"948\" data-end=\"971\"><strong data-start=\"948\" data-end=\"962\">Vitamin C:<\/strong> 120 mg<\/p>\n<\/li>\n<li data-start=\"972\" data-end=\"996\">\n<p data-start=\"974\" data-end=\"996\"><strong data-start=\"974\" data-end=\"985\">Taurine:<\/strong> 1,000 mg<\/p>\n<\/li>\n<\/ul>\n<\/div>\n<p><!-- .vgblk-rw-wrapper --><\/p>","protected":false},"excerpt":{"rendered":"<p>Carnaval\u00ae Premium Yetkin Pi\u015fik Yemi \u2013 Quzu \u018ftli T\u0259rkibi:Emal olunmu\u015f heyvan z\u00fclal\u0131, bu\u011fda, emal olunmu\u015f quzu z\u00fclal\u0131, qar\u011f\u0131dal\u0131, heyvan ya\u011f\u0131, bonkalit, qar\u011f\u0131dal\u0131 ql\u00fctini, qurudulmu\u015f \u015f\u0259k\u0259r \u00e7u\u011funduru, qaraciy\u0259r aromas\u0131, duz, k\u0259tan toxumu, qurudulmu\u015f piv\u0259 mayas\u0131, taurin. Minerallar:Kalsium, fosfor, natrium, yod, sink, mis, kalium xlorid, d\u0259mir, selen. Vitaminl\u0259r:Vitamin A, Vitamin D, Vitamin E, Vitamin C, Vitamin B1,&#8230;<\/p>","protected":false},"featured_media":990160,"comment_status":"open","ping_status":"closed","template":"","meta":{"nf_dc_page":"","_monsterinsights_skip_tracking":false,"_monsterinsights_sitenote_active":false,"_monsterinsights_sitenote_note":"","_monsterinsights_sitenote_category":0},"product_brand":[],"product_cat":[244,51,245],"product_tag":[],"class_list":{"0":"post-990159","1":"product","2":"type-product","3":"status-publish","4":"has-post-thumbnail","6":"product_cat-it-ve-pisik-mehsullari","7":"product_cat-cat","8":"product_cat-yemler","10":"first","11":"instock","12":"shipping-taxable","13":"product-type-simple"},"jetpack_sharing_enabled":true,"_links":{"self":[{"href":"https:\/\/agrovetazerbaijan.az\/en\/wp-json\/wp\/v2\/product\/990159","targetHints":{"allow":["GET"]}}],"collection":[{"href":"https:\/\/agrovetazerbaijan.az\/en\/wp-json\/wp\/v2\/product"}],"about":[{"href":"https:\/\/agrovetazerbaijan.az\/en\/wp-json\/wp\/v2\/types\/product"}],"replies":[{"embeddable":true,"href":"https:\/\/agrovetazerbaijan.az\/en\/wp-json\/wp\/v2\/comments?post=990159"}],"version-history":[{"count":1,"href":"https:\/\/agrovetazerbaijan.az\/en\/wp-json\/wp\/v2\/product\/990159\/revisions"}],"predecessor-version":[{"id":990161,"href":"https:\/\/agrovetazerbaijan.az\/en\/wp-json\/wp\/v2\/product\/990159\/revisions\/990161"}],"wp:featuredmedia":[{"embeddable":true,"href":"https:\/\/agrovetazerbaijan.az\/en\/wp-json\/wp\/v2\/media\/990160"}],"wp:attachment":[{"href":"https:\/\/agrovetazerbaijan.az\/en\/wp-json\/wp\/v2\/media?parent=990159"}],"wp:term":[{"taxonomy":"product_brand","embeddable":true,"href":"https:\/\/agrovetazerbaijan.az\/en\/wp-json\/wp\/v2\/product_brand?post=990159"},{"taxonomy":"product_cat","embeddable":true,"href":"https:\/\/agrovetazerbaijan.az\/en\/wp-json\/wp\/v2\/product_cat?post=990159"},{"taxonomy":"product_tag","embeddable":true,"href":"https:\/\/agrovetazerbaijan.az\/en\/wp-json\/wp\/v2\/product_tag?post=990159"}],"curies":[{"name":"wp","href":"https:\/\/api.w.org\/{rel}","templated":true}]}}