{"id":990143,"date":"2025-07-29T00:04:02","date_gmt":"2025-07-29T00:04:02","guid":{"rendered":"https:\/\/agrovetazerbaijan.az\/?post_type=product&#038;p=990143"},"modified":"2025-07-29T00:04:18","modified_gmt":"2025-07-29T00:04:18","slug":"natuzyme","status":"publish","type":"product","link":"https:\/\/agrovetazerbaijan.az\/en\/product\/natuzyme\/","title":{"rendered":"Natuzyme"},"content":{"rendered":"<div class=\"vgblk-rw-wrapper limit-wrapper\">\n<h3 data-section-id=\"1b2fits\" data-start=\"126\" data-end=\"182\"><strong data-start=\"130\" data-end=\"182\">Natuzyme \u2013 Multienzyme Feed Additive (Powder)<\/strong><\/h3>\n<hr data-start=\"184\" data-end=\"187\" \/>\n<h4 data-start=\"189\" data-end=\"208\"><strong data-start=\"194\" data-end=\"206\">Ingredients:<\/strong><\/h4>\n<ul data-start=\"209\" data-end=\"387\">\n<li data-start=\"209\" data-end=\"236\">\n<p data-start=\"211\" data-end=\"236\"><strong data-start=\"211\" data-end=\"234\">Xylanase (Xylanase)<\/strong><\/p>\n<\/li>\n<li data-start=\"237\" data-end=\"266\">\n<p data-start=\"239\" data-end=\"266\"><strong data-start=\"239\" data-end=\"264\">Cellulase<\/strong><\/p>\n<\/li>\n<li data-start=\"267\" data-end=\"299\">\n<p data-start=\"269\" data-end=\"299\"><strong data-start=\"269\" data-end=\"297\">Alpha-Amylase (\u03b1-Amylase)<\/strong><\/p>\n<\/li>\n<li data-start=\"300\" data-end=\"336\">\n<p data-start=\"302\" data-end=\"336\"><strong data-start=\"302\" data-end=\"334\">Beta-Mannanase (\u03b2-Mannanase)<\/strong><\/p>\n<\/li>\n<li data-start=\"337\" data-end=\"361\">\n<p data-start=\"339\" data-end=\"361\"><strong data-start=\"339\" data-end=\"359\">Phytase<\/strong><\/p>\n<\/li>\n<li data-start=\"362\" data-end=\"387\">\n<p data-start=\"364\" data-end=\"387\"><strong data-start=\"364\" data-end=\"387\">Protease<\/strong><\/p>\n<\/li>\n<\/ul>\n<hr data-start=\"389\" data-end=\"392\" \/>\n<h4 data-start=\"394\" data-end=\"421\"><strong data-start=\"399\" data-end=\"419\">About the product:<\/strong><\/h4>\n<p data-start=\"422\" data-end=\"623\"><strong data-start=\"422\" data-end=\"434\">Natuzyme<\/strong> feed additive in feed rations consisting of corn, soybeans, wheat and barley <strong data-start=\"506\" data-end=\"564\">increase digestion and absorption of nutrients<\/strong> It is a multicomponent enzyme preparation designed for this purpose.<\/p>\n<p data-start=\"625\" data-end=\"877\">Thanks to the multienzyme complex, the fibers, starch, protein and phosphorus in the feed are better broken down and absorbed by the body. This <strong data-start=\"762\" data-end=\"827\">accelerates the growth of animals and increases productivity<\/strong> and general <strong data-start=\"837\" data-end=\"876\">improves health status<\/strong>.<\/p>\n<hr data-start=\"879\" data-end=\"882\" \/>\n<h4 data-start=\"884\" data-end=\"912\"><strong data-start=\"889\" data-end=\"910\">Instructions for use:<\/strong><\/h4>\n<ul data-start=\"913\" data-end=\"977\">\n<li data-start=\"913\" data-end=\"977\">\n<p data-start=\"915\" data-end=\"977\"><strong data-start=\"915\" data-end=\"938\">350 grams per 1 ton of feed<\/strong> is mixed and applied.<\/p>\n<\/li>\n<\/ul>\n<hr data-start=\"979\" data-end=\"982\" \/>\n<h4 data-start=\"984\" data-end=\"1007\"><strong data-start=\"989\" data-end=\"1005\">Packaging:<\/strong><\/h4>\n<ul data-start=\"1008\" data-end=\"1024\">\n<li data-start=\"1008\" data-end=\"1024\">\n<p data-start=\"1010\" data-end=\"1024\"><strong data-start=\"1010\" data-end=\"1024\">25 kg bag<\/strong><\/p>\n<\/li>\n<\/ul>\n<h4 data-start=\"1026\" data-end=\"1048\"><strong data-start=\"1031\" data-end=\"1046\">Manufacturer:<\/strong><\/h4>\n<ul data-start=\"1049\" data-end=\"1074\">\n<li data-start=\"1049\" data-end=\"1074\">\n<p data-start=\"1051\" data-end=\"1074\"><strong data-start=\"1051\" data-end=\"1074\">Bioproton Europe Oy<\/strong><\/p>\n<\/li>\n<\/ul>\n<h4 data-start=\"1076\" data-end=\"1098\"><strong data-start=\"1081\" data-end=\"1096\">Country of origin:<\/strong><\/h4>\n<ul data-start=\"1099\" data-end=\"1115\">\n<li data-start=\"1099\" data-end=\"1115\">\n<p data-start=\"1101\" data-end=\"1115\"><strong data-start=\"1101\" data-end=\"1115\">Finland<\/strong><\/p>\n<\/li>\n<\/ul>\n<\/div>\n<p><!-- .vgblk-rw-wrapper --><\/p>","protected":false},"excerpt":{"rendered":"<p>Natuzyme \u2013 Multienzim T\u0259rkibli Yem \u018flav\u0259si (Toz) T\u0259rkibi: Xilanaza (Xylanase) Sellulaza (Cellulase) Alfa-Amilaza (\u03b1-Amylase) Beta-Mannanaza (\u03b2-Mannanase) Fitaza (Phytase) Proteaza (Protease) M\u0259hsul haqq\u0131nda: Natuzyme yem \u0259lav\u0259si qar\u011f\u0131dal\u0131, soya, bu\u011fda v\u0259 arpadan ibar\u0259t yem rasionlar\u0131nda qida madd\u0259l\u0259rinin h\u0259zmini v\u0259 m\u0259nims\u0259nilm\u0259sini art\u0131rmaq m\u0259qs\u0259dil\u0259 haz\u0131rlanm\u0131\u015f \u00e7oxkomponentli ferment preparat\u0131d\u0131r. Multienzim kompleksi say\u0259sind\u0259 yemd\u0259ki lifl\u0259r, ni\u015fasta, z\u00fclal v\u0259 fosfor daha yax\u015f\u0131&#8230;<\/p>","protected":false},"featured_media":990144,"comment_status":"open","ping_status":"closed","template":"","meta":{"nf_dc_page":"","_monsterinsights_skip_tracking":false,"_monsterinsights_sitenote_active":false,"_monsterinsights_sitenote_note":"","_monsterinsights_sitenote_category":0},"product_brand":[],"product_cat":[160,242,68],"product_tag":[],"class_list":{"0":"post-990143","1":"product","2":"type-product","3":"status-publish","4":"has-post-thumbnail","6":"product_cat-nutrients","7":"product_cat-enzimler","8":"product_cat-poultry","10":"first","11":"instock","12":"shipping-taxable","13":"product-type-simple"},"jetpack_sharing_enabled":true,"_links":{"self":[{"href":"https:\/\/agrovetazerbaijan.az\/en\/wp-json\/wp\/v2\/product\/990143","targetHints":{"allow":["GET"]}}],"collection":[{"href":"https:\/\/agrovetazerbaijan.az\/en\/wp-json\/wp\/v2\/product"}],"about":[{"href":"https:\/\/agrovetazerbaijan.az\/en\/wp-json\/wp\/v2\/types\/product"}],"replies":[{"embeddable":true,"href":"https:\/\/agrovetazerbaijan.az\/en\/wp-json\/wp\/v2\/comments?post=990143"}],"version-history":[{"count":1,"href":"https:\/\/agrovetazerbaijan.az\/en\/wp-json\/wp\/v2\/product\/990143\/revisions"}],"predecessor-version":[{"id":990145,"href":"https:\/\/agrovetazerbaijan.az\/en\/wp-json\/wp\/v2\/product\/990143\/revisions\/990145"}],"wp:featuredmedia":[{"embeddable":true,"href":"https:\/\/agrovetazerbaijan.az\/en\/wp-json\/wp\/v2\/media\/990144"}],"wp:attachment":[{"href":"https:\/\/agrovetazerbaijan.az\/en\/wp-json\/wp\/v2\/media?parent=990143"}],"wp:term":[{"taxonomy":"product_brand","embeddable":true,"href":"https:\/\/agrovetazerbaijan.az\/en\/wp-json\/wp\/v2\/product_brand?post=990143"},{"taxonomy":"product_cat","embeddable":true,"href":"https:\/\/agrovetazerbaijan.az\/en\/wp-json\/wp\/v2\/product_cat?post=990143"},{"taxonomy":"product_tag","embeddable":true,"href":"https:\/\/agrovetazerbaijan.az\/en\/wp-json\/wp\/v2\/product_tag?post=990143"}],"curies":[{"name":"wp","href":"https:\/\/api.w.org\/{rel}","templated":true}]}}