{"id":990139,"date":"2025-07-28T23:58:55","date_gmt":"2025-07-28T23:58:55","guid":{"rendered":"https:\/\/agrovetazerbaijan.az\/?post_type=product&#038;p=990139"},"modified":"2025-07-28T23:59:11","modified_gmt":"2025-07-28T23:59:11","slug":"enziblend-protein-plus","status":"publish","type":"product","link":"https:\/\/agrovetazerbaijan.az\/en\/product\/enziblend-protein-plus\/","title":{"rendered":"ENZYBLEND PROTEIN PLUS"},"content":{"rendered":"<div class=\"vgblk-rw-wrapper limit-wrapper\">\n<h3 data-section-id=\"1wxg0mq\" data-start=\"131\" data-end=\"198\"><strong data-start=\"135\" data-end=\"198\">ENZIBLEND PROTEIN PLUS \u2013 Enzyme Feed Additive (Powder)<\/strong><\/h3>\n<hr data-start=\"200\" data-end=\"203\" \/>\n<h4 data-start=\"205\" data-end=\"224\"><strong data-start=\"210\" data-end=\"222\">Ingredients:<\/strong><\/h4>\n<ul data-start=\"225\" data-end=\"304\">\n<li data-start=\"225\" data-end=\"255\">\n<p data-start=\"227\" data-end=\"255\"><strong data-start=\"227\" data-end=\"252\">Endo-1,3,4\u03b2-glucanase<\/strong>,<\/p>\n<\/li>\n<li data-start=\"256\" data-end=\"279\">\n<p data-start=\"258\" data-end=\"279\"><strong data-start=\"258\" data-end=\"276\">Serine protease<\/strong>,<\/p>\n<\/li>\n<li data-start=\"280\" data-end=\"304\">\n<p data-start=\"282\" data-end=\"304\"><strong data-start=\"282\" data-end=\"295\">Carrier:<\/strong> Sepiolite<\/p>\n<\/li>\n<\/ul>\n<hr data-start=\"306\" data-end=\"309\" \/>\n<h4 data-start=\"311\" data-end=\"338\"><strong data-start=\"316\" data-end=\"336\">About the product:<\/strong><\/h4>\n<p data-start=\"339\" data-end=\"652\"><strong data-start=\"339\" data-end=\"365\">Enzyblend Protein Plus<\/strong> Thanks to the highly effective enzymes contained in the feed additive, it is able to digest food in the intestines of birds and animals. <strong data-start=\"463\" data-end=\"509\">breakdown of non-starch polysaccharides<\/strong> provides. This, <strong data-start=\"526\" data-end=\"564\">reduces slippage in the intestines<\/strong>, <strong data-start=\"566\" data-end=\"600\">increases feed absorption<\/strong> and as a result <strong data-start=\"613\" data-end=\"651\">improves feed conversion<\/strong>.<\/p>\n<p data-start=\"654\" data-end=\"840\">The activity of enzymes allows for more efficient use of nutrients from feed, which leads to increased productivity and reduced feed costs.<\/p>\n<hr data-start=\"842\" data-end=\"845\" \/>\n<h4 data-start=\"847\" data-end=\"875\"><strong data-start=\"852\" data-end=\"873\">Instructions for use:<\/strong><\/h4>\n<ul data-start=\"876\" data-end=\"934\">\n<li data-start=\"876\" data-end=\"934\">\n<p data-start=\"878\" data-end=\"934\"><strong data-start=\"878\" data-end=\"901\">500 grams per 1 ton of feed<\/strong> It is mixed in quantity.<\/p>\n<\/li>\n<\/ul>\n<hr data-start=\"936\" data-end=\"939\" \/>\n<h4 data-start=\"941\" data-end=\"964\"><strong data-start=\"946\" data-end=\"962\">Packaging:<\/strong><\/h4>\n<ul data-start=\"965\" data-end=\"981\">\n<li data-start=\"965\" data-end=\"981\">\n<p data-start=\"967\" data-end=\"981\"><strong data-start=\"967\" data-end=\"981\">25 kg bag<\/strong><\/p>\n<\/li>\n<\/ul>\n<h4 data-start=\"983\" data-end=\"1005\"><strong data-start=\"988\" data-end=\"1003\">Manufacturer:<\/strong><\/h4>\n<ul data-start=\"1006\" data-end=\"1024\">\n<li data-start=\"1006\" data-end=\"1024\">\n<p data-start=\"1008\" data-end=\"1024\"><strong data-start=\"1008\" data-end=\"1024\">Intraco Ltd.<\/strong><\/p>\n<\/li>\n<\/ul>\n<h4 data-start=\"1026\" data-end=\"1048\"><strong data-start=\"1031\" data-end=\"1046\">Country of origin:<\/strong><\/h4>\n<ul data-start=\"1049\" data-end=\"1062\">\n<li data-start=\"1049\" data-end=\"1062\">\n<p data-start=\"1051\" data-end=\"1062\"><strong data-start=\"1051\" data-end=\"1062\">Belgium<\/strong><\/p>\n<\/li>\n<\/ul>\n<\/div>\n<p><!-- .vgblk-rw-wrapper --><\/p>","protected":false},"excerpt":{"rendered":"<p>ENZIBLEND PROTEIN PLUS \u2013 Ferment T\u0259rkibli Yem \u018flav\u0259si (Toz) T\u0259rkibi: Endo-1,3,4\u03b2-glukanaza, Serin-proteaza, Da\u015f\u0131y\u0131c\u0131: Sepiolit M\u0259hsul haqq\u0131nda: Enziblend Protein Plus yem \u0259lav\u0259si t\u0259rkibind\u0259ki y\u00fcks\u0259k effektiv fermentl\u0259r say\u0259sind\u0259 qu\u015f v\u0259 heyvanlar\u0131n ba\u011f\u0131rsaqlar\u0131nda ni\u015fastas\u0131z polisaxaridl\u0259rin par\u00e7alanmas\u0131n\u0131 t\u0259min edir. Bu, ba\u011f\u0131rsaqlarda s\u00fcr\u00fc\u015fk\u0259nliyi azald\u0131r, yemin m\u0259nims\u0259nilm\u0259sini art\u0131r\u0131r v\u0259 n\u0259tic\u0259d\u0259 yem konvertasiyas\u0131n\u0131 yax\u015f\u0131la\u015fd\u0131r\u0131r. Fermentl\u0259rin f\u0259aliyy\u0259ti yemd\u0259n qida madd\u0259l\u0259rinin daha s\u0259m\u0259r\u0259li \u015f\u0259kild\u0259&#8230;<\/p>","protected":false},"featured_media":990141,"comment_status":"open","ping_status":"closed","template":"","meta":{"nf_dc_page":"","_monsterinsights_skip_tracking":false,"_monsterinsights_sitenote_active":false,"_monsterinsights_sitenote_note":"","_monsterinsights_sitenote_category":0},"product_brand":[],"product_cat":[160,242,68],"product_tag":[],"class_list":{"0":"post-990139","1":"product","2":"type-product","3":"status-publish","4":"has-post-thumbnail","6":"product_cat-nutrients","7":"product_cat-enzimler","8":"product_cat-poultry","10":"first","11":"instock","12":"shipping-taxable","13":"product-type-simple"},"jetpack_sharing_enabled":true,"_links":{"self":[{"href":"https:\/\/agrovetazerbaijan.az\/en\/wp-json\/wp\/v2\/product\/990139","targetHints":{"allow":["GET"]}}],"collection":[{"href":"https:\/\/agrovetazerbaijan.az\/en\/wp-json\/wp\/v2\/product"}],"about":[{"href":"https:\/\/agrovetazerbaijan.az\/en\/wp-json\/wp\/v2\/types\/product"}],"replies":[{"embeddable":true,"href":"https:\/\/agrovetazerbaijan.az\/en\/wp-json\/wp\/v2\/comments?post=990139"}],"version-history":[{"count":1,"href":"https:\/\/agrovetazerbaijan.az\/en\/wp-json\/wp\/v2\/product\/990139\/revisions"}],"predecessor-version":[{"id":990142,"href":"https:\/\/agrovetazerbaijan.az\/en\/wp-json\/wp\/v2\/product\/990139\/revisions\/990142"}],"wp:featuredmedia":[{"embeddable":true,"href":"https:\/\/agrovetazerbaijan.az\/en\/wp-json\/wp\/v2\/media\/990141"}],"wp:attachment":[{"href":"https:\/\/agrovetazerbaijan.az\/en\/wp-json\/wp\/v2\/media?parent=990139"}],"wp:term":[{"taxonomy":"product_brand","embeddable":true,"href":"https:\/\/agrovetazerbaijan.az\/en\/wp-json\/wp\/v2\/product_brand?post=990139"},{"taxonomy":"product_cat","embeddable":true,"href":"https:\/\/agrovetazerbaijan.az\/en\/wp-json\/wp\/v2\/product_cat?post=990139"},{"taxonomy":"product_tag","embeddable":true,"href":"https:\/\/agrovetazerbaijan.az\/en\/wp-json\/wp\/v2\/product_tag?post=990139"}],"curies":[{"name":"wp","href":"https:\/\/api.w.org\/{rel}","templated":true}]}}