{"id":990135,"date":"2025-07-28T23:49:12","date_gmt":"2025-07-28T23:49:12","guid":{"rendered":"https:\/\/agrovetazerbaijan.az\/?post_type=product&#038;p=990135"},"modified":"2025-07-28T23:49:28","modified_gmt":"2025-07-28T23:49:28","slug":"optiphos-plus-5000-g","status":"publish","type":"product","link":"https:\/\/agrovetazerbaijan.az\/en\/product\/optiphos-plus-5000-g\/","title":{"rendered":"Optiphos Plus 5000 G"},"content":{"rendered":"<div class=\"vgblk-rw-wrapper limit-wrapper\">\n<h3 data-section-id=\"wdo8oh\" data-start=\"148\" data-end=\"203\"><strong data-start=\"152\" data-end=\"203\">Optiphos Plus 5000 G \u2013 Phytase Enzyme Feed Additive<\/strong><\/h3>\n<hr data-start=\"205\" data-end=\"208\" \/>\n<h4 data-start=\"210\" data-end=\"229\"><strong data-start=\"215\" data-end=\"227\">Ingredients:<\/strong><\/h4>\n<ul data-start=\"230\" data-end=\"262\">\n<li data-start=\"230\" data-end=\"262\">\n<p data-start=\"232\" data-end=\"262\"><strong data-start=\"232\" data-end=\"262\">6-Phytase (&lt;10%) \u2013 5000 FTU<\/strong><\/p>\n<\/li>\n<\/ul>\n<hr data-start=\"264\" data-end=\"267\" \/>\n<h4 data-start=\"269\" data-end=\"296\"><strong data-start=\"274\" data-end=\"294\">About the product:<\/strong><\/h4>\n<p data-start=\"297\" data-end=\"633\"><strong data-start=\"297\" data-end=\"321\">Optiphos Plus 5000 G<\/strong> feed supplement by adding the enzyme phytase to the feed ration of animals and birds <strong data-start=\"394\" data-end=\"433\">improves metabolism<\/strong>, <strong data-start=\"435\" data-end=\"472\">increases phosphorus absorption<\/strong> and with that <strong data-start=\"487\" data-end=\"520\">accelerates growth and development<\/strong>This feed additive <strong data-start=\"537\" data-end=\"567\">the body&#039;s immune status<\/strong> It has a positive effect, increasing overall health and productivity.<\/p>\n<p data-start=\"635\" data-end=\"841\">The phytase enzyme releases phytate-bound phosphorus in feed so that it can be used by the body, which both reduces feed consumption and minimizes phosphorus emissions to the environment.<\/p>\n<hr data-start=\"843\" data-end=\"846\" \/>\n<h4 data-start=\"848\" data-end=\"876\"><strong data-start=\"853\" data-end=\"874\">Instructions for use:<\/strong><\/h4>\n<ul data-start=\"877\" data-end=\"935\">\n<li data-start=\"877\" data-end=\"935\">\n<p data-start=\"879\" data-end=\"935\"><strong data-start=\"879\" data-end=\"902\">500 grams per 1 ton of feed<\/strong> It is mixed in quantity.<\/p>\n<\/li>\n<\/ul>\n<hr data-start=\"937\" data-end=\"940\" \/>\n<h4 data-start=\"942\" data-end=\"965\"><strong data-start=\"947\" data-end=\"963\">Packaging:<\/strong><\/h4>\n<ul data-start=\"966\" data-end=\"982\">\n<li data-start=\"966\" data-end=\"982\">\n<p data-start=\"968\" data-end=\"982\"><strong data-start=\"968\" data-end=\"982\">20 kg bag<\/strong><\/p>\n<\/li>\n<\/ul>\n<h4 data-start=\"984\" data-end=\"1006\"><strong data-start=\"989\" data-end=\"1004\">Manufacturer:<\/strong><\/h4>\n<ul data-start=\"1007\" data-end=\"1023\">\n<li data-start=\"1007\" data-end=\"1023\">\n<p data-start=\"1009\" data-end=\"1023\"><strong data-start=\"1009\" data-end=\"1023\">Huvepharma<\/strong><\/p>\n<\/li>\n<\/ul>\n<h4 data-start=\"1025\" data-end=\"1047\"><strong data-start=\"1030\" data-end=\"1045\">Country of origin:<\/strong><\/h4>\n<ul data-start=\"1048\" data-end=\"1065\">\n<li data-start=\"1048\" data-end=\"1065\">\n<p data-start=\"1050\" data-end=\"1065\"><strong data-start=\"1050\" data-end=\"1065\">Bulgaria<\/strong><\/p>\n<\/li>\n<\/ul>\n<\/div>\n<p><!-- .vgblk-rw-wrapper --><\/p>","protected":false},"excerpt":{"rendered":"<p>Optiphos Plus 5000 G \u2013 Fitaz Enzimi Yem \u018flav\u0259si T\u0259rkibi: 6-Fitaza (&lt;10%) \u2013 5000 FTU M\u0259hsul haqq\u0131nda: Optiphos Plus 5000 G yem \u0259lav\u0259si heyvan v\u0259 qu\u015flar\u0131n yem rasionuna fitaz enzimi \u0259lav\u0259 etm\u0259kl\u0259 madd\u0259l\u0259r m\u00fcbadil\u0259sini yax\u015f\u0131la\u015fd\u0131r\u0131r, fosforun m\u0259nims\u0259nilm\u0259sini art\u0131r\u0131r v\u0259 bununla da boy v\u0259 inki\u015faf\u0131 s\u00fcr\u0259tl\u0259ndirir. Bu yem \u0259lav\u0259si orqanizmin immun statusuna m\u00fcsb\u0259t t\u0259sir g\u00f6st\u0259rir, \u00fcmumi&#8230;<\/p>","protected":false},"featured_media":990136,"comment_status":"open","ping_status":"closed","template":"","meta":{"nf_dc_page":"","_monsterinsights_skip_tracking":false,"_monsterinsights_sitenote_active":false,"_monsterinsights_sitenote_note":"","_monsterinsights_sitenote_category":0},"product_brand":[],"product_cat":[242,160,68],"product_tag":[],"class_list":{"0":"post-990135","1":"product","2":"type-product","3":"status-publish","4":"has-post-thumbnail","6":"product_cat-enzimler","7":"product_cat-nutrients","8":"product_cat-poultry","10":"first","11":"instock","12":"shipping-taxable","13":"product-type-simple"},"jetpack_sharing_enabled":true,"_links":{"self":[{"href":"https:\/\/agrovetazerbaijan.az\/en\/wp-json\/wp\/v2\/product\/990135","targetHints":{"allow":["GET"]}}],"collection":[{"href":"https:\/\/agrovetazerbaijan.az\/en\/wp-json\/wp\/v2\/product"}],"about":[{"href":"https:\/\/agrovetazerbaijan.az\/en\/wp-json\/wp\/v2\/types\/product"}],"replies":[{"embeddable":true,"href":"https:\/\/agrovetazerbaijan.az\/en\/wp-json\/wp\/v2\/comments?post=990135"}],"version-history":[{"count":2,"href":"https:\/\/agrovetazerbaijan.az\/en\/wp-json\/wp\/v2\/product\/990135\/revisions"}],"predecessor-version":[{"id":990138,"href":"https:\/\/agrovetazerbaijan.az\/en\/wp-json\/wp\/v2\/product\/990135\/revisions\/990138"}],"wp:featuredmedia":[{"embeddable":true,"href":"https:\/\/agrovetazerbaijan.az\/en\/wp-json\/wp\/v2\/media\/990136"}],"wp:attachment":[{"href":"https:\/\/agrovetazerbaijan.az\/en\/wp-json\/wp\/v2\/media?parent=990135"}],"wp:term":[{"taxonomy":"product_brand","embeddable":true,"href":"https:\/\/agrovetazerbaijan.az\/en\/wp-json\/wp\/v2\/product_brand?post=990135"},{"taxonomy":"product_cat","embeddable":true,"href":"https:\/\/agrovetazerbaijan.az\/en\/wp-json\/wp\/v2\/product_cat?post=990135"},{"taxonomy":"product_tag","embeddable":true,"href":"https:\/\/agrovetazerbaijan.az\/en\/wp-json\/wp\/v2\/product_tag?post=990135"}],"curies":[{"name":"wp","href":"https:\/\/api.w.org\/{rel}","templated":true}]}}