{"id":990128,"date":"2025-07-28T23:38:18","date_gmt":"2025-07-28T23:38:18","guid":{"rendered":"https:\/\/agrovetazerbaijan.az\/?post_type=product&#038;p=990128"},"modified":"2025-07-28T23:38:35","modified_gmt":"2025-07-28T23:38:35","slug":"bemfos-227-monokalsium-fosfat-m-c-p-toz","status":"publish","type":"product","link":"https:\/\/agrovetazerbaijan.az\/en\/product\/bemfos-227-monokalsium-fosfat-m-c-p-toz\/","title":{"rendered":"BEMFOS 22.7 \u2013 Monocalcium Phosphate (MCP) Powder"},"content":{"rendered":"<div class=\"vgblk-rw-wrapper limit-wrapper\">\n<h3 data-section-id=\"1h3i21a\" data-start=\"148\" data-end=\"200\"><strong data-start=\"152\" data-end=\"200\">BEMFOS 22.7 \u2013 Monocalcium Phosphate (MCP) Powder<\/strong><\/h3>\n<hr data-start=\"202\" data-end=\"205\" \/>\n<h4 data-start=\"207\" data-end=\"226\"><strong data-start=\"212\" data-end=\"224\">Ingredients:<\/strong><\/h4>\n<ul data-start=\"227\" data-end=\"269\">\n<li data-start=\"227\" data-end=\"248\">\n<p data-start=\"229\" data-end=\"248\"><strong data-start=\"229\" data-end=\"240\">Phosphorus:<\/strong> 22.7%<\/p>\n<\/li>\n<li data-start=\"249\" data-end=\"269\">\n<p data-start=\"251\" data-end=\"269\"><strong data-start=\"251\" data-end=\"263\">Calcium:<\/strong> 16.7%<\/p>\n<\/li>\n<\/ul>\n<hr data-start=\"271\" data-end=\"274\" \/>\n<h4 data-start=\"276\" data-end=\"303\"><strong data-start=\"281\" data-end=\"301\">About the product:<\/strong><\/h4>\n<p data-start=\"304\" data-end=\"643\"><strong data-start=\"304\" data-end=\"319\">BEMFOS 22.7<\/strong> \u2013 feed rations for animals and birds <strong data-start=\"360\" data-end=\"393\">calcium and phosphorus minerals<\/strong> used for enrichment with <strong data-start=\"440\" data-end=\"481\">monocalcium phosphate powder is a feed additive<\/strong>Phosphorus and calcium are essential minerals for strengthening the skeletal system, normalizing metabolism, and increasing overall productivity.<\/p>\n<p data-start=\"645\" data-end=\"652\">Product:<\/p>\n<ul data-start=\"653\" data-end=\"812\">\n<li data-start=\"653\" data-end=\"715\">\n<p data-start=\"655\" data-end=\"715\">Animals and birds <strong data-start=\"679\" data-end=\"712\">supports physical development<\/strong>,<\/p>\n<\/li>\n<li data-start=\"716\" data-end=\"753\">\n<p data-start=\"718\" data-end=\"753\"><strong data-start=\"718\" data-end=\"750\">Strengthens bone structure<\/strong>,<\/p>\n<\/li>\n<li data-start=\"754\" data-end=\"812\">\n<p data-start=\"756\" data-end=\"812\"><strong data-start=\"756\" data-end=\"800\">To increase egg and milk production<\/strong> helps.<\/p>\n<\/li>\n<\/ul>\n<p data-start=\"814\" data-end=\"858\">Basically <strong data-start=\"821\" data-end=\"836\">feed additive<\/strong> is used as.<\/p>\n<hr data-start=\"860\" data-end=\"863\" \/>\n<h4 data-start=\"865\" data-end=\"893\"><strong data-start=\"870\" data-end=\"891\">Instructions for use:<\/strong><\/h4>\n<p data-start=\"894\" data-end=\"984\">Usage dosage <strong data-start=\"910\" data-end=\"957\">on the prescription of a veterinarian or technologist<\/strong> is determined accordingly.<\/p>\n<hr data-start=\"986\" data-end=\"989\" \/>\n<h4 data-start=\"991\" data-end=\"1014\"><strong data-start=\"996\" data-end=\"1012\">Packaging:<\/strong><\/h4>\n<ul data-start=\"1015\" data-end=\"1037\">\n<li data-start=\"1015\" data-end=\"1037\">\n<p data-start=\"1017\" data-end=\"1037\"><strong data-start=\"1017\" data-end=\"1037\">25 kg paper bag<\/strong><\/p>\n<\/li>\n<\/ul>\n<h4 data-start=\"1039\" data-end=\"1061\"><strong data-start=\"1044\" data-end=\"1059\">Manufacturer:<\/strong><\/h4>\n<ul data-start=\"1062\" data-end=\"1094\">\n<li data-start=\"1062\" data-end=\"1094\">\n<p data-start=\"1064\" data-end=\"1094\"><strong data-start=\"1064\" data-end=\"1094\">AB Food Industry Trade Ltd.<\/strong><\/p>\n<\/li>\n<\/ul>\n<h4 data-start=\"1096\" data-end=\"1118\"><strong data-start=\"1101\" data-end=\"1116\">Country of origin:<\/strong><\/h4>\n<ul data-start=\"1119\" data-end=\"1132\">\n<li data-start=\"1119\" data-end=\"1132\">\n<p data-start=\"1121\" data-end=\"1132\"><strong data-start=\"1121\" data-end=\"1132\">Turkey<\/strong><\/p>\n<\/li>\n<\/ul>\n<\/div>\n<p><!-- .vgblk-rw-wrapper --><\/p>","protected":false},"excerpt":{"rendered":"<p>BEMFOS 22,7 \u2013 Monokalsium Fosfat (M.C.P) Toz T\u0259rkibi: Fosfor: 22.7% Kalsium: 16.7% M\u0259hsul haqq\u0131nda: BEMFOS 22,7 \u2013 heyvanlar\u0131n v\u0259 qu\u015flar\u0131n yem rasionunu kalsium v\u0259 fosfor minerallar\u0131 il\u0259 z\u0259nginl\u0259\u015fdirm\u0259k m\u0259qs\u0259dil\u0259 istifad\u0259 olunan monokalsium fosfat toz yem \u0259lav\u0259sidir. Fosfor v\u0259 kalsium, skelet sisteminin m\u00f6hk\u0259ml\u0259ndirilm\u0259si, madd\u0259l\u0259r m\u00fcbadil\u0259sinin normalla\u015fd\u0131r\u0131lmas\u0131 v\u0259 \u00fcmumi m\u0259hsuldarl\u0131\u011f\u0131n art\u0131r\u0131lmas\u0131 \u00fc\u00e7\u00fcn vacib minerallard\u0131r. M\u0259hsul: Heyvanlar\u0131n v\u0259&#8230;<\/p>","protected":false},"featured_media":990129,"comment_status":"open","ping_status":"closed","template":"","meta":{"nf_dc_page":"","_monsterinsights_skip_tracking":false,"_monsterinsights_sitenote_active":false,"_monsterinsights_sitenote_note":"","_monsterinsights_sitenote_category":0},"product_brand":[],"product_cat":[240,160,68],"product_tag":[],"class_list":{"0":"post-990128","1":"product","2":"type-product","3":"status-publish","4":"has-post-thumbnail","6":"product_cat-fostatlar","7":"product_cat-nutrients","8":"product_cat-poultry","10":"first","11":"instock","12":"shipping-taxable","13":"product-type-simple"},"jetpack_sharing_enabled":true,"_links":{"self":[{"href":"https:\/\/agrovetazerbaijan.az\/en\/wp-json\/wp\/v2\/product\/990128","targetHints":{"allow":["GET"]}}],"collection":[{"href":"https:\/\/agrovetazerbaijan.az\/en\/wp-json\/wp\/v2\/product"}],"about":[{"href":"https:\/\/agrovetazerbaijan.az\/en\/wp-json\/wp\/v2\/types\/product"}],"replies":[{"embeddable":true,"href":"https:\/\/agrovetazerbaijan.az\/en\/wp-json\/wp\/v2\/comments?post=990128"}],"version-history":[{"count":2,"href":"https:\/\/agrovetazerbaijan.az\/en\/wp-json\/wp\/v2\/product\/990128\/revisions"}],"predecessor-version":[{"id":990131,"href":"https:\/\/agrovetazerbaijan.az\/en\/wp-json\/wp\/v2\/product\/990128\/revisions\/990131"}],"wp:featuredmedia":[{"embeddable":true,"href":"https:\/\/agrovetazerbaijan.az\/en\/wp-json\/wp\/v2\/media\/990129"}],"wp:attachment":[{"href":"https:\/\/agrovetazerbaijan.az\/en\/wp-json\/wp\/v2\/media?parent=990128"}],"wp:term":[{"taxonomy":"product_brand","embeddable":true,"href":"https:\/\/agrovetazerbaijan.az\/en\/wp-json\/wp\/v2\/product_brand?post=990128"},{"taxonomy":"product_cat","embeddable":true,"href":"https:\/\/agrovetazerbaijan.az\/en\/wp-json\/wp\/v2\/product_cat?post=990128"},{"taxonomy":"product_tag","embeddable":true,"href":"https:\/\/agrovetazerbaijan.az\/en\/wp-json\/wp\/v2\/product_tag?post=990128"}],"curies":[{"name":"wp","href":"https:\/\/api.w.org\/{rel}","templated":true}]}}