{"id":990125,"date":"2025-07-28T23:33:35","date_gmt":"2025-07-28T23:33:35","guid":{"rendered":"https:\/\/agrovetazerbaijan.az\/?post_type=product&#038;p=990125"},"modified":"2025-08-05T00:23:17","modified_gmt":"2025-08-05T00:23:17","slug":"mineral-breeder-premix-01","status":"publish","type":"product","link":"https:\/\/agrovetazerbaijan.az\/en\/product\/mineral-breeder-premix-01\/","title":{"rendered":"Mineral Breeder Premix 0.1%"},"content":{"rendered":"<div class=\"vgblk-rw-wrapper limit-wrapper\">\n<h3 data-section-id=\"1fop1gx\" data-start=\"137\" data-end=\"215\"><strong data-start=\"141\" data-end=\"215\">Mineral Breeder Premix 0.1% \u2013 Mineral Feed Supplement for Breeding Birds<\/strong><\/h3>\n<hr data-start=\"217\" data-end=\"220\" \/>\n<h4 data-start=\"222\" data-end=\"241\"><strong data-start=\"227\" data-end=\"239\">Ingredients:<\/strong><\/h4>\n<p data-start=\"242\" data-end=\"318\">Iron sulfate, Zinc oxide, Calcium iodate, Sodium selenite, Calcium, Magnesium<\/p>\n<hr data-start=\"320\" data-end=\"323\" \/>\n<h4 data-start=\"325\" data-end=\"352\"><strong data-start=\"330\" data-end=\"350\">About the product:<\/strong><\/h4>\n<p data-start=\"353\" data-end=\"502\"><strong data-start=\"353\" data-end=\"384\">Mineral Breeder Premix 0.1%<\/strong> \u2013 intended for breeding birds <strong data-start=\"425\" data-end=\"469\">is a balanced mineral feed supplement<\/strong>As a result of continuous use:<\/p>\n<ul data-start=\"504\" data-end=\"664\">\n<li data-start=\"504\" data-end=\"548\">\n<p data-start=\"506\" data-end=\"548\">Birds <strong data-start=\"515\" data-end=\"545\">daily weight gain increases<\/strong>,<\/p>\n<\/li>\n<li data-start=\"549\" data-end=\"582\">\n<p data-start=\"551\" data-end=\"582\"><strong data-start=\"551\" data-end=\"568\">Development rate<\/strong> is accelerating,<\/p>\n<\/li>\n<li data-start=\"583\" data-end=\"613\">\n<p data-start=\"585\" data-end=\"613\"><strong data-start=\"585\" data-end=\"602\">Feeding period<\/strong> shortens,<\/p>\n<\/li>\n<li data-start=\"614\" data-end=\"664\">\n<p data-start=\"616\" data-end=\"664\"><strong data-start=\"616\" data-end=\"656\">Risk of death during chick development<\/strong> decreases.<\/p>\n<\/li>\n<\/ul>\n<p data-start=\"666\" data-end=\"822\">Product, breeding birds <strong data-start=\"692\" data-end=\"725\">health and productivity<\/strong> It is designed to increase energy and contains minerals with high bioavailability.<\/p>\n<hr data-start=\"824\" data-end=\"827\" \/>\n<h4 data-start=\"829\" data-end=\"857\"><strong data-start=\"834\" data-end=\"855\">Instructions for use:<\/strong><\/h4>\n<p data-start=\"858\" data-end=\"916\">1 ton of food <strong data-start=\"869\" data-end=\"877\">1 kg<\/strong> is mixed and applied in quantity.<\/p>\n<hr data-start=\"918\" data-end=\"921\" \/>\n<h4 data-start=\"923\" data-end=\"946\"><strong data-start=\"928\" data-end=\"944\">Packaging:<\/strong><\/h4>\n<ul data-start=\"947\" data-end=\"967\">\n<li data-start=\"947\" data-end=\"967\">\n<p data-start=\"949\" data-end=\"967\"><strong data-start=\"949\" data-end=\"967\">25 kg bag<\/strong><\/p>\n<\/li>\n<\/ul>\n<h4 data-start=\"969\" data-end=\"991\"><strong data-start=\"974\" data-end=\"989\">Manufacturer:<\/strong><\/h4>\n<ul data-start=\"992\" data-end=\"1010\">\n<li data-start=\"992\" data-end=\"1010\">\n<p data-start=\"994\" data-end=\"1010\"><strong data-start=\"994\" data-end=\"1010\">Intraco Ltd.<\/strong><\/p>\n<\/li>\n<\/ul>\n<h4 data-start=\"1012\" data-end=\"1034\"><strong data-start=\"1017\" data-end=\"1032\">Country of origin:<\/strong><\/h4>\n<ul data-start=\"1035\" data-end=\"1048\">\n<li data-start=\"1035\" data-end=\"1048\">\n<p data-start=\"1037\" data-end=\"1048\"><strong data-start=\"1037\" data-end=\"1048\">Belgium<\/strong><\/p>\n<\/li>\n<\/ul>\n<\/div>\n<p><!-- .vgblk-rw-wrapper --><\/p>","protected":false},"excerpt":{"rendered":"<p>Mineral Breeder Premix 0,1% \u2013 Damazl\u0131q Qu\u015flar \u00fc\u00e7\u00fcn Mineral Yem \u018flav\u0259si T\u0259rkibi: D\u0259mir sulfat, Sink oksid, Kalsium yodat, Natrium selenit, Kalsium, Maqnezium M\u0259hsul haqq\u0131nda: Mineral Breeder Premix 0,1% \u2013 damazl\u0131q qu\u015flar \u00fc\u00e7\u00fcn n\u0259z\u0259rd\u0259 tutulmu\u015f balansla\u015fd\u0131r\u0131lm\u0131\u015f mineral yem \u0259lav\u0259sidir. Davaml\u0131 istifad\u0259si n\u0259tic\u0259sind\u0259: Qu\u015flar\u0131n g\u00fcnd\u0259lik \u00e7\u0259ki art\u0131m\u0131 art\u0131r, \u0130nki\u015faf tempi s\u00fcr\u0259tl\u0259nir, Yeml\u0259m\u0259 d\u00f6vr\u00fc q\u0131sal\u0131r, C\u00fcc\u0259l\u0259rin inki\u015faf\u0131 zaman\u0131&#8230;<\/p>","protected":false},"featured_media":990151,"comment_status":"open","ping_status":"closed","template":"","meta":{"nf_dc_page":"","_monsterinsights_skip_tracking":false,"_monsterinsights_sitenote_active":false,"_monsterinsights_sitenote_note":"","_monsterinsights_sitenote_category":0},"product_brand":[],"product_cat":[160,238,68],"product_tag":[],"class_list":{"0":"post-990125","1":"product","2":"type-product","3":"status-publish","4":"has-post-thumbnail","6":"product_cat-nutrients","7":"product_cat-premiks","8":"product_cat-poultry","10":"first","11":"instock","12":"shipping-taxable","13":"product-type-simple"},"jetpack_sharing_enabled":true,"_links":{"self":[{"href":"https:\/\/agrovetazerbaijan.az\/en\/wp-json\/wp\/v2\/product\/990125","targetHints":{"allow":["GET"]}}],"collection":[{"href":"https:\/\/agrovetazerbaijan.az\/en\/wp-json\/wp\/v2\/product"}],"about":[{"href":"https:\/\/agrovetazerbaijan.az\/en\/wp-json\/wp\/v2\/types\/product"}],"replies":[{"embeddable":true,"href":"https:\/\/agrovetazerbaijan.az\/en\/wp-json\/wp\/v2\/comments?post=990125"}],"version-history":[{"count":2,"href":"https:\/\/agrovetazerbaijan.az\/en\/wp-json\/wp\/v2\/product\/990125\/revisions"}],"predecessor-version":[{"id":990127,"href":"https:\/\/agrovetazerbaijan.az\/en\/wp-json\/wp\/v2\/product\/990125\/revisions\/990127"}],"wp:featuredmedia":[{"embeddable":true,"href":"https:\/\/agrovetazerbaijan.az\/en\/wp-json\/wp\/v2\/media\/990151"}],"wp:attachment":[{"href":"https:\/\/agrovetazerbaijan.az\/en\/wp-json\/wp\/v2\/media?parent=990125"}],"wp:term":[{"taxonomy":"product_brand","embeddable":true,"href":"https:\/\/agrovetazerbaijan.az\/en\/wp-json\/wp\/v2\/product_brand?post=990125"},{"taxonomy":"product_cat","embeddable":true,"href":"https:\/\/agrovetazerbaijan.az\/en\/wp-json\/wp\/v2\/product_cat?post=990125"},{"taxonomy":"product_tag","embeddable":true,"href":"https:\/\/agrovetazerbaijan.az\/en\/wp-json\/wp\/v2\/product_tag?post=990125"}],"curies":[{"name":"wp","href":"https:\/\/api.w.org\/{rel}","templated":true}]}}