{"id":990117,"date":"2025-07-28T23:19:46","date_gmt":"2025-07-28T23:19:46","guid":{"rendered":"https:\/\/agrovetazerbaijan.az\/?post_type=product&#038;p=990117"},"modified":"2025-07-28T23:20:02","modified_gmt":"2025-07-28T23:20:02","slug":"l-lysine-hcl-99-safliqda-amin-tursusu-%c9%99lav%c9%99si","status":"publish","type":"product","link":"https:\/\/agrovetazerbaijan.az\/en\/product\/l-lysine-hcl-99-safliqda-amin-tursusu-%c9%99lav%c9%99si\/","title":{"rendered":"L-Lysine HCl \u2013 99% Purity Amino Acid Supplement"},"content":{"rendered":"<div class=\"vgblk-rw-wrapper limit-wrapper\">\n<h3 data-section-id=\"1481soc\" data-start=\"114\" data-end=\"170\"><strong data-start=\"118\" data-end=\"170\">L-Lysine HCl \u2013 99% Purity Amino Acid Supplement<\/strong><\/h3>\n<hr data-start=\"172\" data-end=\"175\" \/>\n<h4 data-start=\"177\" data-end=\"196\"><strong data-start=\"182\" data-end=\"194\">Ingredients:<\/strong><\/h4>\n<p data-start=\"197\" data-end=\"215\"><strong data-start=\"197\" data-end=\"215\">L-Lysine \u2013 99%<\/strong><\/p>\n<hr data-start=\"217\" data-end=\"220\" \/>\n<h4 data-start=\"222\" data-end=\"249\"><strong data-start=\"227\" data-end=\"247\">About the product:<\/strong><\/h4>\n<p data-start=\"250\" data-end=\"386\"><strong data-start=\"250\" data-end=\"266\">L-Lysine HCl<\/strong>, the diet of animals and birds is necessary <strong data-start=\"304\" data-end=\"320\">amino acid<\/strong> It is used to enrich with. Uses of this supplement:<\/p>\n<ul data-start=\"388\" data-end=\"609\">\n<li data-start=\"388\" data-end=\"432\">\n<p data-start=\"390\" data-end=\"432\"><strong data-start=\"390\" data-end=\"418\">To increase productivity<\/strong> helps;<\/p>\n<\/li>\n<li data-start=\"433\" data-end=\"549\">\n<p data-start=\"435\" data-end=\"549\"><strong data-start=\"435\" data-end=\"482\">Absorption of calcium, phosphorus and iron<\/strong> improving, <strong data-start=\"500\" data-end=\"546\">has a positive effect on mineral metabolism<\/strong>;<\/p>\n<\/li>\n<li data-start=\"550\" data-end=\"609\">\n<p data-start=\"552\" data-end=\"609\"><strong data-start=\"552\" data-end=\"571\">Protein synthesis<\/strong> and <strong data-start=\"575\" data-end=\"596\">tissue development<\/strong> supports.<\/p>\n<\/li>\n<\/ul>\n<hr data-start=\"611\" data-end=\"614\" \/>\n<h4 data-start=\"616\" data-end=\"644\"><strong data-start=\"621\" data-end=\"642\">Instructions for use:<\/strong><\/h4>\n<p data-start=\"645\" data-end=\"743\"><strong data-start=\"645\" data-end=\"664\">Usage dosage<\/strong> veterinarian <strong data-start=\"682\" data-end=\"695\">to the recipe<\/strong> and <strong data-start=\"699\" data-end=\"716\">to the type of animal<\/strong> is determined accordingly.<\/p>\n<hr data-start=\"745\" data-end=\"748\" \/>\n<h4 data-start=\"750\" data-end=\"773\"><strong data-start=\"755\" data-end=\"771\">Packaging:<\/strong><\/h4>\n<ul data-start=\"774\" data-end=\"800\">\n<li data-start=\"774\" data-end=\"800\">\n<p data-start=\"776\" data-end=\"800\"><strong data-start=\"776\" data-end=\"800\">25 kg paper bag<\/strong><\/p>\n<\/li>\n<\/ul>\n<h4 data-start=\"802\" data-end=\"824\"><strong data-start=\"807\" data-end=\"822\">Country of origin:<\/strong><\/h4>\n<ul data-start=\"825\" data-end=\"844\">\n<li data-start=\"825\" data-end=\"844\">\n<p data-start=\"827\" data-end=\"844\"><strong data-start=\"827\" data-end=\"844\">South Korea<\/strong><\/p>\n<\/li>\n<\/ul>\n<h4 data-start=\"846\" data-end=\"868\"><strong data-start=\"851\" data-end=\"866\">Manufacturer:<\/strong><\/h4>\n<ul data-start=\"869\" data-end=\"894\">\n<li data-start=\"869\" data-end=\"894\">\n<p data-start=\"871\" data-end=\"894\"><strong data-start=\"871\" data-end=\"894\">Daesang Corporation<\/strong><\/p>\n<\/li>\n<\/ul>\n<\/div>\n<p><!-- .vgblk-rw-wrapper --><\/p>","protected":false},"excerpt":{"rendered":"<p>L-Lysine HCl \u2013 99% Safl\u0131qda Amin Tur\u015fusu \u018flav\u0259si T\u0259rkibi: L-Lysine \u2013 99% M\u0259hsul haqq\u0131nda: L-Lysine HCl, heyvan v\u0259 qu\u015flar\u0131n rasionunu z\u0259ruri amin tur\u015fusu il\u0259 z\u0259nginl\u0259\u015fdirm\u0259k \u00fc\u00e7\u00fcn istifad\u0259 olunur. Bu \u0259lav\u0259nin istifad\u0259si: M\u0259hsuldarl\u0131\u011f\u0131n artmas\u0131na k\u00f6m\u0259k edir; Kalsium, fosfor v\u0259 d\u0259mirin m\u0259nims\u0259nilm\u0259sini yax\u015f\u0131la\u015fd\u0131raraq, mineral m\u00fcbadil\u0259sin\u0259 m\u00fcsb\u0259t t\u0259sir g\u00f6st\u0259rir; Z\u00fclal sintezini v\u0259 toxuma inki\u015faf\u0131n\u0131 d\u0259st\u0259kl\u0259yir. \u0130stifad\u0259 qaydas\u0131: \u0130stifad\u0259&#8230;<\/p>","protected":false},"featured_media":990118,"comment_status":"open","ping_status":"closed","template":"","meta":{"nf_dc_page":"","_monsterinsights_skip_tracking":false,"_monsterinsights_sitenote_active":false,"_monsterinsights_sitenote_note":"","_monsterinsights_sitenote_category":0},"product_brand":[],"product_cat":[160,239],"product_tag":[],"class_list":{"0":"post-990117","1":"product","2":"type-product","3":"status-publish","4":"has-post-thumbnail","6":"product_cat-nutrients","7":"product_cat-amin-tursulari","9":"first","10":"instock","11":"shipping-taxable","12":"product-type-simple"},"jetpack_sharing_enabled":true,"_links":{"self":[{"href":"https:\/\/agrovetazerbaijan.az\/en\/wp-json\/wp\/v2\/product\/990117","targetHints":{"allow":["GET"]}}],"collection":[{"href":"https:\/\/agrovetazerbaijan.az\/en\/wp-json\/wp\/v2\/product"}],"about":[{"href":"https:\/\/agrovetazerbaijan.az\/en\/wp-json\/wp\/v2\/types\/product"}],"replies":[{"embeddable":true,"href":"https:\/\/agrovetazerbaijan.az\/en\/wp-json\/wp\/v2\/comments?post=990117"}],"version-history":[{"count":1,"href":"https:\/\/agrovetazerbaijan.az\/en\/wp-json\/wp\/v2\/product\/990117\/revisions"}],"predecessor-version":[{"id":990119,"href":"https:\/\/agrovetazerbaijan.az\/en\/wp-json\/wp\/v2\/product\/990117\/revisions\/990119"}],"wp:featuredmedia":[{"embeddable":true,"href":"https:\/\/agrovetazerbaijan.az\/en\/wp-json\/wp\/v2\/media\/990118"}],"wp:attachment":[{"href":"https:\/\/agrovetazerbaijan.az\/en\/wp-json\/wp\/v2\/media?parent=990117"}],"wp:term":[{"taxonomy":"product_brand","embeddable":true,"href":"https:\/\/agrovetazerbaijan.az\/en\/wp-json\/wp\/v2\/product_brand?post=990117"},{"taxonomy":"product_cat","embeddable":true,"href":"https:\/\/agrovetazerbaijan.az\/en\/wp-json\/wp\/v2\/product_cat?post=990117"},{"taxonomy":"product_tag","embeddable":true,"href":"https:\/\/agrovetazerbaijan.az\/en\/wp-json\/wp\/v2\/product_tag?post=990117"}],"curies":[{"name":"wp","href":"https:\/\/api.w.org\/{rel}","templated":true}]}}