{"id":990109,"date":"2025-07-28T00:34:24","date_gmt":"2025-07-28T00:34:24","guid":{"rendered":"https:\/\/agrovetazerbaijan.az\/?post_type=product&#038;p=990109"},"modified":"2025-07-28T00:34:44","modified_gmt":"2025-07-28T00:34:44","slug":"carnaval-premium-korp%c9%99-it-sud-tozu","status":"publish","type":"product","link":"https:\/\/agrovetazerbaijan.az\/en\/product\/carnaval-premium-korp%c9%99-it-sud-tozu\/","title":{"rendered":"Carnaval Premium Baby Dog Milk Powder"},"content":{"rendered":"<div class=\"vgblk-rw-wrapper limit-wrapper\">\n<h3 data-start=\"113\" data-end=\"153\">Carnaval Premium Baby Dog Milk Powder<\/h3>\n<p data-start=\"154\" data-end=\"191\"><strong data-start=\"154\" data-end=\"191\">Complementary Food for Baby Dogs<\/strong><\/p>\n<p data-start=\"193\" data-end=\"437\">Carnaval Baby Dog Milk Powder is a milk powder specially formulated for baby dogs that have been separated from their mothers early or orphaned. It is rich in natural vitamins, minerals and fats found in mother&#039;s milk, meeting all the nutritional needs of baby dogs.<\/p>\n<p data-start=\"439\" data-end=\"496\"><strong data-start=\"439\" data-end=\"458\">Suitable age group:<\/strong> Ideal for puppies 1-35 days old.<\/p>\n<p data-start=\"498\" data-end=\"626\">Since this milk powder contains high-value nutrients, it can also be used in the nutrition of pregnant and lactating dogs.<\/p>\n<p data-start=\"628\" data-end=\"644\"><strong data-start=\"628\" data-end=\"642\">Benefits:<\/strong><\/p>\n<ul data-start=\"645\" data-end=\"787\">\n<li data-start=\"645\" data-end=\"735\">\n<p data-start=\"647\" data-end=\"735\">Supports healthy coat and liver development thanks to Biotin and Folic Acid.<\/p>\n<\/li>\n<li data-start=\"736\" data-end=\"787\">\n<p data-start=\"738\" data-end=\"787\">Ensures the complete and balanced growth of the baby dog.<\/p>\n<\/li>\n<\/ul>\n<\/div>\n<p><!-- .vgblk-rw-wrapper --><\/p>","protected":false},"excerpt":{"rendered":"<p>Carnaval Premium K\u00f6rp\u0259 \u0130t S\u00fcd Tozu K\u00f6rp\u0259 \u0130tl\u0259r \u00fc\u00e7\u00fcn Tamamlama Qidas\u0131 Carnaval K\u00f6rp\u0259 \u0130t S\u00fcd Tozu, analar\u0131ndan erk\u0259n ayr\u0131lm\u0131\u015f v\u0259 ya yetim qalm\u0131\u015f k\u00f6rp\u0259 itl\u0259r \u00fc\u00e7\u00fcn x\u00fcsusi haz\u0131rlanm\u0131\u015f s\u00fcd tozudur. Ana s\u00fcd\u00fcnd\u0259 olan t\u0259bii vitaminl\u0259r, minerallar v\u0259 ya\u011flarla z\u0259ngindir, k\u00f6rp\u0259 itl\u0259rin b\u00fct\u00fcn qida ehtiyaclar\u0131n\u0131 qar\u015f\u0131lay\u0131r. Uy\u011fun ya\u015f qrup: 1-35 g\u00fcnl\u00fck k\u00f6rp\u0259 itl\u0259r \u00fc\u00e7\u00fcn ideal. Bu&#8230;<\/p>","protected":false},"featured_media":990110,"comment_status":"open","ping_status":"closed","template":"","meta":{"nf_dc_page":"","_monsterinsights_skip_tracking":false,"_monsterinsights_sitenote_active":false,"_monsterinsights_sitenote_note":"","_monsterinsights_sitenote_category":0},"product_brand":[],"product_cat":[58,244,245],"product_tag":[],"class_list":{"0":"post-990109","1":"product","2":"type-product","3":"status-publish","4":"has-post-thumbnail","6":"product_cat-dog","7":"product_cat-it-ve-pisik-mehsullari","8":"product_cat-yemler","10":"first","11":"instock","12":"shipping-taxable","13":"product-type-simple"},"jetpack_sharing_enabled":true,"_links":{"self":[{"href":"https:\/\/agrovetazerbaijan.az\/en\/wp-json\/wp\/v2\/product\/990109","targetHints":{"allow":["GET"]}}],"collection":[{"href":"https:\/\/agrovetazerbaijan.az\/en\/wp-json\/wp\/v2\/product"}],"about":[{"href":"https:\/\/agrovetazerbaijan.az\/en\/wp-json\/wp\/v2\/types\/product"}],"replies":[{"embeddable":true,"href":"https:\/\/agrovetazerbaijan.az\/en\/wp-json\/wp\/v2\/comments?post=990109"}],"version-history":[{"count":1,"href":"https:\/\/agrovetazerbaijan.az\/en\/wp-json\/wp\/v2\/product\/990109\/revisions"}],"predecessor-version":[{"id":990111,"href":"https:\/\/agrovetazerbaijan.az\/en\/wp-json\/wp\/v2\/product\/990109\/revisions\/990111"}],"wp:featuredmedia":[{"embeddable":true,"href":"https:\/\/agrovetazerbaijan.az\/en\/wp-json\/wp\/v2\/media\/990110"}],"wp:attachment":[{"href":"https:\/\/agrovetazerbaijan.az\/en\/wp-json\/wp\/v2\/media?parent=990109"}],"wp:term":[{"taxonomy":"product_brand","embeddable":true,"href":"https:\/\/agrovetazerbaijan.az\/en\/wp-json\/wp\/v2\/product_brand?post=990109"},{"taxonomy":"product_cat","embeddable":true,"href":"https:\/\/agrovetazerbaijan.az\/en\/wp-json\/wp\/v2\/product_cat?post=990109"},{"taxonomy":"product_tag","embeddable":true,"href":"https:\/\/agrovetazerbaijan.az\/en\/wp-json\/wp\/v2\/product_tag?post=990109"}],"curies":[{"name":"wp","href":"https:\/\/api.w.org\/{rel}","templated":true}]}}