{"id":990106,"date":"2025-07-28T00:32:12","date_gmt":"2025-07-28T00:32:12","guid":{"rendered":"https:\/\/agrovetazerbaijan.az\/?post_type=product&#038;p=990106"},"modified":"2025-07-28T00:32:33","modified_gmt":"2025-07-28T00:32:33","slug":"carnaval-premium-korp%c9%99-pisik-sud-tozu","status":"publish","type":"product","link":"https:\/\/agrovetazerbaijan.az\/en\/product\/carnaval-premium-korp%c9%99-pisik-sud-tozu\/","title":{"rendered":"Carnaval Premium Baby Cat Milk Powder"},"content":{"rendered":"<div class=\"vgblk-rw-wrapper limit-wrapper\">\n<h3 data-start=\"138\" data-end=\"181\">Carnaval Premium Baby Cat Milk Powder<\/h3>\n<p data-start=\"182\" data-end=\"222\"><strong data-start=\"182\" data-end=\"222\">Complementary Food for Baby Cats<\/strong><\/p>\n<p data-start=\"224\" data-end=\"415\">Carnaval Baby Kitten Milk is a completely breast milk-like nutritional formula specially formulated for 35-day-old kittens. It is also recommended for pregnant and lactating mother cats.<\/p>\n<p data-start=\"417\" data-end=\"454\"><strong data-start=\"417\" data-end=\"452\">Why Carnaval Baby Kitten Milk?<\/strong><\/p>\n<ul data-start=\"455\" data-end=\"833\">\n<li data-start=\"455\" data-end=\"521\">\n<p data-start=\"457\" data-end=\"521\">Regular milk does not fully meet the protein and fat needs of kittens.<\/p>\n<\/li>\n<li data-start=\"522\" data-end=\"618\">\n<p data-start=\"524\" data-end=\"618\">It ensures complete and healthy development with an ideal balance of vitamins, minerals and natural oils.<\/p>\n<\/li>\n<li data-start=\"619\" data-end=\"741\">\n<p data-start=\"621\" data-end=\"741\">Enriched with Taurine, it supports eye and heart health (baby kittens&#039; bodies do not produce Taurine).<\/p>\n<\/li>\n<li data-start=\"742\" data-end=\"833\">\n<p data-start=\"744\" data-end=\"833\">It strengthens the health of the skin, coat and liver with Biotin and Folic Acid.<\/p>\n<\/li>\n<\/ul>\n<\/div>\n<p><!-- .vgblk-rw-wrapper --><\/p>","protected":false},"excerpt":{"rendered":"<p>Carnaval Premium K\u00f6rp\u0259 Pi\u015fik S\u00fcd Tozu K\u00f6rp\u0259 Pi\u015fikl\u0259r \u00fc\u00e7\u00fcn Tamamlama Qidas\u0131 Carnaval K\u00f6rp\u0259 Pi\u015fik S\u00fcd\u00fc 35 g\u00fcnl\u00fck k\u00f6rp\u0259 pi\u015fikl\u0259r \u00fc\u00e7\u00fcn x\u00fcsusi haz\u0131rlanm\u0131\u015f tamamil\u0259 ana s\u00fcd\u00fcn\u0259 b\u0259nz\u0259r qida formuluudur. Hamil\u0259 v\u0259 s\u00fcd ver\u0259n ana pi\u015fikl\u0259r \u00fc\u00e7\u00fcn d\u0259 istifad\u0259 olunmas\u0131 m\u0259sl\u0259h\u0259tdir. Niy\u0259 Carnaval K\u00f6rp\u0259 Pi\u015fik S\u00fcd\u00fc? Adi s\u00fcd k\u00f6rp\u0259 pi\u015fikl\u0259rin protein v\u0259 ya\u011f t\u0259l\u0259bat\u0131n\u0131 tam \u00f6d\u0259m\u0259z. Vitaminl\u0259r,&#8230;<\/p>","protected":false},"featured_media":990107,"comment_status":"open","ping_status":"closed","template":"","meta":{"nf_dc_page":"","_monsterinsights_skip_tracking":false,"_monsterinsights_sitenote_active":false,"_monsterinsights_sitenote_note":"","_monsterinsights_sitenote_category":0},"product_brand":[],"product_cat":[244,51,245],"product_tag":[],"class_list":{"0":"post-990106","1":"product","2":"type-product","3":"status-publish","4":"has-post-thumbnail","6":"product_cat-it-ve-pisik-mehsullari","7":"product_cat-cat","8":"product_cat-yemler","10":"first","11":"instock","12":"shipping-taxable","13":"product-type-simple"},"jetpack_sharing_enabled":true,"_links":{"self":[{"href":"https:\/\/agrovetazerbaijan.az\/en\/wp-json\/wp\/v2\/product\/990106","targetHints":{"allow":["GET"]}}],"collection":[{"href":"https:\/\/agrovetazerbaijan.az\/en\/wp-json\/wp\/v2\/product"}],"about":[{"href":"https:\/\/agrovetazerbaijan.az\/en\/wp-json\/wp\/v2\/types\/product"}],"replies":[{"embeddable":true,"href":"https:\/\/agrovetazerbaijan.az\/en\/wp-json\/wp\/v2\/comments?post=990106"}],"version-history":[{"count":1,"href":"https:\/\/agrovetazerbaijan.az\/en\/wp-json\/wp\/v2\/product\/990106\/revisions"}],"predecessor-version":[{"id":990108,"href":"https:\/\/agrovetazerbaijan.az\/en\/wp-json\/wp\/v2\/product\/990106\/revisions\/990108"}],"wp:featuredmedia":[{"embeddable":true,"href":"https:\/\/agrovetazerbaijan.az\/en\/wp-json\/wp\/v2\/media\/990107"}],"wp:attachment":[{"href":"https:\/\/agrovetazerbaijan.az\/en\/wp-json\/wp\/v2\/media?parent=990106"}],"wp:term":[{"taxonomy":"product_brand","embeddable":true,"href":"https:\/\/agrovetazerbaijan.az\/en\/wp-json\/wp\/v2\/product_brand?post=990106"},{"taxonomy":"product_cat","embeddable":true,"href":"https:\/\/agrovetazerbaijan.az\/en\/wp-json\/wp\/v2\/product_cat?post=990106"},{"taxonomy":"product_tag","embeddable":true,"href":"https:\/\/agrovetazerbaijan.az\/en\/wp-json\/wp\/v2\/product_tag?post=990106"}],"curies":[{"name":"wp","href":"https:\/\/api.w.org\/{rel}","templated":true}]}}