{"id":990103,"date":"2025-07-28T00:30:02","date_gmt":"2025-07-28T00:30:02","guid":{"rendered":"https:\/\/agrovetazerbaijan.az\/?post_type=product&#038;p=990103"},"modified":"2025-07-28T00:30:23","modified_gmt":"2025-07-28T00:30:23","slug":"carnaval-premium-adult-food-with-beef","status":"publish","type":"product","link":"https:\/\/agrovetazerbaijan.az\/en\/product\/carnaval-premium-adult-food-with-beef\/","title":{"rendered":"Carnaval Premium Adult Food with Beef"},"content":{"rendered":"<div class=\"vgblk-rw-wrapper limit-wrapper\">\n<h3 data-start=\"238\" data-end=\"281\">Carnaval Premium Adult Food with Beef<\/h3>\n<p data-start=\"282\" data-end=\"321\"><strong data-start=\"282\" data-end=\"321\">(With mutton and fish products)<\/strong><\/p>\n<p data-start=\"323\" data-end=\"478\"><strong data-start=\"323\" data-end=\"334\">Composition:<\/strong> Minimum 4% is a wet dog food enriched with mutton, fish and fish products, plant products, minerals and vitamin supplements.<\/p>\n<h4 data-start=\"480\" data-end=\"503\">Analytical composition:<\/h4>\n<ul data-start=\"504\" data-end=\"578\">\n<li data-start=\"504\" data-end=\"519\">\n<p data-start=\"506\" data-end=\"519\">Protein: 7.0%<\/p>\n<\/li>\n<li data-start=\"520\" data-end=\"533\">\n<p data-start=\"522\" data-end=\"533\">Oil: 6.0%<\/p>\n<\/li>\n<li data-start=\"534\" data-end=\"547\">\n<p data-start=\"536\" data-end=\"547\">Fiber: 0.4%<\/p>\n<\/li>\n<li data-start=\"548\" data-end=\"561\">\n<p data-start=\"550\" data-end=\"561\">Ash: 2.0%<\/p>\n<\/li>\n<li data-start=\"562\" data-end=\"578\">\n<p data-start=\"564\" data-end=\"578\">Humidity: 80.0%<\/p>\n<\/li>\n<\/ul>\n<hr data-start=\"580\" data-end=\"583\" \/>\n<p data-start=\"585\" data-end=\"664\">This food provides your dog with balanced protein and energy, supporting its health.<\/p>\n<\/div>\n<p><!-- .vgblk-rw-wrapper --><\/p>","protected":false},"excerpt":{"rendered":"<p>Carnaval Premium Adult Food with Beef (Qoyun \u0259ti v\u0259 bal\u0131q m\u0259hsullar\u0131 il\u0259) T\u0259rkib: Minimum 4% qoyun \u0259ti, bal\u0131q v\u0259 bal\u0131q m\u0259hsullar\u0131, bitki m\u0259n\u015f\u0259li m\u0259hsullar, minerallar v\u0259 vitamin \u0259lav\u0259l\u0259ri il\u0259 z\u0259nginl\u0259\u015fdirilmi\u015f ya\u015f it yemidir. Analitik t\u0259rkib: Z\u00fclal: 7.0% Ya\u011f: 6.0% Lif: 0.4% K\u00fcl: 2.0% R\u00fctub\u0259t: 80.0% Bu yem itiniz\u0259 balansl\u0131 protein v\u0259 enerji t\u0259min edir, sa\u011flaml\u0131\u011f\u0131n\u0131&#8230;<\/p>","protected":false},"featured_media":990104,"comment_status":"open","ping_status":"closed","template":"","meta":{"nf_dc_page":"","_monsterinsights_skip_tracking":false,"_monsterinsights_sitenote_active":false,"_monsterinsights_sitenote_note":"","_monsterinsights_sitenote_category":0},"product_brand":[],"product_cat":[244,58,245],"product_tag":[],"class_list":{"0":"post-990103","1":"product","2":"type-product","3":"status-publish","4":"has-post-thumbnail","6":"product_cat-it-ve-pisik-mehsullari","7":"product_cat-dog","8":"product_cat-yemler","10":"first","11":"instock","12":"shipping-taxable","13":"product-type-simple"},"jetpack_sharing_enabled":true,"_links":{"self":[{"href":"https:\/\/agrovetazerbaijan.az\/en\/wp-json\/wp\/v2\/product\/990103","targetHints":{"allow":["GET"]}}],"collection":[{"href":"https:\/\/agrovetazerbaijan.az\/en\/wp-json\/wp\/v2\/product"}],"about":[{"href":"https:\/\/agrovetazerbaijan.az\/en\/wp-json\/wp\/v2\/types\/product"}],"replies":[{"embeddable":true,"href":"https:\/\/agrovetazerbaijan.az\/en\/wp-json\/wp\/v2\/comments?post=990103"}],"version-history":[{"count":1,"href":"https:\/\/agrovetazerbaijan.az\/en\/wp-json\/wp\/v2\/product\/990103\/revisions"}],"predecessor-version":[{"id":990105,"href":"https:\/\/agrovetazerbaijan.az\/en\/wp-json\/wp\/v2\/product\/990103\/revisions\/990105"}],"wp:featuredmedia":[{"embeddable":true,"href":"https:\/\/agrovetazerbaijan.az\/en\/wp-json\/wp\/v2\/media\/990104"}],"wp:attachment":[{"href":"https:\/\/agrovetazerbaijan.az\/en\/wp-json\/wp\/v2\/media?parent=990103"}],"wp:term":[{"taxonomy":"product_brand","embeddable":true,"href":"https:\/\/agrovetazerbaijan.az\/en\/wp-json\/wp\/v2\/product_brand?post=990103"},{"taxonomy":"product_cat","embeddable":true,"href":"https:\/\/agrovetazerbaijan.az\/en\/wp-json\/wp\/v2\/product_cat?post=990103"},{"taxonomy":"product_tag","embeddable":true,"href":"https:\/\/agrovetazerbaijan.az\/en\/wp-json\/wp\/v2\/product_tag?post=990103"}],"curies":[{"name":"wp","href":"https:\/\/api.w.org\/{rel}","templated":true}]}}