{"id":990100,"date":"2025-07-28T00:28:05","date_gmt":"2025-07-28T00:28:05","guid":{"rendered":"https:\/\/agrovetazerbaijan.az\/?post_type=product&#038;p=990100"},"modified":"2025-07-28T00:28:25","modified_gmt":"2025-07-28T00:28:25","slug":"carnaval-premium-boyuk-itl%c9%99r-ucun-yem-%c9%99tli-mal-%c9%99ti-il%c9%99","status":"publish","type":"product","link":"https:\/\/agrovetazerbaijan.az\/en\/product\/carnaval-premium-boyuk-itl%c9%99r-ucun-yem-%c9%99tli-mal-%c9%99ti-il%c9%99\/","title":{"rendered":"Carnaval Premium Food for Large Dogs \u2013 Meaty (With Beef)"},"content":{"rendered":"<div class=\"vgblk-rw-wrapper limit-wrapper\">\n<h3 data-start=\"112\" data-end=\"178\">Carnaval Premium Food for Large Dogs \u2013 <strong data-start=\"156\" data-end=\"178\">Meaty (With beef)<\/strong><\/h3>\n<p data-start=\"180\" data-end=\"381\"><strong data-start=\"180\" data-end=\"221\">Carnaval Premium Adult Food with Beef<\/strong> \u2013 a balanced, vitamin-enriched wet dog food with at least 41% beef. Provides optimal nutrition for your dog&#039;s health and energy.<\/p>\n<h4 data-start=\"383\" data-end=\"399\">\ud83e\udd69 Ingredients:<\/h4>\n<ul data-start=\"400\" data-end=\"505\">\n<li data-start=\"400\" data-end=\"443\">\n<p data-start=\"402\" data-end=\"443\">Meat and meat products (at least 4% beef)<\/p>\n<\/li>\n<li data-start=\"444\" data-end=\"471\">\n<p data-start=\"446\" data-end=\"471\">Herbal products<\/p>\n<\/li>\n<li data-start=\"472\" data-end=\"505\">\n<p data-start=\"474\" data-end=\"505\">Minerals and vitamin supplements<\/p>\n<\/li>\n<\/ul>\n<h4 data-start=\"507\" data-end=\"531\">\ud83d\udd2c Analytical composition:<\/h4>\n<ul data-start=\"532\" data-end=\"626\">\n<li data-start=\"532\" data-end=\"551\">\n<p data-start=\"534\" data-end=\"551\"><strong data-start=\"534\" data-end=\"544\">Protein:<\/strong> 7.0%<\/p>\n<\/li>\n<li data-start=\"552\" data-end=\"569\">\n<p data-start=\"554\" data-end=\"569\"><strong data-start=\"554\" data-end=\"562\">Oil:<\/strong> 3.0%<\/p>\n<\/li>\n<li data-start=\"570\" data-end=\"587\">\n<p data-start=\"572\" data-end=\"587\"><strong data-start=\"572\" data-end=\"580\">Fiber:<\/strong> 0.4%<\/p>\n<\/li>\n<li data-start=\"588\" data-end=\"605\">\n<p data-start=\"590\" data-end=\"605\"><strong data-start=\"590\" data-end=\"598\">Ash:<\/strong> 3.0%<\/p>\n<\/li>\n<li data-start=\"606\" data-end=\"626\">\n<p data-start=\"608\" data-end=\"626\"><strong data-start=\"608\" data-end=\"620\">Humidity:<\/strong> 82.0%<\/p>\n<\/li>\n<\/ul>\n<hr data-start=\"628\" data-end=\"631\" \/>\n<p data-start=\"633\" data-end=\"719\">This food provides your dog with the nutrients necessary for healthy growth and an active lifestyle.<\/p>\n<\/div>\n<p><!-- .vgblk-rw-wrapper --><\/p>","protected":false},"excerpt":{"rendered":"<p>Carnaval Premium B\u00f6y\u00fck \u0130tl\u0259r \u00fc\u00e7\u00fcn Yem \u2013 \u018ftli (Mal \u0259ti il\u0259) Carnaval Premium Adult Food with Beef \u2013 \u0259n az\u0131 4% mal \u0259ti t\u0259rkibli, balansla\u015fd\u0131r\u0131lm\u0131\u015f v\u0259 vitaminl\u0259rl\u0259 z\u0259nginl\u0259\u015fdirilmi\u015f ya\u015f it yemidir. \u0130tinizin sa\u011flaml\u0131\u011f\u0131 v\u0259 enerjisi \u00fc\u00e7\u00fcn optimal qida t\u0259min edir. \ud83e\udd69 T\u0259rkibi: \u018ft v\u0259 \u0259t m\u0259hsullar\u0131 (\u0259n az\u0131 4% mal \u0259ti) Bitki m\u0259n\u015f\u0259li m\u0259hsullar Minerallar&#8230;<\/p>","protected":false},"featured_media":990101,"comment_status":"open","ping_status":"closed","template":"","meta":{"nf_dc_page":"","_monsterinsights_skip_tracking":false,"_monsterinsights_sitenote_active":false,"_monsterinsights_sitenote_note":"","_monsterinsights_sitenote_category":0},"product_brand":[],"product_cat":[244,58,245],"product_tag":[],"class_list":{"0":"post-990100","1":"product","2":"type-product","3":"status-publish","4":"has-post-thumbnail","6":"product_cat-it-ve-pisik-mehsullari","7":"product_cat-dog","8":"product_cat-yemler","10":"first","11":"instock","12":"shipping-taxable","13":"product-type-simple"},"jetpack_sharing_enabled":true,"_links":{"self":[{"href":"https:\/\/agrovetazerbaijan.az\/en\/wp-json\/wp\/v2\/product\/990100","targetHints":{"allow":["GET"]}}],"collection":[{"href":"https:\/\/agrovetazerbaijan.az\/en\/wp-json\/wp\/v2\/product"}],"about":[{"href":"https:\/\/agrovetazerbaijan.az\/en\/wp-json\/wp\/v2\/types\/product"}],"replies":[{"embeddable":true,"href":"https:\/\/agrovetazerbaijan.az\/en\/wp-json\/wp\/v2\/comments?post=990100"}],"version-history":[{"count":1,"href":"https:\/\/agrovetazerbaijan.az\/en\/wp-json\/wp\/v2\/product\/990100\/revisions"}],"predecessor-version":[{"id":990102,"href":"https:\/\/agrovetazerbaijan.az\/en\/wp-json\/wp\/v2\/product\/990100\/revisions\/990102"}],"wp:featuredmedia":[{"embeddable":true,"href":"https:\/\/agrovetazerbaijan.az\/en\/wp-json\/wp\/v2\/media\/990101"}],"wp:attachment":[{"href":"https:\/\/agrovetazerbaijan.az\/en\/wp-json\/wp\/v2\/media?parent=990100"}],"wp:term":[{"taxonomy":"product_brand","embeddable":true,"href":"https:\/\/agrovetazerbaijan.az\/en\/wp-json\/wp\/v2\/product_brand?post=990100"},{"taxonomy":"product_cat","embeddable":true,"href":"https:\/\/agrovetazerbaijan.az\/en\/wp-json\/wp\/v2\/product_cat?post=990100"},{"taxonomy":"product_tag","embeddable":true,"href":"https:\/\/agrovetazerbaijan.az\/en\/wp-json\/wp\/v2\/product_tag?post=990100"}],"curies":[{"name":"wp","href":"https:\/\/api.w.org\/{rel}","templated":true}]}}